{"id":1380,"date":"2021-02-23T10:05:12","date_gmt":"2021-02-23T10:05:12","guid":{"rendered":"https:\/\/batai4u.lt\/?post_type=product&#038;p=1380"},"modified":"2023-11-10T11:28:27","modified_gmt":"2023-11-10T11:28:27","slug":"111-juodai-raudonos-basutes-berniukams","status":"publish","type":"product","link":"https:\/\/batai4u.lt\/index.php\/product\/111-juodai-raudonos-basutes-berniukams\/","title":{"rendered":"Juodai-raudonos basut\u0117s berniukams"},"content":{"rendered":"<p>Vidpad\u017eio ilgis<\/p>\n<blockquote>\n<ul>\n<li>25d-16,5cm<\/li>\n<li>26d-16,9cm<\/li>\n<li>27d-17,7cm<\/li>\n<li>28-18,4cm<\/li>\n<\/ul>\n<\/blockquote>\n","protected":false},"excerpt":{"rendered":"<p>LANKSTUS PADUKAS\/ nevar\u017eys vaiko judesi\u0173;<br \/>\nITIN lengvas modelis<br \/>\nSTILINGAS DERINIMAS SU KELI\u0172 R\u016a\u0160I\u0172.\u00a0 DETAL\u0116MIS\/ \u017eaisming\u0105 bat\u0105 vaikui smagiau d\u0117v\u0117ti;<\/p>\n<p>Basut\u0117s reguliuojasi lipukais.\u00a0 ODINIS vidpadis. Dydis truputi dydintos, i\u0161matavimiai sura\u0161yti.<\/p>\n","protected":false},"featured_media":1385,"comment_status":"closed","ping_status":"closed","template":"","meta":[],"product_brand":[],"product_cat":[78],"product_tag":[],"class_list":{"0":"post-1380","1":"product","2":"type-product","3":"status-publish","4":"has-post-thumbnail","6":"product_cat-basutes-berniukams","7":"futurio-has-gallery","9":"first","10":"instock","11":"shipping-taxable","12":"purchasable","13":"product-type-variable"},"yoast_head":"<!-- This site is optimized with the Yoast SEO plugin v27.4 - https:\/\/yoast.com\/product\/yoast-seo-wordpress\/ -->\n<title>Juodai-raudonos basut\u0117s berniukams - Batai4u.lt<\/title>\n<meta name=\"robots\" content=\"index, follow, max-snippet:-1, max-image-preview:large, max-video-preview:-1\" \/>\n<link rel=\"canonical\" href=\"https:\/\/batai4u.lt\/index.php\/product\/111-juodai-raudonos-basutes-berniukams\/\" \/>\n<meta property=\"og:locale\" content=\"en_US\" \/>\n<meta property=\"og:type\" content=\"article\" \/>\n<meta property=\"og:title\" content=\"Juodai-raudonos basut\u0117s berniukams - Batai4u.lt\" \/>\n<meta property=\"og:description\" content=\"LANKSTUS PADUKAS\/ nevar\u017eys vaiko judesi\u0173; ITIN lengvas modelis STILINGAS DERINIMAS SU KELI\u0172 R\u016a\u0160I\u0172.\u00a0 DETAL\u0116MIS\/ \u017eaisming\u0105 bat\u0105 vaikui smagiau d\u0117v\u0117ti;  Basut\u0117s reguliuojasi lipukais.\u00a0 ODINIS vidpadis. Dydis truputi dydintos, i\u0161matavimiai sura\u0161yti.\" \/>\n<meta property=\"og:url\" content=\"https:\/\/batai4u.lt\/index.php\/product\/111-juodai-raudonos-basutes-berniukams\/\" \/>\n<meta property=\"og:site_name\" content=\"Batai4u.lt\" \/>\n<meta property=\"article:modified_time\" content=\"2023-11-10T11:28:27+00:00\" \/>\n<meta property=\"og:image\" content=\"https:\/\/batai4u.lt\/wp-content\/uploads\/2021\/02\/1614075722066-juodai-raudonos-basut\u0117s.jpg\" \/>\n\t<meta property=\"og:image:width\" content=\"1042\" \/>\n\t<meta property=\"og:image:height\" content=\"1388\" \/>\n\t<meta property=\"og:image:type\" content=\"image\/jpeg\" \/>\n<meta name=\"twitter:card\" content=\"summary_large_image\" \/>\n<script type=\"application\/ld+json\" class=\"yoast-schema-graph\">{\"@context\":\"https:\\\/\\\/schema.org\",\"@graph\":[{\"@type\":\"WebPage\",\"@id\":\"https:\\\/\\\/batai4u.lt\\\/index.php\\\/product\\\/111-juodai-raudonos-basutes-berniukams\\\/\",\"url\":\"https:\\\/\\\/batai4u.lt\\\/index.php\\\/product\\\/111-juodai-raudonos-basutes-berniukams\\\/\",\"name\":\"Juodai-raudonos basut\u0117s berniukams - Batai4u.lt\",\"isPartOf\":{\"@id\":\"https:\\\/\\\/batai4u.lt\\\/#website\"},\"primaryImageOfPage\":{\"@id\":\"https:\\\/\\\/batai4u.lt\\\/index.php\\\/product\\\/111-juodai-raudonos-basutes-berniukams\\\/#primaryimage\"},\"image\":{\"@id\":\"https:\\\/\\\/batai4u.lt\\\/index.php\\\/product\\\/111-juodai-raudonos-basutes-berniukams\\\/#primaryimage\"},\"thumbnailUrl\":\"https:\\\/\\\/batai4u.lt\\\/wp-content\\\/uploads\\\/2021\\\/02\\\/1614075722066-juodai-raudonos-basut\u0117s.jpg\",\"datePublished\":\"2021-02-23T10:05:12+00:00\",\"dateModified\":\"2023-11-10T11:28:27+00:00\",\"breadcrumb\":{\"@id\":\"https:\\\/\\\/batai4u.lt\\\/index.php\\\/product\\\/111-juodai-raudonos-basutes-berniukams\\\/#breadcrumb\"},\"inLanguage\":\"en-US\",\"potentialAction\":[{\"@type\":\"ReadAction\",\"target\":[\"https:\\\/\\\/batai4u.lt\\\/index.php\\\/product\\\/111-juodai-raudonos-basutes-berniukams\\\/\"]}]},{\"@type\":\"ImageObject\",\"inLanguage\":\"en-US\",\"@id\":\"https:\\\/\\\/batai4u.lt\\\/index.php\\\/product\\\/111-juodai-raudonos-basutes-berniukams\\\/#primaryimage\",\"url\":\"https:\\\/\\\/batai4u.lt\\\/wp-content\\\/uploads\\\/2021\\\/02\\\/1614075722066-juodai-raudonos-basut\u0117s.jpg\",\"contentUrl\":\"https:\\\/\\\/batai4u.lt\\\/wp-content\\\/uploads\\\/2021\\\/02\\\/1614075722066-juodai-raudonos-basut\u0117s.jpg\",\"width\":1042,\"height\":1388},{\"@type\":\"BreadcrumbList\",\"@id\":\"https:\\\/\\\/batai4u.lt\\\/index.php\\\/product\\\/111-juodai-raudonos-basutes-berniukams\\\/#breadcrumb\",\"itemListElement\":[{\"@type\":\"ListItem\",\"position\":1,\"name\":\"Home\",\"item\":\"https:\\\/\\\/batai4u.lt\\\/\"},{\"@type\":\"ListItem\",\"position\":2,\"name\":\"Parduotuv\u0117\",\"item\":\"https:\\\/\\\/batai4u.lt\\\/index.php\\\/shop\\\/\"},{\"@type\":\"ListItem\",\"position\":3,\"name\":\"Juodai-raudonos basut\u0117s berniukams\"}]},{\"@type\":\"WebSite\",\"@id\":\"https:\\\/\\\/batai4u.lt\\\/#website\",\"url\":\"https:\\\/\\\/batai4u.lt\\\/\",\"name\":\"Batai4u.lt\",\"description\":\"batai vaikams ir ne tik\",\"publisher\":{\"@id\":\"https:\\\/\\\/batai4u.lt\\\/#\\\/schema\\\/person\\\/8cc43a99285533a2c3e2c58a641f566a\"},\"potentialAction\":[{\"@type\":\"SearchAction\",\"target\":{\"@type\":\"EntryPoint\",\"urlTemplate\":\"https:\\\/\\\/batai4u.lt\\\/?s={search_term_string}\"},\"query-input\":{\"@type\":\"PropertyValueSpecification\",\"valueRequired\":true,\"valueName\":\"search_term_string\"}}],\"inLanguage\":\"en-US\"},{\"@type\":[\"Person\",\"Organization\"],\"@id\":\"https:\\\/\\\/batai4u.lt\\\/#\\\/schema\\\/person\\\/8cc43a99285533a2c3e2c58a641f566a\",\"name\":\"Erika Steponavi\u010dien\u0117\",\"image\":{\"@type\":\"ImageObject\",\"inLanguage\":\"en-US\",\"@id\":\"https:\\\/\\\/secure.gravatar.com\\\/avatar\\\/de70a9d8a8fae7160f42990935bcabb5f827c9e01e111e0bcd4d408af9ba954c?s=96&d=mm&r=g\",\"url\":\"https:\\\/\\\/secure.gravatar.com\\\/avatar\\\/de70a9d8a8fae7160f42990935bcabb5f827c9e01e111e0bcd4d408af9ba954c?s=96&d=mm&r=g\",\"contentUrl\":\"https:\\\/\\\/secure.gravatar.com\\\/avatar\\\/de70a9d8a8fae7160f42990935bcabb5f827c9e01e111e0bcd4d408af9ba954c?s=96&d=mm&r=g\",\"caption\":\"Erika Steponavi\u010dien\u0117\"},\"logo\":{\"@id\":\"https:\\\/\\\/secure.gravatar.com\\\/avatar\\\/de70a9d8a8fae7160f42990935bcabb5f827c9e01e111e0bcd4d408af9ba954c?s=96&d=mm&r=g\"},\"sameAs\":[\"http:\\\/\\\/batai4u.lt\"]}]}<\/script>\n<!-- \/ Yoast SEO plugin. -->","yoast_head_json":{"title":"Juodai-raudonos basut\u0117s berniukams - Batai4u.lt","robots":{"index":"index","follow":"follow","max-snippet":"max-snippet:-1","max-image-preview":"max-image-preview:large","max-video-preview":"max-video-preview:-1"},"canonical":"https:\/\/batai4u.lt\/index.php\/product\/111-juodai-raudonos-basutes-berniukams\/","og_locale":"en_US","og_type":"article","og_title":"Juodai-raudonos basut\u0117s berniukams - Batai4u.lt","og_description":"LANKSTUS PADUKAS\/ nevar\u017eys vaiko judesi\u0173; ITIN lengvas modelis STILINGAS DERINIMAS SU KELI\u0172 R\u016a\u0160I\u0172.\u00a0 DETAL\u0116MIS\/ \u017eaisming\u0105 bat\u0105 vaikui smagiau d\u0117v\u0117ti;  Basut\u0117s reguliuojasi lipukais.\u00a0 ODINIS vidpadis. Dydis truputi dydintos, i\u0161matavimiai sura\u0161yti.","og_url":"https:\/\/batai4u.lt\/index.php\/product\/111-juodai-raudonos-basutes-berniukams\/","og_site_name":"Batai4u.lt","article_modified_time":"2023-11-10T11:28:27+00:00","og_image":[{"width":1042,"height":1388,"url":"https:\/\/batai4u.lt\/wp-content\/uploads\/2021\/02\/1614075722066-juodai-raudonos-basut\u0117s.jpg","type":"image\/jpeg"}],"twitter_card":"summary_large_image","schema":{"@context":"https:\/\/schema.org","@graph":[{"@type":"WebPage","@id":"https:\/\/batai4u.lt\/index.php\/product\/111-juodai-raudonos-basutes-berniukams\/","url":"https:\/\/batai4u.lt\/index.php\/product\/111-juodai-raudonos-basutes-berniukams\/","name":"Juodai-raudonos basut\u0117s berniukams - Batai4u.lt","isPartOf":{"@id":"https:\/\/batai4u.lt\/#website"},"primaryImageOfPage":{"@id":"https:\/\/batai4u.lt\/index.php\/product\/111-juodai-raudonos-basutes-berniukams\/#primaryimage"},"image":{"@id":"https:\/\/batai4u.lt\/index.php\/product\/111-juodai-raudonos-basutes-berniukams\/#primaryimage"},"thumbnailUrl":"https:\/\/batai4u.lt\/wp-content\/uploads\/2021\/02\/1614075722066-juodai-raudonos-basut\u0117s.jpg","datePublished":"2021-02-23T10:05:12+00:00","dateModified":"2023-11-10T11:28:27+00:00","breadcrumb":{"@id":"https:\/\/batai4u.lt\/index.php\/product\/111-juodai-raudonos-basutes-berniukams\/#breadcrumb"},"inLanguage":"en-US","potentialAction":[{"@type":"ReadAction","target":["https:\/\/batai4u.lt\/index.php\/product\/111-juodai-raudonos-basutes-berniukams\/"]}]},{"@type":"ImageObject","inLanguage":"en-US","@id":"https:\/\/batai4u.lt\/index.php\/product\/111-juodai-raudonos-basutes-berniukams\/#primaryimage","url":"https:\/\/batai4u.lt\/wp-content\/uploads\/2021\/02\/1614075722066-juodai-raudonos-basut\u0117s.jpg","contentUrl":"https:\/\/batai4u.lt\/wp-content\/uploads\/2021\/02\/1614075722066-juodai-raudonos-basut\u0117s.jpg","width":1042,"height":1388},{"@type":"BreadcrumbList","@id":"https:\/\/batai4u.lt\/index.php\/product\/111-juodai-raudonos-basutes-berniukams\/#breadcrumb","itemListElement":[{"@type":"ListItem","position":1,"name":"Home","item":"https:\/\/batai4u.lt\/"},{"@type":"ListItem","position":2,"name":"Parduotuv\u0117","item":"https:\/\/batai4u.lt\/index.php\/shop\/"},{"@type":"ListItem","position":3,"name":"Juodai-raudonos basut\u0117s berniukams"}]},{"@type":"WebSite","@id":"https:\/\/batai4u.lt\/#website","url":"https:\/\/batai4u.lt\/","name":"Batai4u.lt","description":"batai vaikams ir ne tik","publisher":{"@id":"https:\/\/batai4u.lt\/#\/schema\/person\/8cc43a99285533a2c3e2c58a641f566a"},"potentialAction":[{"@type":"SearchAction","target":{"@type":"EntryPoint","urlTemplate":"https:\/\/batai4u.lt\/?s={search_term_string}"},"query-input":{"@type":"PropertyValueSpecification","valueRequired":true,"valueName":"search_term_string"}}],"inLanguage":"en-US"},{"@type":["Person","Organization"],"@id":"https:\/\/batai4u.lt\/#\/schema\/person\/8cc43a99285533a2c3e2c58a641f566a","name":"Erika Steponavi\u010dien\u0117","image":{"@type":"ImageObject","inLanguage":"en-US","@id":"https:\/\/secure.gravatar.com\/avatar\/de70a9d8a8fae7160f42990935bcabb5f827c9e01e111e0bcd4d408af9ba954c?s=96&d=mm&r=g","url":"https:\/\/secure.gravatar.com\/avatar\/de70a9d8a8fae7160f42990935bcabb5f827c9e01e111e0bcd4d408af9ba954c?s=96&d=mm&r=g","contentUrl":"https:\/\/secure.gravatar.com\/avatar\/de70a9d8a8fae7160f42990935bcabb5f827c9e01e111e0bcd4d408af9ba954c?s=96&d=mm&r=g","caption":"Erika Steponavi\u010dien\u0117"},"logo":{"@id":"https:\/\/secure.gravatar.com\/avatar\/de70a9d8a8fae7160f42990935bcabb5f827c9e01e111e0bcd4d408af9ba954c?s=96&d=mm&r=g"},"sameAs":["http:\/\/batai4u.lt"]}]}},"jetpack_sharing_enabled":true,"_links":{"self":[{"href":"https:\/\/batai4u.lt\/index.php\/wp-json\/wp\/v2\/product\/1380","targetHints":{"allow":["GET"]}}],"collection":[{"href":"https:\/\/batai4u.lt\/index.php\/wp-json\/wp\/v2\/product"}],"about":[{"href":"https:\/\/batai4u.lt\/index.php\/wp-json\/wp\/v2\/types\/product"}],"replies":[{"embeddable":true,"href":"https:\/\/batai4u.lt\/index.php\/wp-json\/wp\/v2\/comments?post=1380"}],"wp:featuredmedia":[{"embeddable":true,"href":"https:\/\/batai4u.lt\/index.php\/wp-json\/wp\/v2\/media\/1385"}],"wp:attachment":[{"href":"https:\/\/batai4u.lt\/index.php\/wp-json\/wp\/v2\/media?parent=1380"}],"wp:term":[{"taxonomy":"product_brand","embeddable":true,"href":"https:\/\/batai4u.lt\/index.php\/wp-json\/wp\/v2\/product_brand?post=1380"},{"taxonomy":"product_cat","embeddable":true,"href":"https:\/\/batai4u.lt\/index.php\/wp-json\/wp\/v2\/product_cat?post=1380"},{"taxonomy":"product_tag","embeddable":true,"href":"https:\/\/batai4u.lt\/index.php\/wp-json\/wp\/v2\/product_tag?post=1380"}],"curies":[{"name":"wp","href":"https:\/\/api.w.org\/{rel}","templated":true}]}}