{"id":1461,"date":"2021-02-26T14:46:33","date_gmt":"2021-02-26T14:46:33","guid":{"rendered":"https:\/\/batai4u.lt\/?post_type=product&#038;p=1461"},"modified":"2023-11-10T11:28:00","modified_gmt":"2023-11-10T11:28:00","slug":"109-rozines-spalvos-puosnios-basutes-mergaitems","status":"publish","type":"product","link":"https:\/\/batai4u.lt\/index.php\/product\/109-rozines-spalvos-puosnios-basutes-mergaitems\/","title":{"rendered":"Ro\u017ein\u0117s spalvos puo\u0161nios basut\u0117s mergait\u0117ms"},"content":{"rendered":"<p>Vidpad\u017eio ilgis;<\/p>\n<ul>\n<li>27d-16,8cm<\/li>\n<li>28d-17,4cm<\/li>\n<li>29d-18 cm<\/li>\n<\/ul>\n","protected":false},"excerpt":{"rendered":"<p>LANKSTUS PADUKAS\/ nevar\u017eys vaiko judesi\u0173;<br \/>\nLengvas modelis. Eko odos<\/p>\n<p>Basut\u0117s reguliuojasi lipukais.\u00a0 Pamink\u0161tintas vidpadis. Dyd\u017ei\u0173 i\u0161matavimai\u00a0 sura\u0161yti.<\/p>\n","protected":false},"featured_media":1466,"comment_status":"closed","ping_status":"closed","template":"","meta":[],"product_brand":[],"product_cat":[79],"product_tag":[],"class_list":{"0":"post-1461","1":"product","2":"type-product","3":"status-publish","4":"has-post-thumbnail","6":"product_cat-mergaitems-basutes","7":"futurio-has-gallery","9":"first","10":"instock","11":"shipping-taxable","12":"purchasable","13":"product-type-variable"},"yoast_head":"<!-- This site is optimized with the Yoast SEO plugin v27.5 - https:\/\/yoast.com\/product\/yoast-seo-wordpress\/ -->\n<title>Ro\u017ein\u0117s spalvos puo\u0161nios basut\u0117s mergait\u0117ms - Batai4u.lt<\/title>\n<meta name=\"robots\" content=\"index, follow, max-snippet:-1, max-image-preview:large, max-video-preview:-1\" \/>\n<link rel=\"canonical\" href=\"https:\/\/batai4u.lt\/index.php\/product\/109-rozines-spalvos-puosnios-basutes-mergaitems\/\" \/>\n<meta property=\"og:locale\" content=\"en_US\" \/>\n<meta property=\"og:type\" content=\"article\" \/>\n<meta property=\"og:title\" content=\"Ro\u017ein\u0117s spalvos puo\u0161nios basut\u0117s mergait\u0117ms - Batai4u.lt\" \/>\n<meta property=\"og:description\" content=\"LANKSTUS PADUKAS\/ nevar\u017eys vaiko judesi\u0173; Lengvas modelis. Eko odos  Basut\u0117s reguliuojasi lipukais.\u00a0 Pamink\u0161tintas vidpadis. Dyd\u017ei\u0173 i\u0161matavimai\u00a0 sura\u0161yti.\" \/>\n<meta property=\"og:url\" content=\"https:\/\/batai4u.lt\/index.php\/product\/109-rozines-spalvos-puosnios-basutes-mergaitems\/\" \/>\n<meta property=\"og:site_name\" content=\"Batai4u.lt\" \/>\n<meta property=\"article:modified_time\" content=\"2023-11-10T11:28:00+00:00\" \/>\n<meta property=\"og:image\" content=\"https:\/\/batai4u.lt\/wp-content\/uploads\/2021\/02\/1613414268642Ro\u017ein\u0117s-puo\u0161nios-basut\u0117s.jpg\" \/>\n\t<meta property=\"og:image:width\" content=\"1042\" \/>\n\t<meta property=\"og:image:height\" content=\"1388\" \/>\n\t<meta property=\"og:image:type\" content=\"image\/jpeg\" \/>\n<meta name=\"twitter:card\" content=\"summary_large_image\" \/>\n<script type=\"application\/ld+json\" class=\"yoast-schema-graph\">{\"@context\":\"https:\\\/\\\/schema.org\",\"@graph\":[{\"@type\":\"WebPage\",\"@id\":\"https:\\\/\\\/batai4u.lt\\\/index.php\\\/product\\\/109-rozines-spalvos-puosnios-basutes-mergaitems\\\/\",\"url\":\"https:\\\/\\\/batai4u.lt\\\/index.php\\\/product\\\/109-rozines-spalvos-puosnios-basutes-mergaitems\\\/\",\"name\":\"Ro\u017ein\u0117s spalvos puo\u0161nios basut\u0117s mergait\u0117ms - Batai4u.lt\",\"isPartOf\":{\"@id\":\"https:\\\/\\\/batai4u.lt\\\/#website\"},\"primaryImageOfPage\":{\"@id\":\"https:\\\/\\\/batai4u.lt\\\/index.php\\\/product\\\/109-rozines-spalvos-puosnios-basutes-mergaitems\\\/#primaryimage\"},\"image\":{\"@id\":\"https:\\\/\\\/batai4u.lt\\\/index.php\\\/product\\\/109-rozines-spalvos-puosnios-basutes-mergaitems\\\/#primaryimage\"},\"thumbnailUrl\":\"https:\\\/\\\/batai4u.lt\\\/wp-content\\\/uploads\\\/2021\\\/02\\\/1613414268642Ro\u017ein\u0117s-puo\u0161nios-basut\u0117s.jpg\",\"datePublished\":\"2021-02-26T14:46:33+00:00\",\"dateModified\":\"2023-11-10T11:28:00+00:00\",\"breadcrumb\":{\"@id\":\"https:\\\/\\\/batai4u.lt\\\/index.php\\\/product\\\/109-rozines-spalvos-puosnios-basutes-mergaitems\\\/#breadcrumb\"},\"inLanguage\":\"en-US\",\"potentialAction\":[{\"@type\":\"ReadAction\",\"target\":[\"https:\\\/\\\/batai4u.lt\\\/index.php\\\/product\\\/109-rozines-spalvos-puosnios-basutes-mergaitems\\\/\"]}]},{\"@type\":\"ImageObject\",\"inLanguage\":\"en-US\",\"@id\":\"https:\\\/\\\/batai4u.lt\\\/index.php\\\/product\\\/109-rozines-spalvos-puosnios-basutes-mergaitems\\\/#primaryimage\",\"url\":\"https:\\\/\\\/batai4u.lt\\\/wp-content\\\/uploads\\\/2021\\\/02\\\/1613414268642Ro\u017ein\u0117s-puo\u0161nios-basut\u0117s.jpg\",\"contentUrl\":\"https:\\\/\\\/batai4u.lt\\\/wp-content\\\/uploads\\\/2021\\\/02\\\/1613414268642Ro\u017ein\u0117s-puo\u0161nios-basut\u0117s.jpg\",\"width\":1042,\"height\":1388},{\"@type\":\"BreadcrumbList\",\"@id\":\"https:\\\/\\\/batai4u.lt\\\/index.php\\\/product\\\/109-rozines-spalvos-puosnios-basutes-mergaitems\\\/#breadcrumb\",\"itemListElement\":[{\"@type\":\"ListItem\",\"position\":1,\"name\":\"Home\",\"item\":\"https:\\\/\\\/batai4u.lt\\\/\"},{\"@type\":\"ListItem\",\"position\":2,\"name\":\"Parduotuv\u0117\",\"item\":\"https:\\\/\\\/batai4u.lt\\\/index.php\\\/shop\\\/\"},{\"@type\":\"ListItem\",\"position\":3,\"name\":\"Ro\u017ein\u0117s spalvos puo\u0161nios basut\u0117s mergait\u0117ms\"}]},{\"@type\":\"WebSite\",\"@id\":\"https:\\\/\\\/batai4u.lt\\\/#website\",\"url\":\"https:\\\/\\\/batai4u.lt\\\/\",\"name\":\"Batai4u.lt\",\"description\":\"batai vaikams ir ne tik\",\"publisher\":{\"@id\":\"https:\\\/\\\/batai4u.lt\\\/#\\\/schema\\\/person\\\/8cc43a99285533a2c3e2c58a641f566a\"},\"potentialAction\":[{\"@type\":\"SearchAction\",\"target\":{\"@type\":\"EntryPoint\",\"urlTemplate\":\"https:\\\/\\\/batai4u.lt\\\/?s={search_term_string}\"},\"query-input\":{\"@type\":\"PropertyValueSpecification\",\"valueRequired\":true,\"valueName\":\"search_term_string\"}}],\"inLanguage\":\"en-US\"},{\"@type\":[\"Person\",\"Organization\"],\"@id\":\"https:\\\/\\\/batai4u.lt\\\/#\\\/schema\\\/person\\\/8cc43a99285533a2c3e2c58a641f566a\",\"name\":\"Erika Steponavi\u010dien\u0117\",\"image\":{\"@type\":\"ImageObject\",\"inLanguage\":\"en-US\",\"@id\":\"https:\\\/\\\/secure.gravatar.com\\\/avatar\\\/de70a9d8a8fae7160f42990935bcabb5f827c9e01e111e0bcd4d408af9ba954c?s=96&d=mm&r=g\",\"url\":\"https:\\\/\\\/secure.gravatar.com\\\/avatar\\\/de70a9d8a8fae7160f42990935bcabb5f827c9e01e111e0bcd4d408af9ba954c?s=96&d=mm&r=g\",\"contentUrl\":\"https:\\\/\\\/secure.gravatar.com\\\/avatar\\\/de70a9d8a8fae7160f42990935bcabb5f827c9e01e111e0bcd4d408af9ba954c?s=96&d=mm&r=g\",\"caption\":\"Erika Steponavi\u010dien\u0117\"},\"logo\":{\"@id\":\"https:\\\/\\\/secure.gravatar.com\\\/avatar\\\/de70a9d8a8fae7160f42990935bcabb5f827c9e01e111e0bcd4d408af9ba954c?s=96&d=mm&r=g\"},\"sameAs\":[\"http:\\\/\\\/batai4u.lt\"]}]}<\/script>\n<!-- \/ Yoast SEO plugin. -->","yoast_head_json":{"title":"Ro\u017ein\u0117s spalvos puo\u0161nios basut\u0117s mergait\u0117ms - Batai4u.lt","robots":{"index":"index","follow":"follow","max-snippet":"max-snippet:-1","max-image-preview":"max-image-preview:large","max-video-preview":"max-video-preview:-1"},"canonical":"https:\/\/batai4u.lt\/index.php\/product\/109-rozines-spalvos-puosnios-basutes-mergaitems\/","og_locale":"en_US","og_type":"article","og_title":"Ro\u017ein\u0117s spalvos puo\u0161nios basut\u0117s mergait\u0117ms - Batai4u.lt","og_description":"LANKSTUS PADUKAS\/ nevar\u017eys vaiko judesi\u0173; Lengvas modelis. Eko odos  Basut\u0117s reguliuojasi lipukais.\u00a0 Pamink\u0161tintas vidpadis. Dyd\u017ei\u0173 i\u0161matavimai\u00a0 sura\u0161yti.","og_url":"https:\/\/batai4u.lt\/index.php\/product\/109-rozines-spalvos-puosnios-basutes-mergaitems\/","og_site_name":"Batai4u.lt","article_modified_time":"2023-11-10T11:28:00+00:00","og_image":[{"width":1042,"height":1388,"url":"https:\/\/batai4u.lt\/wp-content\/uploads\/2021\/02\/1613414268642Ro\u017ein\u0117s-puo\u0161nios-basut\u0117s.jpg","type":"image\/jpeg"}],"twitter_card":"summary_large_image","schema":{"@context":"https:\/\/schema.org","@graph":[{"@type":"WebPage","@id":"https:\/\/batai4u.lt\/index.php\/product\/109-rozines-spalvos-puosnios-basutes-mergaitems\/","url":"https:\/\/batai4u.lt\/index.php\/product\/109-rozines-spalvos-puosnios-basutes-mergaitems\/","name":"Ro\u017ein\u0117s spalvos puo\u0161nios basut\u0117s mergait\u0117ms - Batai4u.lt","isPartOf":{"@id":"https:\/\/batai4u.lt\/#website"},"primaryImageOfPage":{"@id":"https:\/\/batai4u.lt\/index.php\/product\/109-rozines-spalvos-puosnios-basutes-mergaitems\/#primaryimage"},"image":{"@id":"https:\/\/batai4u.lt\/index.php\/product\/109-rozines-spalvos-puosnios-basutes-mergaitems\/#primaryimage"},"thumbnailUrl":"https:\/\/batai4u.lt\/wp-content\/uploads\/2021\/02\/1613414268642Ro\u017ein\u0117s-puo\u0161nios-basut\u0117s.jpg","datePublished":"2021-02-26T14:46:33+00:00","dateModified":"2023-11-10T11:28:00+00:00","breadcrumb":{"@id":"https:\/\/batai4u.lt\/index.php\/product\/109-rozines-spalvos-puosnios-basutes-mergaitems\/#breadcrumb"},"inLanguage":"en-US","potentialAction":[{"@type":"ReadAction","target":["https:\/\/batai4u.lt\/index.php\/product\/109-rozines-spalvos-puosnios-basutes-mergaitems\/"]}]},{"@type":"ImageObject","inLanguage":"en-US","@id":"https:\/\/batai4u.lt\/index.php\/product\/109-rozines-spalvos-puosnios-basutes-mergaitems\/#primaryimage","url":"https:\/\/batai4u.lt\/wp-content\/uploads\/2021\/02\/1613414268642Ro\u017ein\u0117s-puo\u0161nios-basut\u0117s.jpg","contentUrl":"https:\/\/batai4u.lt\/wp-content\/uploads\/2021\/02\/1613414268642Ro\u017ein\u0117s-puo\u0161nios-basut\u0117s.jpg","width":1042,"height":1388},{"@type":"BreadcrumbList","@id":"https:\/\/batai4u.lt\/index.php\/product\/109-rozines-spalvos-puosnios-basutes-mergaitems\/#breadcrumb","itemListElement":[{"@type":"ListItem","position":1,"name":"Home","item":"https:\/\/batai4u.lt\/"},{"@type":"ListItem","position":2,"name":"Parduotuv\u0117","item":"https:\/\/batai4u.lt\/index.php\/shop\/"},{"@type":"ListItem","position":3,"name":"Ro\u017ein\u0117s spalvos puo\u0161nios basut\u0117s mergait\u0117ms"}]},{"@type":"WebSite","@id":"https:\/\/batai4u.lt\/#website","url":"https:\/\/batai4u.lt\/","name":"Batai4u.lt","description":"batai vaikams ir ne tik","publisher":{"@id":"https:\/\/batai4u.lt\/#\/schema\/person\/8cc43a99285533a2c3e2c58a641f566a"},"potentialAction":[{"@type":"SearchAction","target":{"@type":"EntryPoint","urlTemplate":"https:\/\/batai4u.lt\/?s={search_term_string}"},"query-input":{"@type":"PropertyValueSpecification","valueRequired":true,"valueName":"search_term_string"}}],"inLanguage":"en-US"},{"@type":["Person","Organization"],"@id":"https:\/\/batai4u.lt\/#\/schema\/person\/8cc43a99285533a2c3e2c58a641f566a","name":"Erika Steponavi\u010dien\u0117","image":{"@type":"ImageObject","inLanguage":"en-US","@id":"https:\/\/secure.gravatar.com\/avatar\/de70a9d8a8fae7160f42990935bcabb5f827c9e01e111e0bcd4d408af9ba954c?s=96&d=mm&r=g","url":"https:\/\/secure.gravatar.com\/avatar\/de70a9d8a8fae7160f42990935bcabb5f827c9e01e111e0bcd4d408af9ba954c?s=96&d=mm&r=g","contentUrl":"https:\/\/secure.gravatar.com\/avatar\/de70a9d8a8fae7160f42990935bcabb5f827c9e01e111e0bcd4d408af9ba954c?s=96&d=mm&r=g","caption":"Erika Steponavi\u010dien\u0117"},"logo":{"@id":"https:\/\/secure.gravatar.com\/avatar\/de70a9d8a8fae7160f42990935bcabb5f827c9e01e111e0bcd4d408af9ba954c?s=96&d=mm&r=g"},"sameAs":["http:\/\/batai4u.lt"]}]}},"jetpack_sharing_enabled":true,"_links":{"self":[{"href":"https:\/\/batai4u.lt\/index.php\/wp-json\/wp\/v2\/product\/1461","targetHints":{"allow":["GET"]}}],"collection":[{"href":"https:\/\/batai4u.lt\/index.php\/wp-json\/wp\/v2\/product"}],"about":[{"href":"https:\/\/batai4u.lt\/index.php\/wp-json\/wp\/v2\/types\/product"}],"replies":[{"embeddable":true,"href":"https:\/\/batai4u.lt\/index.php\/wp-json\/wp\/v2\/comments?post=1461"}],"wp:featuredmedia":[{"embeddable":true,"href":"https:\/\/batai4u.lt\/index.php\/wp-json\/wp\/v2\/media\/1466"}],"wp:attachment":[{"href":"https:\/\/batai4u.lt\/index.php\/wp-json\/wp\/v2\/media?parent=1461"}],"wp:term":[{"taxonomy":"product_brand","embeddable":true,"href":"https:\/\/batai4u.lt\/index.php\/wp-json\/wp\/v2\/product_brand?post=1461"},{"taxonomy":"product_cat","embeddable":true,"href":"https:\/\/batai4u.lt\/index.php\/wp-json\/wp\/v2\/product_cat?post=1461"},{"taxonomy":"product_tag","embeddable":true,"href":"https:\/\/batai4u.lt\/index.php\/wp-json\/wp\/v2\/product_tag?post=1461"}],"curies":[{"name":"wp","href":"https:\/\/api.w.org\/{rel}","templated":true}]}}