{"id":1522,"date":"2021-03-10T14:10:03","date_gmt":"2021-03-10T14:10:03","guid":{"rendered":"https:\/\/batai4u.lt\/?post_type=product&#038;p=1522"},"modified":"2025-03-17T07:39:46","modified_gmt":"2025-03-17T07:39:46","slug":"rozines-spalvos-basutes-uzdarais-galais-mergaitems","status":"publish","type":"product","link":"https:\/\/batai4u.lt\/index.php\/product\/rozines-spalvos-basutes-uzdarais-galais-mergaitems\/","title":{"rendered":"WEESTEP ro\u017ein\u0117s spalvos basut\u0117s u\u017edarais galais mergait\u0117ms"},"content":{"rendered":"<p>Vidpad\u017eio ilgis<\/p>\n<ul>\n<li>26d-16,8cm<\/li>\n<li>27d-17,3cm<\/li>\n<li>28d-18,1cm<\/li>\n<li>29d-18,7cm<\/li>\n<li>30d-19,5cm<\/li>\n<li>31d-20cm<\/li>\n<\/ul>\n","protected":false},"excerpt":{"rendered":"<p>WEESTEP ortopedin\u0117s basut\u0117s. U\u017edaru priekiu bei galu.\u00a0 Auk\u0161tos kokyb\u0117s. LANKSTUS PADUKAS\/ nevar\u017eys vaiko judesi\u0173;<br \/>\nTuri supinatoriu. Odin\u0117s . Apimtys reguliuojasi lipukais. Matavimai sura\u0161yti.<\/p>\n","protected":false},"featured_media":1529,"comment_status":"closed","ping_status":"closed","template":"","meta":[],"product_brand":[],"product_cat":[79],"product_tag":[],"class_list":{"0":"post-1522","1":"product","2":"type-product","3":"status-publish","4":"has-post-thumbnail","6":"product_cat-mergaitems-basutes","7":"futurio-has-gallery","9":"first","10":"instock","11":"shipping-taxable","12":"purchasable","13":"product-type-variable"},"yoast_head":"<!-- This site is optimized with the Yoast SEO plugin v27.5 - https:\/\/yoast.com\/product\/yoast-seo-wordpress\/ -->\n<title>WEESTEP ro\u017ein\u0117s spalvos basut\u0117s u\u017edarais galais mergait\u0117ms - Batai4u.lt<\/title>\n<meta name=\"robots\" content=\"index, follow, max-snippet:-1, max-image-preview:large, max-video-preview:-1\" \/>\n<link rel=\"canonical\" href=\"https:\/\/batai4u.lt\/index.php\/product\/rozines-spalvos-basutes-uzdarais-galais-mergaitems\/\" \/>\n<meta property=\"og:locale\" content=\"en_US\" \/>\n<meta property=\"og:type\" content=\"article\" \/>\n<meta property=\"og:title\" content=\"WEESTEP ro\u017ein\u0117s spalvos basut\u0117s u\u017edarais galais mergait\u0117ms - Batai4u.lt\" \/>\n<meta property=\"og:description\" content=\"WEESTEP ortopedin\u0117s basut\u0117s. U\u017edaru priekiu bei galu.\u00a0 Auk\u0161tos kokyb\u0117s. LANKSTUS PADUKAS\/ nevar\u017eys vaiko judesi\u0173; Turi supinatoriu. Odin\u0117s . Apimtys reguliuojasi lipukais. Matavimai sura\u0161yti.\" \/>\n<meta property=\"og:url\" content=\"https:\/\/batai4u.lt\/index.php\/product\/rozines-spalvos-basutes-uzdarais-galais-mergaitems\/\" \/>\n<meta property=\"og:site_name\" content=\"Batai4u.lt\" \/>\n<meta property=\"article:modified_time\" content=\"2025-03-17T07:39:46+00:00\" \/>\n<meta property=\"og:image\" content=\"https:\/\/batai4u.lt\/wp-content\/uploads\/2021\/03\/1615293271170ro\u017ein\u0117s-basut\u0117s-u\u017edarais-galais.jpg\" \/>\n\t<meta property=\"og:image:width\" content=\"947\" \/>\n\t<meta property=\"og:image:height\" content=\"1023\" \/>\n\t<meta property=\"og:image:type\" content=\"image\/jpeg\" \/>\n<meta name=\"twitter:card\" content=\"summary_large_image\" \/>\n<script type=\"application\/ld+json\" class=\"yoast-schema-graph\">{\"@context\":\"https:\\\/\\\/schema.org\",\"@graph\":[{\"@type\":\"WebPage\",\"@id\":\"https:\\\/\\\/batai4u.lt\\\/index.php\\\/product\\\/rozines-spalvos-basutes-uzdarais-galais-mergaitems\\\/\",\"url\":\"https:\\\/\\\/batai4u.lt\\\/index.php\\\/product\\\/rozines-spalvos-basutes-uzdarais-galais-mergaitems\\\/\",\"name\":\"WEESTEP ro\u017ein\u0117s spalvos basut\u0117s u\u017edarais galais mergait\u0117ms - Batai4u.lt\",\"isPartOf\":{\"@id\":\"https:\\\/\\\/batai4u.lt\\\/#website\"},\"primaryImageOfPage\":{\"@id\":\"https:\\\/\\\/batai4u.lt\\\/index.php\\\/product\\\/rozines-spalvos-basutes-uzdarais-galais-mergaitems\\\/#primaryimage\"},\"image\":{\"@id\":\"https:\\\/\\\/batai4u.lt\\\/index.php\\\/product\\\/rozines-spalvos-basutes-uzdarais-galais-mergaitems\\\/#primaryimage\"},\"thumbnailUrl\":\"https:\\\/\\\/batai4u.lt\\\/wp-content\\\/uploads\\\/2021\\\/03\\\/1615293271170ro\u017ein\u0117s-basut\u0117s-u\u017edarais-galais.jpg\",\"datePublished\":\"2021-03-10T14:10:03+00:00\",\"dateModified\":\"2025-03-17T07:39:46+00:00\",\"breadcrumb\":{\"@id\":\"https:\\\/\\\/batai4u.lt\\\/index.php\\\/product\\\/rozines-spalvos-basutes-uzdarais-galais-mergaitems\\\/#breadcrumb\"},\"inLanguage\":\"en-US\",\"potentialAction\":[{\"@type\":\"ReadAction\",\"target\":[\"https:\\\/\\\/batai4u.lt\\\/index.php\\\/product\\\/rozines-spalvos-basutes-uzdarais-galais-mergaitems\\\/\"]}]},{\"@type\":\"ImageObject\",\"inLanguage\":\"en-US\",\"@id\":\"https:\\\/\\\/batai4u.lt\\\/index.php\\\/product\\\/rozines-spalvos-basutes-uzdarais-galais-mergaitems\\\/#primaryimage\",\"url\":\"https:\\\/\\\/batai4u.lt\\\/wp-content\\\/uploads\\\/2021\\\/03\\\/1615293271170ro\u017ein\u0117s-basut\u0117s-u\u017edarais-galais.jpg\",\"contentUrl\":\"https:\\\/\\\/batai4u.lt\\\/wp-content\\\/uploads\\\/2021\\\/03\\\/1615293271170ro\u017ein\u0117s-basut\u0117s-u\u017edarais-galais.jpg\",\"width\":947,\"height\":1023},{\"@type\":\"BreadcrumbList\",\"@id\":\"https:\\\/\\\/batai4u.lt\\\/index.php\\\/product\\\/rozines-spalvos-basutes-uzdarais-galais-mergaitems\\\/#breadcrumb\",\"itemListElement\":[{\"@type\":\"ListItem\",\"position\":1,\"name\":\"Home\",\"item\":\"https:\\\/\\\/batai4u.lt\\\/\"},{\"@type\":\"ListItem\",\"position\":2,\"name\":\"Parduotuv\u0117\",\"item\":\"https:\\\/\\\/batai4u.lt\\\/index.php\\\/shop\\\/\"},{\"@type\":\"ListItem\",\"position\":3,\"name\":\"WEESTEP ro\u017ein\u0117s spalvos basut\u0117s u\u017edarais galais mergait\u0117ms\"}]},{\"@type\":\"WebSite\",\"@id\":\"https:\\\/\\\/batai4u.lt\\\/#website\",\"url\":\"https:\\\/\\\/batai4u.lt\\\/\",\"name\":\"Batai4u.lt\",\"description\":\"batai vaikams ir ne tik\",\"publisher\":{\"@id\":\"https:\\\/\\\/batai4u.lt\\\/#\\\/schema\\\/person\\\/8cc43a99285533a2c3e2c58a641f566a\"},\"potentialAction\":[{\"@type\":\"SearchAction\",\"target\":{\"@type\":\"EntryPoint\",\"urlTemplate\":\"https:\\\/\\\/batai4u.lt\\\/?s={search_term_string}\"},\"query-input\":{\"@type\":\"PropertyValueSpecification\",\"valueRequired\":true,\"valueName\":\"search_term_string\"}}],\"inLanguage\":\"en-US\"},{\"@type\":[\"Person\",\"Organization\"],\"@id\":\"https:\\\/\\\/batai4u.lt\\\/#\\\/schema\\\/person\\\/8cc43a99285533a2c3e2c58a641f566a\",\"name\":\"Erika Steponavi\u010dien\u0117\",\"image\":{\"@type\":\"ImageObject\",\"inLanguage\":\"en-US\",\"@id\":\"https:\\\/\\\/secure.gravatar.com\\\/avatar\\\/de70a9d8a8fae7160f42990935bcabb5f827c9e01e111e0bcd4d408af9ba954c?s=96&d=mm&r=g\",\"url\":\"https:\\\/\\\/secure.gravatar.com\\\/avatar\\\/de70a9d8a8fae7160f42990935bcabb5f827c9e01e111e0bcd4d408af9ba954c?s=96&d=mm&r=g\",\"contentUrl\":\"https:\\\/\\\/secure.gravatar.com\\\/avatar\\\/de70a9d8a8fae7160f42990935bcabb5f827c9e01e111e0bcd4d408af9ba954c?s=96&d=mm&r=g\",\"caption\":\"Erika Steponavi\u010dien\u0117\"},\"logo\":{\"@id\":\"https:\\\/\\\/secure.gravatar.com\\\/avatar\\\/de70a9d8a8fae7160f42990935bcabb5f827c9e01e111e0bcd4d408af9ba954c?s=96&d=mm&r=g\"},\"sameAs\":[\"http:\\\/\\\/batai4u.lt\"]}]}<\/script>\n<!-- \/ Yoast SEO plugin. -->","yoast_head_json":{"title":"WEESTEP ro\u017ein\u0117s spalvos basut\u0117s u\u017edarais galais mergait\u0117ms - Batai4u.lt","robots":{"index":"index","follow":"follow","max-snippet":"max-snippet:-1","max-image-preview":"max-image-preview:large","max-video-preview":"max-video-preview:-1"},"canonical":"https:\/\/batai4u.lt\/index.php\/product\/rozines-spalvos-basutes-uzdarais-galais-mergaitems\/","og_locale":"en_US","og_type":"article","og_title":"WEESTEP ro\u017ein\u0117s spalvos basut\u0117s u\u017edarais galais mergait\u0117ms - Batai4u.lt","og_description":"WEESTEP ortopedin\u0117s basut\u0117s. U\u017edaru priekiu bei galu.\u00a0 Auk\u0161tos kokyb\u0117s. LANKSTUS PADUKAS\/ nevar\u017eys vaiko judesi\u0173; Turi supinatoriu. Odin\u0117s . Apimtys reguliuojasi lipukais. Matavimai sura\u0161yti.","og_url":"https:\/\/batai4u.lt\/index.php\/product\/rozines-spalvos-basutes-uzdarais-galais-mergaitems\/","og_site_name":"Batai4u.lt","article_modified_time":"2025-03-17T07:39:46+00:00","og_image":[{"width":947,"height":1023,"url":"https:\/\/batai4u.lt\/wp-content\/uploads\/2021\/03\/1615293271170ro\u017ein\u0117s-basut\u0117s-u\u017edarais-galais.jpg","type":"image\/jpeg"}],"twitter_card":"summary_large_image","schema":{"@context":"https:\/\/schema.org","@graph":[{"@type":"WebPage","@id":"https:\/\/batai4u.lt\/index.php\/product\/rozines-spalvos-basutes-uzdarais-galais-mergaitems\/","url":"https:\/\/batai4u.lt\/index.php\/product\/rozines-spalvos-basutes-uzdarais-galais-mergaitems\/","name":"WEESTEP ro\u017ein\u0117s spalvos basut\u0117s u\u017edarais galais mergait\u0117ms - Batai4u.lt","isPartOf":{"@id":"https:\/\/batai4u.lt\/#website"},"primaryImageOfPage":{"@id":"https:\/\/batai4u.lt\/index.php\/product\/rozines-spalvos-basutes-uzdarais-galais-mergaitems\/#primaryimage"},"image":{"@id":"https:\/\/batai4u.lt\/index.php\/product\/rozines-spalvos-basutes-uzdarais-galais-mergaitems\/#primaryimage"},"thumbnailUrl":"https:\/\/batai4u.lt\/wp-content\/uploads\/2021\/03\/1615293271170ro\u017ein\u0117s-basut\u0117s-u\u017edarais-galais.jpg","datePublished":"2021-03-10T14:10:03+00:00","dateModified":"2025-03-17T07:39:46+00:00","breadcrumb":{"@id":"https:\/\/batai4u.lt\/index.php\/product\/rozines-spalvos-basutes-uzdarais-galais-mergaitems\/#breadcrumb"},"inLanguage":"en-US","potentialAction":[{"@type":"ReadAction","target":["https:\/\/batai4u.lt\/index.php\/product\/rozines-spalvos-basutes-uzdarais-galais-mergaitems\/"]}]},{"@type":"ImageObject","inLanguage":"en-US","@id":"https:\/\/batai4u.lt\/index.php\/product\/rozines-spalvos-basutes-uzdarais-galais-mergaitems\/#primaryimage","url":"https:\/\/batai4u.lt\/wp-content\/uploads\/2021\/03\/1615293271170ro\u017ein\u0117s-basut\u0117s-u\u017edarais-galais.jpg","contentUrl":"https:\/\/batai4u.lt\/wp-content\/uploads\/2021\/03\/1615293271170ro\u017ein\u0117s-basut\u0117s-u\u017edarais-galais.jpg","width":947,"height":1023},{"@type":"BreadcrumbList","@id":"https:\/\/batai4u.lt\/index.php\/product\/rozines-spalvos-basutes-uzdarais-galais-mergaitems\/#breadcrumb","itemListElement":[{"@type":"ListItem","position":1,"name":"Home","item":"https:\/\/batai4u.lt\/"},{"@type":"ListItem","position":2,"name":"Parduotuv\u0117","item":"https:\/\/batai4u.lt\/index.php\/shop\/"},{"@type":"ListItem","position":3,"name":"WEESTEP ro\u017ein\u0117s spalvos basut\u0117s u\u017edarais galais mergait\u0117ms"}]},{"@type":"WebSite","@id":"https:\/\/batai4u.lt\/#website","url":"https:\/\/batai4u.lt\/","name":"Batai4u.lt","description":"batai vaikams ir ne tik","publisher":{"@id":"https:\/\/batai4u.lt\/#\/schema\/person\/8cc43a99285533a2c3e2c58a641f566a"},"potentialAction":[{"@type":"SearchAction","target":{"@type":"EntryPoint","urlTemplate":"https:\/\/batai4u.lt\/?s={search_term_string}"},"query-input":{"@type":"PropertyValueSpecification","valueRequired":true,"valueName":"search_term_string"}}],"inLanguage":"en-US"},{"@type":["Person","Organization"],"@id":"https:\/\/batai4u.lt\/#\/schema\/person\/8cc43a99285533a2c3e2c58a641f566a","name":"Erika Steponavi\u010dien\u0117","image":{"@type":"ImageObject","inLanguage":"en-US","@id":"https:\/\/secure.gravatar.com\/avatar\/de70a9d8a8fae7160f42990935bcabb5f827c9e01e111e0bcd4d408af9ba954c?s=96&d=mm&r=g","url":"https:\/\/secure.gravatar.com\/avatar\/de70a9d8a8fae7160f42990935bcabb5f827c9e01e111e0bcd4d408af9ba954c?s=96&d=mm&r=g","contentUrl":"https:\/\/secure.gravatar.com\/avatar\/de70a9d8a8fae7160f42990935bcabb5f827c9e01e111e0bcd4d408af9ba954c?s=96&d=mm&r=g","caption":"Erika Steponavi\u010dien\u0117"},"logo":{"@id":"https:\/\/secure.gravatar.com\/avatar\/de70a9d8a8fae7160f42990935bcabb5f827c9e01e111e0bcd4d408af9ba954c?s=96&d=mm&r=g"},"sameAs":["http:\/\/batai4u.lt"]}]}},"jetpack_sharing_enabled":true,"_links":{"self":[{"href":"https:\/\/batai4u.lt\/index.php\/wp-json\/wp\/v2\/product\/1522","targetHints":{"allow":["GET"]}}],"collection":[{"href":"https:\/\/batai4u.lt\/index.php\/wp-json\/wp\/v2\/product"}],"about":[{"href":"https:\/\/batai4u.lt\/index.php\/wp-json\/wp\/v2\/types\/product"}],"replies":[{"embeddable":true,"href":"https:\/\/batai4u.lt\/index.php\/wp-json\/wp\/v2\/comments?post=1522"}],"wp:featuredmedia":[{"embeddable":true,"href":"https:\/\/batai4u.lt\/index.php\/wp-json\/wp\/v2\/media\/1529"}],"wp:attachment":[{"href":"https:\/\/batai4u.lt\/index.php\/wp-json\/wp\/v2\/media?parent=1522"}],"wp:term":[{"taxonomy":"product_brand","embeddable":true,"href":"https:\/\/batai4u.lt\/index.php\/wp-json\/wp\/v2\/product_brand?post=1522"},{"taxonomy":"product_cat","embeddable":true,"href":"https:\/\/batai4u.lt\/index.php\/wp-json\/wp\/v2\/product_cat?post=1522"},{"taxonomy":"product_tag","embeddable":true,"href":"https:\/\/batai4u.lt\/index.php\/wp-json\/wp\/v2\/product_tag?post=1522"}],"curies":[{"name":"wp","href":"https:\/\/api.w.org\/{rel}","templated":true}]}}