{"id":1639,"date":"2021-03-22T11:02:42","date_gmt":"2021-03-22T11:02:42","guid":{"rendered":"https:\/\/batai4u.lt\/?post_type=product&#038;p=1639"},"modified":"2021-08-24T16:29:37","modified_gmt":"2021-08-24T16:29:37","slug":"new-balance-554-laisvalaikio-kedai-merginoms","status":"publish","type":"product","link":"https:\/\/batai4u.lt\/index.php\/product\/new-balance-554-laisvalaikio-kedai-merginoms\/","title":{"rendered":"NEW BALANCE 554SMG laisvalaikio kedai merginoms"},"content":{"rendered":"<p>Vidpad\u017eio ilgis:<\/p>\n<ul>\n<li>35d-22cm<\/li>\n<li>36d-22,5cm<\/li>\n<li>37d-23,5cm<\/li>\n<li>38d-24,5cm<\/li>\n<\/ul>\n","protected":false},"excerpt":{"rendered":"<p>New Balance laisvalaikio batai merginoms. Patogiai profiliuotas aulas tai Med\u017eiaga &#8211; Tekstil\u0117, Nat\u016brali oda &#8211; Lygi, Zom\u0161a. Viduje \u012fd\u0117klas: tekstil\u0117. Pado med\u017eiaga tai auk\u0161tos kokyb\u0117s sintetin\u0117 med\u017eiaga. \u0160is modelis bus puikiu kasdienin\u0117s aprangos papildu.<\/p>\n","protected":false},"featured_media":1646,"comment_status":"open","ping_status":"closed","template":"","meta":[],"product_brand":[],"product_cat":[63,31],"product_tag":[],"class_list":{"0":"post-1639","1":"product","2":"type-product","3":"status-publish","4":"has-post-thumbnail","6":"product_cat-vaikinam-merginom-batai","7":"product_cat-mergaitems-vasara","8":"futurio-has-gallery","10":"first","11":"instock","12":"sale","13":"featured","14":"shipping-taxable","15":"purchasable","16":"product-type-variable"},"yoast_head":"<!-- This site is optimized with the Yoast SEO plugin v27.5 - https:\/\/yoast.com\/product\/yoast-seo-wordpress\/ -->\n<title>NEW BALANCE 554SMG laisvalaikio kedai merginoms - Batai4u.lt<\/title>\n<meta name=\"robots\" content=\"index, follow, max-snippet:-1, max-image-preview:large, max-video-preview:-1\" \/>\n<link rel=\"canonical\" href=\"https:\/\/batai4u.lt\/index.php\/product\/new-balance-554-laisvalaikio-kedai-merginoms\/\" \/>\n<meta property=\"og:locale\" content=\"en_US\" \/>\n<meta property=\"og:type\" content=\"article\" \/>\n<meta property=\"og:title\" content=\"NEW BALANCE 554SMG laisvalaikio kedai merginoms - Batai4u.lt\" \/>\n<meta property=\"og:description\" content=\"New Balance laisvalaikio batai merginoms. Patogiai profiliuotas aulas tai Med\u017eiaga - Tekstil\u0117, Nat\u016brali oda - Lygi, Zom\u0161a. Viduje \u012fd\u0117klas: tekstil\u0117. Pado med\u017eiaga tai auk\u0161tos kokyb\u0117s sintetin\u0117 med\u017eiaga. \u0160is modelis bus puikiu kasdienin\u0117s aprangos papildu.\" \/>\n<meta property=\"og:url\" content=\"https:\/\/batai4u.lt\/index.php\/product\/new-balance-554-laisvalaikio-kedai-merginoms\/\" \/>\n<meta property=\"og:site_name\" content=\"Batai4u.lt\" \/>\n<meta property=\"article:modified_time\" content=\"2021-08-24T16:29:37+00:00\" \/>\n<meta property=\"og:image\" content=\"https:\/\/batai4u.lt\/wp-content\/uploads\/2021\/03\/1616410671782-NB-554-PILKI.jpg\" \/>\n\t<meta property=\"og:image:width\" content=\"1042\" \/>\n\t<meta property=\"og:image:height\" content=\"1263\" \/>\n\t<meta property=\"og:image:type\" content=\"image\/jpeg\" \/>\n<meta name=\"twitter:card\" content=\"summary_large_image\" \/>\n<script type=\"application\/ld+json\" class=\"yoast-schema-graph\">{\"@context\":\"https:\\\/\\\/schema.org\",\"@graph\":[{\"@type\":\"WebPage\",\"@id\":\"https:\\\/\\\/batai4u.lt\\\/index.php\\\/product\\\/new-balance-554-laisvalaikio-kedai-merginoms\\\/\",\"url\":\"https:\\\/\\\/batai4u.lt\\\/index.php\\\/product\\\/new-balance-554-laisvalaikio-kedai-merginoms\\\/\",\"name\":\"NEW BALANCE 554SMG laisvalaikio kedai merginoms - Batai4u.lt\",\"isPartOf\":{\"@id\":\"https:\\\/\\\/batai4u.lt\\\/#website\"},\"primaryImageOfPage\":{\"@id\":\"https:\\\/\\\/batai4u.lt\\\/index.php\\\/product\\\/new-balance-554-laisvalaikio-kedai-merginoms\\\/#primaryimage\"},\"image\":{\"@id\":\"https:\\\/\\\/batai4u.lt\\\/index.php\\\/product\\\/new-balance-554-laisvalaikio-kedai-merginoms\\\/#primaryimage\"},\"thumbnailUrl\":\"https:\\\/\\\/batai4u.lt\\\/wp-content\\\/uploads\\\/2021\\\/03\\\/1616410671782-NB-554-PILKI.jpg\",\"datePublished\":\"2021-03-22T11:02:42+00:00\",\"dateModified\":\"2021-08-24T16:29:37+00:00\",\"breadcrumb\":{\"@id\":\"https:\\\/\\\/batai4u.lt\\\/index.php\\\/product\\\/new-balance-554-laisvalaikio-kedai-merginoms\\\/#breadcrumb\"},\"inLanguage\":\"en-US\",\"potentialAction\":[{\"@type\":\"ReadAction\",\"target\":[\"https:\\\/\\\/batai4u.lt\\\/index.php\\\/product\\\/new-balance-554-laisvalaikio-kedai-merginoms\\\/\"]}]},{\"@type\":\"ImageObject\",\"inLanguage\":\"en-US\",\"@id\":\"https:\\\/\\\/batai4u.lt\\\/index.php\\\/product\\\/new-balance-554-laisvalaikio-kedai-merginoms\\\/#primaryimage\",\"url\":\"https:\\\/\\\/batai4u.lt\\\/wp-content\\\/uploads\\\/2021\\\/03\\\/1616410671782-NB-554-PILKI.jpg\",\"contentUrl\":\"https:\\\/\\\/batai4u.lt\\\/wp-content\\\/uploads\\\/2021\\\/03\\\/1616410671782-NB-554-PILKI.jpg\",\"width\":1042,\"height\":1263},{\"@type\":\"BreadcrumbList\",\"@id\":\"https:\\\/\\\/batai4u.lt\\\/index.php\\\/product\\\/new-balance-554-laisvalaikio-kedai-merginoms\\\/#breadcrumb\",\"itemListElement\":[{\"@type\":\"ListItem\",\"position\":1,\"name\":\"Home\",\"item\":\"https:\\\/\\\/batai4u.lt\\\/\"},{\"@type\":\"ListItem\",\"position\":2,\"name\":\"Parduotuv\u0117\",\"item\":\"https:\\\/\\\/batai4u.lt\\\/index.php\\\/shop\\\/\"},{\"@type\":\"ListItem\",\"position\":3,\"name\":\"NEW BALANCE 554SMG laisvalaikio kedai merginoms\"}]},{\"@type\":\"WebSite\",\"@id\":\"https:\\\/\\\/batai4u.lt\\\/#website\",\"url\":\"https:\\\/\\\/batai4u.lt\\\/\",\"name\":\"Batai4u.lt\",\"description\":\"batai vaikams ir ne tik\",\"publisher\":{\"@id\":\"https:\\\/\\\/batai4u.lt\\\/#\\\/schema\\\/person\\\/8cc43a99285533a2c3e2c58a641f566a\"},\"potentialAction\":[{\"@type\":\"SearchAction\",\"target\":{\"@type\":\"EntryPoint\",\"urlTemplate\":\"https:\\\/\\\/batai4u.lt\\\/?s={search_term_string}\"},\"query-input\":{\"@type\":\"PropertyValueSpecification\",\"valueRequired\":true,\"valueName\":\"search_term_string\"}}],\"inLanguage\":\"en-US\"},{\"@type\":[\"Person\",\"Organization\"],\"@id\":\"https:\\\/\\\/batai4u.lt\\\/#\\\/schema\\\/person\\\/8cc43a99285533a2c3e2c58a641f566a\",\"name\":\"Erika Steponavi\u010dien\u0117\",\"image\":{\"@type\":\"ImageObject\",\"inLanguage\":\"en-US\",\"@id\":\"https:\\\/\\\/secure.gravatar.com\\\/avatar\\\/de70a9d8a8fae7160f42990935bcabb5f827c9e01e111e0bcd4d408af9ba954c?s=96&d=mm&r=g\",\"url\":\"https:\\\/\\\/secure.gravatar.com\\\/avatar\\\/de70a9d8a8fae7160f42990935bcabb5f827c9e01e111e0bcd4d408af9ba954c?s=96&d=mm&r=g\",\"contentUrl\":\"https:\\\/\\\/secure.gravatar.com\\\/avatar\\\/de70a9d8a8fae7160f42990935bcabb5f827c9e01e111e0bcd4d408af9ba954c?s=96&d=mm&r=g\",\"caption\":\"Erika Steponavi\u010dien\u0117\"},\"logo\":{\"@id\":\"https:\\\/\\\/secure.gravatar.com\\\/avatar\\\/de70a9d8a8fae7160f42990935bcabb5f827c9e01e111e0bcd4d408af9ba954c?s=96&d=mm&r=g\"},\"sameAs\":[\"http:\\\/\\\/batai4u.lt\"]}]}<\/script>\n<!-- \/ Yoast SEO plugin. -->","yoast_head_json":{"title":"NEW BALANCE 554SMG laisvalaikio kedai merginoms - Batai4u.lt","robots":{"index":"index","follow":"follow","max-snippet":"max-snippet:-1","max-image-preview":"max-image-preview:large","max-video-preview":"max-video-preview:-1"},"canonical":"https:\/\/batai4u.lt\/index.php\/product\/new-balance-554-laisvalaikio-kedai-merginoms\/","og_locale":"en_US","og_type":"article","og_title":"NEW BALANCE 554SMG laisvalaikio kedai merginoms - Batai4u.lt","og_description":"New Balance laisvalaikio batai merginoms. Patogiai profiliuotas aulas tai Med\u017eiaga - Tekstil\u0117, Nat\u016brali oda - Lygi, Zom\u0161a. Viduje \u012fd\u0117klas: tekstil\u0117. Pado med\u017eiaga tai auk\u0161tos kokyb\u0117s sintetin\u0117 med\u017eiaga. \u0160is modelis bus puikiu kasdienin\u0117s aprangos papildu.","og_url":"https:\/\/batai4u.lt\/index.php\/product\/new-balance-554-laisvalaikio-kedai-merginoms\/","og_site_name":"Batai4u.lt","article_modified_time":"2021-08-24T16:29:37+00:00","og_image":[{"width":1042,"height":1263,"url":"https:\/\/batai4u.lt\/wp-content\/uploads\/2021\/03\/1616410671782-NB-554-PILKI.jpg","type":"image\/jpeg"}],"twitter_card":"summary_large_image","schema":{"@context":"https:\/\/schema.org","@graph":[{"@type":"WebPage","@id":"https:\/\/batai4u.lt\/index.php\/product\/new-balance-554-laisvalaikio-kedai-merginoms\/","url":"https:\/\/batai4u.lt\/index.php\/product\/new-balance-554-laisvalaikio-kedai-merginoms\/","name":"NEW BALANCE 554SMG laisvalaikio kedai merginoms - Batai4u.lt","isPartOf":{"@id":"https:\/\/batai4u.lt\/#website"},"primaryImageOfPage":{"@id":"https:\/\/batai4u.lt\/index.php\/product\/new-balance-554-laisvalaikio-kedai-merginoms\/#primaryimage"},"image":{"@id":"https:\/\/batai4u.lt\/index.php\/product\/new-balance-554-laisvalaikio-kedai-merginoms\/#primaryimage"},"thumbnailUrl":"https:\/\/batai4u.lt\/wp-content\/uploads\/2021\/03\/1616410671782-NB-554-PILKI.jpg","datePublished":"2021-03-22T11:02:42+00:00","dateModified":"2021-08-24T16:29:37+00:00","breadcrumb":{"@id":"https:\/\/batai4u.lt\/index.php\/product\/new-balance-554-laisvalaikio-kedai-merginoms\/#breadcrumb"},"inLanguage":"en-US","potentialAction":[{"@type":"ReadAction","target":["https:\/\/batai4u.lt\/index.php\/product\/new-balance-554-laisvalaikio-kedai-merginoms\/"]}]},{"@type":"ImageObject","inLanguage":"en-US","@id":"https:\/\/batai4u.lt\/index.php\/product\/new-balance-554-laisvalaikio-kedai-merginoms\/#primaryimage","url":"https:\/\/batai4u.lt\/wp-content\/uploads\/2021\/03\/1616410671782-NB-554-PILKI.jpg","contentUrl":"https:\/\/batai4u.lt\/wp-content\/uploads\/2021\/03\/1616410671782-NB-554-PILKI.jpg","width":1042,"height":1263},{"@type":"BreadcrumbList","@id":"https:\/\/batai4u.lt\/index.php\/product\/new-balance-554-laisvalaikio-kedai-merginoms\/#breadcrumb","itemListElement":[{"@type":"ListItem","position":1,"name":"Home","item":"https:\/\/batai4u.lt\/"},{"@type":"ListItem","position":2,"name":"Parduotuv\u0117","item":"https:\/\/batai4u.lt\/index.php\/shop\/"},{"@type":"ListItem","position":3,"name":"NEW BALANCE 554SMG laisvalaikio kedai merginoms"}]},{"@type":"WebSite","@id":"https:\/\/batai4u.lt\/#website","url":"https:\/\/batai4u.lt\/","name":"Batai4u.lt","description":"batai vaikams ir ne tik","publisher":{"@id":"https:\/\/batai4u.lt\/#\/schema\/person\/8cc43a99285533a2c3e2c58a641f566a"},"potentialAction":[{"@type":"SearchAction","target":{"@type":"EntryPoint","urlTemplate":"https:\/\/batai4u.lt\/?s={search_term_string}"},"query-input":{"@type":"PropertyValueSpecification","valueRequired":true,"valueName":"search_term_string"}}],"inLanguage":"en-US"},{"@type":["Person","Organization"],"@id":"https:\/\/batai4u.lt\/#\/schema\/person\/8cc43a99285533a2c3e2c58a641f566a","name":"Erika Steponavi\u010dien\u0117","image":{"@type":"ImageObject","inLanguage":"en-US","@id":"https:\/\/secure.gravatar.com\/avatar\/de70a9d8a8fae7160f42990935bcabb5f827c9e01e111e0bcd4d408af9ba954c?s=96&d=mm&r=g","url":"https:\/\/secure.gravatar.com\/avatar\/de70a9d8a8fae7160f42990935bcabb5f827c9e01e111e0bcd4d408af9ba954c?s=96&d=mm&r=g","contentUrl":"https:\/\/secure.gravatar.com\/avatar\/de70a9d8a8fae7160f42990935bcabb5f827c9e01e111e0bcd4d408af9ba954c?s=96&d=mm&r=g","caption":"Erika Steponavi\u010dien\u0117"},"logo":{"@id":"https:\/\/secure.gravatar.com\/avatar\/de70a9d8a8fae7160f42990935bcabb5f827c9e01e111e0bcd4d408af9ba954c?s=96&d=mm&r=g"},"sameAs":["http:\/\/batai4u.lt"]}]}},"jetpack_sharing_enabled":true,"_links":{"self":[{"href":"https:\/\/batai4u.lt\/index.php\/wp-json\/wp\/v2\/product\/1639","targetHints":{"allow":["GET"]}}],"collection":[{"href":"https:\/\/batai4u.lt\/index.php\/wp-json\/wp\/v2\/product"}],"about":[{"href":"https:\/\/batai4u.lt\/index.php\/wp-json\/wp\/v2\/types\/product"}],"replies":[{"embeddable":true,"href":"https:\/\/batai4u.lt\/index.php\/wp-json\/wp\/v2\/comments?post=1639"}],"wp:featuredmedia":[{"embeddable":true,"href":"https:\/\/batai4u.lt\/index.php\/wp-json\/wp\/v2\/media\/1646"}],"wp:attachment":[{"href":"https:\/\/batai4u.lt\/index.php\/wp-json\/wp\/v2\/media?parent=1639"}],"wp:term":[{"taxonomy":"product_brand","embeddable":true,"href":"https:\/\/batai4u.lt\/index.php\/wp-json\/wp\/v2\/product_brand?post=1639"},{"taxonomy":"product_cat","embeddable":true,"href":"https:\/\/batai4u.lt\/index.php\/wp-json\/wp\/v2\/product_cat?post=1639"},{"taxonomy":"product_tag","embeddable":true,"href":"https:\/\/batai4u.lt\/index.php\/wp-json\/wp\/v2\/product_tag?post=1639"}],"curies":[{"name":"wp","href":"https:\/\/api.w.org\/{rel}","templated":true}]}}