{"id":2016,"date":"2021-06-01T14:05:40","date_gmt":"2021-06-01T14:05:40","guid":{"rendered":"https:\/\/batai4u.lt\/?post_type=product&#038;p=2016"},"modified":"2025-02-15T08:56:52","modified_gmt":"2025-02-15T08:56:52","slug":"weestep-melinos-spalvos-atvirais-galais-basutes-berniukams","status":"publish","type":"product","link":"https:\/\/batai4u.lt\/index.php\/product\/weestep-melinos-spalvos-atvirais-galais-basutes-berniukams\/","title":{"rendered":"WEESTEP m\u0117linos spalvos atvirais galais basut\u0117s"},"content":{"rendered":"<p>Vidpad\u017eio ilgis<\/p>\n<ul>\n<li>26d-17,33cm<\/li>\n<li>27d-18cm<\/li>\n<li>28d-18,67cm<\/li>\n<li>29d-19,33cm<\/li>\n<li>30d-20cm<\/li>\n<li>31d-20,67cm<\/li>\n<\/ul>\n","protected":false},"excerpt":{"rendered":"<ol>\n<li>WEESTEPU ortopedin\u0117s basut\u0117s. Atvirais galais. TVIRTAI STABILIOS.\u00a0 Auk\u0161tos kokyb\u0117s.<br \/>\nTuri supinatoriu. Odin\u0117s . Apimtis reguliuojasi lipukais. Matavimai sura\u0161yti.<\/li>\n<\/ol>\n","protected":false},"featured_media":2104,"comment_status":"closed","ping_status":"closed","template":"","meta":[],"product_brand":[],"product_cat":[78],"product_tag":[],"class_list":{"0":"post-2016","1":"product","2":"type-product","3":"status-publish","4":"has-post-thumbnail","6":"product_cat-basutes-berniukams","7":"futurio-has-gallery","9":"first","10":"instock","11":"shipping-taxable","12":"purchasable","13":"product-type-variable"},"yoast_head":"<!-- This site is optimized with the Yoast SEO plugin v27.4 - https:\/\/yoast.com\/product\/yoast-seo-wordpress\/ -->\n<title>WEESTEP m\u0117linos spalvos atvirais galais basut\u0117s - Batai4u.lt<\/title>\n<meta name=\"robots\" content=\"index, follow, max-snippet:-1, max-image-preview:large, max-video-preview:-1\" \/>\n<link rel=\"canonical\" href=\"https:\/\/batai4u.lt\/index.php\/product\/weestep-melinos-spalvos-atvirais-galais-basutes-berniukams\/\" \/>\n<meta property=\"og:locale\" content=\"en_US\" \/>\n<meta property=\"og:type\" content=\"article\" \/>\n<meta property=\"og:title\" content=\"WEESTEP m\u0117linos spalvos atvirais galais basut\u0117s - Batai4u.lt\" \/>\n<meta property=\"og:description\" content=\"WEESTEPU ortopedin\u0117s basut\u0117s. Atvirais galais. TVIRTAI STABILIOS.\u00a0 Auk\u0161tos kokyb\u0117s. Turi supinatoriu. Odin\u0117s . Apimtis reguliuojasi lipukais. Matavimai sura\u0161yti.\" \/>\n<meta property=\"og:url\" content=\"https:\/\/batai4u.lt\/index.php\/product\/weestep-melinos-spalvos-atvirais-galais-basutes-berniukams\/\" \/>\n<meta property=\"og:site_name\" content=\"Batai4u.lt\" \/>\n<meta property=\"article:modified_time\" content=\"2025-02-15T08:56:52+00:00\" \/>\n<meta property=\"og:image\" content=\"https:\/\/batai4u.lt\/wp-content\/uploads\/2021\/06\/1629385941913-scaled.jpg\" \/>\n\t<meta property=\"og:image:width\" content=\"1408\" \/>\n\t<meta property=\"og:image:height\" content=\"2560\" \/>\n\t<meta property=\"og:image:type\" content=\"image\/jpeg\" \/>\n<meta name=\"twitter:card\" content=\"summary_large_image\" \/>\n<script type=\"application\/ld+json\" class=\"yoast-schema-graph\">{\"@context\":\"https:\\\/\\\/schema.org\",\"@graph\":[{\"@type\":\"WebPage\",\"@id\":\"https:\\\/\\\/batai4u.lt\\\/index.php\\\/product\\\/weestep-melinos-spalvos-atvirais-galais-basutes-berniukams\\\/\",\"url\":\"https:\\\/\\\/batai4u.lt\\\/index.php\\\/product\\\/weestep-melinos-spalvos-atvirais-galais-basutes-berniukams\\\/\",\"name\":\"WEESTEP m\u0117linos spalvos atvirais galais basut\u0117s - Batai4u.lt\",\"isPartOf\":{\"@id\":\"https:\\\/\\\/batai4u.lt\\\/#website\"},\"primaryImageOfPage\":{\"@id\":\"https:\\\/\\\/batai4u.lt\\\/index.php\\\/product\\\/weestep-melinos-spalvos-atvirais-galais-basutes-berniukams\\\/#primaryimage\"},\"image\":{\"@id\":\"https:\\\/\\\/batai4u.lt\\\/index.php\\\/product\\\/weestep-melinos-spalvos-atvirais-galais-basutes-berniukams\\\/#primaryimage\"},\"thumbnailUrl\":\"https:\\\/\\\/batai4u.lt\\\/wp-content\\\/uploads\\\/2021\\\/06\\\/1629385941913-scaled.jpg\",\"datePublished\":\"2021-06-01T14:05:40+00:00\",\"dateModified\":\"2025-02-15T08:56:52+00:00\",\"breadcrumb\":{\"@id\":\"https:\\\/\\\/batai4u.lt\\\/index.php\\\/product\\\/weestep-melinos-spalvos-atvirais-galais-basutes-berniukams\\\/#breadcrumb\"},\"inLanguage\":\"en-US\",\"potentialAction\":[{\"@type\":\"ReadAction\",\"target\":[\"https:\\\/\\\/batai4u.lt\\\/index.php\\\/product\\\/weestep-melinos-spalvos-atvirais-galais-basutes-berniukams\\\/\"]}]},{\"@type\":\"ImageObject\",\"inLanguage\":\"en-US\",\"@id\":\"https:\\\/\\\/batai4u.lt\\\/index.php\\\/product\\\/weestep-melinos-spalvos-atvirais-galais-basutes-berniukams\\\/#primaryimage\",\"url\":\"https:\\\/\\\/batai4u.lt\\\/wp-content\\\/uploads\\\/2021\\\/06\\\/1629385941913-scaled.jpg\",\"contentUrl\":\"https:\\\/\\\/batai4u.lt\\\/wp-content\\\/uploads\\\/2021\\\/06\\\/1629385941913-scaled.jpg\",\"width\":1408,\"height\":2560},{\"@type\":\"BreadcrumbList\",\"@id\":\"https:\\\/\\\/batai4u.lt\\\/index.php\\\/product\\\/weestep-melinos-spalvos-atvirais-galais-basutes-berniukams\\\/#breadcrumb\",\"itemListElement\":[{\"@type\":\"ListItem\",\"position\":1,\"name\":\"Home\",\"item\":\"https:\\\/\\\/batai4u.lt\\\/\"},{\"@type\":\"ListItem\",\"position\":2,\"name\":\"Parduotuv\u0117\",\"item\":\"https:\\\/\\\/batai4u.lt\\\/index.php\\\/shop\\\/\"},{\"@type\":\"ListItem\",\"position\":3,\"name\":\"WEESTEP m\u0117linos spalvos atvirais galais basut\u0117s\"}]},{\"@type\":\"WebSite\",\"@id\":\"https:\\\/\\\/batai4u.lt\\\/#website\",\"url\":\"https:\\\/\\\/batai4u.lt\\\/\",\"name\":\"Batai4u.lt\",\"description\":\"batai vaikams ir ne tik\",\"publisher\":{\"@id\":\"https:\\\/\\\/batai4u.lt\\\/#\\\/schema\\\/person\\\/8cc43a99285533a2c3e2c58a641f566a\"},\"potentialAction\":[{\"@type\":\"SearchAction\",\"target\":{\"@type\":\"EntryPoint\",\"urlTemplate\":\"https:\\\/\\\/batai4u.lt\\\/?s={search_term_string}\"},\"query-input\":{\"@type\":\"PropertyValueSpecification\",\"valueRequired\":true,\"valueName\":\"search_term_string\"}}],\"inLanguage\":\"en-US\"},{\"@type\":[\"Person\",\"Organization\"],\"@id\":\"https:\\\/\\\/batai4u.lt\\\/#\\\/schema\\\/person\\\/8cc43a99285533a2c3e2c58a641f566a\",\"name\":\"Erika Steponavi\u010dien\u0117\",\"image\":{\"@type\":\"ImageObject\",\"inLanguage\":\"en-US\",\"@id\":\"https:\\\/\\\/secure.gravatar.com\\\/avatar\\\/de70a9d8a8fae7160f42990935bcabb5f827c9e01e111e0bcd4d408af9ba954c?s=96&d=mm&r=g\",\"url\":\"https:\\\/\\\/secure.gravatar.com\\\/avatar\\\/de70a9d8a8fae7160f42990935bcabb5f827c9e01e111e0bcd4d408af9ba954c?s=96&d=mm&r=g\",\"contentUrl\":\"https:\\\/\\\/secure.gravatar.com\\\/avatar\\\/de70a9d8a8fae7160f42990935bcabb5f827c9e01e111e0bcd4d408af9ba954c?s=96&d=mm&r=g\",\"caption\":\"Erika Steponavi\u010dien\u0117\"},\"logo\":{\"@id\":\"https:\\\/\\\/secure.gravatar.com\\\/avatar\\\/de70a9d8a8fae7160f42990935bcabb5f827c9e01e111e0bcd4d408af9ba954c?s=96&d=mm&r=g\"},\"sameAs\":[\"http:\\\/\\\/batai4u.lt\"]}]}<\/script>\n<!-- \/ Yoast SEO plugin. -->","yoast_head_json":{"title":"WEESTEP m\u0117linos spalvos atvirais galais basut\u0117s - Batai4u.lt","robots":{"index":"index","follow":"follow","max-snippet":"max-snippet:-1","max-image-preview":"max-image-preview:large","max-video-preview":"max-video-preview:-1"},"canonical":"https:\/\/batai4u.lt\/index.php\/product\/weestep-melinos-spalvos-atvirais-galais-basutes-berniukams\/","og_locale":"en_US","og_type":"article","og_title":"WEESTEP m\u0117linos spalvos atvirais galais basut\u0117s - Batai4u.lt","og_description":"WEESTEPU ortopedin\u0117s basut\u0117s. Atvirais galais. TVIRTAI STABILIOS.\u00a0 Auk\u0161tos kokyb\u0117s. Turi supinatoriu. Odin\u0117s . Apimtis reguliuojasi lipukais. Matavimai sura\u0161yti.","og_url":"https:\/\/batai4u.lt\/index.php\/product\/weestep-melinos-spalvos-atvirais-galais-basutes-berniukams\/","og_site_name":"Batai4u.lt","article_modified_time":"2025-02-15T08:56:52+00:00","og_image":[{"width":1408,"height":2560,"url":"https:\/\/batai4u.lt\/wp-content\/uploads\/2021\/06\/1629385941913-scaled.jpg","type":"image\/jpeg"}],"twitter_card":"summary_large_image","schema":{"@context":"https:\/\/schema.org","@graph":[{"@type":"WebPage","@id":"https:\/\/batai4u.lt\/index.php\/product\/weestep-melinos-spalvos-atvirais-galais-basutes-berniukams\/","url":"https:\/\/batai4u.lt\/index.php\/product\/weestep-melinos-spalvos-atvirais-galais-basutes-berniukams\/","name":"WEESTEP m\u0117linos spalvos atvirais galais basut\u0117s - Batai4u.lt","isPartOf":{"@id":"https:\/\/batai4u.lt\/#website"},"primaryImageOfPage":{"@id":"https:\/\/batai4u.lt\/index.php\/product\/weestep-melinos-spalvos-atvirais-galais-basutes-berniukams\/#primaryimage"},"image":{"@id":"https:\/\/batai4u.lt\/index.php\/product\/weestep-melinos-spalvos-atvirais-galais-basutes-berniukams\/#primaryimage"},"thumbnailUrl":"https:\/\/batai4u.lt\/wp-content\/uploads\/2021\/06\/1629385941913-scaled.jpg","datePublished":"2021-06-01T14:05:40+00:00","dateModified":"2025-02-15T08:56:52+00:00","breadcrumb":{"@id":"https:\/\/batai4u.lt\/index.php\/product\/weestep-melinos-spalvos-atvirais-galais-basutes-berniukams\/#breadcrumb"},"inLanguage":"en-US","potentialAction":[{"@type":"ReadAction","target":["https:\/\/batai4u.lt\/index.php\/product\/weestep-melinos-spalvos-atvirais-galais-basutes-berniukams\/"]}]},{"@type":"ImageObject","inLanguage":"en-US","@id":"https:\/\/batai4u.lt\/index.php\/product\/weestep-melinos-spalvos-atvirais-galais-basutes-berniukams\/#primaryimage","url":"https:\/\/batai4u.lt\/wp-content\/uploads\/2021\/06\/1629385941913-scaled.jpg","contentUrl":"https:\/\/batai4u.lt\/wp-content\/uploads\/2021\/06\/1629385941913-scaled.jpg","width":1408,"height":2560},{"@type":"BreadcrumbList","@id":"https:\/\/batai4u.lt\/index.php\/product\/weestep-melinos-spalvos-atvirais-galais-basutes-berniukams\/#breadcrumb","itemListElement":[{"@type":"ListItem","position":1,"name":"Home","item":"https:\/\/batai4u.lt\/"},{"@type":"ListItem","position":2,"name":"Parduotuv\u0117","item":"https:\/\/batai4u.lt\/index.php\/shop\/"},{"@type":"ListItem","position":3,"name":"WEESTEP m\u0117linos spalvos atvirais galais basut\u0117s"}]},{"@type":"WebSite","@id":"https:\/\/batai4u.lt\/#website","url":"https:\/\/batai4u.lt\/","name":"Batai4u.lt","description":"batai vaikams ir ne tik","publisher":{"@id":"https:\/\/batai4u.lt\/#\/schema\/person\/8cc43a99285533a2c3e2c58a641f566a"},"potentialAction":[{"@type":"SearchAction","target":{"@type":"EntryPoint","urlTemplate":"https:\/\/batai4u.lt\/?s={search_term_string}"},"query-input":{"@type":"PropertyValueSpecification","valueRequired":true,"valueName":"search_term_string"}}],"inLanguage":"en-US"},{"@type":["Person","Organization"],"@id":"https:\/\/batai4u.lt\/#\/schema\/person\/8cc43a99285533a2c3e2c58a641f566a","name":"Erika Steponavi\u010dien\u0117","image":{"@type":"ImageObject","inLanguage":"en-US","@id":"https:\/\/secure.gravatar.com\/avatar\/de70a9d8a8fae7160f42990935bcabb5f827c9e01e111e0bcd4d408af9ba954c?s=96&d=mm&r=g","url":"https:\/\/secure.gravatar.com\/avatar\/de70a9d8a8fae7160f42990935bcabb5f827c9e01e111e0bcd4d408af9ba954c?s=96&d=mm&r=g","contentUrl":"https:\/\/secure.gravatar.com\/avatar\/de70a9d8a8fae7160f42990935bcabb5f827c9e01e111e0bcd4d408af9ba954c?s=96&d=mm&r=g","caption":"Erika Steponavi\u010dien\u0117"},"logo":{"@id":"https:\/\/secure.gravatar.com\/avatar\/de70a9d8a8fae7160f42990935bcabb5f827c9e01e111e0bcd4d408af9ba954c?s=96&d=mm&r=g"},"sameAs":["http:\/\/batai4u.lt"]}]}},"jetpack_sharing_enabled":true,"_links":{"self":[{"href":"https:\/\/batai4u.lt\/index.php\/wp-json\/wp\/v2\/product\/2016","targetHints":{"allow":["GET"]}}],"collection":[{"href":"https:\/\/batai4u.lt\/index.php\/wp-json\/wp\/v2\/product"}],"about":[{"href":"https:\/\/batai4u.lt\/index.php\/wp-json\/wp\/v2\/types\/product"}],"replies":[{"embeddable":true,"href":"https:\/\/batai4u.lt\/index.php\/wp-json\/wp\/v2\/comments?post=2016"}],"wp:featuredmedia":[{"embeddable":true,"href":"https:\/\/batai4u.lt\/index.php\/wp-json\/wp\/v2\/media\/2104"}],"wp:attachment":[{"href":"https:\/\/batai4u.lt\/index.php\/wp-json\/wp\/v2\/media?parent=2016"}],"wp:term":[{"taxonomy":"product_brand","embeddable":true,"href":"https:\/\/batai4u.lt\/index.php\/wp-json\/wp\/v2\/product_brand?post=2016"},{"taxonomy":"product_cat","embeddable":true,"href":"https:\/\/batai4u.lt\/index.php\/wp-json\/wp\/v2\/product_cat?post=2016"},{"taxonomy":"product_tag","embeddable":true,"href":"https:\/\/batai4u.lt\/index.php\/wp-json\/wp\/v2\/product_tag?post=2016"}],"curies":[{"name":"wp","href":"https:\/\/api.w.org\/{rel}","templated":true}]}}