{"id":2542,"date":"2021-10-05T17:26:53","date_gmt":"2021-10-05T17:26:53","guid":{"rendered":"https:\/\/batai4u.lt\/?post_type=product&#038;p=2542"},"modified":"2024-10-13T13:46:07","modified_gmt":"2024-10-13T13:46:07","slug":"weestep-tamsiai-melynos-spalvos-zieminai-termo-batai-mergatems","status":"publish","type":"product","link":"https:\/\/batai4u.lt\/index.php\/product\/weestep-tamsiai-melynos-spalvos-zieminai-termo-batai-mergatems\/","title":{"rendered":"WEESTEP Tamsiai m\u0117lynos spalvos \u017eieminai termo batai 27-32d (Liko 31d)"},"content":{"rendered":"<p>Vidpad\u017eio ilgis<\/p>\n<ul>\n<li>27d- 17,7cm<\/li>\n<li>28d-18,4cm<\/li>\n<li>29d-19cm<\/li>\n<li>30d-19,8cm<\/li>\n<li>31d-20,5cm<\/li>\n<li>32d-21cm<\/li>\n<\/ul>\n","protected":false},"excerpt":{"rendered":"<p>Weestep \u0160ilti \u017eieminai batukai termo med\u017eiagos. Neper\u0161lampami. Viduj naturali vilna pilnai visame batuke. Puo\u0161ti blizgiom detal\u0117m tamsiai m\u0117lynos spalvos batai. Turi rai\u0161telius plo\u010diui reguliuoti. Fasonas tinkamas ir putlesn\u0117m kojyt\u0117m. Vidp. permatavau ir sura\u0161iau. Dydi \u0161is modelis atitinka.<\/p>\n","protected":false},"featured_media":1289,"comment_status":"closed","ping_status":"closed","template":"","meta":[],"product_brand":[],"product_cat":[75],"product_tag":[94,114,83,115],"class_list":{"0":"post-2542","1":"product","2":"type-product","3":"status-publish","4":"has-post-thumbnail","6":"product_cat-mergaitems-ziema","7":"product_tag-94","8":"product_tag-termo-batai","9":"product_tag-weestep","10":"product_tag-zieminiai","11":"futurio-has-gallery","13":"first","14":"instock","15":"shipping-taxable","16":"purchasable","17":"product-type-variable"},"yoast_head":"<!-- This site is optimized with the Yoast SEO plugin v27.4 - https:\/\/yoast.com\/product\/yoast-seo-wordpress\/ -->\n<title>WEESTEP Tamsiai m\u0117lynos spalvos \u017eieminai termo batai 27-32d (Liko 31d) - Batai4u.lt<\/title>\n<meta name=\"robots\" content=\"index, follow, max-snippet:-1, max-image-preview:large, max-video-preview:-1\" \/>\n<link rel=\"canonical\" href=\"https:\/\/batai4u.lt\/index.php\/product\/weestep-tamsiai-melynos-spalvos-zieminai-termo-batai-mergatems\/\" \/>\n<meta property=\"og:locale\" content=\"en_US\" \/>\n<meta property=\"og:type\" content=\"article\" \/>\n<meta property=\"og:title\" content=\"WEESTEP Tamsiai m\u0117lynos spalvos \u017eieminai termo batai 27-32d (Liko 31d) - Batai4u.lt\" \/>\n<meta property=\"og:description\" content=\"Weestep \u0160ilti \u017eieminai batukai termo med\u017eiagos. Neper\u0161lampami. Viduj naturali vilna pilnai visame batuke. Puo\u0161ti blizgiom detal\u0117m tamsiai m\u0117lynos spalvos batai. Turi rai\u0161telius plo\u010diui reguliuoti. Fasonas tinkamas ir putlesn\u0117m kojyt\u0117m. Vidp. permatavau ir sura\u0161iau. Dydi \u0161is modelis atitinka.\" \/>\n<meta property=\"og:url\" content=\"https:\/\/batai4u.lt\/index.php\/product\/weestep-tamsiai-melynos-spalvos-zieminai-termo-batai-mergatems\/\" \/>\n<meta property=\"og:site_name\" content=\"Batai4u.lt\" \/>\n<meta property=\"article:modified_time\" content=\"2024-10-13T13:46:07+00:00\" \/>\n<meta property=\"og:image\" content=\"https:\/\/batai4u.lt\/wp-content\/uploads\/2021\/02\/1612531311676-tamsiai-m\u0117lini-termo-batukai.jpg\" \/>\n\t<meta property=\"og:image:width\" content=\"1042\" \/>\n\t<meta property=\"og:image:height\" content=\"1388\" \/>\n\t<meta property=\"og:image:type\" content=\"image\/jpeg\" \/>\n<meta name=\"twitter:card\" content=\"summary_large_image\" \/>\n<script type=\"application\/ld+json\" class=\"yoast-schema-graph\">{\"@context\":\"https:\\\/\\\/schema.org\",\"@graph\":[{\"@type\":\"WebPage\",\"@id\":\"https:\\\/\\\/batai4u.lt\\\/index.php\\\/product\\\/weestep-tamsiai-melynos-spalvos-zieminai-termo-batai-mergatems\\\/\",\"url\":\"https:\\\/\\\/batai4u.lt\\\/index.php\\\/product\\\/weestep-tamsiai-melynos-spalvos-zieminai-termo-batai-mergatems\\\/\",\"name\":\"WEESTEP Tamsiai m\u0117lynos spalvos \u017eieminai termo batai 27-32d (Liko 31d) - Batai4u.lt\",\"isPartOf\":{\"@id\":\"https:\\\/\\\/batai4u.lt\\\/#website\"},\"primaryImageOfPage\":{\"@id\":\"https:\\\/\\\/batai4u.lt\\\/index.php\\\/product\\\/weestep-tamsiai-melynos-spalvos-zieminai-termo-batai-mergatems\\\/#primaryimage\"},\"image\":{\"@id\":\"https:\\\/\\\/batai4u.lt\\\/index.php\\\/product\\\/weestep-tamsiai-melynos-spalvos-zieminai-termo-batai-mergatems\\\/#primaryimage\"},\"thumbnailUrl\":\"https:\\\/\\\/batai4u.lt\\\/wp-content\\\/uploads\\\/2021\\\/02\\\/1612531311676-tamsiai-m\u0117lini-termo-batukai.jpg\",\"datePublished\":\"2021-10-05T17:26:53+00:00\",\"dateModified\":\"2024-10-13T13:46:07+00:00\",\"breadcrumb\":{\"@id\":\"https:\\\/\\\/batai4u.lt\\\/index.php\\\/product\\\/weestep-tamsiai-melynos-spalvos-zieminai-termo-batai-mergatems\\\/#breadcrumb\"},\"inLanguage\":\"en-US\",\"potentialAction\":[{\"@type\":\"ReadAction\",\"target\":[\"https:\\\/\\\/batai4u.lt\\\/index.php\\\/product\\\/weestep-tamsiai-melynos-spalvos-zieminai-termo-batai-mergatems\\\/\"]}]},{\"@type\":\"ImageObject\",\"inLanguage\":\"en-US\",\"@id\":\"https:\\\/\\\/batai4u.lt\\\/index.php\\\/product\\\/weestep-tamsiai-melynos-spalvos-zieminai-termo-batai-mergatems\\\/#primaryimage\",\"url\":\"https:\\\/\\\/batai4u.lt\\\/wp-content\\\/uploads\\\/2021\\\/02\\\/1612531311676-tamsiai-m\u0117lini-termo-batukai.jpg\",\"contentUrl\":\"https:\\\/\\\/batai4u.lt\\\/wp-content\\\/uploads\\\/2021\\\/02\\\/1612531311676-tamsiai-m\u0117lini-termo-batukai.jpg\",\"width\":1042,\"height\":1388},{\"@type\":\"BreadcrumbList\",\"@id\":\"https:\\\/\\\/batai4u.lt\\\/index.php\\\/product\\\/weestep-tamsiai-melynos-spalvos-zieminai-termo-batai-mergatems\\\/#breadcrumb\",\"itemListElement\":[{\"@type\":\"ListItem\",\"position\":1,\"name\":\"Home\",\"item\":\"https:\\\/\\\/batai4u.lt\\\/\"},{\"@type\":\"ListItem\",\"position\":2,\"name\":\"Parduotuv\u0117\",\"item\":\"https:\\\/\\\/batai4u.lt\\\/index.php\\\/shop\\\/\"},{\"@type\":\"ListItem\",\"position\":3,\"name\":\"WEESTEP Tamsiai m\u0117lynos spalvos \u017eieminai termo batai 27-32d (Liko 31d)\"}]},{\"@type\":\"WebSite\",\"@id\":\"https:\\\/\\\/batai4u.lt\\\/#website\",\"url\":\"https:\\\/\\\/batai4u.lt\\\/\",\"name\":\"Batai4u.lt\",\"description\":\"batai vaikams ir ne tik\",\"publisher\":{\"@id\":\"https:\\\/\\\/batai4u.lt\\\/#\\\/schema\\\/person\\\/8cc43a99285533a2c3e2c58a641f566a\"},\"potentialAction\":[{\"@type\":\"SearchAction\",\"target\":{\"@type\":\"EntryPoint\",\"urlTemplate\":\"https:\\\/\\\/batai4u.lt\\\/?s={search_term_string}\"},\"query-input\":{\"@type\":\"PropertyValueSpecification\",\"valueRequired\":true,\"valueName\":\"search_term_string\"}}],\"inLanguage\":\"en-US\"},{\"@type\":[\"Person\",\"Organization\"],\"@id\":\"https:\\\/\\\/batai4u.lt\\\/#\\\/schema\\\/person\\\/8cc43a99285533a2c3e2c58a641f566a\",\"name\":\"Erika Steponavi\u010dien\u0117\",\"image\":{\"@type\":\"ImageObject\",\"inLanguage\":\"en-US\",\"@id\":\"https:\\\/\\\/secure.gravatar.com\\\/avatar\\\/de70a9d8a8fae7160f42990935bcabb5f827c9e01e111e0bcd4d408af9ba954c?s=96&d=mm&r=g\",\"url\":\"https:\\\/\\\/secure.gravatar.com\\\/avatar\\\/de70a9d8a8fae7160f42990935bcabb5f827c9e01e111e0bcd4d408af9ba954c?s=96&d=mm&r=g\",\"contentUrl\":\"https:\\\/\\\/secure.gravatar.com\\\/avatar\\\/de70a9d8a8fae7160f42990935bcabb5f827c9e01e111e0bcd4d408af9ba954c?s=96&d=mm&r=g\",\"caption\":\"Erika Steponavi\u010dien\u0117\"},\"logo\":{\"@id\":\"https:\\\/\\\/secure.gravatar.com\\\/avatar\\\/de70a9d8a8fae7160f42990935bcabb5f827c9e01e111e0bcd4d408af9ba954c?s=96&d=mm&r=g\"},\"sameAs\":[\"http:\\\/\\\/batai4u.lt\"]}]}<\/script>\n<!-- \/ Yoast SEO plugin. -->","yoast_head_json":{"title":"WEESTEP Tamsiai m\u0117lynos spalvos \u017eieminai termo batai 27-32d (Liko 31d) - Batai4u.lt","robots":{"index":"index","follow":"follow","max-snippet":"max-snippet:-1","max-image-preview":"max-image-preview:large","max-video-preview":"max-video-preview:-1"},"canonical":"https:\/\/batai4u.lt\/index.php\/product\/weestep-tamsiai-melynos-spalvos-zieminai-termo-batai-mergatems\/","og_locale":"en_US","og_type":"article","og_title":"WEESTEP Tamsiai m\u0117lynos spalvos \u017eieminai termo batai 27-32d (Liko 31d) - Batai4u.lt","og_description":"Weestep \u0160ilti \u017eieminai batukai termo med\u017eiagos. Neper\u0161lampami. Viduj naturali vilna pilnai visame batuke. Puo\u0161ti blizgiom detal\u0117m tamsiai m\u0117lynos spalvos batai. Turi rai\u0161telius plo\u010diui reguliuoti. Fasonas tinkamas ir putlesn\u0117m kojyt\u0117m. Vidp. permatavau ir sura\u0161iau. Dydi \u0161is modelis atitinka.","og_url":"https:\/\/batai4u.lt\/index.php\/product\/weestep-tamsiai-melynos-spalvos-zieminai-termo-batai-mergatems\/","og_site_name":"Batai4u.lt","article_modified_time":"2024-10-13T13:46:07+00:00","og_image":[{"width":1042,"height":1388,"url":"https:\/\/batai4u.lt\/wp-content\/uploads\/2021\/02\/1612531311676-tamsiai-m\u0117lini-termo-batukai.jpg","type":"image\/jpeg"}],"twitter_card":"summary_large_image","schema":{"@context":"https:\/\/schema.org","@graph":[{"@type":"WebPage","@id":"https:\/\/batai4u.lt\/index.php\/product\/weestep-tamsiai-melynos-spalvos-zieminai-termo-batai-mergatems\/","url":"https:\/\/batai4u.lt\/index.php\/product\/weestep-tamsiai-melynos-spalvos-zieminai-termo-batai-mergatems\/","name":"WEESTEP Tamsiai m\u0117lynos spalvos \u017eieminai termo batai 27-32d (Liko 31d) - Batai4u.lt","isPartOf":{"@id":"https:\/\/batai4u.lt\/#website"},"primaryImageOfPage":{"@id":"https:\/\/batai4u.lt\/index.php\/product\/weestep-tamsiai-melynos-spalvos-zieminai-termo-batai-mergatems\/#primaryimage"},"image":{"@id":"https:\/\/batai4u.lt\/index.php\/product\/weestep-tamsiai-melynos-spalvos-zieminai-termo-batai-mergatems\/#primaryimage"},"thumbnailUrl":"https:\/\/batai4u.lt\/wp-content\/uploads\/2021\/02\/1612531311676-tamsiai-m\u0117lini-termo-batukai.jpg","datePublished":"2021-10-05T17:26:53+00:00","dateModified":"2024-10-13T13:46:07+00:00","breadcrumb":{"@id":"https:\/\/batai4u.lt\/index.php\/product\/weestep-tamsiai-melynos-spalvos-zieminai-termo-batai-mergatems\/#breadcrumb"},"inLanguage":"en-US","potentialAction":[{"@type":"ReadAction","target":["https:\/\/batai4u.lt\/index.php\/product\/weestep-tamsiai-melynos-spalvos-zieminai-termo-batai-mergatems\/"]}]},{"@type":"ImageObject","inLanguage":"en-US","@id":"https:\/\/batai4u.lt\/index.php\/product\/weestep-tamsiai-melynos-spalvos-zieminai-termo-batai-mergatems\/#primaryimage","url":"https:\/\/batai4u.lt\/wp-content\/uploads\/2021\/02\/1612531311676-tamsiai-m\u0117lini-termo-batukai.jpg","contentUrl":"https:\/\/batai4u.lt\/wp-content\/uploads\/2021\/02\/1612531311676-tamsiai-m\u0117lini-termo-batukai.jpg","width":1042,"height":1388},{"@type":"BreadcrumbList","@id":"https:\/\/batai4u.lt\/index.php\/product\/weestep-tamsiai-melynos-spalvos-zieminai-termo-batai-mergatems\/#breadcrumb","itemListElement":[{"@type":"ListItem","position":1,"name":"Home","item":"https:\/\/batai4u.lt\/"},{"@type":"ListItem","position":2,"name":"Parduotuv\u0117","item":"https:\/\/batai4u.lt\/index.php\/shop\/"},{"@type":"ListItem","position":3,"name":"WEESTEP Tamsiai m\u0117lynos spalvos \u017eieminai termo batai 27-32d (Liko 31d)"}]},{"@type":"WebSite","@id":"https:\/\/batai4u.lt\/#website","url":"https:\/\/batai4u.lt\/","name":"Batai4u.lt","description":"batai vaikams ir ne tik","publisher":{"@id":"https:\/\/batai4u.lt\/#\/schema\/person\/8cc43a99285533a2c3e2c58a641f566a"},"potentialAction":[{"@type":"SearchAction","target":{"@type":"EntryPoint","urlTemplate":"https:\/\/batai4u.lt\/?s={search_term_string}"},"query-input":{"@type":"PropertyValueSpecification","valueRequired":true,"valueName":"search_term_string"}}],"inLanguage":"en-US"},{"@type":["Person","Organization"],"@id":"https:\/\/batai4u.lt\/#\/schema\/person\/8cc43a99285533a2c3e2c58a641f566a","name":"Erika Steponavi\u010dien\u0117","image":{"@type":"ImageObject","inLanguage":"en-US","@id":"https:\/\/secure.gravatar.com\/avatar\/de70a9d8a8fae7160f42990935bcabb5f827c9e01e111e0bcd4d408af9ba954c?s=96&d=mm&r=g","url":"https:\/\/secure.gravatar.com\/avatar\/de70a9d8a8fae7160f42990935bcabb5f827c9e01e111e0bcd4d408af9ba954c?s=96&d=mm&r=g","contentUrl":"https:\/\/secure.gravatar.com\/avatar\/de70a9d8a8fae7160f42990935bcabb5f827c9e01e111e0bcd4d408af9ba954c?s=96&d=mm&r=g","caption":"Erika Steponavi\u010dien\u0117"},"logo":{"@id":"https:\/\/secure.gravatar.com\/avatar\/de70a9d8a8fae7160f42990935bcabb5f827c9e01e111e0bcd4d408af9ba954c?s=96&d=mm&r=g"},"sameAs":["http:\/\/batai4u.lt"]}]}},"jetpack_sharing_enabled":true,"_links":{"self":[{"href":"https:\/\/batai4u.lt\/index.php\/wp-json\/wp\/v2\/product\/2542","targetHints":{"allow":["GET"]}}],"collection":[{"href":"https:\/\/batai4u.lt\/index.php\/wp-json\/wp\/v2\/product"}],"about":[{"href":"https:\/\/batai4u.lt\/index.php\/wp-json\/wp\/v2\/types\/product"}],"replies":[{"embeddable":true,"href":"https:\/\/batai4u.lt\/index.php\/wp-json\/wp\/v2\/comments?post=2542"}],"wp:featuredmedia":[{"embeddable":true,"href":"https:\/\/batai4u.lt\/index.php\/wp-json\/wp\/v2\/media\/1289"}],"wp:attachment":[{"href":"https:\/\/batai4u.lt\/index.php\/wp-json\/wp\/v2\/media?parent=2542"}],"wp:term":[{"taxonomy":"product_brand","embeddable":true,"href":"https:\/\/batai4u.lt\/index.php\/wp-json\/wp\/v2\/product_brand?post=2542"},{"taxonomy":"product_cat","embeddable":true,"href":"https:\/\/batai4u.lt\/index.php\/wp-json\/wp\/v2\/product_cat?post=2542"},{"taxonomy":"product_tag","embeddable":true,"href":"https:\/\/batai4u.lt\/index.php\/wp-json\/wp\/v2\/product_tag?post=2542"}],"curies":[{"name":"wp","href":"https:\/\/api.w.org\/{rel}","templated":true}]}}