{"id":2646,"date":"2021-11-05T12:31:35","date_gmt":"2021-11-05T12:31:35","guid":{"rendered":"https:\/\/batai4u.lt\/?post_type=product&#038;p=2646"},"modified":"2024-10-13T13:41:55","modified_gmt":"2024-10-13T13:41:55","slug":"weestep-zieminiai-pilkos-spalvos-termo-batasi-su-naturalia-vilna-berniukams","status":"publish","type":"product","link":"https:\/\/batai4u.lt\/index.php\/product\/weestep-zieminiai-pilkos-spalvos-termo-batasi-su-naturalia-vilna-berniukams\/","title":{"rendered":"WEESTEP \u017eieminiai pilkos spalvos termo batasi su nat\u016bralia vilna 22-26d (Liko 22d)"},"content":{"rendered":"<p>22d-14,7cm<\/p>\n<p>23d-15,4cm<\/p>\n<p>24d-16cm<\/p>\n<p>25d-16,7cm<\/p>\n<p>26d-17,3cm<\/p>\n","protected":false},"excerpt":{"rendered":"<p>WEESTEP \u017eieminiai termo batai su nat\u016bralia avies vilna.\u00a0 Auk\u0161tos kokyb\u0117s.\u00a0 Lengvas modeliukas, patys mink\u0161ti ir lankst\u016bs.\u00a0 Patogiai nusiima ir u\u017esideda. Su lipuku \u0161one<br \/>\nNeslystantis padas. Neper\u0161lampa, kojyt\u0117s visad \u0161iltos ir sausos. modelis didintas, \u017ei\u016br\u0117ti i\u0161matavimus<\/p>\n","protected":false},"featured_media":2653,"comment_status":"closed","ping_status":"closed","template":"","meta":[],"product_brand":[],"product_cat":[74],"product_tag":[86,114,83,115],"class_list":{"0":"post-2646","1":"product","2":"type-product","3":"status-publish","4":"has-post-thumbnail","6":"product_cat-berniukams-ziema","7":"product_tag-86","8":"product_tag-termo-batai","9":"product_tag-weestep","10":"product_tag-zieminiai","11":"futurio-has-gallery","13":"first","14":"instock","15":"shipping-taxable","16":"purchasable","17":"product-type-variable"},"yoast_head":"<!-- This site is optimized with the Yoast SEO plugin v27.5 - https:\/\/yoast.com\/product\/yoast-seo-wordpress\/ -->\n<title>WEESTEP \u017eieminiai pilkos spalvos termo batasi su nat\u016bralia vilna 22-26d (Liko 22d) - Batai4u.lt<\/title>\n<meta name=\"robots\" content=\"index, follow, max-snippet:-1, max-image-preview:large, max-video-preview:-1\" \/>\n<link rel=\"canonical\" href=\"https:\/\/batai4u.lt\/index.php\/product\/weestep-zieminiai-pilkos-spalvos-termo-batasi-su-naturalia-vilna-berniukams\/\" \/>\n<meta property=\"og:locale\" content=\"en_US\" \/>\n<meta property=\"og:type\" content=\"article\" \/>\n<meta property=\"og:title\" content=\"WEESTEP \u017eieminiai pilkos spalvos termo batasi su nat\u016bralia vilna 22-26d (Liko 22d) - Batai4u.lt\" \/>\n<meta property=\"og:description\" content=\"WEESTEP \u017eieminiai termo batai su nat\u016bralia avies vilna.\u00a0 Auk\u0161tos kokyb\u0117s.\u00a0 Lengvas modeliukas, patys mink\u0161ti ir lankst\u016bs.\u00a0 Patogiai nusiima ir u\u017esideda. Su lipuku \u0161one Neslystantis padas. Neper\u0161lampa, kojyt\u0117s visad \u0161iltos ir sausos. modelis didintas, \u017ei\u016br\u0117ti i\u0161matavimus\" \/>\n<meta property=\"og:url\" content=\"https:\/\/batai4u.lt\/index.php\/product\/weestep-zieminiai-pilkos-spalvos-termo-batasi-su-naturalia-vilna-berniukams\/\" \/>\n<meta property=\"og:site_name\" content=\"Batai4u.lt\" \/>\n<meta property=\"article:modified_time\" content=\"2024-10-13T13:41:55+00:00\" \/>\n<meta property=\"og:image\" content=\"https:\/\/batai4u.lt\/wp-content\/uploads\/2021\/11\/IMG_20211104_211740.jpg\" \/>\n\t<meta property=\"og:image:width\" content=\"1468\" \/>\n\t<meta property=\"og:image:height\" content=\"2035\" \/>\n\t<meta property=\"og:image:type\" content=\"image\/jpeg\" \/>\n<meta name=\"twitter:card\" content=\"summary_large_image\" \/>\n<script type=\"application\/ld+json\" class=\"yoast-schema-graph\">{\"@context\":\"https:\\\/\\\/schema.org\",\"@graph\":[{\"@type\":\"WebPage\",\"@id\":\"https:\\\/\\\/batai4u.lt\\\/index.php\\\/product\\\/weestep-zieminiai-pilkos-spalvos-termo-batasi-su-naturalia-vilna-berniukams\\\/\",\"url\":\"https:\\\/\\\/batai4u.lt\\\/index.php\\\/product\\\/weestep-zieminiai-pilkos-spalvos-termo-batasi-su-naturalia-vilna-berniukams\\\/\",\"name\":\"WEESTEP \u017eieminiai pilkos spalvos termo batasi su nat\u016bralia vilna 22-26d (Liko 22d) - Batai4u.lt\",\"isPartOf\":{\"@id\":\"https:\\\/\\\/batai4u.lt\\\/#website\"},\"primaryImageOfPage\":{\"@id\":\"https:\\\/\\\/batai4u.lt\\\/index.php\\\/product\\\/weestep-zieminiai-pilkos-spalvos-termo-batasi-su-naturalia-vilna-berniukams\\\/#primaryimage\"},\"image\":{\"@id\":\"https:\\\/\\\/batai4u.lt\\\/index.php\\\/product\\\/weestep-zieminiai-pilkos-spalvos-termo-batasi-su-naturalia-vilna-berniukams\\\/#primaryimage\"},\"thumbnailUrl\":\"https:\\\/\\\/batai4u.lt\\\/wp-content\\\/uploads\\\/2021\\\/11\\\/IMG_20211104_211740.jpg\",\"datePublished\":\"2021-11-05T12:31:35+00:00\",\"dateModified\":\"2024-10-13T13:41:55+00:00\",\"breadcrumb\":{\"@id\":\"https:\\\/\\\/batai4u.lt\\\/index.php\\\/product\\\/weestep-zieminiai-pilkos-spalvos-termo-batasi-su-naturalia-vilna-berniukams\\\/#breadcrumb\"},\"inLanguage\":\"en-US\",\"potentialAction\":[{\"@type\":\"ReadAction\",\"target\":[\"https:\\\/\\\/batai4u.lt\\\/index.php\\\/product\\\/weestep-zieminiai-pilkos-spalvos-termo-batasi-su-naturalia-vilna-berniukams\\\/\"]}]},{\"@type\":\"ImageObject\",\"inLanguage\":\"en-US\",\"@id\":\"https:\\\/\\\/batai4u.lt\\\/index.php\\\/product\\\/weestep-zieminiai-pilkos-spalvos-termo-batasi-su-naturalia-vilna-berniukams\\\/#primaryimage\",\"url\":\"https:\\\/\\\/batai4u.lt\\\/wp-content\\\/uploads\\\/2021\\\/11\\\/IMG_20211104_211740.jpg\",\"contentUrl\":\"https:\\\/\\\/batai4u.lt\\\/wp-content\\\/uploads\\\/2021\\\/11\\\/IMG_20211104_211740.jpg\",\"width\":1468,\"height\":2035},{\"@type\":\"BreadcrumbList\",\"@id\":\"https:\\\/\\\/batai4u.lt\\\/index.php\\\/product\\\/weestep-zieminiai-pilkos-spalvos-termo-batasi-su-naturalia-vilna-berniukams\\\/#breadcrumb\",\"itemListElement\":[{\"@type\":\"ListItem\",\"position\":1,\"name\":\"Home\",\"item\":\"https:\\\/\\\/batai4u.lt\\\/\"},{\"@type\":\"ListItem\",\"position\":2,\"name\":\"Parduotuv\u0117\",\"item\":\"https:\\\/\\\/batai4u.lt\\\/index.php\\\/shop\\\/\"},{\"@type\":\"ListItem\",\"position\":3,\"name\":\"WEESTEP \u017eieminiai pilkos spalvos termo batasi su nat\u016bralia vilna 22-26d (Liko 22d)\"}]},{\"@type\":\"WebSite\",\"@id\":\"https:\\\/\\\/batai4u.lt\\\/#website\",\"url\":\"https:\\\/\\\/batai4u.lt\\\/\",\"name\":\"Batai4u.lt\",\"description\":\"batai vaikams ir ne tik\",\"publisher\":{\"@id\":\"https:\\\/\\\/batai4u.lt\\\/#\\\/schema\\\/person\\\/8cc43a99285533a2c3e2c58a641f566a\"},\"potentialAction\":[{\"@type\":\"SearchAction\",\"target\":{\"@type\":\"EntryPoint\",\"urlTemplate\":\"https:\\\/\\\/batai4u.lt\\\/?s={search_term_string}\"},\"query-input\":{\"@type\":\"PropertyValueSpecification\",\"valueRequired\":true,\"valueName\":\"search_term_string\"}}],\"inLanguage\":\"en-US\"},{\"@type\":[\"Person\",\"Organization\"],\"@id\":\"https:\\\/\\\/batai4u.lt\\\/#\\\/schema\\\/person\\\/8cc43a99285533a2c3e2c58a641f566a\",\"name\":\"Erika Steponavi\u010dien\u0117\",\"image\":{\"@type\":\"ImageObject\",\"inLanguage\":\"en-US\",\"@id\":\"https:\\\/\\\/secure.gravatar.com\\\/avatar\\\/de70a9d8a8fae7160f42990935bcabb5f827c9e01e111e0bcd4d408af9ba954c?s=96&d=mm&r=g\",\"url\":\"https:\\\/\\\/secure.gravatar.com\\\/avatar\\\/de70a9d8a8fae7160f42990935bcabb5f827c9e01e111e0bcd4d408af9ba954c?s=96&d=mm&r=g\",\"contentUrl\":\"https:\\\/\\\/secure.gravatar.com\\\/avatar\\\/de70a9d8a8fae7160f42990935bcabb5f827c9e01e111e0bcd4d408af9ba954c?s=96&d=mm&r=g\",\"caption\":\"Erika Steponavi\u010dien\u0117\"},\"logo\":{\"@id\":\"https:\\\/\\\/secure.gravatar.com\\\/avatar\\\/de70a9d8a8fae7160f42990935bcabb5f827c9e01e111e0bcd4d408af9ba954c?s=96&d=mm&r=g\"},\"sameAs\":[\"http:\\\/\\\/batai4u.lt\"]}]}<\/script>\n<!-- \/ Yoast SEO plugin. -->","yoast_head_json":{"title":"WEESTEP \u017eieminiai pilkos spalvos termo batasi su nat\u016bralia vilna 22-26d (Liko 22d) - Batai4u.lt","robots":{"index":"index","follow":"follow","max-snippet":"max-snippet:-1","max-image-preview":"max-image-preview:large","max-video-preview":"max-video-preview:-1"},"canonical":"https:\/\/batai4u.lt\/index.php\/product\/weestep-zieminiai-pilkos-spalvos-termo-batasi-su-naturalia-vilna-berniukams\/","og_locale":"en_US","og_type":"article","og_title":"WEESTEP \u017eieminiai pilkos spalvos termo batasi su nat\u016bralia vilna 22-26d (Liko 22d) - Batai4u.lt","og_description":"WEESTEP \u017eieminiai termo batai su nat\u016bralia avies vilna.\u00a0 Auk\u0161tos kokyb\u0117s.\u00a0 Lengvas modeliukas, patys mink\u0161ti ir lankst\u016bs.\u00a0 Patogiai nusiima ir u\u017esideda. Su lipuku \u0161one Neslystantis padas. Neper\u0161lampa, kojyt\u0117s visad \u0161iltos ir sausos. modelis didintas, \u017ei\u016br\u0117ti i\u0161matavimus","og_url":"https:\/\/batai4u.lt\/index.php\/product\/weestep-zieminiai-pilkos-spalvos-termo-batasi-su-naturalia-vilna-berniukams\/","og_site_name":"Batai4u.lt","article_modified_time":"2024-10-13T13:41:55+00:00","og_image":[{"width":1468,"height":2035,"url":"https:\/\/batai4u.lt\/wp-content\/uploads\/2021\/11\/IMG_20211104_211740.jpg","type":"image\/jpeg"}],"twitter_card":"summary_large_image","schema":{"@context":"https:\/\/schema.org","@graph":[{"@type":"WebPage","@id":"https:\/\/batai4u.lt\/index.php\/product\/weestep-zieminiai-pilkos-spalvos-termo-batasi-su-naturalia-vilna-berniukams\/","url":"https:\/\/batai4u.lt\/index.php\/product\/weestep-zieminiai-pilkos-spalvos-termo-batasi-su-naturalia-vilna-berniukams\/","name":"WEESTEP \u017eieminiai pilkos spalvos termo batasi su nat\u016bralia vilna 22-26d (Liko 22d) - Batai4u.lt","isPartOf":{"@id":"https:\/\/batai4u.lt\/#website"},"primaryImageOfPage":{"@id":"https:\/\/batai4u.lt\/index.php\/product\/weestep-zieminiai-pilkos-spalvos-termo-batasi-su-naturalia-vilna-berniukams\/#primaryimage"},"image":{"@id":"https:\/\/batai4u.lt\/index.php\/product\/weestep-zieminiai-pilkos-spalvos-termo-batasi-su-naturalia-vilna-berniukams\/#primaryimage"},"thumbnailUrl":"https:\/\/batai4u.lt\/wp-content\/uploads\/2021\/11\/IMG_20211104_211740.jpg","datePublished":"2021-11-05T12:31:35+00:00","dateModified":"2024-10-13T13:41:55+00:00","breadcrumb":{"@id":"https:\/\/batai4u.lt\/index.php\/product\/weestep-zieminiai-pilkos-spalvos-termo-batasi-su-naturalia-vilna-berniukams\/#breadcrumb"},"inLanguage":"en-US","potentialAction":[{"@type":"ReadAction","target":["https:\/\/batai4u.lt\/index.php\/product\/weestep-zieminiai-pilkos-spalvos-termo-batasi-su-naturalia-vilna-berniukams\/"]}]},{"@type":"ImageObject","inLanguage":"en-US","@id":"https:\/\/batai4u.lt\/index.php\/product\/weestep-zieminiai-pilkos-spalvos-termo-batasi-su-naturalia-vilna-berniukams\/#primaryimage","url":"https:\/\/batai4u.lt\/wp-content\/uploads\/2021\/11\/IMG_20211104_211740.jpg","contentUrl":"https:\/\/batai4u.lt\/wp-content\/uploads\/2021\/11\/IMG_20211104_211740.jpg","width":1468,"height":2035},{"@type":"BreadcrumbList","@id":"https:\/\/batai4u.lt\/index.php\/product\/weestep-zieminiai-pilkos-spalvos-termo-batasi-su-naturalia-vilna-berniukams\/#breadcrumb","itemListElement":[{"@type":"ListItem","position":1,"name":"Home","item":"https:\/\/batai4u.lt\/"},{"@type":"ListItem","position":2,"name":"Parduotuv\u0117","item":"https:\/\/batai4u.lt\/index.php\/shop\/"},{"@type":"ListItem","position":3,"name":"WEESTEP \u017eieminiai pilkos spalvos termo batasi su nat\u016bralia vilna 22-26d (Liko 22d)"}]},{"@type":"WebSite","@id":"https:\/\/batai4u.lt\/#website","url":"https:\/\/batai4u.lt\/","name":"Batai4u.lt","description":"batai vaikams ir ne tik","publisher":{"@id":"https:\/\/batai4u.lt\/#\/schema\/person\/8cc43a99285533a2c3e2c58a641f566a"},"potentialAction":[{"@type":"SearchAction","target":{"@type":"EntryPoint","urlTemplate":"https:\/\/batai4u.lt\/?s={search_term_string}"},"query-input":{"@type":"PropertyValueSpecification","valueRequired":true,"valueName":"search_term_string"}}],"inLanguage":"en-US"},{"@type":["Person","Organization"],"@id":"https:\/\/batai4u.lt\/#\/schema\/person\/8cc43a99285533a2c3e2c58a641f566a","name":"Erika Steponavi\u010dien\u0117","image":{"@type":"ImageObject","inLanguage":"en-US","@id":"https:\/\/secure.gravatar.com\/avatar\/de70a9d8a8fae7160f42990935bcabb5f827c9e01e111e0bcd4d408af9ba954c?s=96&d=mm&r=g","url":"https:\/\/secure.gravatar.com\/avatar\/de70a9d8a8fae7160f42990935bcabb5f827c9e01e111e0bcd4d408af9ba954c?s=96&d=mm&r=g","contentUrl":"https:\/\/secure.gravatar.com\/avatar\/de70a9d8a8fae7160f42990935bcabb5f827c9e01e111e0bcd4d408af9ba954c?s=96&d=mm&r=g","caption":"Erika Steponavi\u010dien\u0117"},"logo":{"@id":"https:\/\/secure.gravatar.com\/avatar\/de70a9d8a8fae7160f42990935bcabb5f827c9e01e111e0bcd4d408af9ba954c?s=96&d=mm&r=g"},"sameAs":["http:\/\/batai4u.lt"]}]}},"jetpack_sharing_enabled":true,"_links":{"self":[{"href":"https:\/\/batai4u.lt\/index.php\/wp-json\/wp\/v2\/product\/2646","targetHints":{"allow":["GET"]}}],"collection":[{"href":"https:\/\/batai4u.lt\/index.php\/wp-json\/wp\/v2\/product"}],"about":[{"href":"https:\/\/batai4u.lt\/index.php\/wp-json\/wp\/v2\/types\/product"}],"replies":[{"embeddable":true,"href":"https:\/\/batai4u.lt\/index.php\/wp-json\/wp\/v2\/comments?post=2646"}],"wp:featuredmedia":[{"embeddable":true,"href":"https:\/\/batai4u.lt\/index.php\/wp-json\/wp\/v2\/media\/2653"}],"wp:attachment":[{"href":"https:\/\/batai4u.lt\/index.php\/wp-json\/wp\/v2\/media?parent=2646"}],"wp:term":[{"taxonomy":"product_brand","embeddable":true,"href":"https:\/\/batai4u.lt\/index.php\/wp-json\/wp\/v2\/product_brand?post=2646"},{"taxonomy":"product_cat","embeddable":true,"href":"https:\/\/batai4u.lt\/index.php\/wp-json\/wp\/v2\/product_cat?post=2646"},{"taxonomy":"product_tag","embeddable":true,"href":"https:\/\/batai4u.lt\/index.php\/wp-json\/wp\/v2\/product_tag?post=2646"}],"curies":[{"name":"wp","href":"https:\/\/api.w.org\/{rel}","templated":true}]}}