{"id":2665,"date":"2021-11-05T12:45:54","date_gmt":"2021-11-05T12:45:54","guid":{"rendered":"https:\/\/batai4u.lt\/?post_type=product&#038;p=2665"},"modified":"2024-10-13T14:53:31","modified_gmt":"2024-10-13T14:53:31","slug":"weestep-zieminiai-sviesios-spalvos-su-roziniais-taskeliais-termo-batai-su-naturalia-vilna-mergaitems","status":"publish","type":"product","link":"https:\/\/batai4u.lt\/index.php\/product\/weestep-zieminiai-sviesios-spalvos-su-roziniais-taskeliais-termo-batai-su-naturalia-vilna-mergaitems\/","title":{"rendered":"WEESTEP \u017eieminiai  termo batai su nat\u016bralia vilna 22-26d (Liko 24d)"},"content":{"rendered":"<ol>\n<li>22d-14cm<\/li>\n<\/ol>\n<p>23d-14,7cm<\/p>\n<p>24d-15,5cm<\/p>\n<p>25d-16,1cm<\/p>\n<p>26d-16,7cm<\/p>\n","protected":false},"excerpt":{"rendered":"<ol>\n<li>WEESTEP \u017eieminiai termo batai su nat\u016bralia avies vilna.\u00a0 Auk\u0161tos kokyb\u0117s.\u00a0 Lengvas modeliukas, patys mink\u0161ti ir lankst\u016bs.\u00a0 Patogiai nusiima ir u\u017esideda. Su lipuku \u0161one<br \/>\nNeslystantis padas. Neper\u0161lampa, kojyt\u0117s visad \u0161iltos ir sausos.<\/li>\n<\/ol>\n","protected":false},"featured_media":2671,"comment_status":"closed","ping_status":"closed","template":"","meta":[],"product_brand":[],"product_cat":[75],"product_tag":[88,114,83,115],"class_list":{"0":"post-2665","1":"product","2":"type-product","3":"status-publish","4":"has-post-thumbnail","6":"product_cat-mergaitems-ziema","7":"product_tag-88","8":"product_tag-termo-batai","9":"product_tag-weestep","10":"product_tag-zieminiai","11":"futurio-has-gallery","13":"first","14":"instock","15":"shipping-taxable","16":"purchasable","17":"product-type-variable"},"yoast_head":"<!-- This site is optimized with the Yoast SEO plugin v27.5 - https:\/\/yoast.com\/product\/yoast-seo-wordpress\/ -->\n<title>WEESTEP \u017eieminiai termo batai su nat\u016bralia vilna 22-26d (Liko 24d) - Batai4u.lt<\/title>\n<meta name=\"robots\" content=\"index, follow, max-snippet:-1, max-image-preview:large, max-video-preview:-1\" \/>\n<link rel=\"canonical\" href=\"https:\/\/batai4u.lt\/index.php\/product\/weestep-zieminiai-sviesios-spalvos-su-roziniais-taskeliais-termo-batai-su-naturalia-vilna-mergaitems\/\" \/>\n<meta property=\"og:locale\" content=\"en_US\" \/>\n<meta property=\"og:type\" content=\"article\" \/>\n<meta property=\"og:title\" content=\"WEESTEP \u017eieminiai termo batai su nat\u016bralia vilna 22-26d (Liko 24d) - Batai4u.lt\" \/>\n<meta property=\"og:description\" content=\"WEESTEP \u017eieminiai termo batai su nat\u016bralia avies vilna.\u00a0 Auk\u0161tos kokyb\u0117s.\u00a0 Lengvas modeliukas, patys mink\u0161ti ir lankst\u016bs.\u00a0 Patogiai nusiima ir u\u017esideda. Su lipuku \u0161one Neslystantis padas. Neper\u0161lampa, kojyt\u0117s visad \u0161iltos ir sausos.\" \/>\n<meta property=\"og:url\" content=\"https:\/\/batai4u.lt\/index.php\/product\/weestep-zieminiai-sviesios-spalvos-su-roziniais-taskeliais-termo-batai-su-naturalia-vilna-mergaitems\/\" \/>\n<meta property=\"og:site_name\" content=\"Batai4u.lt\" \/>\n<meta property=\"article:modified_time\" content=\"2024-10-13T14:53:31+00:00\" \/>\n<meta property=\"og:image\" content=\"https:\/\/batai4u.lt\/wp-content\/uploads\/2021\/11\/IMG_20211104_210543-scaled.jpg\" \/>\n\t<meta property=\"og:image:width\" content=\"1245\" \/>\n\t<meta property=\"og:image:height\" content=\"2560\" \/>\n\t<meta property=\"og:image:type\" content=\"image\/jpeg\" \/>\n<meta name=\"twitter:card\" content=\"summary_large_image\" \/>\n<script type=\"application\/ld+json\" class=\"yoast-schema-graph\">{\"@context\":\"https:\\\/\\\/schema.org\",\"@graph\":[{\"@type\":\"WebPage\",\"@id\":\"https:\\\/\\\/batai4u.lt\\\/index.php\\\/product\\\/weestep-zieminiai-sviesios-spalvos-su-roziniais-taskeliais-termo-batai-su-naturalia-vilna-mergaitems\\\/\",\"url\":\"https:\\\/\\\/batai4u.lt\\\/index.php\\\/product\\\/weestep-zieminiai-sviesios-spalvos-su-roziniais-taskeliais-termo-batai-su-naturalia-vilna-mergaitems\\\/\",\"name\":\"WEESTEP \u017eieminiai termo batai su nat\u016bralia vilna 22-26d (Liko 24d) - Batai4u.lt\",\"isPartOf\":{\"@id\":\"https:\\\/\\\/batai4u.lt\\\/#website\"},\"primaryImageOfPage\":{\"@id\":\"https:\\\/\\\/batai4u.lt\\\/index.php\\\/product\\\/weestep-zieminiai-sviesios-spalvos-su-roziniais-taskeliais-termo-batai-su-naturalia-vilna-mergaitems\\\/#primaryimage\"},\"image\":{\"@id\":\"https:\\\/\\\/batai4u.lt\\\/index.php\\\/product\\\/weestep-zieminiai-sviesios-spalvos-su-roziniais-taskeliais-termo-batai-su-naturalia-vilna-mergaitems\\\/#primaryimage\"},\"thumbnailUrl\":\"https:\\\/\\\/batai4u.lt\\\/wp-content\\\/uploads\\\/2021\\\/11\\\/IMG_20211104_210543-scaled.jpg\",\"datePublished\":\"2021-11-05T12:45:54+00:00\",\"dateModified\":\"2024-10-13T14:53:31+00:00\",\"breadcrumb\":{\"@id\":\"https:\\\/\\\/batai4u.lt\\\/index.php\\\/product\\\/weestep-zieminiai-sviesios-spalvos-su-roziniais-taskeliais-termo-batai-su-naturalia-vilna-mergaitems\\\/#breadcrumb\"},\"inLanguage\":\"en-US\",\"potentialAction\":[{\"@type\":\"ReadAction\",\"target\":[\"https:\\\/\\\/batai4u.lt\\\/index.php\\\/product\\\/weestep-zieminiai-sviesios-spalvos-su-roziniais-taskeliais-termo-batai-su-naturalia-vilna-mergaitems\\\/\"]}]},{\"@type\":\"ImageObject\",\"inLanguage\":\"en-US\",\"@id\":\"https:\\\/\\\/batai4u.lt\\\/index.php\\\/product\\\/weestep-zieminiai-sviesios-spalvos-su-roziniais-taskeliais-termo-batai-su-naturalia-vilna-mergaitems\\\/#primaryimage\",\"url\":\"https:\\\/\\\/batai4u.lt\\\/wp-content\\\/uploads\\\/2021\\\/11\\\/IMG_20211104_210543-scaled.jpg\",\"contentUrl\":\"https:\\\/\\\/batai4u.lt\\\/wp-content\\\/uploads\\\/2021\\\/11\\\/IMG_20211104_210543-scaled.jpg\",\"width\":1245,\"height\":2560},{\"@type\":\"BreadcrumbList\",\"@id\":\"https:\\\/\\\/batai4u.lt\\\/index.php\\\/product\\\/weestep-zieminiai-sviesios-spalvos-su-roziniais-taskeliais-termo-batai-su-naturalia-vilna-mergaitems\\\/#breadcrumb\",\"itemListElement\":[{\"@type\":\"ListItem\",\"position\":1,\"name\":\"Home\",\"item\":\"https:\\\/\\\/batai4u.lt\\\/\"},{\"@type\":\"ListItem\",\"position\":2,\"name\":\"Parduotuv\u0117\",\"item\":\"https:\\\/\\\/batai4u.lt\\\/index.php\\\/shop\\\/\"},{\"@type\":\"ListItem\",\"position\":3,\"name\":\"WEESTEP \u017eieminiai termo batai su nat\u016bralia vilna 22-26d (Liko 24d)\"}]},{\"@type\":\"WebSite\",\"@id\":\"https:\\\/\\\/batai4u.lt\\\/#website\",\"url\":\"https:\\\/\\\/batai4u.lt\\\/\",\"name\":\"Batai4u.lt\",\"description\":\"batai vaikams ir ne tik\",\"publisher\":{\"@id\":\"https:\\\/\\\/batai4u.lt\\\/#\\\/schema\\\/person\\\/8cc43a99285533a2c3e2c58a641f566a\"},\"potentialAction\":[{\"@type\":\"SearchAction\",\"target\":{\"@type\":\"EntryPoint\",\"urlTemplate\":\"https:\\\/\\\/batai4u.lt\\\/?s={search_term_string}\"},\"query-input\":{\"@type\":\"PropertyValueSpecification\",\"valueRequired\":true,\"valueName\":\"search_term_string\"}}],\"inLanguage\":\"en-US\"},{\"@type\":[\"Person\",\"Organization\"],\"@id\":\"https:\\\/\\\/batai4u.lt\\\/#\\\/schema\\\/person\\\/8cc43a99285533a2c3e2c58a641f566a\",\"name\":\"Erika Steponavi\u010dien\u0117\",\"image\":{\"@type\":\"ImageObject\",\"inLanguage\":\"en-US\",\"@id\":\"https:\\\/\\\/secure.gravatar.com\\\/avatar\\\/de70a9d8a8fae7160f42990935bcabb5f827c9e01e111e0bcd4d408af9ba954c?s=96&d=mm&r=g\",\"url\":\"https:\\\/\\\/secure.gravatar.com\\\/avatar\\\/de70a9d8a8fae7160f42990935bcabb5f827c9e01e111e0bcd4d408af9ba954c?s=96&d=mm&r=g\",\"contentUrl\":\"https:\\\/\\\/secure.gravatar.com\\\/avatar\\\/de70a9d8a8fae7160f42990935bcabb5f827c9e01e111e0bcd4d408af9ba954c?s=96&d=mm&r=g\",\"caption\":\"Erika Steponavi\u010dien\u0117\"},\"logo\":{\"@id\":\"https:\\\/\\\/secure.gravatar.com\\\/avatar\\\/de70a9d8a8fae7160f42990935bcabb5f827c9e01e111e0bcd4d408af9ba954c?s=96&d=mm&r=g\"},\"sameAs\":[\"http:\\\/\\\/batai4u.lt\"]}]}<\/script>\n<!-- \/ Yoast SEO plugin. -->","yoast_head_json":{"title":"WEESTEP \u017eieminiai termo batai su nat\u016bralia vilna 22-26d (Liko 24d) - Batai4u.lt","robots":{"index":"index","follow":"follow","max-snippet":"max-snippet:-1","max-image-preview":"max-image-preview:large","max-video-preview":"max-video-preview:-1"},"canonical":"https:\/\/batai4u.lt\/index.php\/product\/weestep-zieminiai-sviesios-spalvos-su-roziniais-taskeliais-termo-batai-su-naturalia-vilna-mergaitems\/","og_locale":"en_US","og_type":"article","og_title":"WEESTEP \u017eieminiai termo batai su nat\u016bralia vilna 22-26d (Liko 24d) - Batai4u.lt","og_description":"WEESTEP \u017eieminiai termo batai su nat\u016bralia avies vilna.\u00a0 Auk\u0161tos kokyb\u0117s.\u00a0 Lengvas modeliukas, patys mink\u0161ti ir lankst\u016bs.\u00a0 Patogiai nusiima ir u\u017esideda. Su lipuku \u0161one Neslystantis padas. Neper\u0161lampa, kojyt\u0117s visad \u0161iltos ir sausos.","og_url":"https:\/\/batai4u.lt\/index.php\/product\/weestep-zieminiai-sviesios-spalvos-su-roziniais-taskeliais-termo-batai-su-naturalia-vilna-mergaitems\/","og_site_name":"Batai4u.lt","article_modified_time":"2024-10-13T14:53:31+00:00","og_image":[{"width":1245,"height":2560,"url":"https:\/\/batai4u.lt\/wp-content\/uploads\/2021\/11\/IMG_20211104_210543-scaled.jpg","type":"image\/jpeg"}],"twitter_card":"summary_large_image","schema":{"@context":"https:\/\/schema.org","@graph":[{"@type":"WebPage","@id":"https:\/\/batai4u.lt\/index.php\/product\/weestep-zieminiai-sviesios-spalvos-su-roziniais-taskeliais-termo-batai-su-naturalia-vilna-mergaitems\/","url":"https:\/\/batai4u.lt\/index.php\/product\/weestep-zieminiai-sviesios-spalvos-su-roziniais-taskeliais-termo-batai-su-naturalia-vilna-mergaitems\/","name":"WEESTEP \u017eieminiai termo batai su nat\u016bralia vilna 22-26d (Liko 24d) - Batai4u.lt","isPartOf":{"@id":"https:\/\/batai4u.lt\/#website"},"primaryImageOfPage":{"@id":"https:\/\/batai4u.lt\/index.php\/product\/weestep-zieminiai-sviesios-spalvos-su-roziniais-taskeliais-termo-batai-su-naturalia-vilna-mergaitems\/#primaryimage"},"image":{"@id":"https:\/\/batai4u.lt\/index.php\/product\/weestep-zieminiai-sviesios-spalvos-su-roziniais-taskeliais-termo-batai-su-naturalia-vilna-mergaitems\/#primaryimage"},"thumbnailUrl":"https:\/\/batai4u.lt\/wp-content\/uploads\/2021\/11\/IMG_20211104_210543-scaled.jpg","datePublished":"2021-11-05T12:45:54+00:00","dateModified":"2024-10-13T14:53:31+00:00","breadcrumb":{"@id":"https:\/\/batai4u.lt\/index.php\/product\/weestep-zieminiai-sviesios-spalvos-su-roziniais-taskeliais-termo-batai-su-naturalia-vilna-mergaitems\/#breadcrumb"},"inLanguage":"en-US","potentialAction":[{"@type":"ReadAction","target":["https:\/\/batai4u.lt\/index.php\/product\/weestep-zieminiai-sviesios-spalvos-su-roziniais-taskeliais-termo-batai-su-naturalia-vilna-mergaitems\/"]}]},{"@type":"ImageObject","inLanguage":"en-US","@id":"https:\/\/batai4u.lt\/index.php\/product\/weestep-zieminiai-sviesios-spalvos-su-roziniais-taskeliais-termo-batai-su-naturalia-vilna-mergaitems\/#primaryimage","url":"https:\/\/batai4u.lt\/wp-content\/uploads\/2021\/11\/IMG_20211104_210543-scaled.jpg","contentUrl":"https:\/\/batai4u.lt\/wp-content\/uploads\/2021\/11\/IMG_20211104_210543-scaled.jpg","width":1245,"height":2560},{"@type":"BreadcrumbList","@id":"https:\/\/batai4u.lt\/index.php\/product\/weestep-zieminiai-sviesios-spalvos-su-roziniais-taskeliais-termo-batai-su-naturalia-vilna-mergaitems\/#breadcrumb","itemListElement":[{"@type":"ListItem","position":1,"name":"Home","item":"https:\/\/batai4u.lt\/"},{"@type":"ListItem","position":2,"name":"Parduotuv\u0117","item":"https:\/\/batai4u.lt\/index.php\/shop\/"},{"@type":"ListItem","position":3,"name":"WEESTEP \u017eieminiai termo batai su nat\u016bralia vilna 22-26d (Liko 24d)"}]},{"@type":"WebSite","@id":"https:\/\/batai4u.lt\/#website","url":"https:\/\/batai4u.lt\/","name":"Batai4u.lt","description":"batai vaikams ir ne tik","publisher":{"@id":"https:\/\/batai4u.lt\/#\/schema\/person\/8cc43a99285533a2c3e2c58a641f566a"},"potentialAction":[{"@type":"SearchAction","target":{"@type":"EntryPoint","urlTemplate":"https:\/\/batai4u.lt\/?s={search_term_string}"},"query-input":{"@type":"PropertyValueSpecification","valueRequired":true,"valueName":"search_term_string"}}],"inLanguage":"en-US"},{"@type":["Person","Organization"],"@id":"https:\/\/batai4u.lt\/#\/schema\/person\/8cc43a99285533a2c3e2c58a641f566a","name":"Erika Steponavi\u010dien\u0117","image":{"@type":"ImageObject","inLanguage":"en-US","@id":"https:\/\/secure.gravatar.com\/avatar\/de70a9d8a8fae7160f42990935bcabb5f827c9e01e111e0bcd4d408af9ba954c?s=96&d=mm&r=g","url":"https:\/\/secure.gravatar.com\/avatar\/de70a9d8a8fae7160f42990935bcabb5f827c9e01e111e0bcd4d408af9ba954c?s=96&d=mm&r=g","contentUrl":"https:\/\/secure.gravatar.com\/avatar\/de70a9d8a8fae7160f42990935bcabb5f827c9e01e111e0bcd4d408af9ba954c?s=96&d=mm&r=g","caption":"Erika Steponavi\u010dien\u0117"},"logo":{"@id":"https:\/\/secure.gravatar.com\/avatar\/de70a9d8a8fae7160f42990935bcabb5f827c9e01e111e0bcd4d408af9ba954c?s=96&d=mm&r=g"},"sameAs":["http:\/\/batai4u.lt"]}]}},"jetpack_sharing_enabled":true,"_links":{"self":[{"href":"https:\/\/batai4u.lt\/index.php\/wp-json\/wp\/v2\/product\/2665","targetHints":{"allow":["GET"]}}],"collection":[{"href":"https:\/\/batai4u.lt\/index.php\/wp-json\/wp\/v2\/product"}],"about":[{"href":"https:\/\/batai4u.lt\/index.php\/wp-json\/wp\/v2\/types\/product"}],"replies":[{"embeddable":true,"href":"https:\/\/batai4u.lt\/index.php\/wp-json\/wp\/v2\/comments?post=2665"}],"wp:featuredmedia":[{"embeddable":true,"href":"https:\/\/batai4u.lt\/index.php\/wp-json\/wp\/v2\/media\/2671"}],"wp:attachment":[{"href":"https:\/\/batai4u.lt\/index.php\/wp-json\/wp\/v2\/media?parent=2665"}],"wp:term":[{"taxonomy":"product_brand","embeddable":true,"href":"https:\/\/batai4u.lt\/index.php\/wp-json\/wp\/v2\/product_brand?post=2665"},{"taxonomy":"product_cat","embeddable":true,"href":"https:\/\/batai4u.lt\/index.php\/wp-json\/wp\/v2\/product_cat?post=2665"},{"taxonomy":"product_tag","embeddable":true,"href":"https:\/\/batai4u.lt\/index.php\/wp-json\/wp\/v2\/product_tag?post=2665"}],"curies":[{"name":"wp","href":"https:\/\/api.w.org\/{rel}","templated":true}]}}