{"id":2879,"date":"2022-01-04T15:41:56","date_gmt":"2022-01-04T15:41:56","guid":{"rendered":"https:\/\/batai4u.lt\/?post_type=product&#038;p=2879"},"modified":"2024-10-08T15:05:48","modified_gmt":"2024-10-08T15:05:48","slug":"weestep-juodos-spalvos-termo-batai-su-vilna-unisex","status":"publish","type":"product","link":"https:\/\/batai4u.lt\/index.php\/product\/weestep-juodos-spalvos-termo-batai-su-vilna-unisex\/","title":{"rendered":"R559655831 WEESTEP juodos spalvos termo batai su vilna UNISEX 32-36D"},"content":{"rendered":"<p>Vidpad\u017eio ilgis<\/p>\n<ul>\n<li>32d-21cm<\/li>\n<li>33d.-21.5cm<\/li>\n<li>34d.-22,2.cm<\/li>\n<li>35d.-22,8cm<\/li>\n<li>36d.-23.6cm<\/li>\n<li>37d.-24.cm<\/li>\n<\/ul>\n","protected":false},"excerpt":{"rendered":"<ol>\n<li>WEESTEP Batai labai \u0161ilti . Termo med\u017eiagos, NEPER\u0160LAMPAMI. Padas neslysta. Viduj nat\u016brali VILNA visame bate. Patogiai u\u017esisega lipuku, lie\u017euv\u0117lis su apsaugom nuo sniego. Patog\u016bs ir lenvi. Su at\u0161vaitu. Modelis niautralus ,tinka ir berniukams ir mergait\u0117ms.<\/li>\n<\/ol>\n","protected":false},"featured_media":2887,"comment_status":"closed","ping_status":"closed","template":"","meta":[],"product_brand":[],"product_cat":[74,63,75],"product_tag":[95,100,102,114,83,115],"class_list":{"0":"post-2879","1":"product","2":"type-product","3":"status-publish","4":"has-post-thumbnail","6":"product_cat-berniukams-ziema","7":"product_cat-vaikinam-merginom-batai","8":"product_cat-mergaitems-ziema","9":"product_tag-95","10":"product_tag-100","11":"product_tag-102","12":"product_tag-termo-batai","13":"product_tag-weestep","14":"product_tag-zieminiai","15":"futurio-has-gallery","17":"first","18":"instock","19":"shipping-taxable","20":"purchasable","21":"product-type-variable"},"yoast_head":"<!-- This site is optimized with the Yoast SEO plugin v27.3 - https:\/\/yoast.com\/product\/yoast-seo-wordpress\/ -->\n<title>R559655831 WEESTEP juodos spalvos termo batai su vilna UNISEX 32-36D - Batai4u.lt<\/title>\n<meta name=\"robots\" content=\"index, follow, max-snippet:-1, max-image-preview:large, max-video-preview:-1\" \/>\n<link rel=\"canonical\" href=\"https:\/\/batai4u.lt\/index.php\/product\/weestep-juodos-spalvos-termo-batai-su-vilna-unisex\/\" \/>\n<meta property=\"og:locale\" content=\"en_US\" \/>\n<meta property=\"og:type\" content=\"article\" \/>\n<meta property=\"og:title\" content=\"R559655831 WEESTEP juodos spalvos termo batai su vilna UNISEX 32-36D - Batai4u.lt\" \/>\n<meta property=\"og:description\" content=\"WEESTEP Batai labai \u0161ilti . Termo med\u017eiagos, NEPER\u0160LAMPAMI. Padas neslysta. Viduj nat\u016brali VILNA visame bate. Patogiai u\u017esisega lipuku, lie\u017euv\u0117lis su apsaugom nuo sniego. Patog\u016bs ir lenvi. Su at\u0161vaitu. Modelis niautralus ,tinka ir berniukams ir mergait\u0117ms.\" \/>\n<meta property=\"og:url\" content=\"https:\/\/batai4u.lt\/index.php\/product\/weestep-juodos-spalvos-termo-batai-su-vilna-unisex\/\" \/>\n<meta property=\"og:site_name\" content=\"Batai4u.lt\" \/>\n<meta property=\"article:modified_time\" content=\"2024-10-08T15:05:48+00:00\" \/>\n<meta property=\"og:image\" content=\"https:\/\/batai4u.lt\/wp-content\/uploads\/2022\/01\/IMG_20220103_222254.jpg\" \/>\n\t<meta property=\"og:image:width\" content=\"1468\" \/>\n\t<meta property=\"og:image:height\" content=\"1835\" \/>\n\t<meta property=\"og:image:type\" content=\"image\/jpeg\" \/>\n<meta name=\"twitter:card\" content=\"summary_large_image\" \/>\n<script type=\"application\/ld+json\" class=\"yoast-schema-graph\">{\"@context\":\"https:\\\/\\\/schema.org\",\"@graph\":[{\"@type\":\"WebPage\",\"@id\":\"https:\\\/\\\/batai4u.lt\\\/index.php\\\/product\\\/weestep-juodos-spalvos-termo-batai-su-vilna-unisex\\\/\",\"url\":\"https:\\\/\\\/batai4u.lt\\\/index.php\\\/product\\\/weestep-juodos-spalvos-termo-batai-su-vilna-unisex\\\/\",\"name\":\"R559655831 WEESTEP juodos spalvos termo batai su vilna UNISEX 32-36D - Batai4u.lt\",\"isPartOf\":{\"@id\":\"https:\\\/\\\/batai4u.lt\\\/#website\"},\"primaryImageOfPage\":{\"@id\":\"https:\\\/\\\/batai4u.lt\\\/index.php\\\/product\\\/weestep-juodos-spalvos-termo-batai-su-vilna-unisex\\\/#primaryimage\"},\"image\":{\"@id\":\"https:\\\/\\\/batai4u.lt\\\/index.php\\\/product\\\/weestep-juodos-spalvos-termo-batai-su-vilna-unisex\\\/#primaryimage\"},\"thumbnailUrl\":\"https:\\\/\\\/batai4u.lt\\\/wp-content\\\/uploads\\\/2022\\\/01\\\/IMG_20220103_222254.jpg\",\"datePublished\":\"2022-01-04T15:41:56+00:00\",\"dateModified\":\"2024-10-08T15:05:48+00:00\",\"breadcrumb\":{\"@id\":\"https:\\\/\\\/batai4u.lt\\\/index.php\\\/product\\\/weestep-juodos-spalvos-termo-batai-su-vilna-unisex\\\/#breadcrumb\"},\"inLanguage\":\"en-US\",\"potentialAction\":[{\"@type\":\"ReadAction\",\"target\":[\"https:\\\/\\\/batai4u.lt\\\/index.php\\\/product\\\/weestep-juodos-spalvos-termo-batai-su-vilna-unisex\\\/\"]}]},{\"@type\":\"ImageObject\",\"inLanguage\":\"en-US\",\"@id\":\"https:\\\/\\\/batai4u.lt\\\/index.php\\\/product\\\/weestep-juodos-spalvos-termo-batai-su-vilna-unisex\\\/#primaryimage\",\"url\":\"https:\\\/\\\/batai4u.lt\\\/wp-content\\\/uploads\\\/2022\\\/01\\\/IMG_20220103_222254.jpg\",\"contentUrl\":\"https:\\\/\\\/batai4u.lt\\\/wp-content\\\/uploads\\\/2022\\\/01\\\/IMG_20220103_222254.jpg\",\"width\":1468,\"height\":1835},{\"@type\":\"BreadcrumbList\",\"@id\":\"https:\\\/\\\/batai4u.lt\\\/index.php\\\/product\\\/weestep-juodos-spalvos-termo-batai-su-vilna-unisex\\\/#breadcrumb\",\"itemListElement\":[{\"@type\":\"ListItem\",\"position\":1,\"name\":\"Home\",\"item\":\"https:\\\/\\\/batai4u.lt\\\/\"},{\"@type\":\"ListItem\",\"position\":2,\"name\":\"Parduotuv\u0117\",\"item\":\"https:\\\/\\\/batai4u.lt\\\/index.php\\\/shop\\\/\"},{\"@type\":\"ListItem\",\"position\":3,\"name\":\"R559655831 WEESTEP juodos spalvos termo batai su vilna UNISEX 32-36D\"}]},{\"@type\":\"WebSite\",\"@id\":\"https:\\\/\\\/batai4u.lt\\\/#website\",\"url\":\"https:\\\/\\\/batai4u.lt\\\/\",\"name\":\"Batai4u.lt\",\"description\":\"batai vaikams ir ne tik\",\"publisher\":{\"@id\":\"https:\\\/\\\/batai4u.lt\\\/#\\\/schema\\\/person\\\/8cc43a99285533a2c3e2c58a641f566a\"},\"potentialAction\":[{\"@type\":\"SearchAction\",\"target\":{\"@type\":\"EntryPoint\",\"urlTemplate\":\"https:\\\/\\\/batai4u.lt\\\/?s={search_term_string}\"},\"query-input\":{\"@type\":\"PropertyValueSpecification\",\"valueRequired\":true,\"valueName\":\"search_term_string\"}}],\"inLanguage\":\"en-US\"},{\"@type\":[\"Person\",\"Organization\"],\"@id\":\"https:\\\/\\\/batai4u.lt\\\/#\\\/schema\\\/person\\\/8cc43a99285533a2c3e2c58a641f566a\",\"name\":\"Erika Steponavi\u010dien\u0117\",\"image\":{\"@type\":\"ImageObject\",\"inLanguage\":\"en-US\",\"@id\":\"https:\\\/\\\/secure.gravatar.com\\\/avatar\\\/de70a9d8a8fae7160f42990935bcabb5f827c9e01e111e0bcd4d408af9ba954c?s=96&d=mm&r=g\",\"url\":\"https:\\\/\\\/secure.gravatar.com\\\/avatar\\\/de70a9d8a8fae7160f42990935bcabb5f827c9e01e111e0bcd4d408af9ba954c?s=96&d=mm&r=g\",\"contentUrl\":\"https:\\\/\\\/secure.gravatar.com\\\/avatar\\\/de70a9d8a8fae7160f42990935bcabb5f827c9e01e111e0bcd4d408af9ba954c?s=96&d=mm&r=g\",\"caption\":\"Erika Steponavi\u010dien\u0117\"},\"logo\":{\"@id\":\"https:\\\/\\\/secure.gravatar.com\\\/avatar\\\/de70a9d8a8fae7160f42990935bcabb5f827c9e01e111e0bcd4d408af9ba954c?s=96&d=mm&r=g\"},\"sameAs\":[\"http:\\\/\\\/batai4u.lt\"]}]}<\/script>\n<!-- \/ Yoast SEO plugin. -->","yoast_head_json":{"title":"R559655831 WEESTEP juodos spalvos termo batai su vilna UNISEX 32-36D - Batai4u.lt","robots":{"index":"index","follow":"follow","max-snippet":"max-snippet:-1","max-image-preview":"max-image-preview:large","max-video-preview":"max-video-preview:-1"},"canonical":"https:\/\/batai4u.lt\/index.php\/product\/weestep-juodos-spalvos-termo-batai-su-vilna-unisex\/","og_locale":"en_US","og_type":"article","og_title":"R559655831 WEESTEP juodos spalvos termo batai su vilna UNISEX 32-36D - Batai4u.lt","og_description":"WEESTEP Batai labai \u0161ilti . Termo med\u017eiagos, NEPER\u0160LAMPAMI. Padas neslysta. Viduj nat\u016brali VILNA visame bate. Patogiai u\u017esisega lipuku, lie\u017euv\u0117lis su apsaugom nuo sniego. Patog\u016bs ir lenvi. Su at\u0161vaitu. Modelis niautralus ,tinka ir berniukams ir mergait\u0117ms.","og_url":"https:\/\/batai4u.lt\/index.php\/product\/weestep-juodos-spalvos-termo-batai-su-vilna-unisex\/","og_site_name":"Batai4u.lt","article_modified_time":"2024-10-08T15:05:48+00:00","og_image":[{"width":1468,"height":1835,"url":"https:\/\/batai4u.lt\/wp-content\/uploads\/2022\/01\/IMG_20220103_222254.jpg","type":"image\/jpeg"}],"twitter_card":"summary_large_image","schema":{"@context":"https:\/\/schema.org","@graph":[{"@type":"WebPage","@id":"https:\/\/batai4u.lt\/index.php\/product\/weestep-juodos-spalvos-termo-batai-su-vilna-unisex\/","url":"https:\/\/batai4u.lt\/index.php\/product\/weestep-juodos-spalvos-termo-batai-su-vilna-unisex\/","name":"R559655831 WEESTEP juodos spalvos termo batai su vilna UNISEX 32-36D - Batai4u.lt","isPartOf":{"@id":"https:\/\/batai4u.lt\/#website"},"primaryImageOfPage":{"@id":"https:\/\/batai4u.lt\/index.php\/product\/weestep-juodos-spalvos-termo-batai-su-vilna-unisex\/#primaryimage"},"image":{"@id":"https:\/\/batai4u.lt\/index.php\/product\/weestep-juodos-spalvos-termo-batai-su-vilna-unisex\/#primaryimage"},"thumbnailUrl":"https:\/\/batai4u.lt\/wp-content\/uploads\/2022\/01\/IMG_20220103_222254.jpg","datePublished":"2022-01-04T15:41:56+00:00","dateModified":"2024-10-08T15:05:48+00:00","breadcrumb":{"@id":"https:\/\/batai4u.lt\/index.php\/product\/weestep-juodos-spalvos-termo-batai-su-vilna-unisex\/#breadcrumb"},"inLanguage":"en-US","potentialAction":[{"@type":"ReadAction","target":["https:\/\/batai4u.lt\/index.php\/product\/weestep-juodos-spalvos-termo-batai-su-vilna-unisex\/"]}]},{"@type":"ImageObject","inLanguage":"en-US","@id":"https:\/\/batai4u.lt\/index.php\/product\/weestep-juodos-spalvos-termo-batai-su-vilna-unisex\/#primaryimage","url":"https:\/\/batai4u.lt\/wp-content\/uploads\/2022\/01\/IMG_20220103_222254.jpg","contentUrl":"https:\/\/batai4u.lt\/wp-content\/uploads\/2022\/01\/IMG_20220103_222254.jpg","width":1468,"height":1835},{"@type":"BreadcrumbList","@id":"https:\/\/batai4u.lt\/index.php\/product\/weestep-juodos-spalvos-termo-batai-su-vilna-unisex\/#breadcrumb","itemListElement":[{"@type":"ListItem","position":1,"name":"Home","item":"https:\/\/batai4u.lt\/"},{"@type":"ListItem","position":2,"name":"Parduotuv\u0117","item":"https:\/\/batai4u.lt\/index.php\/shop\/"},{"@type":"ListItem","position":3,"name":"R559655831 WEESTEP juodos spalvos termo batai su vilna UNISEX 32-36D"}]},{"@type":"WebSite","@id":"https:\/\/batai4u.lt\/#website","url":"https:\/\/batai4u.lt\/","name":"Batai4u.lt","description":"batai vaikams ir ne tik","publisher":{"@id":"https:\/\/batai4u.lt\/#\/schema\/person\/8cc43a99285533a2c3e2c58a641f566a"},"potentialAction":[{"@type":"SearchAction","target":{"@type":"EntryPoint","urlTemplate":"https:\/\/batai4u.lt\/?s={search_term_string}"},"query-input":{"@type":"PropertyValueSpecification","valueRequired":true,"valueName":"search_term_string"}}],"inLanguage":"en-US"},{"@type":["Person","Organization"],"@id":"https:\/\/batai4u.lt\/#\/schema\/person\/8cc43a99285533a2c3e2c58a641f566a","name":"Erika Steponavi\u010dien\u0117","image":{"@type":"ImageObject","inLanguage":"en-US","@id":"https:\/\/secure.gravatar.com\/avatar\/de70a9d8a8fae7160f42990935bcabb5f827c9e01e111e0bcd4d408af9ba954c?s=96&d=mm&r=g","url":"https:\/\/secure.gravatar.com\/avatar\/de70a9d8a8fae7160f42990935bcabb5f827c9e01e111e0bcd4d408af9ba954c?s=96&d=mm&r=g","contentUrl":"https:\/\/secure.gravatar.com\/avatar\/de70a9d8a8fae7160f42990935bcabb5f827c9e01e111e0bcd4d408af9ba954c?s=96&d=mm&r=g","caption":"Erika Steponavi\u010dien\u0117"},"logo":{"@id":"https:\/\/secure.gravatar.com\/avatar\/de70a9d8a8fae7160f42990935bcabb5f827c9e01e111e0bcd4d408af9ba954c?s=96&d=mm&r=g"},"sameAs":["http:\/\/batai4u.lt"]}]}},"jetpack_sharing_enabled":true,"_links":{"self":[{"href":"https:\/\/batai4u.lt\/index.php\/wp-json\/wp\/v2\/product\/2879","targetHints":{"allow":["GET"]}}],"collection":[{"href":"https:\/\/batai4u.lt\/index.php\/wp-json\/wp\/v2\/product"}],"about":[{"href":"https:\/\/batai4u.lt\/index.php\/wp-json\/wp\/v2\/types\/product"}],"replies":[{"embeddable":true,"href":"https:\/\/batai4u.lt\/index.php\/wp-json\/wp\/v2\/comments?post=2879"}],"wp:featuredmedia":[{"embeddable":true,"href":"https:\/\/batai4u.lt\/index.php\/wp-json\/wp\/v2\/media\/2887"}],"wp:attachment":[{"href":"https:\/\/batai4u.lt\/index.php\/wp-json\/wp\/v2\/media?parent=2879"}],"wp:term":[{"taxonomy":"product_brand","embeddable":true,"href":"https:\/\/batai4u.lt\/index.php\/wp-json\/wp\/v2\/product_brand?post=2879"},{"taxonomy":"product_cat","embeddable":true,"href":"https:\/\/batai4u.lt\/index.php\/wp-json\/wp\/v2\/product_cat?post=2879"},{"taxonomy":"product_tag","embeddable":true,"href":"https:\/\/batai4u.lt\/index.php\/wp-json\/wp\/v2\/product_tag?post=2879"}],"curies":[{"name":"wp","href":"https:\/\/api.w.org\/{rel}","templated":true}]}}