{"id":2894,"date":"2022-01-04T15:52:04","date_gmt":"2022-01-04T15:52:04","guid":{"rendered":"https:\/\/batai4u.lt\/?post_type=product&#038;p=2894"},"modified":"2024-10-08T15:04:17","modified_gmt":"2024-10-08T15:04:17","slug":"weestep-juodi-zerintys-termo-batai-mergatems-su-naturalia-vilna","status":"publish","type":"product","link":"https:\/\/batai4u.lt\/index.php\/product\/weestep-juodi-zerintys-termo-batai-mergatems-su-naturalia-vilna\/","title":{"rendered":"R982357867 WEESTEP Juodi \u017e\u0117rintys termo batai mergat\u0117ms su nat\u016bralia vilna 27-32D"},"content":{"rendered":"<p>Vidpad\u017eio ilgis<\/p>\n<ul>\n<li>27d- 17,9cm<\/li>\n<li>28d-18,6cm<\/li>\n<li>29d-19,3cm<\/li>\n<li>30d-20cm<\/li>\n<li>31d-20,6cm<\/li>\n<li>32d-21,2cm<\/li>\n<\/ul>\n","protected":false},"excerpt":{"rendered":"<p>Weestep \u0160ilti \u017eieminai batukai termo med\u017eiagos. Neper\u0161lampami. Viduj naturali vilna pilnai visame batuke. Puo\u0161ti blizgiom detal\u0117m tamsiai m\u0117lynos spalvos batai. Turi rai\u0161telius plo\u010diui reguliuoti. Fasonas tinkamas ir putlesn\u0117m kojyt\u0117m. Vidp. permatavau ir sura\u0161iau. Dydi \u0161is modelis atitinka.<\/p>\n","protected":false},"featured_media":2901,"comment_status":"closed","ping_status":"closed","template":"","meta":[],"product_brand":[],"product_cat":[75],"product_tag":[90,91,92,93,95,114,83,115],"class_list":{"0":"post-2894","1":"product","2":"type-product","3":"status-publish","4":"has-post-thumbnail","6":"product_cat-mergaitems-ziema","7":"product_tag-90","8":"product_tag-91","9":"product_tag-92","10":"product_tag-93","11":"product_tag-95","12":"product_tag-termo-batai","13":"product_tag-weestep","14":"product_tag-zieminiai","15":"futurio-has-gallery","17":"first","18":"instock","19":"shipping-taxable","20":"purchasable","21":"product-type-variable"},"yoast_head":"<!-- This site is optimized with the Yoast SEO plugin v27.5 - https:\/\/yoast.com\/product\/yoast-seo-wordpress\/ -->\n<title>R982357867 WEESTEP Juodi \u017e\u0117rintys termo batai mergat\u0117ms su nat\u016bralia vilna 27-32D - Batai4u.lt<\/title>\n<meta name=\"robots\" content=\"index, follow, max-snippet:-1, max-image-preview:large, max-video-preview:-1\" \/>\n<link rel=\"canonical\" href=\"https:\/\/batai4u.lt\/index.php\/product\/weestep-juodi-zerintys-termo-batai-mergatems-su-naturalia-vilna\/\" \/>\n<meta property=\"og:locale\" content=\"en_US\" \/>\n<meta property=\"og:type\" content=\"article\" \/>\n<meta property=\"og:title\" content=\"R982357867 WEESTEP Juodi \u017e\u0117rintys termo batai mergat\u0117ms su nat\u016bralia vilna 27-32D - Batai4u.lt\" \/>\n<meta property=\"og:description\" content=\"Weestep \u0160ilti \u017eieminai batukai termo med\u017eiagos. Neper\u0161lampami. Viduj naturali vilna pilnai visame batuke. Puo\u0161ti blizgiom detal\u0117m tamsiai m\u0117lynos spalvos batai. Turi rai\u0161telius plo\u010diui reguliuoti. Fasonas tinkamas ir putlesn\u0117m kojyt\u0117m. Vidp. permatavau ir sura\u0161iau. Dydi \u0161is modelis atitinka.\" \/>\n<meta property=\"og:url\" content=\"https:\/\/batai4u.lt\/index.php\/product\/weestep-juodi-zerintys-termo-batai-mergatems-su-naturalia-vilna\/\" \/>\n<meta property=\"og:site_name\" content=\"Batai4u.lt\" \/>\n<meta property=\"article:modified_time\" content=\"2024-10-08T15:04:17+00:00\" \/>\n<meta property=\"og:image\" content=\"https:\/\/batai4u.lt\/wp-content\/uploads\/2022\/01\/IMG_20211212_231421.jpg\" \/>\n\t<meta property=\"og:image:width\" content=\"1468\" \/>\n\t<meta property=\"og:image:height\" content=\"1747\" \/>\n\t<meta property=\"og:image:type\" content=\"image\/jpeg\" \/>\n<meta name=\"twitter:card\" content=\"summary_large_image\" \/>\n<script type=\"application\/ld+json\" class=\"yoast-schema-graph\">{\"@context\":\"https:\\\/\\\/schema.org\",\"@graph\":[{\"@type\":\"WebPage\",\"@id\":\"https:\\\/\\\/batai4u.lt\\\/index.php\\\/product\\\/weestep-juodi-zerintys-termo-batai-mergatems-su-naturalia-vilna\\\/\",\"url\":\"https:\\\/\\\/batai4u.lt\\\/index.php\\\/product\\\/weestep-juodi-zerintys-termo-batai-mergatems-su-naturalia-vilna\\\/\",\"name\":\"R982357867 WEESTEP Juodi \u017e\u0117rintys termo batai mergat\u0117ms su nat\u016bralia vilna 27-32D - Batai4u.lt\",\"isPartOf\":{\"@id\":\"https:\\\/\\\/batai4u.lt\\\/#website\"},\"primaryImageOfPage\":{\"@id\":\"https:\\\/\\\/batai4u.lt\\\/index.php\\\/product\\\/weestep-juodi-zerintys-termo-batai-mergatems-su-naturalia-vilna\\\/#primaryimage\"},\"image\":{\"@id\":\"https:\\\/\\\/batai4u.lt\\\/index.php\\\/product\\\/weestep-juodi-zerintys-termo-batai-mergatems-su-naturalia-vilna\\\/#primaryimage\"},\"thumbnailUrl\":\"https:\\\/\\\/batai4u.lt\\\/wp-content\\\/uploads\\\/2022\\\/01\\\/IMG_20211212_231421.jpg\",\"datePublished\":\"2022-01-04T15:52:04+00:00\",\"dateModified\":\"2024-10-08T15:04:17+00:00\",\"breadcrumb\":{\"@id\":\"https:\\\/\\\/batai4u.lt\\\/index.php\\\/product\\\/weestep-juodi-zerintys-termo-batai-mergatems-su-naturalia-vilna\\\/#breadcrumb\"},\"inLanguage\":\"en-US\",\"potentialAction\":[{\"@type\":\"ReadAction\",\"target\":[\"https:\\\/\\\/batai4u.lt\\\/index.php\\\/product\\\/weestep-juodi-zerintys-termo-batai-mergatems-su-naturalia-vilna\\\/\"]}]},{\"@type\":\"ImageObject\",\"inLanguage\":\"en-US\",\"@id\":\"https:\\\/\\\/batai4u.lt\\\/index.php\\\/product\\\/weestep-juodi-zerintys-termo-batai-mergatems-su-naturalia-vilna\\\/#primaryimage\",\"url\":\"https:\\\/\\\/batai4u.lt\\\/wp-content\\\/uploads\\\/2022\\\/01\\\/IMG_20211212_231421.jpg\",\"contentUrl\":\"https:\\\/\\\/batai4u.lt\\\/wp-content\\\/uploads\\\/2022\\\/01\\\/IMG_20211212_231421.jpg\",\"width\":1468,\"height\":1747},{\"@type\":\"BreadcrumbList\",\"@id\":\"https:\\\/\\\/batai4u.lt\\\/index.php\\\/product\\\/weestep-juodi-zerintys-termo-batai-mergatems-su-naturalia-vilna\\\/#breadcrumb\",\"itemListElement\":[{\"@type\":\"ListItem\",\"position\":1,\"name\":\"Home\",\"item\":\"https:\\\/\\\/batai4u.lt\\\/\"},{\"@type\":\"ListItem\",\"position\":2,\"name\":\"Parduotuv\u0117\",\"item\":\"https:\\\/\\\/batai4u.lt\\\/index.php\\\/shop\\\/\"},{\"@type\":\"ListItem\",\"position\":3,\"name\":\"R982357867 WEESTEP Juodi \u017e\u0117rintys termo batai mergat\u0117ms su nat\u016bralia vilna 27-32D\"}]},{\"@type\":\"WebSite\",\"@id\":\"https:\\\/\\\/batai4u.lt\\\/#website\",\"url\":\"https:\\\/\\\/batai4u.lt\\\/\",\"name\":\"Batai4u.lt\",\"description\":\"batai vaikams ir ne tik\",\"publisher\":{\"@id\":\"https:\\\/\\\/batai4u.lt\\\/#\\\/schema\\\/person\\\/8cc43a99285533a2c3e2c58a641f566a\"},\"potentialAction\":[{\"@type\":\"SearchAction\",\"target\":{\"@type\":\"EntryPoint\",\"urlTemplate\":\"https:\\\/\\\/batai4u.lt\\\/?s={search_term_string}\"},\"query-input\":{\"@type\":\"PropertyValueSpecification\",\"valueRequired\":true,\"valueName\":\"search_term_string\"}}],\"inLanguage\":\"en-US\"},{\"@type\":[\"Person\",\"Organization\"],\"@id\":\"https:\\\/\\\/batai4u.lt\\\/#\\\/schema\\\/person\\\/8cc43a99285533a2c3e2c58a641f566a\",\"name\":\"Erika Steponavi\u010dien\u0117\",\"image\":{\"@type\":\"ImageObject\",\"inLanguage\":\"en-US\",\"@id\":\"https:\\\/\\\/secure.gravatar.com\\\/avatar\\\/de70a9d8a8fae7160f42990935bcabb5f827c9e01e111e0bcd4d408af9ba954c?s=96&d=mm&r=g\",\"url\":\"https:\\\/\\\/secure.gravatar.com\\\/avatar\\\/de70a9d8a8fae7160f42990935bcabb5f827c9e01e111e0bcd4d408af9ba954c?s=96&d=mm&r=g\",\"contentUrl\":\"https:\\\/\\\/secure.gravatar.com\\\/avatar\\\/de70a9d8a8fae7160f42990935bcabb5f827c9e01e111e0bcd4d408af9ba954c?s=96&d=mm&r=g\",\"caption\":\"Erika Steponavi\u010dien\u0117\"},\"logo\":{\"@id\":\"https:\\\/\\\/secure.gravatar.com\\\/avatar\\\/de70a9d8a8fae7160f42990935bcabb5f827c9e01e111e0bcd4d408af9ba954c?s=96&d=mm&r=g\"},\"sameAs\":[\"http:\\\/\\\/batai4u.lt\"]}]}<\/script>\n<!-- \/ Yoast SEO plugin. -->","yoast_head_json":{"title":"R982357867 WEESTEP Juodi \u017e\u0117rintys termo batai mergat\u0117ms su nat\u016bralia vilna 27-32D - Batai4u.lt","robots":{"index":"index","follow":"follow","max-snippet":"max-snippet:-1","max-image-preview":"max-image-preview:large","max-video-preview":"max-video-preview:-1"},"canonical":"https:\/\/batai4u.lt\/index.php\/product\/weestep-juodi-zerintys-termo-batai-mergatems-su-naturalia-vilna\/","og_locale":"en_US","og_type":"article","og_title":"R982357867 WEESTEP Juodi \u017e\u0117rintys termo batai mergat\u0117ms su nat\u016bralia vilna 27-32D - Batai4u.lt","og_description":"Weestep \u0160ilti \u017eieminai batukai termo med\u017eiagos. Neper\u0161lampami. Viduj naturali vilna pilnai visame batuke. Puo\u0161ti blizgiom detal\u0117m tamsiai m\u0117lynos spalvos batai. Turi rai\u0161telius plo\u010diui reguliuoti. Fasonas tinkamas ir putlesn\u0117m kojyt\u0117m. Vidp. permatavau ir sura\u0161iau. Dydi \u0161is modelis atitinka.","og_url":"https:\/\/batai4u.lt\/index.php\/product\/weestep-juodi-zerintys-termo-batai-mergatems-su-naturalia-vilna\/","og_site_name":"Batai4u.lt","article_modified_time":"2024-10-08T15:04:17+00:00","og_image":[{"width":1468,"height":1747,"url":"https:\/\/batai4u.lt\/wp-content\/uploads\/2022\/01\/IMG_20211212_231421.jpg","type":"image\/jpeg"}],"twitter_card":"summary_large_image","schema":{"@context":"https:\/\/schema.org","@graph":[{"@type":"WebPage","@id":"https:\/\/batai4u.lt\/index.php\/product\/weestep-juodi-zerintys-termo-batai-mergatems-su-naturalia-vilna\/","url":"https:\/\/batai4u.lt\/index.php\/product\/weestep-juodi-zerintys-termo-batai-mergatems-su-naturalia-vilna\/","name":"R982357867 WEESTEP Juodi \u017e\u0117rintys termo batai mergat\u0117ms su nat\u016bralia vilna 27-32D - Batai4u.lt","isPartOf":{"@id":"https:\/\/batai4u.lt\/#website"},"primaryImageOfPage":{"@id":"https:\/\/batai4u.lt\/index.php\/product\/weestep-juodi-zerintys-termo-batai-mergatems-su-naturalia-vilna\/#primaryimage"},"image":{"@id":"https:\/\/batai4u.lt\/index.php\/product\/weestep-juodi-zerintys-termo-batai-mergatems-su-naturalia-vilna\/#primaryimage"},"thumbnailUrl":"https:\/\/batai4u.lt\/wp-content\/uploads\/2022\/01\/IMG_20211212_231421.jpg","datePublished":"2022-01-04T15:52:04+00:00","dateModified":"2024-10-08T15:04:17+00:00","breadcrumb":{"@id":"https:\/\/batai4u.lt\/index.php\/product\/weestep-juodi-zerintys-termo-batai-mergatems-su-naturalia-vilna\/#breadcrumb"},"inLanguage":"en-US","potentialAction":[{"@type":"ReadAction","target":["https:\/\/batai4u.lt\/index.php\/product\/weestep-juodi-zerintys-termo-batai-mergatems-su-naturalia-vilna\/"]}]},{"@type":"ImageObject","inLanguage":"en-US","@id":"https:\/\/batai4u.lt\/index.php\/product\/weestep-juodi-zerintys-termo-batai-mergatems-su-naturalia-vilna\/#primaryimage","url":"https:\/\/batai4u.lt\/wp-content\/uploads\/2022\/01\/IMG_20211212_231421.jpg","contentUrl":"https:\/\/batai4u.lt\/wp-content\/uploads\/2022\/01\/IMG_20211212_231421.jpg","width":1468,"height":1747},{"@type":"BreadcrumbList","@id":"https:\/\/batai4u.lt\/index.php\/product\/weestep-juodi-zerintys-termo-batai-mergatems-su-naturalia-vilna\/#breadcrumb","itemListElement":[{"@type":"ListItem","position":1,"name":"Home","item":"https:\/\/batai4u.lt\/"},{"@type":"ListItem","position":2,"name":"Parduotuv\u0117","item":"https:\/\/batai4u.lt\/index.php\/shop\/"},{"@type":"ListItem","position":3,"name":"R982357867 WEESTEP Juodi \u017e\u0117rintys termo batai mergat\u0117ms su nat\u016bralia vilna 27-32D"}]},{"@type":"WebSite","@id":"https:\/\/batai4u.lt\/#website","url":"https:\/\/batai4u.lt\/","name":"Batai4u.lt","description":"batai vaikams ir ne tik","publisher":{"@id":"https:\/\/batai4u.lt\/#\/schema\/person\/8cc43a99285533a2c3e2c58a641f566a"},"potentialAction":[{"@type":"SearchAction","target":{"@type":"EntryPoint","urlTemplate":"https:\/\/batai4u.lt\/?s={search_term_string}"},"query-input":{"@type":"PropertyValueSpecification","valueRequired":true,"valueName":"search_term_string"}}],"inLanguage":"en-US"},{"@type":["Person","Organization"],"@id":"https:\/\/batai4u.lt\/#\/schema\/person\/8cc43a99285533a2c3e2c58a641f566a","name":"Erika Steponavi\u010dien\u0117","image":{"@type":"ImageObject","inLanguage":"en-US","@id":"https:\/\/secure.gravatar.com\/avatar\/de70a9d8a8fae7160f42990935bcabb5f827c9e01e111e0bcd4d408af9ba954c?s=96&d=mm&r=g","url":"https:\/\/secure.gravatar.com\/avatar\/de70a9d8a8fae7160f42990935bcabb5f827c9e01e111e0bcd4d408af9ba954c?s=96&d=mm&r=g","contentUrl":"https:\/\/secure.gravatar.com\/avatar\/de70a9d8a8fae7160f42990935bcabb5f827c9e01e111e0bcd4d408af9ba954c?s=96&d=mm&r=g","caption":"Erika Steponavi\u010dien\u0117"},"logo":{"@id":"https:\/\/secure.gravatar.com\/avatar\/de70a9d8a8fae7160f42990935bcabb5f827c9e01e111e0bcd4d408af9ba954c?s=96&d=mm&r=g"},"sameAs":["http:\/\/batai4u.lt"]}]}},"jetpack_sharing_enabled":true,"_links":{"self":[{"href":"https:\/\/batai4u.lt\/index.php\/wp-json\/wp\/v2\/product\/2894","targetHints":{"allow":["GET"]}}],"collection":[{"href":"https:\/\/batai4u.lt\/index.php\/wp-json\/wp\/v2\/product"}],"about":[{"href":"https:\/\/batai4u.lt\/index.php\/wp-json\/wp\/v2\/types\/product"}],"replies":[{"embeddable":true,"href":"https:\/\/batai4u.lt\/index.php\/wp-json\/wp\/v2\/comments?post=2894"}],"wp:featuredmedia":[{"embeddable":true,"href":"https:\/\/batai4u.lt\/index.php\/wp-json\/wp\/v2\/media\/2901"}],"wp:attachment":[{"href":"https:\/\/batai4u.lt\/index.php\/wp-json\/wp\/v2\/media?parent=2894"}],"wp:term":[{"taxonomy":"product_brand","embeddable":true,"href":"https:\/\/batai4u.lt\/index.php\/wp-json\/wp\/v2\/product_brand?post=2894"},{"taxonomy":"product_cat","embeddable":true,"href":"https:\/\/batai4u.lt\/index.php\/wp-json\/wp\/v2\/product_cat?post=2894"},{"taxonomy":"product_tag","embeddable":true,"href":"https:\/\/batai4u.lt\/index.php\/wp-json\/wp\/v2\/product_tag?post=2894"}],"curies":[{"name":"wp","href":"https:\/\/api.w.org\/{rel}","templated":true}]}}