{"id":3254,"date":"2022-04-19T13:48:50","date_gmt":"2022-04-19T13:48:50","guid":{"rendered":"https:\/\/batai4u.lt\/?post_type=product&#038;p=3254"},"modified":"2024-10-13T14:27:14","modified_gmt":"2024-10-13T14:27:14","slug":"weestep-melinos-spalvos-kedai-su-oranzine-juostele-berniukams-2","status":"publish","type":"product","link":"https:\/\/batai4u.lt\/index.php\/product\/weestep-melinos-spalvos-kedai-su-oranzine-juostele-berniukams-2\/","title":{"rendered":"WEESTEP m\u0117linos spalvos kedai su oran\u017eine juostele berniukams 25-30d (Liko 27d)"},"content":{"rendered":"<p>Vidpad\u017eio ilgis<\/p>\n<ul>\n<li>25-15,8cm<\/li>\n<li>26-16,4cm<\/li>\n<li>27d-17cm<\/li>\n<li>28d-17,7cm<\/li>\n<\/ul>\n","protected":false},"excerpt":{"rendered":"<p>WEESTEP ortopediniai kedukai. Vidp.odinis .Turi supinatiriu bei tvirt\u0105 u\u017ekiln\u012f.\u00a0 Auk\u0161tos kokyb\u0117s.\u00a0 Odiniai\/med\u017eiaginiai\u00a0 Itin lengvas modeliukas. Patogiai nusiima ir u\u017esideda. Su at\u0161vaitais.<br \/>\nMatavimai sura\u0161yti.<\/p>\n","protected":false},"featured_media":2291,"comment_status":"closed","ping_status":"closed","template":"","meta":[],"product_brand":[],"product_cat":[61],"product_tag":[90,110,113,83],"class_list":{"0":"post-3254","1":"product","2":"type-product","3":"status-publish","4":"has-post-thumbnail","6":"product_cat-berniukams-vasara","7":"product_tag-90","8":"product_tag-kedukai","9":"product_tag-sportbaciai","10":"product_tag-weestep","11":"futurio-has-gallery","13":"first","14":"instock","15":"shipping-taxable","16":"purchasable","17":"product-type-variable"},"yoast_head":"<!-- This site is optimized with the Yoast SEO plugin v27.4 - https:\/\/yoast.com\/product\/yoast-seo-wordpress\/ -->\n<title>WEESTEP m\u0117linos spalvos kedai su oran\u017eine juostele berniukams 25-30d (Liko 27d) - Batai4u.lt<\/title>\n<meta name=\"robots\" content=\"index, follow, max-snippet:-1, max-image-preview:large, max-video-preview:-1\" \/>\n<link rel=\"canonical\" href=\"https:\/\/batai4u.lt\/index.php\/product\/weestep-melinos-spalvos-kedai-su-oranzine-juostele-berniukams-2\/\" \/>\n<meta property=\"og:locale\" content=\"en_US\" \/>\n<meta property=\"og:type\" content=\"article\" \/>\n<meta property=\"og:title\" content=\"WEESTEP m\u0117linos spalvos kedai su oran\u017eine juostele berniukams 25-30d (Liko 27d) - Batai4u.lt\" \/>\n<meta property=\"og:description\" content=\"WEESTEP ortopediniai kedukai. Vidp.odinis .Turi supinatiriu bei tvirt\u0105 u\u017ekiln\u012f.\u00a0 Auk\u0161tos kokyb\u0117s.\u00a0 Odiniai\/med\u017eiaginiai\u00a0 Itin lengvas modeliukas. Patogiai nusiima ir u\u017esideda. Su at\u0161vaitais. Matavimai sura\u0161yti.\" \/>\n<meta property=\"og:url\" content=\"https:\/\/batai4u.lt\/index.php\/product\/weestep-melinos-spalvos-kedai-su-oranzine-juostele-berniukams-2\/\" \/>\n<meta property=\"og:site_name\" content=\"Batai4u.lt\" \/>\n<meta property=\"article:modified_time\" content=\"2024-10-13T14:27:14+00:00\" \/>\n<meta property=\"og:image\" content=\"https:\/\/batai4u.lt\/wp-content\/uploads\/2021\/08\/1629386088965-scaled.jpg\" \/>\n\t<meta property=\"og:image:width\" content=\"1309\" \/>\n\t<meta property=\"og:image:height\" content=\"2560\" \/>\n\t<meta property=\"og:image:type\" content=\"image\/jpeg\" \/>\n<meta name=\"twitter:card\" content=\"summary_large_image\" \/>\n<script type=\"application\/ld+json\" class=\"yoast-schema-graph\">{\"@context\":\"https:\\\/\\\/schema.org\",\"@graph\":[{\"@type\":\"WebPage\",\"@id\":\"https:\\\/\\\/batai4u.lt\\\/index.php\\\/product\\\/weestep-melinos-spalvos-kedai-su-oranzine-juostele-berniukams-2\\\/\",\"url\":\"https:\\\/\\\/batai4u.lt\\\/index.php\\\/product\\\/weestep-melinos-spalvos-kedai-su-oranzine-juostele-berniukams-2\\\/\",\"name\":\"WEESTEP m\u0117linos spalvos kedai su oran\u017eine juostele berniukams 25-30d (Liko 27d) - Batai4u.lt\",\"isPartOf\":{\"@id\":\"https:\\\/\\\/batai4u.lt\\\/#website\"},\"primaryImageOfPage\":{\"@id\":\"https:\\\/\\\/batai4u.lt\\\/index.php\\\/product\\\/weestep-melinos-spalvos-kedai-su-oranzine-juostele-berniukams-2\\\/#primaryimage\"},\"image\":{\"@id\":\"https:\\\/\\\/batai4u.lt\\\/index.php\\\/product\\\/weestep-melinos-spalvos-kedai-su-oranzine-juostele-berniukams-2\\\/#primaryimage\"},\"thumbnailUrl\":\"https:\\\/\\\/batai4u.lt\\\/wp-content\\\/uploads\\\/2021\\\/08\\\/1629386088965-scaled.jpg\",\"datePublished\":\"2022-04-19T13:48:50+00:00\",\"dateModified\":\"2024-10-13T14:27:14+00:00\",\"breadcrumb\":{\"@id\":\"https:\\\/\\\/batai4u.lt\\\/index.php\\\/product\\\/weestep-melinos-spalvos-kedai-su-oranzine-juostele-berniukams-2\\\/#breadcrumb\"},\"inLanguage\":\"en-US\",\"potentialAction\":[{\"@type\":\"ReadAction\",\"target\":[\"https:\\\/\\\/batai4u.lt\\\/index.php\\\/product\\\/weestep-melinos-spalvos-kedai-su-oranzine-juostele-berniukams-2\\\/\"]}]},{\"@type\":\"ImageObject\",\"inLanguage\":\"en-US\",\"@id\":\"https:\\\/\\\/batai4u.lt\\\/index.php\\\/product\\\/weestep-melinos-spalvos-kedai-su-oranzine-juostele-berniukams-2\\\/#primaryimage\",\"url\":\"https:\\\/\\\/batai4u.lt\\\/wp-content\\\/uploads\\\/2021\\\/08\\\/1629386088965-scaled.jpg\",\"contentUrl\":\"https:\\\/\\\/batai4u.lt\\\/wp-content\\\/uploads\\\/2021\\\/08\\\/1629386088965-scaled.jpg\",\"width\":1309,\"height\":2560},{\"@type\":\"BreadcrumbList\",\"@id\":\"https:\\\/\\\/batai4u.lt\\\/index.php\\\/product\\\/weestep-melinos-spalvos-kedai-su-oranzine-juostele-berniukams-2\\\/#breadcrumb\",\"itemListElement\":[{\"@type\":\"ListItem\",\"position\":1,\"name\":\"Home\",\"item\":\"https:\\\/\\\/batai4u.lt\\\/\"},{\"@type\":\"ListItem\",\"position\":2,\"name\":\"Parduotuv\u0117\",\"item\":\"https:\\\/\\\/batai4u.lt\\\/index.php\\\/shop\\\/\"},{\"@type\":\"ListItem\",\"position\":3,\"name\":\"WEESTEP m\u0117linos spalvos kedai su oran\u017eine juostele berniukams 25-30d (Liko 27d)\"}]},{\"@type\":\"WebSite\",\"@id\":\"https:\\\/\\\/batai4u.lt\\\/#website\",\"url\":\"https:\\\/\\\/batai4u.lt\\\/\",\"name\":\"Batai4u.lt\",\"description\":\"batai vaikams ir ne tik\",\"publisher\":{\"@id\":\"https:\\\/\\\/batai4u.lt\\\/#\\\/schema\\\/person\\\/8cc43a99285533a2c3e2c58a641f566a\"},\"potentialAction\":[{\"@type\":\"SearchAction\",\"target\":{\"@type\":\"EntryPoint\",\"urlTemplate\":\"https:\\\/\\\/batai4u.lt\\\/?s={search_term_string}\"},\"query-input\":{\"@type\":\"PropertyValueSpecification\",\"valueRequired\":true,\"valueName\":\"search_term_string\"}}],\"inLanguage\":\"en-US\"},{\"@type\":[\"Person\",\"Organization\"],\"@id\":\"https:\\\/\\\/batai4u.lt\\\/#\\\/schema\\\/person\\\/8cc43a99285533a2c3e2c58a641f566a\",\"name\":\"Erika Steponavi\u010dien\u0117\",\"image\":{\"@type\":\"ImageObject\",\"inLanguage\":\"en-US\",\"@id\":\"https:\\\/\\\/secure.gravatar.com\\\/avatar\\\/de70a9d8a8fae7160f42990935bcabb5f827c9e01e111e0bcd4d408af9ba954c?s=96&d=mm&r=g\",\"url\":\"https:\\\/\\\/secure.gravatar.com\\\/avatar\\\/de70a9d8a8fae7160f42990935bcabb5f827c9e01e111e0bcd4d408af9ba954c?s=96&d=mm&r=g\",\"contentUrl\":\"https:\\\/\\\/secure.gravatar.com\\\/avatar\\\/de70a9d8a8fae7160f42990935bcabb5f827c9e01e111e0bcd4d408af9ba954c?s=96&d=mm&r=g\",\"caption\":\"Erika Steponavi\u010dien\u0117\"},\"logo\":{\"@id\":\"https:\\\/\\\/secure.gravatar.com\\\/avatar\\\/de70a9d8a8fae7160f42990935bcabb5f827c9e01e111e0bcd4d408af9ba954c?s=96&d=mm&r=g\"},\"sameAs\":[\"http:\\\/\\\/batai4u.lt\"]}]}<\/script>\n<!-- \/ Yoast SEO plugin. -->","yoast_head_json":{"title":"WEESTEP m\u0117linos spalvos kedai su oran\u017eine juostele berniukams 25-30d (Liko 27d) - Batai4u.lt","robots":{"index":"index","follow":"follow","max-snippet":"max-snippet:-1","max-image-preview":"max-image-preview:large","max-video-preview":"max-video-preview:-1"},"canonical":"https:\/\/batai4u.lt\/index.php\/product\/weestep-melinos-spalvos-kedai-su-oranzine-juostele-berniukams-2\/","og_locale":"en_US","og_type":"article","og_title":"WEESTEP m\u0117linos spalvos kedai su oran\u017eine juostele berniukams 25-30d (Liko 27d) - Batai4u.lt","og_description":"WEESTEP ortopediniai kedukai. Vidp.odinis .Turi supinatiriu bei tvirt\u0105 u\u017ekiln\u012f.\u00a0 Auk\u0161tos kokyb\u0117s.\u00a0 Odiniai\/med\u017eiaginiai\u00a0 Itin lengvas modeliukas. Patogiai nusiima ir u\u017esideda. Su at\u0161vaitais. Matavimai sura\u0161yti.","og_url":"https:\/\/batai4u.lt\/index.php\/product\/weestep-melinos-spalvos-kedai-su-oranzine-juostele-berniukams-2\/","og_site_name":"Batai4u.lt","article_modified_time":"2024-10-13T14:27:14+00:00","og_image":[{"width":1309,"height":2560,"url":"https:\/\/batai4u.lt\/wp-content\/uploads\/2021\/08\/1629386088965-scaled.jpg","type":"image\/jpeg"}],"twitter_card":"summary_large_image","schema":{"@context":"https:\/\/schema.org","@graph":[{"@type":"WebPage","@id":"https:\/\/batai4u.lt\/index.php\/product\/weestep-melinos-spalvos-kedai-su-oranzine-juostele-berniukams-2\/","url":"https:\/\/batai4u.lt\/index.php\/product\/weestep-melinos-spalvos-kedai-su-oranzine-juostele-berniukams-2\/","name":"WEESTEP m\u0117linos spalvos kedai su oran\u017eine juostele berniukams 25-30d (Liko 27d) - Batai4u.lt","isPartOf":{"@id":"https:\/\/batai4u.lt\/#website"},"primaryImageOfPage":{"@id":"https:\/\/batai4u.lt\/index.php\/product\/weestep-melinos-spalvos-kedai-su-oranzine-juostele-berniukams-2\/#primaryimage"},"image":{"@id":"https:\/\/batai4u.lt\/index.php\/product\/weestep-melinos-spalvos-kedai-su-oranzine-juostele-berniukams-2\/#primaryimage"},"thumbnailUrl":"https:\/\/batai4u.lt\/wp-content\/uploads\/2021\/08\/1629386088965-scaled.jpg","datePublished":"2022-04-19T13:48:50+00:00","dateModified":"2024-10-13T14:27:14+00:00","breadcrumb":{"@id":"https:\/\/batai4u.lt\/index.php\/product\/weestep-melinos-spalvos-kedai-su-oranzine-juostele-berniukams-2\/#breadcrumb"},"inLanguage":"en-US","potentialAction":[{"@type":"ReadAction","target":["https:\/\/batai4u.lt\/index.php\/product\/weestep-melinos-spalvos-kedai-su-oranzine-juostele-berniukams-2\/"]}]},{"@type":"ImageObject","inLanguage":"en-US","@id":"https:\/\/batai4u.lt\/index.php\/product\/weestep-melinos-spalvos-kedai-su-oranzine-juostele-berniukams-2\/#primaryimage","url":"https:\/\/batai4u.lt\/wp-content\/uploads\/2021\/08\/1629386088965-scaled.jpg","contentUrl":"https:\/\/batai4u.lt\/wp-content\/uploads\/2021\/08\/1629386088965-scaled.jpg","width":1309,"height":2560},{"@type":"BreadcrumbList","@id":"https:\/\/batai4u.lt\/index.php\/product\/weestep-melinos-spalvos-kedai-su-oranzine-juostele-berniukams-2\/#breadcrumb","itemListElement":[{"@type":"ListItem","position":1,"name":"Home","item":"https:\/\/batai4u.lt\/"},{"@type":"ListItem","position":2,"name":"Parduotuv\u0117","item":"https:\/\/batai4u.lt\/index.php\/shop\/"},{"@type":"ListItem","position":3,"name":"WEESTEP m\u0117linos spalvos kedai su oran\u017eine juostele berniukams 25-30d (Liko 27d)"}]},{"@type":"WebSite","@id":"https:\/\/batai4u.lt\/#website","url":"https:\/\/batai4u.lt\/","name":"Batai4u.lt","description":"batai vaikams ir ne tik","publisher":{"@id":"https:\/\/batai4u.lt\/#\/schema\/person\/8cc43a99285533a2c3e2c58a641f566a"},"potentialAction":[{"@type":"SearchAction","target":{"@type":"EntryPoint","urlTemplate":"https:\/\/batai4u.lt\/?s={search_term_string}"},"query-input":{"@type":"PropertyValueSpecification","valueRequired":true,"valueName":"search_term_string"}}],"inLanguage":"en-US"},{"@type":["Person","Organization"],"@id":"https:\/\/batai4u.lt\/#\/schema\/person\/8cc43a99285533a2c3e2c58a641f566a","name":"Erika Steponavi\u010dien\u0117","image":{"@type":"ImageObject","inLanguage":"en-US","@id":"https:\/\/secure.gravatar.com\/avatar\/de70a9d8a8fae7160f42990935bcabb5f827c9e01e111e0bcd4d408af9ba954c?s=96&d=mm&r=g","url":"https:\/\/secure.gravatar.com\/avatar\/de70a9d8a8fae7160f42990935bcabb5f827c9e01e111e0bcd4d408af9ba954c?s=96&d=mm&r=g","contentUrl":"https:\/\/secure.gravatar.com\/avatar\/de70a9d8a8fae7160f42990935bcabb5f827c9e01e111e0bcd4d408af9ba954c?s=96&d=mm&r=g","caption":"Erika Steponavi\u010dien\u0117"},"logo":{"@id":"https:\/\/secure.gravatar.com\/avatar\/de70a9d8a8fae7160f42990935bcabb5f827c9e01e111e0bcd4d408af9ba954c?s=96&d=mm&r=g"},"sameAs":["http:\/\/batai4u.lt"]}]}},"jetpack_sharing_enabled":true,"_links":{"self":[{"href":"https:\/\/batai4u.lt\/index.php\/wp-json\/wp\/v2\/product\/3254","targetHints":{"allow":["GET"]}}],"collection":[{"href":"https:\/\/batai4u.lt\/index.php\/wp-json\/wp\/v2\/product"}],"about":[{"href":"https:\/\/batai4u.lt\/index.php\/wp-json\/wp\/v2\/types\/product"}],"replies":[{"embeddable":true,"href":"https:\/\/batai4u.lt\/index.php\/wp-json\/wp\/v2\/comments?post=3254"}],"wp:featuredmedia":[{"embeddable":true,"href":"https:\/\/batai4u.lt\/index.php\/wp-json\/wp\/v2\/media\/2291"}],"wp:attachment":[{"href":"https:\/\/batai4u.lt\/index.php\/wp-json\/wp\/v2\/media?parent=3254"}],"wp:term":[{"taxonomy":"product_brand","embeddable":true,"href":"https:\/\/batai4u.lt\/index.php\/wp-json\/wp\/v2\/product_brand?post=3254"},{"taxonomy":"product_cat","embeddable":true,"href":"https:\/\/batai4u.lt\/index.php\/wp-json\/wp\/v2\/product_cat?post=3254"},{"taxonomy":"product_tag","embeddable":true,"href":"https:\/\/batai4u.lt\/index.php\/wp-json\/wp\/v2\/product_tag?post=3254"}],"curies":[{"name":"wp","href":"https:\/\/api.w.org\/{rel}","templated":true}]}}