{"id":3375,"date":"2022-04-19T14:27:29","date_gmt":"2022-04-19T14:27:29","guid":{"rendered":"https:\/\/batai4u.lt\/?post_type=product&#038;p=3375"},"modified":"2024-10-13T13:59:59","modified_gmt":"2024-10-13T13:59:59","slug":"brutting-kedai-berniukams-2","status":"publish","type":"product","link":"https:\/\/batai4u.lt\/index.php\/product\/brutting-kedai-berniukams-2\/","title":{"rendered":"Br\u00fctting kedai su neper\u0161lampama membrana berniukams 29-35d"},"content":{"rendered":"<p>Vidpad\u017eio ilgis-<\/p>\n<ul>\n<li>29d-19,6cm (17cm p\u0117dut\u0117j)<\/li>\n<li>30d-20,2cm (18cm p\u0117dut\u0117j)<\/li>\n<li>31d-20,9cm<\/li>\n<li>32d-21,5cm<\/li>\n<li>33d-22,1cm<\/li>\n<li>34d-23,1cm<\/li>\n<li>35d-23,6cm<\/li>\n<\/ul>\n","protected":false},"excerpt":{"rendered":"<ol>\n<li><em>Br\u00fctting<\/em>&#8211; itin kokybi\u0161ka Voki\u0161ka avalyn\u0117 vaikams. Atramini\u0173 ta\u0161k\u0173 pamink\u0161tinimas ir p\u0117dos lanko pagalba yra ortopedi\u0161kai suprojektuoti . \u00a0D\u0117l nailono vir\u0161utin\u0117s dalies jis tampa ypa\u010d tvirtas ir lengvai pri\u017ei\u016brima. Naudodami greit\u0105 suvarstymo sistem\u0105, batus vaikai taip pat gali lengvai u\u017esid\u0117ti ir nusiimti. Blogas oras? Ne b\u0117da, nes bate yra vandeniui atspari \u201eComfortex\u201c klimato membrana. Auk\u0161tos kokyb\u0117s \u201eVibram\u201c padas patogus ant bet koko pavir\u0161iaus , stabilus ir neslidus. MODELIS netiks pla\u010diom kojyt\u0117m. I\u0161matuota visas vidpadis ir ant vidpad\u017eio p\u0117dut\u0117 kokiai rekomenduojama&#8230;<\/li>\n<\/ol>\n<div id=\"heroQuickPromo_feature_div\" class=\"celwidget\" data-feature-name=\"heroQuickPromo\" data-csa-c-id=\"zezlu5-ur54f3-o9o96b-r7kcdy\" data-cel-widget=\"heroQuickPromo_feature_div\">\n<div id=\"hero-quick-promo\" class=\"a-row a-spacing-medium\"><\/div>\n<\/div>\n","protected":false},"featured_media":1704,"comment_status":"closed","ping_status":"closed","template":"","meta":[],"product_brand":[],"product_cat":[61],"product_tag":[92,100,131,82,110],"class_list":{"0":"post-3375","1":"product","2":"type-product","3":"status-publish","4":"has-post-thumbnail","6":"product_cat-berniukams-vasara","7":"product_tag-92","8":"product_tag-100","9":"product_tag-brutting","10":"product_tag-demisezoniniai","11":"product_tag-kedukai","12":"futurio-has-gallery","14":"first","15":"instock","16":"sale","17":"shipping-taxable","18":"purchasable","19":"product-type-variable"},"yoast_head":"<!-- This site is optimized with the Yoast SEO plugin v27.5 - https:\/\/yoast.com\/product\/yoast-seo-wordpress\/ -->\n<title>Br\u00fctting kedai su neper\u0161lampama membrana berniukams 29-35d - Batai4u.lt<\/title>\n<meta name=\"robots\" content=\"index, follow, max-snippet:-1, max-image-preview:large, max-video-preview:-1\" \/>\n<link rel=\"canonical\" href=\"https:\/\/batai4u.lt\/index.php\/product\/brutting-kedai-berniukams-2\/\" \/>\n<meta property=\"og:locale\" content=\"en_US\" \/>\n<meta property=\"og:type\" content=\"article\" \/>\n<meta property=\"og:title\" content=\"Br\u00fctting kedai su neper\u0161lampama membrana berniukams 29-35d - Batai4u.lt\" \/>\n<meta property=\"og:description\" content=\"Br\u00fctting- itin kokybi\u0161ka Voki\u0161ka avalyn\u0117 vaikams. Atramini\u0173 ta\u0161k\u0173 pamink\u0161tinimas ir p\u0117dos lanko pagalba yra ortopedi\u0161kai suprojektuoti . \u00a0D\u0117l nailono vir\u0161utin\u0117s dalies jis tampa ypa\u010d tvirtas ir lengvai pri\u017ei\u016brima. Naudodami greit\u0105 suvarstymo sistem\u0105, batus vaikai taip pat gali lengvai u\u017esid\u0117ti ir nusiimti. Blogas oras? Ne b\u0117da, nes bate yra vandeniui atspari \u201eComfortex\u201c klimato membrana. Auk\u0161tos kokyb\u0117s \u201eVibram\u201c padas patogus ant bet koko pavir\u0161iaus , stabilus ir neslidus. MODELIS netiks pla\u010diom kojyt\u0117m. I\u0161matuota visas vidpadis ir ant vidpad\u017eio p\u0117dut\u0117 kokiai rekomenduojama...\" \/>\n<meta property=\"og:url\" content=\"https:\/\/batai4u.lt\/index.php\/product\/brutting-kedai-berniukams-2\/\" \/>\n<meta property=\"og:site_name\" content=\"Batai4u.lt\" \/>\n<meta property=\"article:modified_time\" content=\"2024-10-13T13:59:59+00:00\" \/>\n<meta property=\"og:image\" content=\"https:\/\/batai4u.lt\/wp-content\/uploads\/2021\/03\/1616591899806bruting-kedukai-berniukui.jpg\" \/>\n\t<meta property=\"og:image:width\" content=\"1013\" \/>\n\t<meta property=\"og:image:height\" content=\"861\" \/>\n\t<meta property=\"og:image:type\" content=\"image\/jpeg\" \/>\n<meta name=\"twitter:card\" content=\"summary_large_image\" \/>\n<script type=\"application\/ld+json\" class=\"yoast-schema-graph\">{\"@context\":\"https:\\\/\\\/schema.org\",\"@graph\":[{\"@type\":\"WebPage\",\"@id\":\"https:\\\/\\\/batai4u.lt\\\/index.php\\\/product\\\/brutting-kedai-berniukams-2\\\/\",\"url\":\"https:\\\/\\\/batai4u.lt\\\/index.php\\\/product\\\/brutting-kedai-berniukams-2\\\/\",\"name\":\"Br\u00fctting kedai su neper\u0161lampama membrana berniukams 29-35d - Batai4u.lt\",\"isPartOf\":{\"@id\":\"https:\\\/\\\/batai4u.lt\\\/#website\"},\"primaryImageOfPage\":{\"@id\":\"https:\\\/\\\/batai4u.lt\\\/index.php\\\/product\\\/brutting-kedai-berniukams-2\\\/#primaryimage\"},\"image\":{\"@id\":\"https:\\\/\\\/batai4u.lt\\\/index.php\\\/product\\\/brutting-kedai-berniukams-2\\\/#primaryimage\"},\"thumbnailUrl\":\"https:\\\/\\\/batai4u.lt\\\/wp-content\\\/uploads\\\/2021\\\/03\\\/1616591899806bruting-kedukai-berniukui.jpg\",\"datePublished\":\"2022-04-19T14:27:29+00:00\",\"dateModified\":\"2024-10-13T13:59:59+00:00\",\"breadcrumb\":{\"@id\":\"https:\\\/\\\/batai4u.lt\\\/index.php\\\/product\\\/brutting-kedai-berniukams-2\\\/#breadcrumb\"},\"inLanguage\":\"en-US\",\"potentialAction\":[{\"@type\":\"ReadAction\",\"target\":[\"https:\\\/\\\/batai4u.lt\\\/index.php\\\/product\\\/brutting-kedai-berniukams-2\\\/\"]}]},{\"@type\":\"ImageObject\",\"inLanguage\":\"en-US\",\"@id\":\"https:\\\/\\\/batai4u.lt\\\/index.php\\\/product\\\/brutting-kedai-berniukams-2\\\/#primaryimage\",\"url\":\"https:\\\/\\\/batai4u.lt\\\/wp-content\\\/uploads\\\/2021\\\/03\\\/1616591899806bruting-kedukai-berniukui.jpg\",\"contentUrl\":\"https:\\\/\\\/batai4u.lt\\\/wp-content\\\/uploads\\\/2021\\\/03\\\/1616591899806bruting-kedukai-berniukui.jpg\",\"width\":1013,\"height\":861},{\"@type\":\"BreadcrumbList\",\"@id\":\"https:\\\/\\\/batai4u.lt\\\/index.php\\\/product\\\/brutting-kedai-berniukams-2\\\/#breadcrumb\",\"itemListElement\":[{\"@type\":\"ListItem\",\"position\":1,\"name\":\"Home\",\"item\":\"https:\\\/\\\/batai4u.lt\\\/\"},{\"@type\":\"ListItem\",\"position\":2,\"name\":\"Parduotuv\u0117\",\"item\":\"https:\\\/\\\/batai4u.lt\\\/index.php\\\/shop\\\/\"},{\"@type\":\"ListItem\",\"position\":3,\"name\":\"Br\u00fctting kedai su neper\u0161lampama membrana berniukams 29-35d\"}]},{\"@type\":\"WebSite\",\"@id\":\"https:\\\/\\\/batai4u.lt\\\/#website\",\"url\":\"https:\\\/\\\/batai4u.lt\\\/\",\"name\":\"Batai4u.lt\",\"description\":\"batai vaikams ir ne tik\",\"publisher\":{\"@id\":\"https:\\\/\\\/batai4u.lt\\\/#\\\/schema\\\/person\\\/8cc43a99285533a2c3e2c58a641f566a\"},\"potentialAction\":[{\"@type\":\"SearchAction\",\"target\":{\"@type\":\"EntryPoint\",\"urlTemplate\":\"https:\\\/\\\/batai4u.lt\\\/?s={search_term_string}\"},\"query-input\":{\"@type\":\"PropertyValueSpecification\",\"valueRequired\":true,\"valueName\":\"search_term_string\"}}],\"inLanguage\":\"en-US\"},{\"@type\":[\"Person\",\"Organization\"],\"@id\":\"https:\\\/\\\/batai4u.lt\\\/#\\\/schema\\\/person\\\/8cc43a99285533a2c3e2c58a641f566a\",\"name\":\"Erika Steponavi\u010dien\u0117\",\"image\":{\"@type\":\"ImageObject\",\"inLanguage\":\"en-US\",\"@id\":\"https:\\\/\\\/secure.gravatar.com\\\/avatar\\\/de70a9d8a8fae7160f42990935bcabb5f827c9e01e111e0bcd4d408af9ba954c?s=96&d=mm&r=g\",\"url\":\"https:\\\/\\\/secure.gravatar.com\\\/avatar\\\/de70a9d8a8fae7160f42990935bcabb5f827c9e01e111e0bcd4d408af9ba954c?s=96&d=mm&r=g\",\"contentUrl\":\"https:\\\/\\\/secure.gravatar.com\\\/avatar\\\/de70a9d8a8fae7160f42990935bcabb5f827c9e01e111e0bcd4d408af9ba954c?s=96&d=mm&r=g\",\"caption\":\"Erika Steponavi\u010dien\u0117\"},\"logo\":{\"@id\":\"https:\\\/\\\/secure.gravatar.com\\\/avatar\\\/de70a9d8a8fae7160f42990935bcabb5f827c9e01e111e0bcd4d408af9ba954c?s=96&d=mm&r=g\"},\"sameAs\":[\"http:\\\/\\\/batai4u.lt\"]}]}<\/script>\n<!-- \/ Yoast SEO plugin. -->","yoast_head_json":{"title":"Br\u00fctting kedai su neper\u0161lampama membrana berniukams 29-35d - Batai4u.lt","robots":{"index":"index","follow":"follow","max-snippet":"max-snippet:-1","max-image-preview":"max-image-preview:large","max-video-preview":"max-video-preview:-1"},"canonical":"https:\/\/batai4u.lt\/index.php\/product\/brutting-kedai-berniukams-2\/","og_locale":"en_US","og_type":"article","og_title":"Br\u00fctting kedai su neper\u0161lampama membrana berniukams 29-35d - Batai4u.lt","og_description":"Br\u00fctting- itin kokybi\u0161ka Voki\u0161ka avalyn\u0117 vaikams. Atramini\u0173 ta\u0161k\u0173 pamink\u0161tinimas ir p\u0117dos lanko pagalba yra ortopedi\u0161kai suprojektuoti . \u00a0D\u0117l nailono vir\u0161utin\u0117s dalies jis tampa ypa\u010d tvirtas ir lengvai pri\u017ei\u016brima. Naudodami greit\u0105 suvarstymo sistem\u0105, batus vaikai taip pat gali lengvai u\u017esid\u0117ti ir nusiimti. Blogas oras? Ne b\u0117da, nes bate yra vandeniui atspari \u201eComfortex\u201c klimato membrana. Auk\u0161tos kokyb\u0117s \u201eVibram\u201c padas patogus ant bet koko pavir\u0161iaus , stabilus ir neslidus. MODELIS netiks pla\u010diom kojyt\u0117m. I\u0161matuota visas vidpadis ir ant vidpad\u017eio p\u0117dut\u0117 kokiai rekomenduojama...","og_url":"https:\/\/batai4u.lt\/index.php\/product\/brutting-kedai-berniukams-2\/","og_site_name":"Batai4u.lt","article_modified_time":"2024-10-13T13:59:59+00:00","og_image":[{"width":1013,"height":861,"url":"https:\/\/batai4u.lt\/wp-content\/uploads\/2021\/03\/1616591899806bruting-kedukai-berniukui.jpg","type":"image\/jpeg"}],"twitter_card":"summary_large_image","schema":{"@context":"https:\/\/schema.org","@graph":[{"@type":"WebPage","@id":"https:\/\/batai4u.lt\/index.php\/product\/brutting-kedai-berniukams-2\/","url":"https:\/\/batai4u.lt\/index.php\/product\/brutting-kedai-berniukams-2\/","name":"Br\u00fctting kedai su neper\u0161lampama membrana berniukams 29-35d - Batai4u.lt","isPartOf":{"@id":"https:\/\/batai4u.lt\/#website"},"primaryImageOfPage":{"@id":"https:\/\/batai4u.lt\/index.php\/product\/brutting-kedai-berniukams-2\/#primaryimage"},"image":{"@id":"https:\/\/batai4u.lt\/index.php\/product\/brutting-kedai-berniukams-2\/#primaryimage"},"thumbnailUrl":"https:\/\/batai4u.lt\/wp-content\/uploads\/2021\/03\/1616591899806bruting-kedukai-berniukui.jpg","datePublished":"2022-04-19T14:27:29+00:00","dateModified":"2024-10-13T13:59:59+00:00","breadcrumb":{"@id":"https:\/\/batai4u.lt\/index.php\/product\/brutting-kedai-berniukams-2\/#breadcrumb"},"inLanguage":"en-US","potentialAction":[{"@type":"ReadAction","target":["https:\/\/batai4u.lt\/index.php\/product\/brutting-kedai-berniukams-2\/"]}]},{"@type":"ImageObject","inLanguage":"en-US","@id":"https:\/\/batai4u.lt\/index.php\/product\/brutting-kedai-berniukams-2\/#primaryimage","url":"https:\/\/batai4u.lt\/wp-content\/uploads\/2021\/03\/1616591899806bruting-kedukai-berniukui.jpg","contentUrl":"https:\/\/batai4u.lt\/wp-content\/uploads\/2021\/03\/1616591899806bruting-kedukai-berniukui.jpg","width":1013,"height":861},{"@type":"BreadcrumbList","@id":"https:\/\/batai4u.lt\/index.php\/product\/brutting-kedai-berniukams-2\/#breadcrumb","itemListElement":[{"@type":"ListItem","position":1,"name":"Home","item":"https:\/\/batai4u.lt\/"},{"@type":"ListItem","position":2,"name":"Parduotuv\u0117","item":"https:\/\/batai4u.lt\/index.php\/shop\/"},{"@type":"ListItem","position":3,"name":"Br\u00fctting kedai su neper\u0161lampama membrana berniukams 29-35d"}]},{"@type":"WebSite","@id":"https:\/\/batai4u.lt\/#website","url":"https:\/\/batai4u.lt\/","name":"Batai4u.lt","description":"batai vaikams ir ne tik","publisher":{"@id":"https:\/\/batai4u.lt\/#\/schema\/person\/8cc43a99285533a2c3e2c58a641f566a"},"potentialAction":[{"@type":"SearchAction","target":{"@type":"EntryPoint","urlTemplate":"https:\/\/batai4u.lt\/?s={search_term_string}"},"query-input":{"@type":"PropertyValueSpecification","valueRequired":true,"valueName":"search_term_string"}}],"inLanguage":"en-US"},{"@type":["Person","Organization"],"@id":"https:\/\/batai4u.lt\/#\/schema\/person\/8cc43a99285533a2c3e2c58a641f566a","name":"Erika Steponavi\u010dien\u0117","image":{"@type":"ImageObject","inLanguage":"en-US","@id":"https:\/\/secure.gravatar.com\/avatar\/de70a9d8a8fae7160f42990935bcabb5f827c9e01e111e0bcd4d408af9ba954c?s=96&d=mm&r=g","url":"https:\/\/secure.gravatar.com\/avatar\/de70a9d8a8fae7160f42990935bcabb5f827c9e01e111e0bcd4d408af9ba954c?s=96&d=mm&r=g","contentUrl":"https:\/\/secure.gravatar.com\/avatar\/de70a9d8a8fae7160f42990935bcabb5f827c9e01e111e0bcd4d408af9ba954c?s=96&d=mm&r=g","caption":"Erika Steponavi\u010dien\u0117"},"logo":{"@id":"https:\/\/secure.gravatar.com\/avatar\/de70a9d8a8fae7160f42990935bcabb5f827c9e01e111e0bcd4d408af9ba954c?s=96&d=mm&r=g"},"sameAs":["http:\/\/batai4u.lt"]}]}},"jetpack_sharing_enabled":true,"_links":{"self":[{"href":"https:\/\/batai4u.lt\/index.php\/wp-json\/wp\/v2\/product\/3375","targetHints":{"allow":["GET"]}}],"collection":[{"href":"https:\/\/batai4u.lt\/index.php\/wp-json\/wp\/v2\/product"}],"about":[{"href":"https:\/\/batai4u.lt\/index.php\/wp-json\/wp\/v2\/types\/product"}],"replies":[{"embeddable":true,"href":"https:\/\/batai4u.lt\/index.php\/wp-json\/wp\/v2\/comments?post=3375"}],"wp:featuredmedia":[{"embeddable":true,"href":"https:\/\/batai4u.lt\/index.php\/wp-json\/wp\/v2\/media\/1704"}],"wp:attachment":[{"href":"https:\/\/batai4u.lt\/index.php\/wp-json\/wp\/v2\/media?parent=3375"}],"wp:term":[{"taxonomy":"product_brand","embeddable":true,"href":"https:\/\/batai4u.lt\/index.php\/wp-json\/wp\/v2\/product_brand?post=3375"},{"taxonomy":"product_cat","embeddable":true,"href":"https:\/\/batai4u.lt\/index.php\/wp-json\/wp\/v2\/product_cat?post=3375"},{"taxonomy":"product_tag","embeddable":true,"href":"https:\/\/batai4u.lt\/index.php\/wp-json\/wp\/v2\/product_tag?post=3375"}],"curies":[{"name":"wp","href":"https:\/\/api.w.org\/{rel}","templated":true}]}}