{"id":3676,"date":"2022-10-10T08:34:18","date_gmt":"2022-10-10T08:34:18","guid":{"rendered":"https:\/\/batai4u.lt\/?post_type=product&#038;p=3676"},"modified":"2024-10-06T18:32:15","modified_gmt":"2024-10-06T18:32:15","slug":"weestep-juodos-su-geltonu-spalvos-aulinukai-su-pasiltinimu-berniukams-2","status":"publish","type":"product","link":"https:\/\/batai4u.lt\/index.php\/product\/weestep-juodos-su-geltonu-spalvos-aulinukai-su-pasiltinimu-berniukams-2\/","title":{"rendered":"R006355421 WEESTEP demisezoniniai juodos  aulinukai 22-26d"},"content":{"rendered":"<blockquote><p>22d- 14cm<\/p><\/blockquote>\n<p><!--more--><\/p>\n<p><!--more--><\/p>\n<p>23d- 14,5cm<\/p>\n<p>24d- 15,5cm<\/p>\n<p>25d- 16cm<\/p>\n<p>26d- 16,5cm<\/p>\n<p>&nbsp;<\/p>\n","protected":false},"excerpt":{"rendered":"<ol>\n<li>WEESTEP pavasariniai rudeniniai ortopediniai\u00a0 aulinukais. Su plonu pa\u0161iltinimu visame bate.Turi supinatiriu bei tvirt\u0105 u\u017ekuln\u012f.\u00a0 Auk\u0161tos kokyb\u0117s.\u00a0 Odiniai. Lengvas modeliukas. Patogiai nusiima ir u\u017esideda. Su u\u017etrauktuku ir lipuku. Turi at\u0161vaitus.\u00a0 ATSPAR\u016aS VANDENIUI<\/li>\n<\/ol>\n<p>&nbsp;<\/p>\n<p>&nbsp;<\/p>\n","protected":false},"featured_media":3180,"comment_status":"closed","ping_status":"closed","template":"","meta":[],"product_brand":[],"product_cat":[60],"product_tag":[88,89,82,83],"class_list":{"0":"post-3676","1":"product","2":"type-product","3":"status-publish","4":"has-post-thumbnail","6":"product_cat-berniukams-ruduo-pavasaris","7":"product_tag-88","8":"product_tag-89","9":"product_tag-demisezoniniai","10":"product_tag-weestep","11":"futurio-has-gallery","13":"first","14":"instock","15":"shipping-taxable","16":"purchasable","17":"product-type-variable","18":"has-default-attributes"},"yoast_head":"<!-- This site is optimized with the Yoast SEO plugin v27.5 - https:\/\/yoast.com\/product\/yoast-seo-wordpress\/ -->\n<title>R006355421 WEESTEP demisezoniniai juodos aulinukai 22-26d - Batai4u.lt<\/title>\n<meta name=\"robots\" content=\"index, follow, max-snippet:-1, max-image-preview:large, max-video-preview:-1\" \/>\n<link rel=\"canonical\" href=\"https:\/\/batai4u.lt\/index.php\/product\/weestep-juodos-su-geltonu-spalvos-aulinukai-su-pasiltinimu-berniukams-2\/\" \/>\n<meta property=\"og:locale\" content=\"en_US\" \/>\n<meta property=\"og:type\" content=\"article\" \/>\n<meta property=\"og:title\" content=\"R006355421 WEESTEP demisezoniniai juodos aulinukai 22-26d - Batai4u.lt\" \/>\n<meta property=\"og:description\" content=\"WEESTEP pavasariniai rudeniniai ortopediniai\u00a0 aulinukais. Su plonu pa\u0161iltinimu visame bate.Turi supinatiriu bei tvirt\u0105 u\u017ekuln\u012f.\u00a0 Auk\u0161tos kokyb\u0117s.\u00a0 Odiniai. Lengvas modeliukas. Patogiai nusiima ir u\u017esideda. Su u\u017etrauktuku ir lipuku. Turi at\u0161vaitus.\u00a0 ATSPAR\u016aS VANDENIUI  &nbsp;  &nbsp;\" \/>\n<meta property=\"og:url\" content=\"https:\/\/batai4u.lt\/index.php\/product\/weestep-juodos-su-geltonu-spalvos-aulinukai-su-pasiltinimu-berniukams-2\/\" \/>\n<meta property=\"og:site_name\" content=\"Batai4u.lt\" \/>\n<meta property=\"article:modified_time\" content=\"2024-10-06T18:32:15+00:00\" \/>\n<meta property=\"og:image\" content=\"https:\/\/batai4u.lt\/wp-content\/uploads\/2022\/03\/IMG_20220322_201359-scaled.jpg\" \/>\n\t<meta property=\"og:image:width\" content=\"1712\" \/>\n\t<meta property=\"og:image:height\" content=\"2560\" \/>\n\t<meta property=\"og:image:type\" content=\"image\/jpeg\" \/>\n<meta name=\"twitter:card\" content=\"summary_large_image\" \/>\n<script type=\"application\/ld+json\" class=\"yoast-schema-graph\">{\"@context\":\"https:\\\/\\\/schema.org\",\"@graph\":[{\"@type\":\"WebPage\",\"@id\":\"https:\\\/\\\/batai4u.lt\\\/index.php\\\/product\\\/weestep-juodos-su-geltonu-spalvos-aulinukai-su-pasiltinimu-berniukams-2\\\/\",\"url\":\"https:\\\/\\\/batai4u.lt\\\/index.php\\\/product\\\/weestep-juodos-su-geltonu-spalvos-aulinukai-su-pasiltinimu-berniukams-2\\\/\",\"name\":\"R006355421 WEESTEP demisezoniniai juodos aulinukai 22-26d - Batai4u.lt\",\"isPartOf\":{\"@id\":\"https:\\\/\\\/batai4u.lt\\\/#website\"},\"primaryImageOfPage\":{\"@id\":\"https:\\\/\\\/batai4u.lt\\\/index.php\\\/product\\\/weestep-juodos-su-geltonu-spalvos-aulinukai-su-pasiltinimu-berniukams-2\\\/#primaryimage\"},\"image\":{\"@id\":\"https:\\\/\\\/batai4u.lt\\\/index.php\\\/product\\\/weestep-juodos-su-geltonu-spalvos-aulinukai-su-pasiltinimu-berniukams-2\\\/#primaryimage\"},\"thumbnailUrl\":\"https:\\\/\\\/batai4u.lt\\\/wp-content\\\/uploads\\\/2022\\\/03\\\/IMG_20220322_201359-scaled.jpg\",\"datePublished\":\"2022-10-10T08:34:18+00:00\",\"dateModified\":\"2024-10-06T18:32:15+00:00\",\"breadcrumb\":{\"@id\":\"https:\\\/\\\/batai4u.lt\\\/index.php\\\/product\\\/weestep-juodos-su-geltonu-spalvos-aulinukai-su-pasiltinimu-berniukams-2\\\/#breadcrumb\"},\"inLanguage\":\"en-US\",\"potentialAction\":[{\"@type\":\"ReadAction\",\"target\":[\"https:\\\/\\\/batai4u.lt\\\/index.php\\\/product\\\/weestep-juodos-su-geltonu-spalvos-aulinukai-su-pasiltinimu-berniukams-2\\\/\"]}]},{\"@type\":\"ImageObject\",\"inLanguage\":\"en-US\",\"@id\":\"https:\\\/\\\/batai4u.lt\\\/index.php\\\/product\\\/weestep-juodos-su-geltonu-spalvos-aulinukai-su-pasiltinimu-berniukams-2\\\/#primaryimage\",\"url\":\"https:\\\/\\\/batai4u.lt\\\/wp-content\\\/uploads\\\/2022\\\/03\\\/IMG_20220322_201359-scaled.jpg\",\"contentUrl\":\"https:\\\/\\\/batai4u.lt\\\/wp-content\\\/uploads\\\/2022\\\/03\\\/IMG_20220322_201359-scaled.jpg\",\"width\":1712,\"height\":2560},{\"@type\":\"BreadcrumbList\",\"@id\":\"https:\\\/\\\/batai4u.lt\\\/index.php\\\/product\\\/weestep-juodos-su-geltonu-spalvos-aulinukai-su-pasiltinimu-berniukams-2\\\/#breadcrumb\",\"itemListElement\":[{\"@type\":\"ListItem\",\"position\":1,\"name\":\"Home\",\"item\":\"https:\\\/\\\/batai4u.lt\\\/\"},{\"@type\":\"ListItem\",\"position\":2,\"name\":\"Parduotuv\u0117\",\"item\":\"https:\\\/\\\/batai4u.lt\\\/index.php\\\/shop\\\/\"},{\"@type\":\"ListItem\",\"position\":3,\"name\":\"R006355421 WEESTEP demisezoniniai juodos aulinukai 22-26d\"}]},{\"@type\":\"WebSite\",\"@id\":\"https:\\\/\\\/batai4u.lt\\\/#website\",\"url\":\"https:\\\/\\\/batai4u.lt\\\/\",\"name\":\"Batai4u.lt\",\"description\":\"batai vaikams ir ne tik\",\"publisher\":{\"@id\":\"https:\\\/\\\/batai4u.lt\\\/#\\\/schema\\\/person\\\/8cc43a99285533a2c3e2c58a641f566a\"},\"potentialAction\":[{\"@type\":\"SearchAction\",\"target\":{\"@type\":\"EntryPoint\",\"urlTemplate\":\"https:\\\/\\\/batai4u.lt\\\/?s={search_term_string}\"},\"query-input\":{\"@type\":\"PropertyValueSpecification\",\"valueRequired\":true,\"valueName\":\"search_term_string\"}}],\"inLanguage\":\"en-US\"},{\"@type\":[\"Person\",\"Organization\"],\"@id\":\"https:\\\/\\\/batai4u.lt\\\/#\\\/schema\\\/person\\\/8cc43a99285533a2c3e2c58a641f566a\",\"name\":\"Erika Steponavi\u010dien\u0117\",\"image\":{\"@type\":\"ImageObject\",\"inLanguage\":\"en-US\",\"@id\":\"https:\\\/\\\/secure.gravatar.com\\\/avatar\\\/de70a9d8a8fae7160f42990935bcabb5f827c9e01e111e0bcd4d408af9ba954c?s=96&d=mm&r=g\",\"url\":\"https:\\\/\\\/secure.gravatar.com\\\/avatar\\\/de70a9d8a8fae7160f42990935bcabb5f827c9e01e111e0bcd4d408af9ba954c?s=96&d=mm&r=g\",\"contentUrl\":\"https:\\\/\\\/secure.gravatar.com\\\/avatar\\\/de70a9d8a8fae7160f42990935bcabb5f827c9e01e111e0bcd4d408af9ba954c?s=96&d=mm&r=g\",\"caption\":\"Erika Steponavi\u010dien\u0117\"},\"logo\":{\"@id\":\"https:\\\/\\\/secure.gravatar.com\\\/avatar\\\/de70a9d8a8fae7160f42990935bcabb5f827c9e01e111e0bcd4d408af9ba954c?s=96&d=mm&r=g\"},\"sameAs\":[\"http:\\\/\\\/batai4u.lt\"]}]}<\/script>\n<!-- \/ Yoast SEO plugin. -->","yoast_head_json":{"title":"R006355421 WEESTEP demisezoniniai juodos aulinukai 22-26d - Batai4u.lt","robots":{"index":"index","follow":"follow","max-snippet":"max-snippet:-1","max-image-preview":"max-image-preview:large","max-video-preview":"max-video-preview:-1"},"canonical":"https:\/\/batai4u.lt\/index.php\/product\/weestep-juodos-su-geltonu-spalvos-aulinukai-su-pasiltinimu-berniukams-2\/","og_locale":"en_US","og_type":"article","og_title":"R006355421 WEESTEP demisezoniniai juodos aulinukai 22-26d - Batai4u.lt","og_description":"WEESTEP pavasariniai rudeniniai ortopediniai\u00a0 aulinukais. Su plonu pa\u0161iltinimu visame bate.Turi supinatiriu bei tvirt\u0105 u\u017ekuln\u012f.\u00a0 Auk\u0161tos kokyb\u0117s.\u00a0 Odiniai. Lengvas modeliukas. Patogiai nusiima ir u\u017esideda. Su u\u017etrauktuku ir lipuku. Turi at\u0161vaitus.\u00a0 ATSPAR\u016aS VANDENIUI  &nbsp;  &nbsp;","og_url":"https:\/\/batai4u.lt\/index.php\/product\/weestep-juodos-su-geltonu-spalvos-aulinukai-su-pasiltinimu-berniukams-2\/","og_site_name":"Batai4u.lt","article_modified_time":"2024-10-06T18:32:15+00:00","og_image":[{"width":1712,"height":2560,"url":"https:\/\/batai4u.lt\/wp-content\/uploads\/2022\/03\/IMG_20220322_201359-scaled.jpg","type":"image\/jpeg"}],"twitter_card":"summary_large_image","schema":{"@context":"https:\/\/schema.org","@graph":[{"@type":"WebPage","@id":"https:\/\/batai4u.lt\/index.php\/product\/weestep-juodos-su-geltonu-spalvos-aulinukai-su-pasiltinimu-berniukams-2\/","url":"https:\/\/batai4u.lt\/index.php\/product\/weestep-juodos-su-geltonu-spalvos-aulinukai-su-pasiltinimu-berniukams-2\/","name":"R006355421 WEESTEP demisezoniniai juodos aulinukai 22-26d - Batai4u.lt","isPartOf":{"@id":"https:\/\/batai4u.lt\/#website"},"primaryImageOfPage":{"@id":"https:\/\/batai4u.lt\/index.php\/product\/weestep-juodos-su-geltonu-spalvos-aulinukai-su-pasiltinimu-berniukams-2\/#primaryimage"},"image":{"@id":"https:\/\/batai4u.lt\/index.php\/product\/weestep-juodos-su-geltonu-spalvos-aulinukai-su-pasiltinimu-berniukams-2\/#primaryimage"},"thumbnailUrl":"https:\/\/batai4u.lt\/wp-content\/uploads\/2022\/03\/IMG_20220322_201359-scaled.jpg","datePublished":"2022-10-10T08:34:18+00:00","dateModified":"2024-10-06T18:32:15+00:00","breadcrumb":{"@id":"https:\/\/batai4u.lt\/index.php\/product\/weestep-juodos-su-geltonu-spalvos-aulinukai-su-pasiltinimu-berniukams-2\/#breadcrumb"},"inLanguage":"en-US","potentialAction":[{"@type":"ReadAction","target":["https:\/\/batai4u.lt\/index.php\/product\/weestep-juodos-su-geltonu-spalvos-aulinukai-su-pasiltinimu-berniukams-2\/"]}]},{"@type":"ImageObject","inLanguage":"en-US","@id":"https:\/\/batai4u.lt\/index.php\/product\/weestep-juodos-su-geltonu-spalvos-aulinukai-su-pasiltinimu-berniukams-2\/#primaryimage","url":"https:\/\/batai4u.lt\/wp-content\/uploads\/2022\/03\/IMG_20220322_201359-scaled.jpg","contentUrl":"https:\/\/batai4u.lt\/wp-content\/uploads\/2022\/03\/IMG_20220322_201359-scaled.jpg","width":1712,"height":2560},{"@type":"BreadcrumbList","@id":"https:\/\/batai4u.lt\/index.php\/product\/weestep-juodos-su-geltonu-spalvos-aulinukai-su-pasiltinimu-berniukams-2\/#breadcrumb","itemListElement":[{"@type":"ListItem","position":1,"name":"Home","item":"https:\/\/batai4u.lt\/"},{"@type":"ListItem","position":2,"name":"Parduotuv\u0117","item":"https:\/\/batai4u.lt\/index.php\/shop\/"},{"@type":"ListItem","position":3,"name":"R006355421 WEESTEP demisezoniniai juodos aulinukai 22-26d"}]},{"@type":"WebSite","@id":"https:\/\/batai4u.lt\/#website","url":"https:\/\/batai4u.lt\/","name":"Batai4u.lt","description":"batai vaikams ir ne tik","publisher":{"@id":"https:\/\/batai4u.lt\/#\/schema\/person\/8cc43a99285533a2c3e2c58a641f566a"},"potentialAction":[{"@type":"SearchAction","target":{"@type":"EntryPoint","urlTemplate":"https:\/\/batai4u.lt\/?s={search_term_string}"},"query-input":{"@type":"PropertyValueSpecification","valueRequired":true,"valueName":"search_term_string"}}],"inLanguage":"en-US"},{"@type":["Person","Organization"],"@id":"https:\/\/batai4u.lt\/#\/schema\/person\/8cc43a99285533a2c3e2c58a641f566a","name":"Erika Steponavi\u010dien\u0117","image":{"@type":"ImageObject","inLanguage":"en-US","@id":"https:\/\/secure.gravatar.com\/avatar\/de70a9d8a8fae7160f42990935bcabb5f827c9e01e111e0bcd4d408af9ba954c?s=96&d=mm&r=g","url":"https:\/\/secure.gravatar.com\/avatar\/de70a9d8a8fae7160f42990935bcabb5f827c9e01e111e0bcd4d408af9ba954c?s=96&d=mm&r=g","contentUrl":"https:\/\/secure.gravatar.com\/avatar\/de70a9d8a8fae7160f42990935bcabb5f827c9e01e111e0bcd4d408af9ba954c?s=96&d=mm&r=g","caption":"Erika Steponavi\u010dien\u0117"},"logo":{"@id":"https:\/\/secure.gravatar.com\/avatar\/de70a9d8a8fae7160f42990935bcabb5f827c9e01e111e0bcd4d408af9ba954c?s=96&d=mm&r=g"},"sameAs":["http:\/\/batai4u.lt"]}]}},"jetpack_sharing_enabled":true,"_links":{"self":[{"href":"https:\/\/batai4u.lt\/index.php\/wp-json\/wp\/v2\/product\/3676","targetHints":{"allow":["GET"]}}],"collection":[{"href":"https:\/\/batai4u.lt\/index.php\/wp-json\/wp\/v2\/product"}],"about":[{"href":"https:\/\/batai4u.lt\/index.php\/wp-json\/wp\/v2\/types\/product"}],"replies":[{"embeddable":true,"href":"https:\/\/batai4u.lt\/index.php\/wp-json\/wp\/v2\/comments?post=3676"}],"wp:featuredmedia":[{"embeddable":true,"href":"https:\/\/batai4u.lt\/index.php\/wp-json\/wp\/v2\/media\/3180"}],"wp:attachment":[{"href":"https:\/\/batai4u.lt\/index.php\/wp-json\/wp\/v2\/media?parent=3676"}],"wp:term":[{"taxonomy":"product_brand","embeddable":true,"href":"https:\/\/batai4u.lt\/index.php\/wp-json\/wp\/v2\/product_brand?post=3676"},{"taxonomy":"product_cat","embeddable":true,"href":"https:\/\/batai4u.lt\/index.php\/wp-json\/wp\/v2\/product_cat?post=3676"},{"taxonomy":"product_tag","embeddable":true,"href":"https:\/\/batai4u.lt\/index.php\/wp-json\/wp\/v2\/product_tag?post=3676"}],"curies":[{"name":"wp","href":"https:\/\/api.w.org\/{rel}","templated":true}]}}