{"id":3693,"date":"2022-10-10T08:39:11","date_gmt":"2022-10-10T08:39:11","guid":{"rendered":"https:\/\/batai4u.lt\/?post_type=product&#038;p=3693"},"modified":"2024-10-07T17:12:33","modified_gmt":"2024-10-07T17:12:33","slug":"weestep-juodos-spalvos-aulinukai-su-pasiltinimu-mergaitems","status":"publish","type":"product","link":"https:\/\/batai4u.lt\/index.php\/product\/weestep-juodos-spalvos-aulinukai-su-pasiltinimu-mergaitems\/","title":{"rendered":"R038856323 WEESTEP demisezoniniai juodos spalvos aulinukai 32-37d (Liko 32d)"},"content":{"rendered":"<blockquote><p>Vidpad\u017eio ilgis<\/p><\/blockquote>\n<ul>\n<li>32d-20,5cm<\/li>\n<li>33d-21cm<\/li>\n<li>34d-21,8cm<\/li>\n<li>35d-22,2cm<\/li>\n<li>36d-23cm<\/li>\n<li>37d-23,5cm<\/li>\n<\/ul>\n","protected":false},"excerpt":{"rendered":"<ol>\n<li>\n<blockquote><p>WEESTEP ortopediniai su supinatorium ir tvirta u\u017ekulne. Odiniai, pilnai su pa\u0161iltinimu. Su u\u017etrauktuku ir lipukais. Auk\u0161tesniu padu. Tinka ir platesn\u0117m p\u0117dut\u0117m. Kokyb\u0117 garantuota. Itin lengvi, lankst\u016bs ir mink\u0161ti. Pilnai atspar\u016bs vandeniui.<\/p><\/blockquote>\n<\/li>\n<\/ol>\n","protected":false},"featured_media":2504,"comment_status":"closed","ping_status":"closed","template":"","meta":[],"product_brand":[],"product_cat":[63,59],"product_tag":[95,82,83],"class_list":{"0":"post-3693","1":"product","2":"type-product","3":"status-publish","4":"has-post-thumbnail","6":"product_cat-vaikinam-merginom-batai","7":"product_cat-mergaiteme-ruduo-pavasaris","8":"product_tag-95","9":"product_tag-demisezoniniai","10":"product_tag-weestep","11":"futurio-has-gallery","13":"first","14":"instock","15":"shipping-taxable","16":"purchasable","17":"product-type-variable"},"yoast_head":"<!-- This site is optimized with the Yoast SEO plugin v27.5 - https:\/\/yoast.com\/product\/yoast-seo-wordpress\/ -->\n<title>R038856323 WEESTEP demisezoniniai juodos spalvos aulinukai 32-37d (Liko 32d) - Batai4u.lt<\/title>\n<meta name=\"robots\" content=\"index, follow, max-snippet:-1, max-image-preview:large, max-video-preview:-1\" \/>\n<link rel=\"canonical\" href=\"https:\/\/batai4u.lt\/index.php\/product\/weestep-juodos-spalvos-aulinukai-su-pasiltinimu-mergaitems\/\" \/>\n<meta property=\"og:locale\" content=\"en_US\" \/>\n<meta property=\"og:type\" content=\"article\" \/>\n<meta property=\"og:title\" content=\"R038856323 WEESTEP demisezoniniai juodos spalvos aulinukai 32-37d (Liko 32d) - Batai4u.lt\" \/>\n<meta property=\"og:description\" content=\"WEESTEP ortopediniai su supinatorium ir tvirta u\u017ekulne. Odiniai, pilnai su pa\u0161iltinimu. Su u\u017etrauktuku ir lipukais. Auk\u0161tesniu padu. Tinka ir platesn\u0117m p\u0117dut\u0117m. Kokyb\u0117 garantuota. Itin lengvi, lankst\u016bs ir mink\u0161ti. Pilnai atspar\u016bs vandeniui.\" \/>\n<meta property=\"og:url\" content=\"https:\/\/batai4u.lt\/index.php\/product\/weestep-juodos-spalvos-aulinukai-su-pasiltinimu-mergaitems\/\" \/>\n<meta property=\"og:site_name\" content=\"Batai4u.lt\" \/>\n<meta property=\"article:modified_time\" content=\"2024-10-07T17:12:33+00:00\" \/>\n<meta property=\"og:image\" content=\"https:\/\/batai4u.lt\/wp-content\/uploads\/2021\/10\/IMG_20210927_144151-scaled.jpg\" \/>\n\t<meta property=\"og:image:width\" content=\"2016\" \/>\n\t<meta property=\"og:image:height\" content=\"2560\" \/>\n\t<meta property=\"og:image:type\" content=\"image\/jpeg\" \/>\n<meta name=\"twitter:card\" content=\"summary_large_image\" \/>\n<script type=\"application\/ld+json\" class=\"yoast-schema-graph\">{\"@context\":\"https:\\\/\\\/schema.org\",\"@graph\":[{\"@type\":\"WebPage\",\"@id\":\"https:\\\/\\\/batai4u.lt\\\/index.php\\\/product\\\/weestep-juodos-spalvos-aulinukai-su-pasiltinimu-mergaitems\\\/\",\"url\":\"https:\\\/\\\/batai4u.lt\\\/index.php\\\/product\\\/weestep-juodos-spalvos-aulinukai-su-pasiltinimu-mergaitems\\\/\",\"name\":\"R038856323 WEESTEP demisezoniniai juodos spalvos aulinukai 32-37d (Liko 32d) - Batai4u.lt\",\"isPartOf\":{\"@id\":\"https:\\\/\\\/batai4u.lt\\\/#website\"},\"primaryImageOfPage\":{\"@id\":\"https:\\\/\\\/batai4u.lt\\\/index.php\\\/product\\\/weestep-juodos-spalvos-aulinukai-su-pasiltinimu-mergaitems\\\/#primaryimage\"},\"image\":{\"@id\":\"https:\\\/\\\/batai4u.lt\\\/index.php\\\/product\\\/weestep-juodos-spalvos-aulinukai-su-pasiltinimu-mergaitems\\\/#primaryimage\"},\"thumbnailUrl\":\"https:\\\/\\\/batai4u.lt\\\/wp-content\\\/uploads\\\/2021\\\/10\\\/IMG_20210927_144151-scaled.jpg\",\"datePublished\":\"2022-10-10T08:39:11+00:00\",\"dateModified\":\"2024-10-07T17:12:33+00:00\",\"breadcrumb\":{\"@id\":\"https:\\\/\\\/batai4u.lt\\\/index.php\\\/product\\\/weestep-juodos-spalvos-aulinukai-su-pasiltinimu-mergaitems\\\/#breadcrumb\"},\"inLanguage\":\"en-US\",\"potentialAction\":[{\"@type\":\"ReadAction\",\"target\":[\"https:\\\/\\\/batai4u.lt\\\/index.php\\\/product\\\/weestep-juodos-spalvos-aulinukai-su-pasiltinimu-mergaitems\\\/\"]}]},{\"@type\":\"ImageObject\",\"inLanguage\":\"en-US\",\"@id\":\"https:\\\/\\\/batai4u.lt\\\/index.php\\\/product\\\/weestep-juodos-spalvos-aulinukai-su-pasiltinimu-mergaitems\\\/#primaryimage\",\"url\":\"https:\\\/\\\/batai4u.lt\\\/wp-content\\\/uploads\\\/2021\\\/10\\\/IMG_20210927_144151-scaled.jpg\",\"contentUrl\":\"https:\\\/\\\/batai4u.lt\\\/wp-content\\\/uploads\\\/2021\\\/10\\\/IMG_20210927_144151-scaled.jpg\",\"width\":2016,\"height\":2560},{\"@type\":\"BreadcrumbList\",\"@id\":\"https:\\\/\\\/batai4u.lt\\\/index.php\\\/product\\\/weestep-juodos-spalvos-aulinukai-su-pasiltinimu-mergaitems\\\/#breadcrumb\",\"itemListElement\":[{\"@type\":\"ListItem\",\"position\":1,\"name\":\"Home\",\"item\":\"https:\\\/\\\/batai4u.lt\\\/\"},{\"@type\":\"ListItem\",\"position\":2,\"name\":\"Parduotuv\u0117\",\"item\":\"https:\\\/\\\/batai4u.lt\\\/index.php\\\/shop\\\/\"},{\"@type\":\"ListItem\",\"position\":3,\"name\":\"R038856323 WEESTEP demisezoniniai juodos spalvos aulinukai 32-37d (Liko 32d)\"}]},{\"@type\":\"WebSite\",\"@id\":\"https:\\\/\\\/batai4u.lt\\\/#website\",\"url\":\"https:\\\/\\\/batai4u.lt\\\/\",\"name\":\"Batai4u.lt\",\"description\":\"batai vaikams ir ne tik\",\"publisher\":{\"@id\":\"https:\\\/\\\/batai4u.lt\\\/#\\\/schema\\\/person\\\/8cc43a99285533a2c3e2c58a641f566a\"},\"potentialAction\":[{\"@type\":\"SearchAction\",\"target\":{\"@type\":\"EntryPoint\",\"urlTemplate\":\"https:\\\/\\\/batai4u.lt\\\/?s={search_term_string}\"},\"query-input\":{\"@type\":\"PropertyValueSpecification\",\"valueRequired\":true,\"valueName\":\"search_term_string\"}}],\"inLanguage\":\"en-US\"},{\"@type\":[\"Person\",\"Organization\"],\"@id\":\"https:\\\/\\\/batai4u.lt\\\/#\\\/schema\\\/person\\\/8cc43a99285533a2c3e2c58a641f566a\",\"name\":\"Erika Steponavi\u010dien\u0117\",\"image\":{\"@type\":\"ImageObject\",\"inLanguage\":\"en-US\",\"@id\":\"https:\\\/\\\/secure.gravatar.com\\\/avatar\\\/de70a9d8a8fae7160f42990935bcabb5f827c9e01e111e0bcd4d408af9ba954c?s=96&d=mm&r=g\",\"url\":\"https:\\\/\\\/secure.gravatar.com\\\/avatar\\\/de70a9d8a8fae7160f42990935bcabb5f827c9e01e111e0bcd4d408af9ba954c?s=96&d=mm&r=g\",\"contentUrl\":\"https:\\\/\\\/secure.gravatar.com\\\/avatar\\\/de70a9d8a8fae7160f42990935bcabb5f827c9e01e111e0bcd4d408af9ba954c?s=96&d=mm&r=g\",\"caption\":\"Erika Steponavi\u010dien\u0117\"},\"logo\":{\"@id\":\"https:\\\/\\\/secure.gravatar.com\\\/avatar\\\/de70a9d8a8fae7160f42990935bcabb5f827c9e01e111e0bcd4d408af9ba954c?s=96&d=mm&r=g\"},\"sameAs\":[\"http:\\\/\\\/batai4u.lt\"]}]}<\/script>\n<!-- \/ Yoast SEO plugin. -->","yoast_head_json":{"title":"R038856323 WEESTEP demisezoniniai juodos spalvos aulinukai 32-37d (Liko 32d) - Batai4u.lt","robots":{"index":"index","follow":"follow","max-snippet":"max-snippet:-1","max-image-preview":"max-image-preview:large","max-video-preview":"max-video-preview:-1"},"canonical":"https:\/\/batai4u.lt\/index.php\/product\/weestep-juodos-spalvos-aulinukai-su-pasiltinimu-mergaitems\/","og_locale":"en_US","og_type":"article","og_title":"R038856323 WEESTEP demisezoniniai juodos spalvos aulinukai 32-37d (Liko 32d) - Batai4u.lt","og_description":"WEESTEP ortopediniai su supinatorium ir tvirta u\u017ekulne. Odiniai, pilnai su pa\u0161iltinimu. Su u\u017etrauktuku ir lipukais. Auk\u0161tesniu padu. Tinka ir platesn\u0117m p\u0117dut\u0117m. Kokyb\u0117 garantuota. Itin lengvi, lankst\u016bs ir mink\u0161ti. Pilnai atspar\u016bs vandeniui.","og_url":"https:\/\/batai4u.lt\/index.php\/product\/weestep-juodos-spalvos-aulinukai-su-pasiltinimu-mergaitems\/","og_site_name":"Batai4u.lt","article_modified_time":"2024-10-07T17:12:33+00:00","og_image":[{"width":2016,"height":2560,"url":"https:\/\/batai4u.lt\/wp-content\/uploads\/2021\/10\/IMG_20210927_144151-scaled.jpg","type":"image\/jpeg"}],"twitter_card":"summary_large_image","schema":{"@context":"https:\/\/schema.org","@graph":[{"@type":"WebPage","@id":"https:\/\/batai4u.lt\/index.php\/product\/weestep-juodos-spalvos-aulinukai-su-pasiltinimu-mergaitems\/","url":"https:\/\/batai4u.lt\/index.php\/product\/weestep-juodos-spalvos-aulinukai-su-pasiltinimu-mergaitems\/","name":"R038856323 WEESTEP demisezoniniai juodos spalvos aulinukai 32-37d (Liko 32d) - Batai4u.lt","isPartOf":{"@id":"https:\/\/batai4u.lt\/#website"},"primaryImageOfPage":{"@id":"https:\/\/batai4u.lt\/index.php\/product\/weestep-juodos-spalvos-aulinukai-su-pasiltinimu-mergaitems\/#primaryimage"},"image":{"@id":"https:\/\/batai4u.lt\/index.php\/product\/weestep-juodos-spalvos-aulinukai-su-pasiltinimu-mergaitems\/#primaryimage"},"thumbnailUrl":"https:\/\/batai4u.lt\/wp-content\/uploads\/2021\/10\/IMG_20210927_144151-scaled.jpg","datePublished":"2022-10-10T08:39:11+00:00","dateModified":"2024-10-07T17:12:33+00:00","breadcrumb":{"@id":"https:\/\/batai4u.lt\/index.php\/product\/weestep-juodos-spalvos-aulinukai-su-pasiltinimu-mergaitems\/#breadcrumb"},"inLanguage":"en-US","potentialAction":[{"@type":"ReadAction","target":["https:\/\/batai4u.lt\/index.php\/product\/weestep-juodos-spalvos-aulinukai-su-pasiltinimu-mergaitems\/"]}]},{"@type":"ImageObject","inLanguage":"en-US","@id":"https:\/\/batai4u.lt\/index.php\/product\/weestep-juodos-spalvos-aulinukai-su-pasiltinimu-mergaitems\/#primaryimage","url":"https:\/\/batai4u.lt\/wp-content\/uploads\/2021\/10\/IMG_20210927_144151-scaled.jpg","contentUrl":"https:\/\/batai4u.lt\/wp-content\/uploads\/2021\/10\/IMG_20210927_144151-scaled.jpg","width":2016,"height":2560},{"@type":"BreadcrumbList","@id":"https:\/\/batai4u.lt\/index.php\/product\/weestep-juodos-spalvos-aulinukai-su-pasiltinimu-mergaitems\/#breadcrumb","itemListElement":[{"@type":"ListItem","position":1,"name":"Home","item":"https:\/\/batai4u.lt\/"},{"@type":"ListItem","position":2,"name":"Parduotuv\u0117","item":"https:\/\/batai4u.lt\/index.php\/shop\/"},{"@type":"ListItem","position":3,"name":"R038856323 WEESTEP demisezoniniai juodos spalvos aulinukai 32-37d (Liko 32d)"}]},{"@type":"WebSite","@id":"https:\/\/batai4u.lt\/#website","url":"https:\/\/batai4u.lt\/","name":"Batai4u.lt","description":"batai vaikams ir ne tik","publisher":{"@id":"https:\/\/batai4u.lt\/#\/schema\/person\/8cc43a99285533a2c3e2c58a641f566a"},"potentialAction":[{"@type":"SearchAction","target":{"@type":"EntryPoint","urlTemplate":"https:\/\/batai4u.lt\/?s={search_term_string}"},"query-input":{"@type":"PropertyValueSpecification","valueRequired":true,"valueName":"search_term_string"}}],"inLanguage":"en-US"},{"@type":["Person","Organization"],"@id":"https:\/\/batai4u.lt\/#\/schema\/person\/8cc43a99285533a2c3e2c58a641f566a","name":"Erika Steponavi\u010dien\u0117","image":{"@type":"ImageObject","inLanguage":"en-US","@id":"https:\/\/secure.gravatar.com\/avatar\/de70a9d8a8fae7160f42990935bcabb5f827c9e01e111e0bcd4d408af9ba954c?s=96&d=mm&r=g","url":"https:\/\/secure.gravatar.com\/avatar\/de70a9d8a8fae7160f42990935bcabb5f827c9e01e111e0bcd4d408af9ba954c?s=96&d=mm&r=g","contentUrl":"https:\/\/secure.gravatar.com\/avatar\/de70a9d8a8fae7160f42990935bcabb5f827c9e01e111e0bcd4d408af9ba954c?s=96&d=mm&r=g","caption":"Erika Steponavi\u010dien\u0117"},"logo":{"@id":"https:\/\/secure.gravatar.com\/avatar\/de70a9d8a8fae7160f42990935bcabb5f827c9e01e111e0bcd4d408af9ba954c?s=96&d=mm&r=g"},"sameAs":["http:\/\/batai4u.lt"]}]}},"jetpack_sharing_enabled":true,"_links":{"self":[{"href":"https:\/\/batai4u.lt\/index.php\/wp-json\/wp\/v2\/product\/3693","targetHints":{"allow":["GET"]}}],"collection":[{"href":"https:\/\/batai4u.lt\/index.php\/wp-json\/wp\/v2\/product"}],"about":[{"href":"https:\/\/batai4u.lt\/index.php\/wp-json\/wp\/v2\/types\/product"}],"replies":[{"embeddable":true,"href":"https:\/\/batai4u.lt\/index.php\/wp-json\/wp\/v2\/comments?post=3693"}],"wp:featuredmedia":[{"embeddable":true,"href":"https:\/\/batai4u.lt\/index.php\/wp-json\/wp\/v2\/media\/2504"}],"wp:attachment":[{"href":"https:\/\/batai4u.lt\/index.php\/wp-json\/wp\/v2\/media?parent=3693"}],"wp:term":[{"taxonomy":"product_brand","embeddable":true,"href":"https:\/\/batai4u.lt\/index.php\/wp-json\/wp\/v2\/product_brand?post=3693"},{"taxonomy":"product_cat","embeddable":true,"href":"https:\/\/batai4u.lt\/index.php\/wp-json\/wp\/v2\/product_cat?post=3693"},{"taxonomy":"product_tag","embeddable":true,"href":"https:\/\/batai4u.lt\/index.php\/wp-json\/wp\/v2\/product_tag?post=3693"}],"curies":[{"name":"wp","href":"https:\/\/api.w.org\/{rel}","templated":true}]}}