{"id":3700,"date":"2022-10-10T08:40:10","date_gmt":"2022-10-10T08:40:10","guid":{"rendered":"https:\/\/batai4u.lt\/?post_type=product&#038;p=3700"},"modified":"2024-10-19T11:42:31","modified_gmt":"2024-10-19T11:42:31","slug":"weestep-baltos-spalvos-aulinukai-su-pasiltinimu-berniukams","status":"publish","type":"product","link":"https:\/\/batai4u.lt\/index.php\/product\/weestep-baltos-spalvos-aulinukai-su-pasiltinimu-berniukams\/","title":{"rendered":"R506355116 WEESTEP demisezoniniai baltos spalvos aulinukai 22-26d"},"content":{"rendered":"<blockquote><p>22d- 14,5cm<\/p><\/blockquote>\n<p>23d- 14,9cm<\/p>\n<p>24d- 15,6cm<\/p>\n<p>25d- 16,2cm<\/p>\n<p>26d- 16,9cm<\/p>\n<p>&nbsp;<\/p>\n","protected":false},"excerpt":{"rendered":"<p>WEESTEP ortopediniai\u00a0 aulinukais. Su plonu pa\u0161iltinimu visame bate.Turi supinatiriu bei tvirt\u0105 u\u017ekiln\u012f.\u00a0 Auk\u0161tos kokyb\u0117s.\u00a0 Odiniai. Lengvas modeliukas. Patogiai nusiima ir u\u017esideda. Su u\u017etrauktuku ir lipuku. Turi at\u0161vaitus. Rai\u0161teliai guminiai. ATSPAR\u016aS VANDENIUI<\/p>\n<p>&nbsp;<\/p>\n<p>&nbsp;<\/p>\n","protected":false},"featured_media":2390,"comment_status":"closed","ping_status":"closed","template":"","meta":[],"product_brand":[],"product_cat":[60],"product_tag":[86,87,88,82,83],"class_list":{"0":"post-3700","1":"product","2":"type-product","3":"status-publish","4":"has-post-thumbnail","6":"product_cat-berniukams-ruduo-pavasaris","7":"product_tag-86","8":"product_tag-87","9":"product_tag-88","10":"product_tag-demisezoniniai","11":"product_tag-weestep","12":"futurio-has-gallery","14":"first","15":"instock","16":"sale","17":"shipping-taxable","18":"purchasable","19":"product-type-variable","20":"has-default-attributes"},"yoast_head":"<!-- This site is optimized with the Yoast SEO plugin v27.5 - https:\/\/yoast.com\/product\/yoast-seo-wordpress\/ -->\n<title>R506355116 WEESTEP demisezoniniai baltos spalvos aulinukai 22-26d - Batai4u.lt<\/title>\n<meta name=\"robots\" content=\"index, follow, max-snippet:-1, max-image-preview:large, max-video-preview:-1\" \/>\n<link rel=\"canonical\" href=\"https:\/\/batai4u.lt\/index.php\/product\/weestep-baltos-spalvos-aulinukai-su-pasiltinimu-berniukams\/\" \/>\n<meta property=\"og:locale\" content=\"en_US\" \/>\n<meta property=\"og:type\" content=\"article\" \/>\n<meta property=\"og:title\" content=\"R506355116 WEESTEP demisezoniniai baltos spalvos aulinukai 22-26d - Batai4u.lt\" \/>\n<meta property=\"og:description\" content=\"WEESTEP ortopediniai\u00a0 aulinukais. Su plonu pa\u0161iltinimu visame bate.Turi supinatiriu bei tvirt\u0105 u\u017ekiln\u012f.\u00a0 Auk\u0161tos kokyb\u0117s.\u00a0 Odiniai. Lengvas modeliukas. Patogiai nusiima ir u\u017esideda. Su u\u017etrauktuku ir lipuku. Turi at\u0161vaitus. Rai\u0161teliai guminiai. ATSPAR\u016aS VANDENIUI  &nbsp;  &nbsp;\" \/>\n<meta property=\"og:url\" content=\"https:\/\/batai4u.lt\/index.php\/product\/weestep-baltos-spalvos-aulinukai-su-pasiltinimu-berniukams\/\" \/>\n<meta property=\"og:site_name\" content=\"Batai4u.lt\" \/>\n<meta property=\"article:modified_time\" content=\"2024-10-19T11:42:31+00:00\" \/>\n<meta property=\"og:image\" content=\"https:\/\/batai4u.lt\/wp-content\/uploads\/2021\/09\/IMG_20210906_192604-scaled.jpg\" \/>\n\t<meta property=\"og:image:width\" content=\"1152\" \/>\n\t<meta property=\"og:image:height\" content=\"2560\" \/>\n\t<meta property=\"og:image:type\" content=\"image\/jpeg\" \/>\n<meta name=\"twitter:card\" content=\"summary_large_image\" \/>\n<script type=\"application\/ld+json\" class=\"yoast-schema-graph\">{\"@context\":\"https:\\\/\\\/schema.org\",\"@graph\":[{\"@type\":\"WebPage\",\"@id\":\"https:\\\/\\\/batai4u.lt\\\/index.php\\\/product\\\/weestep-baltos-spalvos-aulinukai-su-pasiltinimu-berniukams\\\/\",\"url\":\"https:\\\/\\\/batai4u.lt\\\/index.php\\\/product\\\/weestep-baltos-spalvos-aulinukai-su-pasiltinimu-berniukams\\\/\",\"name\":\"R506355116 WEESTEP demisezoniniai baltos spalvos aulinukai 22-26d - Batai4u.lt\",\"isPartOf\":{\"@id\":\"https:\\\/\\\/batai4u.lt\\\/#website\"},\"primaryImageOfPage\":{\"@id\":\"https:\\\/\\\/batai4u.lt\\\/index.php\\\/product\\\/weestep-baltos-spalvos-aulinukai-su-pasiltinimu-berniukams\\\/#primaryimage\"},\"image\":{\"@id\":\"https:\\\/\\\/batai4u.lt\\\/index.php\\\/product\\\/weestep-baltos-spalvos-aulinukai-su-pasiltinimu-berniukams\\\/#primaryimage\"},\"thumbnailUrl\":\"https:\\\/\\\/batai4u.lt\\\/wp-content\\\/uploads\\\/2021\\\/09\\\/IMG_20210906_192604-scaled.jpg\",\"datePublished\":\"2022-10-10T08:40:10+00:00\",\"dateModified\":\"2024-10-19T11:42:31+00:00\",\"breadcrumb\":{\"@id\":\"https:\\\/\\\/batai4u.lt\\\/index.php\\\/product\\\/weestep-baltos-spalvos-aulinukai-su-pasiltinimu-berniukams\\\/#breadcrumb\"},\"inLanguage\":\"en-US\",\"potentialAction\":[{\"@type\":\"ReadAction\",\"target\":[\"https:\\\/\\\/batai4u.lt\\\/index.php\\\/product\\\/weestep-baltos-spalvos-aulinukai-su-pasiltinimu-berniukams\\\/\"]}]},{\"@type\":\"ImageObject\",\"inLanguage\":\"en-US\",\"@id\":\"https:\\\/\\\/batai4u.lt\\\/index.php\\\/product\\\/weestep-baltos-spalvos-aulinukai-su-pasiltinimu-berniukams\\\/#primaryimage\",\"url\":\"https:\\\/\\\/batai4u.lt\\\/wp-content\\\/uploads\\\/2021\\\/09\\\/IMG_20210906_192604-scaled.jpg\",\"contentUrl\":\"https:\\\/\\\/batai4u.lt\\\/wp-content\\\/uploads\\\/2021\\\/09\\\/IMG_20210906_192604-scaled.jpg\",\"width\":1152,\"height\":2560},{\"@type\":\"BreadcrumbList\",\"@id\":\"https:\\\/\\\/batai4u.lt\\\/index.php\\\/product\\\/weestep-baltos-spalvos-aulinukai-su-pasiltinimu-berniukams\\\/#breadcrumb\",\"itemListElement\":[{\"@type\":\"ListItem\",\"position\":1,\"name\":\"Home\",\"item\":\"https:\\\/\\\/batai4u.lt\\\/\"},{\"@type\":\"ListItem\",\"position\":2,\"name\":\"Parduotuv\u0117\",\"item\":\"https:\\\/\\\/batai4u.lt\\\/index.php\\\/shop\\\/\"},{\"@type\":\"ListItem\",\"position\":3,\"name\":\"R506355116 WEESTEP demisezoniniai baltos spalvos aulinukai 22-26d\"}]},{\"@type\":\"WebSite\",\"@id\":\"https:\\\/\\\/batai4u.lt\\\/#website\",\"url\":\"https:\\\/\\\/batai4u.lt\\\/\",\"name\":\"Batai4u.lt\",\"description\":\"batai vaikams ir ne tik\",\"publisher\":{\"@id\":\"https:\\\/\\\/batai4u.lt\\\/#\\\/schema\\\/person\\\/8cc43a99285533a2c3e2c58a641f566a\"},\"potentialAction\":[{\"@type\":\"SearchAction\",\"target\":{\"@type\":\"EntryPoint\",\"urlTemplate\":\"https:\\\/\\\/batai4u.lt\\\/?s={search_term_string}\"},\"query-input\":{\"@type\":\"PropertyValueSpecification\",\"valueRequired\":true,\"valueName\":\"search_term_string\"}}],\"inLanguage\":\"en-US\"},{\"@type\":[\"Person\",\"Organization\"],\"@id\":\"https:\\\/\\\/batai4u.lt\\\/#\\\/schema\\\/person\\\/8cc43a99285533a2c3e2c58a641f566a\",\"name\":\"Erika Steponavi\u010dien\u0117\",\"image\":{\"@type\":\"ImageObject\",\"inLanguage\":\"en-US\",\"@id\":\"https:\\\/\\\/secure.gravatar.com\\\/avatar\\\/de70a9d8a8fae7160f42990935bcabb5f827c9e01e111e0bcd4d408af9ba954c?s=96&d=mm&r=g\",\"url\":\"https:\\\/\\\/secure.gravatar.com\\\/avatar\\\/de70a9d8a8fae7160f42990935bcabb5f827c9e01e111e0bcd4d408af9ba954c?s=96&d=mm&r=g\",\"contentUrl\":\"https:\\\/\\\/secure.gravatar.com\\\/avatar\\\/de70a9d8a8fae7160f42990935bcabb5f827c9e01e111e0bcd4d408af9ba954c?s=96&d=mm&r=g\",\"caption\":\"Erika Steponavi\u010dien\u0117\"},\"logo\":{\"@id\":\"https:\\\/\\\/secure.gravatar.com\\\/avatar\\\/de70a9d8a8fae7160f42990935bcabb5f827c9e01e111e0bcd4d408af9ba954c?s=96&d=mm&r=g\"},\"sameAs\":[\"http:\\\/\\\/batai4u.lt\"]}]}<\/script>\n<!-- \/ Yoast SEO plugin. -->","yoast_head_json":{"title":"R506355116 WEESTEP demisezoniniai baltos spalvos aulinukai 22-26d - Batai4u.lt","robots":{"index":"index","follow":"follow","max-snippet":"max-snippet:-1","max-image-preview":"max-image-preview:large","max-video-preview":"max-video-preview:-1"},"canonical":"https:\/\/batai4u.lt\/index.php\/product\/weestep-baltos-spalvos-aulinukai-su-pasiltinimu-berniukams\/","og_locale":"en_US","og_type":"article","og_title":"R506355116 WEESTEP demisezoniniai baltos spalvos aulinukai 22-26d - Batai4u.lt","og_description":"WEESTEP ortopediniai\u00a0 aulinukais. Su plonu pa\u0161iltinimu visame bate.Turi supinatiriu bei tvirt\u0105 u\u017ekiln\u012f.\u00a0 Auk\u0161tos kokyb\u0117s.\u00a0 Odiniai. Lengvas modeliukas. Patogiai nusiima ir u\u017esideda. Su u\u017etrauktuku ir lipuku. Turi at\u0161vaitus. Rai\u0161teliai guminiai. ATSPAR\u016aS VANDENIUI  &nbsp;  &nbsp;","og_url":"https:\/\/batai4u.lt\/index.php\/product\/weestep-baltos-spalvos-aulinukai-su-pasiltinimu-berniukams\/","og_site_name":"Batai4u.lt","article_modified_time":"2024-10-19T11:42:31+00:00","og_image":[{"width":1152,"height":2560,"url":"https:\/\/batai4u.lt\/wp-content\/uploads\/2021\/09\/IMG_20210906_192604-scaled.jpg","type":"image\/jpeg"}],"twitter_card":"summary_large_image","schema":{"@context":"https:\/\/schema.org","@graph":[{"@type":"WebPage","@id":"https:\/\/batai4u.lt\/index.php\/product\/weestep-baltos-spalvos-aulinukai-su-pasiltinimu-berniukams\/","url":"https:\/\/batai4u.lt\/index.php\/product\/weestep-baltos-spalvos-aulinukai-su-pasiltinimu-berniukams\/","name":"R506355116 WEESTEP demisezoniniai baltos spalvos aulinukai 22-26d - Batai4u.lt","isPartOf":{"@id":"https:\/\/batai4u.lt\/#website"},"primaryImageOfPage":{"@id":"https:\/\/batai4u.lt\/index.php\/product\/weestep-baltos-spalvos-aulinukai-su-pasiltinimu-berniukams\/#primaryimage"},"image":{"@id":"https:\/\/batai4u.lt\/index.php\/product\/weestep-baltos-spalvos-aulinukai-su-pasiltinimu-berniukams\/#primaryimage"},"thumbnailUrl":"https:\/\/batai4u.lt\/wp-content\/uploads\/2021\/09\/IMG_20210906_192604-scaled.jpg","datePublished":"2022-10-10T08:40:10+00:00","dateModified":"2024-10-19T11:42:31+00:00","breadcrumb":{"@id":"https:\/\/batai4u.lt\/index.php\/product\/weestep-baltos-spalvos-aulinukai-su-pasiltinimu-berniukams\/#breadcrumb"},"inLanguage":"en-US","potentialAction":[{"@type":"ReadAction","target":["https:\/\/batai4u.lt\/index.php\/product\/weestep-baltos-spalvos-aulinukai-su-pasiltinimu-berniukams\/"]}]},{"@type":"ImageObject","inLanguage":"en-US","@id":"https:\/\/batai4u.lt\/index.php\/product\/weestep-baltos-spalvos-aulinukai-su-pasiltinimu-berniukams\/#primaryimage","url":"https:\/\/batai4u.lt\/wp-content\/uploads\/2021\/09\/IMG_20210906_192604-scaled.jpg","contentUrl":"https:\/\/batai4u.lt\/wp-content\/uploads\/2021\/09\/IMG_20210906_192604-scaled.jpg","width":1152,"height":2560},{"@type":"BreadcrumbList","@id":"https:\/\/batai4u.lt\/index.php\/product\/weestep-baltos-spalvos-aulinukai-su-pasiltinimu-berniukams\/#breadcrumb","itemListElement":[{"@type":"ListItem","position":1,"name":"Home","item":"https:\/\/batai4u.lt\/"},{"@type":"ListItem","position":2,"name":"Parduotuv\u0117","item":"https:\/\/batai4u.lt\/index.php\/shop\/"},{"@type":"ListItem","position":3,"name":"R506355116 WEESTEP demisezoniniai baltos spalvos aulinukai 22-26d"}]},{"@type":"WebSite","@id":"https:\/\/batai4u.lt\/#website","url":"https:\/\/batai4u.lt\/","name":"Batai4u.lt","description":"batai vaikams ir ne tik","publisher":{"@id":"https:\/\/batai4u.lt\/#\/schema\/person\/8cc43a99285533a2c3e2c58a641f566a"},"potentialAction":[{"@type":"SearchAction","target":{"@type":"EntryPoint","urlTemplate":"https:\/\/batai4u.lt\/?s={search_term_string}"},"query-input":{"@type":"PropertyValueSpecification","valueRequired":true,"valueName":"search_term_string"}}],"inLanguage":"en-US"},{"@type":["Person","Organization"],"@id":"https:\/\/batai4u.lt\/#\/schema\/person\/8cc43a99285533a2c3e2c58a641f566a","name":"Erika Steponavi\u010dien\u0117","image":{"@type":"ImageObject","inLanguage":"en-US","@id":"https:\/\/secure.gravatar.com\/avatar\/de70a9d8a8fae7160f42990935bcabb5f827c9e01e111e0bcd4d408af9ba954c?s=96&d=mm&r=g","url":"https:\/\/secure.gravatar.com\/avatar\/de70a9d8a8fae7160f42990935bcabb5f827c9e01e111e0bcd4d408af9ba954c?s=96&d=mm&r=g","contentUrl":"https:\/\/secure.gravatar.com\/avatar\/de70a9d8a8fae7160f42990935bcabb5f827c9e01e111e0bcd4d408af9ba954c?s=96&d=mm&r=g","caption":"Erika Steponavi\u010dien\u0117"},"logo":{"@id":"https:\/\/secure.gravatar.com\/avatar\/de70a9d8a8fae7160f42990935bcabb5f827c9e01e111e0bcd4d408af9ba954c?s=96&d=mm&r=g"},"sameAs":["http:\/\/batai4u.lt"]}]}},"jetpack_sharing_enabled":true,"_links":{"self":[{"href":"https:\/\/batai4u.lt\/index.php\/wp-json\/wp\/v2\/product\/3700","targetHints":{"allow":["GET"]}}],"collection":[{"href":"https:\/\/batai4u.lt\/index.php\/wp-json\/wp\/v2\/product"}],"about":[{"href":"https:\/\/batai4u.lt\/index.php\/wp-json\/wp\/v2\/types\/product"}],"replies":[{"embeddable":true,"href":"https:\/\/batai4u.lt\/index.php\/wp-json\/wp\/v2\/comments?post=3700"}],"wp:featuredmedia":[{"embeddable":true,"href":"https:\/\/batai4u.lt\/index.php\/wp-json\/wp\/v2\/media\/2390"}],"wp:attachment":[{"href":"https:\/\/batai4u.lt\/index.php\/wp-json\/wp\/v2\/media?parent=3700"}],"wp:term":[{"taxonomy":"product_brand","embeddable":true,"href":"https:\/\/batai4u.lt\/index.php\/wp-json\/wp\/v2\/product_brand?post=3700"},{"taxonomy":"product_cat","embeddable":true,"href":"https:\/\/batai4u.lt\/index.php\/wp-json\/wp\/v2\/product_cat?post=3700"},{"taxonomy":"product_tag","embeddable":true,"href":"https:\/\/batai4u.lt\/index.php\/wp-json\/wp\/v2\/product_tag?post=3700"}],"curies":[{"name":"wp","href":"https:\/\/api.w.org\/{rel}","templated":true}]}}