{"id":3726,"date":"2022-10-10T09:02:57","date_gmt":"2022-10-10T09:02:57","guid":{"rendered":"https:\/\/batai4u.lt\/?post_type=product&#038;p=3726"},"modified":"2024-10-19T11:44:01","modified_gmt":"2024-10-19T11:44:01","slug":"weestep-balti-kedukai-su-pasiltinimu-mergaitei-2","status":"publish","type":"product","link":"https:\/\/batai4u.lt\/index.php\/product\/weestep-balti-kedukai-su-pasiltinimu-mergaitei-2\/","title":{"rendered":"WEESTEP demisezoniai aulinukai 32-37d"},"content":{"rendered":"<blockquote><p>Vidpad\u017eio ilgis<\/p>\n<ul>\n<li>32d-20,6cm<\/li>\n<li>33d-21,2cm<\/li>\n<li>34d-21,7cm<\/li>\n<li>35d-22,3cm<\/li>\n<li>36d-22,8cm<\/li>\n<li>37d-23,8cm<\/li>\n<\/ul>\n<\/blockquote>\n","protected":false},"excerpt":{"rendered":"<blockquote><p>WEESTEP ortopediniai ( su supinatorium ir tvirta u\u017ekulne) aulinukai. Su plonu pa\u0161iltinimu visame bate.. Puo\u0161ti blizgiom detal\u0117m.\u00a0 Odiniai. Lengvi ir lankst\u016bs.\u00a0 Su u\u017etrauktuku, lengva nusiimti ir u\u017esid\u0117ti. Modelis ma\u017eintas visu dyd\u017eiu. \u017eiur\u0117ti \u012f i\u0161matavimus. ATSPAR\u016aS VANDENIUI<\/p><\/blockquote>\n","protected":false},"featured_media":1561,"comment_status":"closed","ping_status":"closed","template":"","meta":[],"product_brand":[],"product_cat":[63,59],"product_tag":[100,102,103,82,83],"class_list":{"0":"post-3726","1":"product","2":"type-product","3":"status-publish","4":"has-post-thumbnail","6":"product_cat-vaikinam-merginom-batai","7":"product_cat-mergaiteme-ruduo-pavasaris","8":"product_tag-100","9":"product_tag-102","10":"product_tag-103","11":"product_tag-demisezoniniai","12":"product_tag-weestep","13":"futurio-has-gallery","15":"first","16":"instock","17":"sale","18":"shipping-taxable","19":"purchasable","20":"product-type-variable"},"yoast_head":"<!-- This site is optimized with the Yoast SEO plugin v27.5 - https:\/\/yoast.com\/product\/yoast-seo-wordpress\/ -->\n<title>WEESTEP demisezoniai aulinukai 32-37d - Batai4u.lt<\/title>\n<meta name=\"robots\" content=\"index, follow, max-snippet:-1, max-image-preview:large, max-video-preview:-1\" \/>\n<link rel=\"canonical\" href=\"https:\/\/batai4u.lt\/index.php\/product\/weestep-balti-kedukai-su-pasiltinimu-mergaitei-2\/\" \/>\n<meta property=\"og:locale\" content=\"en_US\" \/>\n<meta property=\"og:type\" content=\"article\" \/>\n<meta property=\"og:title\" content=\"WEESTEP demisezoniai aulinukai 32-37d - Batai4u.lt\" \/>\n<meta property=\"og:description\" content=\"WEESTEP ortopediniai ( su supinatorium ir tvirta u\u017ekulne) aulinukai. Su plonu pa\u0161iltinimu visame bate.. Puo\u0161ti blizgiom detal\u0117m.\u00a0 Odiniai. Lengvi ir lankst\u016bs.\u00a0 Su u\u017etrauktuku, lengva nusiimti ir u\u017esid\u0117ti. Modelis ma\u017eintas visu dyd\u017eiu. \u017eiur\u0117ti \u012f i\u0161matavimus. ATSPAR\u016aS VANDENIUI\" \/>\n<meta property=\"og:url\" content=\"https:\/\/batai4u.lt\/index.php\/product\/weestep-balti-kedukai-su-pasiltinimu-mergaitei-2\/\" \/>\n<meta property=\"og:site_name\" content=\"Batai4u.lt\" \/>\n<meta property=\"article:modified_time\" content=\"2024-10-19T11:44:01+00:00\" \/>\n<meta property=\"og:image\" content=\"https:\/\/batai4u.lt\/wp-content\/uploads\/2021\/03\/1615383282579-kedai-su-pa\u0161iltnimu-mergaitei.jpg\" \/>\n\t<meta property=\"og:image:width\" content=\"925\" \/>\n\t<meta property=\"og:image:height\" content=\"1242\" \/>\n\t<meta property=\"og:image:type\" content=\"image\/jpeg\" \/>\n<meta name=\"twitter:card\" content=\"summary_large_image\" \/>\n<script type=\"application\/ld+json\" class=\"yoast-schema-graph\">{\"@context\":\"https:\\\/\\\/schema.org\",\"@graph\":[{\"@type\":\"WebPage\",\"@id\":\"https:\\\/\\\/batai4u.lt\\\/index.php\\\/product\\\/weestep-balti-kedukai-su-pasiltinimu-mergaitei-2\\\/\",\"url\":\"https:\\\/\\\/batai4u.lt\\\/index.php\\\/product\\\/weestep-balti-kedukai-su-pasiltinimu-mergaitei-2\\\/\",\"name\":\"WEESTEP demisezoniai aulinukai 32-37d - Batai4u.lt\",\"isPartOf\":{\"@id\":\"https:\\\/\\\/batai4u.lt\\\/#website\"},\"primaryImageOfPage\":{\"@id\":\"https:\\\/\\\/batai4u.lt\\\/index.php\\\/product\\\/weestep-balti-kedukai-su-pasiltinimu-mergaitei-2\\\/#primaryimage\"},\"image\":{\"@id\":\"https:\\\/\\\/batai4u.lt\\\/index.php\\\/product\\\/weestep-balti-kedukai-su-pasiltinimu-mergaitei-2\\\/#primaryimage\"},\"thumbnailUrl\":\"https:\\\/\\\/batai4u.lt\\\/wp-content\\\/uploads\\\/2021\\\/03\\\/1615383282579-kedai-su-pa\u0161iltnimu-mergaitei.jpg\",\"datePublished\":\"2022-10-10T09:02:57+00:00\",\"dateModified\":\"2024-10-19T11:44:01+00:00\",\"breadcrumb\":{\"@id\":\"https:\\\/\\\/batai4u.lt\\\/index.php\\\/product\\\/weestep-balti-kedukai-su-pasiltinimu-mergaitei-2\\\/#breadcrumb\"},\"inLanguage\":\"en-US\",\"potentialAction\":[{\"@type\":\"ReadAction\",\"target\":[\"https:\\\/\\\/batai4u.lt\\\/index.php\\\/product\\\/weestep-balti-kedukai-su-pasiltinimu-mergaitei-2\\\/\"]}]},{\"@type\":\"ImageObject\",\"inLanguage\":\"en-US\",\"@id\":\"https:\\\/\\\/batai4u.lt\\\/index.php\\\/product\\\/weestep-balti-kedukai-su-pasiltinimu-mergaitei-2\\\/#primaryimage\",\"url\":\"https:\\\/\\\/batai4u.lt\\\/wp-content\\\/uploads\\\/2021\\\/03\\\/1615383282579-kedai-su-pa\u0161iltnimu-mergaitei.jpg\",\"contentUrl\":\"https:\\\/\\\/batai4u.lt\\\/wp-content\\\/uploads\\\/2021\\\/03\\\/1615383282579-kedai-su-pa\u0161iltnimu-mergaitei.jpg\",\"width\":925,\"height\":1242},{\"@type\":\"BreadcrumbList\",\"@id\":\"https:\\\/\\\/batai4u.lt\\\/index.php\\\/product\\\/weestep-balti-kedukai-su-pasiltinimu-mergaitei-2\\\/#breadcrumb\",\"itemListElement\":[{\"@type\":\"ListItem\",\"position\":1,\"name\":\"Home\",\"item\":\"https:\\\/\\\/batai4u.lt\\\/\"},{\"@type\":\"ListItem\",\"position\":2,\"name\":\"Parduotuv\u0117\",\"item\":\"https:\\\/\\\/batai4u.lt\\\/index.php\\\/shop\\\/\"},{\"@type\":\"ListItem\",\"position\":3,\"name\":\"WEESTEP demisezoniai aulinukai 32-37d\"}]},{\"@type\":\"WebSite\",\"@id\":\"https:\\\/\\\/batai4u.lt\\\/#website\",\"url\":\"https:\\\/\\\/batai4u.lt\\\/\",\"name\":\"Batai4u.lt\",\"description\":\"batai vaikams ir ne tik\",\"publisher\":{\"@id\":\"https:\\\/\\\/batai4u.lt\\\/#\\\/schema\\\/person\\\/8cc43a99285533a2c3e2c58a641f566a\"},\"potentialAction\":[{\"@type\":\"SearchAction\",\"target\":{\"@type\":\"EntryPoint\",\"urlTemplate\":\"https:\\\/\\\/batai4u.lt\\\/?s={search_term_string}\"},\"query-input\":{\"@type\":\"PropertyValueSpecification\",\"valueRequired\":true,\"valueName\":\"search_term_string\"}}],\"inLanguage\":\"en-US\"},{\"@type\":[\"Person\",\"Organization\"],\"@id\":\"https:\\\/\\\/batai4u.lt\\\/#\\\/schema\\\/person\\\/8cc43a99285533a2c3e2c58a641f566a\",\"name\":\"Erika Steponavi\u010dien\u0117\",\"image\":{\"@type\":\"ImageObject\",\"inLanguage\":\"en-US\",\"@id\":\"https:\\\/\\\/secure.gravatar.com\\\/avatar\\\/de70a9d8a8fae7160f42990935bcabb5f827c9e01e111e0bcd4d408af9ba954c?s=96&d=mm&r=g\",\"url\":\"https:\\\/\\\/secure.gravatar.com\\\/avatar\\\/de70a9d8a8fae7160f42990935bcabb5f827c9e01e111e0bcd4d408af9ba954c?s=96&d=mm&r=g\",\"contentUrl\":\"https:\\\/\\\/secure.gravatar.com\\\/avatar\\\/de70a9d8a8fae7160f42990935bcabb5f827c9e01e111e0bcd4d408af9ba954c?s=96&d=mm&r=g\",\"caption\":\"Erika Steponavi\u010dien\u0117\"},\"logo\":{\"@id\":\"https:\\\/\\\/secure.gravatar.com\\\/avatar\\\/de70a9d8a8fae7160f42990935bcabb5f827c9e01e111e0bcd4d408af9ba954c?s=96&d=mm&r=g\"},\"sameAs\":[\"http:\\\/\\\/batai4u.lt\"]}]}<\/script>\n<!-- \/ Yoast SEO plugin. -->","yoast_head_json":{"title":"WEESTEP demisezoniai aulinukai 32-37d - Batai4u.lt","robots":{"index":"index","follow":"follow","max-snippet":"max-snippet:-1","max-image-preview":"max-image-preview:large","max-video-preview":"max-video-preview:-1"},"canonical":"https:\/\/batai4u.lt\/index.php\/product\/weestep-balti-kedukai-su-pasiltinimu-mergaitei-2\/","og_locale":"en_US","og_type":"article","og_title":"WEESTEP demisezoniai aulinukai 32-37d - Batai4u.lt","og_description":"WEESTEP ortopediniai ( su supinatorium ir tvirta u\u017ekulne) aulinukai. Su plonu pa\u0161iltinimu visame bate.. Puo\u0161ti blizgiom detal\u0117m.\u00a0 Odiniai. Lengvi ir lankst\u016bs.\u00a0 Su u\u017etrauktuku, lengva nusiimti ir u\u017esid\u0117ti. Modelis ma\u017eintas visu dyd\u017eiu. \u017eiur\u0117ti \u012f i\u0161matavimus. ATSPAR\u016aS VANDENIUI","og_url":"https:\/\/batai4u.lt\/index.php\/product\/weestep-balti-kedukai-su-pasiltinimu-mergaitei-2\/","og_site_name":"Batai4u.lt","article_modified_time":"2024-10-19T11:44:01+00:00","og_image":[{"width":925,"height":1242,"url":"https:\/\/batai4u.lt\/wp-content\/uploads\/2021\/03\/1615383282579-kedai-su-pa\u0161iltnimu-mergaitei.jpg","type":"image\/jpeg"}],"twitter_card":"summary_large_image","schema":{"@context":"https:\/\/schema.org","@graph":[{"@type":"WebPage","@id":"https:\/\/batai4u.lt\/index.php\/product\/weestep-balti-kedukai-su-pasiltinimu-mergaitei-2\/","url":"https:\/\/batai4u.lt\/index.php\/product\/weestep-balti-kedukai-su-pasiltinimu-mergaitei-2\/","name":"WEESTEP demisezoniai aulinukai 32-37d - Batai4u.lt","isPartOf":{"@id":"https:\/\/batai4u.lt\/#website"},"primaryImageOfPage":{"@id":"https:\/\/batai4u.lt\/index.php\/product\/weestep-balti-kedukai-su-pasiltinimu-mergaitei-2\/#primaryimage"},"image":{"@id":"https:\/\/batai4u.lt\/index.php\/product\/weestep-balti-kedukai-su-pasiltinimu-mergaitei-2\/#primaryimage"},"thumbnailUrl":"https:\/\/batai4u.lt\/wp-content\/uploads\/2021\/03\/1615383282579-kedai-su-pa\u0161iltnimu-mergaitei.jpg","datePublished":"2022-10-10T09:02:57+00:00","dateModified":"2024-10-19T11:44:01+00:00","breadcrumb":{"@id":"https:\/\/batai4u.lt\/index.php\/product\/weestep-balti-kedukai-su-pasiltinimu-mergaitei-2\/#breadcrumb"},"inLanguage":"en-US","potentialAction":[{"@type":"ReadAction","target":["https:\/\/batai4u.lt\/index.php\/product\/weestep-balti-kedukai-su-pasiltinimu-mergaitei-2\/"]}]},{"@type":"ImageObject","inLanguage":"en-US","@id":"https:\/\/batai4u.lt\/index.php\/product\/weestep-balti-kedukai-su-pasiltinimu-mergaitei-2\/#primaryimage","url":"https:\/\/batai4u.lt\/wp-content\/uploads\/2021\/03\/1615383282579-kedai-su-pa\u0161iltnimu-mergaitei.jpg","contentUrl":"https:\/\/batai4u.lt\/wp-content\/uploads\/2021\/03\/1615383282579-kedai-su-pa\u0161iltnimu-mergaitei.jpg","width":925,"height":1242},{"@type":"BreadcrumbList","@id":"https:\/\/batai4u.lt\/index.php\/product\/weestep-balti-kedukai-su-pasiltinimu-mergaitei-2\/#breadcrumb","itemListElement":[{"@type":"ListItem","position":1,"name":"Home","item":"https:\/\/batai4u.lt\/"},{"@type":"ListItem","position":2,"name":"Parduotuv\u0117","item":"https:\/\/batai4u.lt\/index.php\/shop\/"},{"@type":"ListItem","position":3,"name":"WEESTEP demisezoniai aulinukai 32-37d"}]},{"@type":"WebSite","@id":"https:\/\/batai4u.lt\/#website","url":"https:\/\/batai4u.lt\/","name":"Batai4u.lt","description":"batai vaikams ir ne tik","publisher":{"@id":"https:\/\/batai4u.lt\/#\/schema\/person\/8cc43a99285533a2c3e2c58a641f566a"},"potentialAction":[{"@type":"SearchAction","target":{"@type":"EntryPoint","urlTemplate":"https:\/\/batai4u.lt\/?s={search_term_string}"},"query-input":{"@type":"PropertyValueSpecification","valueRequired":true,"valueName":"search_term_string"}}],"inLanguage":"en-US"},{"@type":["Person","Organization"],"@id":"https:\/\/batai4u.lt\/#\/schema\/person\/8cc43a99285533a2c3e2c58a641f566a","name":"Erika Steponavi\u010dien\u0117","image":{"@type":"ImageObject","inLanguage":"en-US","@id":"https:\/\/secure.gravatar.com\/avatar\/de70a9d8a8fae7160f42990935bcabb5f827c9e01e111e0bcd4d408af9ba954c?s=96&d=mm&r=g","url":"https:\/\/secure.gravatar.com\/avatar\/de70a9d8a8fae7160f42990935bcabb5f827c9e01e111e0bcd4d408af9ba954c?s=96&d=mm&r=g","contentUrl":"https:\/\/secure.gravatar.com\/avatar\/de70a9d8a8fae7160f42990935bcabb5f827c9e01e111e0bcd4d408af9ba954c?s=96&d=mm&r=g","caption":"Erika Steponavi\u010dien\u0117"},"logo":{"@id":"https:\/\/secure.gravatar.com\/avatar\/de70a9d8a8fae7160f42990935bcabb5f827c9e01e111e0bcd4d408af9ba954c?s=96&d=mm&r=g"},"sameAs":["http:\/\/batai4u.lt"]}]}},"jetpack_sharing_enabled":true,"_links":{"self":[{"href":"https:\/\/batai4u.lt\/index.php\/wp-json\/wp\/v2\/product\/3726","targetHints":{"allow":["GET"]}}],"collection":[{"href":"https:\/\/batai4u.lt\/index.php\/wp-json\/wp\/v2\/product"}],"about":[{"href":"https:\/\/batai4u.lt\/index.php\/wp-json\/wp\/v2\/types\/product"}],"replies":[{"embeddable":true,"href":"https:\/\/batai4u.lt\/index.php\/wp-json\/wp\/v2\/comments?post=3726"}],"wp:featuredmedia":[{"embeddable":true,"href":"https:\/\/batai4u.lt\/index.php\/wp-json\/wp\/v2\/media\/1561"}],"wp:attachment":[{"href":"https:\/\/batai4u.lt\/index.php\/wp-json\/wp\/v2\/media?parent=3726"}],"wp:term":[{"taxonomy":"product_brand","embeddable":true,"href":"https:\/\/batai4u.lt\/index.php\/wp-json\/wp\/v2\/product_brand?post=3726"},{"taxonomy":"product_cat","embeddable":true,"href":"https:\/\/batai4u.lt\/index.php\/wp-json\/wp\/v2\/product_cat?post=3726"},{"taxonomy":"product_tag","embeddable":true,"href":"https:\/\/batai4u.lt\/index.php\/wp-json\/wp\/v2\/product_tag?post=3726"}],"curies":[{"name":"wp","href":"https:\/\/api.w.org\/{rel}","templated":true}]}}