{"id":3768,"date":"2022-10-10T09:14:50","date_gmt":"2022-10-10T09:14:50","guid":{"rendered":"https:\/\/batai4u.lt\/?post_type=product&#038;p=3768"},"modified":"2024-10-14T19:11:07","modified_gmt":"2024-10-14T19:11:07","slug":"weestep-demisezoniniai-aulinukai-r983266261","status":"publish","type":"product","link":"https:\/\/batai4u.lt\/index.php\/product\/weestep-demisezoniniai-aulinukai-r983266261\/","title":{"rendered":"R983266261 Weestep demisezoniniai aulinukai 32-37,5d"},"content":{"rendered":"<blockquote>\n<ol>\n<li>Vidpad\u017eio ilgis<\/li>\n<\/ol>\n<\/blockquote>\n<ul>\n<li>32d-21,4cm<\/li>\n<li>33d-21,8cm<\/li>\n<li>34d-22,2cm<\/li>\n<li>35d-22,8cm<\/li>\n<li>36d-23,5cm<\/li>\n<li>37d-24cm<\/li>\n<li>37,5d-24,5cm<\/li>\n<li><img decoding=\"async\" class=\"alignnone size-medium wp-image-4010\" src=\"https:\/\/batai4u.lt\/wp-content\/uploads\/2022\/10\/20231006_205816-300x94.jpg\" alt=\"\" width=\"300\" height=\"94\" srcset=\"https:\/\/batai4u.lt\/wp-content\/uploads\/2022\/10\/20231006_205816-300x94.jpg 300w, https:\/\/batai4u.lt\/wp-content\/uploads\/2022\/10\/20231006_205816-1024x321.jpg 1024w, https:\/\/batai4u.lt\/wp-content\/uploads\/2022\/10\/20231006_205816-768x241.jpg 768w, https:\/\/batai4u.lt\/wp-content\/uploads\/2022\/10\/20231006_205816-600x188.jpg 600w, https:\/\/batai4u.lt\/wp-content\/uploads\/2022\/10\/20231006_205816.jpg 1080w\" sizes=\"(max-width: 300px) 100vw, 300px\" \/><\/li>\n<li><img decoding=\"async\" class=\"alignnone size-full wp-image-3933\" src=\"https:\/\/batai4u.lt\/wp-content\/uploads\/2023\/10\/antishock.png\" alt=\"\" width=\"137\" height=\"113\" \/><img decoding=\"async\" class=\"alignnone size-full wp-image-3911\" src=\"https:\/\/batai4u.lt\/wp-content\/uploads\/2023\/09\/soft-comfort.png\" alt=\"\" width=\"137\" height=\"113\" \/><img loading=\"lazy\" decoding=\"async\" class=\"alignnone size-full wp-image-3910\" src=\"https:\/\/batai4u.lt\/wp-content\/uploads\/2023\/09\/sky-effect.png\" alt=\"\" width=\"136\" height=\"113\" \/><img loading=\"lazy\" decoding=\"async\" class=\"alignnone size-full wp-image-3908\" src=\"https:\/\/batai4u.lt\/wp-content\/uploads\/2023\/09\/nickelfree.png\" alt=\"\" width=\"137\" height=\"114\" \/><img loading=\"lazy\" decoding=\"async\" class=\"alignnone size-full wp-image-3907\" src=\"https:\/\/batai4u.lt\/wp-content\/uploads\/2023\/09\/lightness.png\" alt=\"\" width=\"136\" height=\"113\" \/><img loading=\"lazy\" decoding=\"async\" class=\"alignnone size-full wp-image-3900\" src=\"https:\/\/batai4u.lt\/wp-content\/uploads\/2023\/09\/flexible-action.png\" alt=\"\" width=\"136\" height=\"113\" \/><img loading=\"lazy\" decoding=\"async\" class=\"alignnone size-full wp-image-3899\" src=\"https:\/\/batai4u.lt\/wp-content\/uploads\/2023\/09\/easy-fitting.png\" alt=\"\" width=\"137\" height=\"113\" \/><img loading=\"lazy\" decoding=\"async\" class=\"alignnone size-full wp-image-3898\" src=\"https:\/\/batai4u.lt\/wp-content\/uploads\/2023\/09\/chromefree.png\" alt=\"\" width=\"136\" height=\"114\" \/><img loading=\"lazy\" decoding=\"async\" class=\"alignnone size-full wp-image-3896\" src=\"https:\/\/batai4u.lt\/wp-content\/uploads\/2023\/09\/ergonomic-shape.png\" alt=\"\" width=\"136\" height=\"113\" \/><\/li>\n<\/ul>\n","protected":false},"excerpt":{"rendered":"<ol>\n<li>\n<blockquote><p>WEESTEP demisezoniniai ortopediniai (su supinatorium ir tvirta u\u017ekulne bei pakietinti pir\u0161tukai0. Odiniai, pilnai su pa\u0161iltinimu. Su u\u017etrauktuku ir lipukais. Pasirink\u0119 38d gausite 37,5d.Tinka ir platesn\u0117m p\u0117dut\u0117m. Kokyb\u0117 garantuota. Itin lengvi, lankst\u016bs ir mink\u0161ti. Atspar\u016bs vandeniui. Aulinukai su at\u0161vaitukais. Lentel\u0117je gamintajas nurodo rekomenduojama p\u0117dos ilgi.<\/p>\n<p><img loading=\"lazy\" decoding=\"async\" class=\"alignnone wp-image-4001 size-thumbnail\" src=\"https:\/\/batai4u.lt\/wp-content\/uploads\/2023\/10\/PhotoRoom-20231006_195400-150x150.png\" alt=\"\" width=\"150\" height=\"150\" \/><\/p><\/blockquote>\n<\/li>\n<\/ol>\n<p><!--more--><\/p>\n","protected":false},"featured_media":4014,"comment_status":"closed","ping_status":"closed","template":"","meta":[],"product_brand":[],"product_cat":[60,63],"product_tag":[95,100,101,103,116,82,83],"class_list":{"0":"post-3768","1":"product","2":"type-product","3":"status-publish","4":"has-post-thumbnail","6":"product_cat-berniukams-ruduo-pavasaris","7":"product_cat-vaikinam-merginom-batai","8":"product_tag-95","9":"product_tag-100","10":"product_tag-101","11":"product_tag-103","12":"product_tag-37-5","13":"product_tag-demisezoniniai","14":"product_tag-weestep","15":"futurio-has-gallery","17":"first","18":"instock","19":"shipping-taxable","20":"purchasable","21":"product-type-variable"},"yoast_head":"<!-- This site is optimized with the Yoast SEO plugin v27.5 - https:\/\/yoast.com\/product\/yoast-seo-wordpress\/ -->\n<title>R983266261 Weestep demisezoniniai aulinukai 32-37,5d - Batai4u.lt<\/title>\n<meta name=\"robots\" content=\"index, follow, max-snippet:-1, max-image-preview:large, max-video-preview:-1\" \/>\n<link rel=\"canonical\" href=\"https:\/\/batai4u.lt\/index.php\/product\/weestep-demisezoniniai-aulinukai-r983266261\/\" \/>\n<meta property=\"og:locale\" content=\"en_US\" \/>\n<meta property=\"og:type\" content=\"article\" \/>\n<meta property=\"og:title\" content=\"R983266261 Weestep demisezoniniai aulinukai 32-37,5d - Batai4u.lt\" \/>\n<meta property=\"og:description\" content=\"WEESTEP demisezoniniai ortopediniai (su supinatorium ir tvirta u\u017ekulne bei pakietinti pir\u0161tukai0. Odiniai, pilnai su pa\u0161iltinimu. Su u\u017etrauktuku ir lipukais. Pasirink\u0119 38d gausite 37,5d.Tinka ir platesn\u0117m p\u0117dut\u0117m. Kokyb\u0117 garantuota. Itin lengvi, lankst\u016bs ir mink\u0161ti. Atspar\u016bs vandeniui. Aulinukai su at\u0161vaitukais. Lentel\u0117je gamintajas nurodo rekomenduojama p\u0117dos ilgi.\" \/>\n<meta property=\"og:url\" content=\"https:\/\/batai4u.lt\/index.php\/product\/weestep-demisezoniniai-aulinukai-r983266261\/\" \/>\n<meta property=\"og:site_name\" content=\"Batai4u.lt\" \/>\n<meta property=\"article:modified_time\" content=\"2024-10-14T19:11:07+00:00\" \/>\n<meta property=\"og:image\" content=\"https:\/\/batai4u.lt\/wp-content\/uploads\/2023\/10\/20231006_212514.png\" \/>\n\t<meta property=\"og:image:width\" content=\"1500\" \/>\n\t<meta property=\"og:image:height\" content=\"1800\" \/>\n\t<meta property=\"og:image:type\" content=\"image\/png\" \/>\n<meta name=\"twitter:card\" content=\"summary_large_image\" \/>\n<script type=\"application\/ld+json\" class=\"yoast-schema-graph\">{\"@context\":\"https:\\\/\\\/schema.org\",\"@graph\":[{\"@type\":\"WebPage\",\"@id\":\"https:\\\/\\\/batai4u.lt\\\/index.php\\\/product\\\/weestep-demisezoniniai-aulinukai-r983266261\\\/\",\"url\":\"https:\\\/\\\/batai4u.lt\\\/index.php\\\/product\\\/weestep-demisezoniniai-aulinukai-r983266261\\\/\",\"name\":\"R983266261 Weestep demisezoniniai aulinukai 32-37,5d - Batai4u.lt\",\"isPartOf\":{\"@id\":\"https:\\\/\\\/batai4u.lt\\\/#website\"},\"primaryImageOfPage\":{\"@id\":\"https:\\\/\\\/batai4u.lt\\\/index.php\\\/product\\\/weestep-demisezoniniai-aulinukai-r983266261\\\/#primaryimage\"},\"image\":{\"@id\":\"https:\\\/\\\/batai4u.lt\\\/index.php\\\/product\\\/weestep-demisezoniniai-aulinukai-r983266261\\\/#primaryimage\"},\"thumbnailUrl\":\"https:\\\/\\\/batai4u.lt\\\/wp-content\\\/uploads\\\/2023\\\/10\\\/20231006_212514.png\",\"datePublished\":\"2022-10-10T09:14:50+00:00\",\"dateModified\":\"2024-10-14T19:11:07+00:00\",\"breadcrumb\":{\"@id\":\"https:\\\/\\\/batai4u.lt\\\/index.php\\\/product\\\/weestep-demisezoniniai-aulinukai-r983266261\\\/#breadcrumb\"},\"inLanguage\":\"en-US\",\"potentialAction\":[{\"@type\":\"ReadAction\",\"target\":[\"https:\\\/\\\/batai4u.lt\\\/index.php\\\/product\\\/weestep-demisezoniniai-aulinukai-r983266261\\\/\"]}]},{\"@type\":\"ImageObject\",\"inLanguage\":\"en-US\",\"@id\":\"https:\\\/\\\/batai4u.lt\\\/index.php\\\/product\\\/weestep-demisezoniniai-aulinukai-r983266261\\\/#primaryimage\",\"url\":\"https:\\\/\\\/batai4u.lt\\\/wp-content\\\/uploads\\\/2023\\\/10\\\/20231006_212514.png\",\"contentUrl\":\"https:\\\/\\\/batai4u.lt\\\/wp-content\\\/uploads\\\/2023\\\/10\\\/20231006_212514.png\",\"width\":1500,\"height\":1800},{\"@type\":\"BreadcrumbList\",\"@id\":\"https:\\\/\\\/batai4u.lt\\\/index.php\\\/product\\\/weestep-demisezoniniai-aulinukai-r983266261\\\/#breadcrumb\",\"itemListElement\":[{\"@type\":\"ListItem\",\"position\":1,\"name\":\"Home\",\"item\":\"https:\\\/\\\/batai4u.lt\\\/\"},{\"@type\":\"ListItem\",\"position\":2,\"name\":\"Parduotuv\u0117\",\"item\":\"https:\\\/\\\/batai4u.lt\\\/index.php\\\/shop\\\/\"},{\"@type\":\"ListItem\",\"position\":3,\"name\":\"R983266261 Weestep demisezoniniai aulinukai 32-37,5d\"}]},{\"@type\":\"WebSite\",\"@id\":\"https:\\\/\\\/batai4u.lt\\\/#website\",\"url\":\"https:\\\/\\\/batai4u.lt\\\/\",\"name\":\"Batai4u.lt\",\"description\":\"batai vaikams ir ne tik\",\"publisher\":{\"@id\":\"https:\\\/\\\/batai4u.lt\\\/#\\\/schema\\\/person\\\/8cc43a99285533a2c3e2c58a641f566a\"},\"potentialAction\":[{\"@type\":\"SearchAction\",\"target\":{\"@type\":\"EntryPoint\",\"urlTemplate\":\"https:\\\/\\\/batai4u.lt\\\/?s={search_term_string}\"},\"query-input\":{\"@type\":\"PropertyValueSpecification\",\"valueRequired\":true,\"valueName\":\"search_term_string\"}}],\"inLanguage\":\"en-US\"},{\"@type\":[\"Person\",\"Organization\"],\"@id\":\"https:\\\/\\\/batai4u.lt\\\/#\\\/schema\\\/person\\\/8cc43a99285533a2c3e2c58a641f566a\",\"name\":\"Erika Steponavi\u010dien\u0117\",\"image\":{\"@type\":\"ImageObject\",\"inLanguage\":\"en-US\",\"@id\":\"https:\\\/\\\/secure.gravatar.com\\\/avatar\\\/de70a9d8a8fae7160f42990935bcabb5f827c9e01e111e0bcd4d408af9ba954c?s=96&d=mm&r=g\",\"url\":\"https:\\\/\\\/secure.gravatar.com\\\/avatar\\\/de70a9d8a8fae7160f42990935bcabb5f827c9e01e111e0bcd4d408af9ba954c?s=96&d=mm&r=g\",\"contentUrl\":\"https:\\\/\\\/secure.gravatar.com\\\/avatar\\\/de70a9d8a8fae7160f42990935bcabb5f827c9e01e111e0bcd4d408af9ba954c?s=96&d=mm&r=g\",\"caption\":\"Erika Steponavi\u010dien\u0117\"},\"logo\":{\"@id\":\"https:\\\/\\\/secure.gravatar.com\\\/avatar\\\/de70a9d8a8fae7160f42990935bcabb5f827c9e01e111e0bcd4d408af9ba954c?s=96&d=mm&r=g\"},\"sameAs\":[\"http:\\\/\\\/batai4u.lt\"]}]}<\/script>\n<!-- \/ Yoast SEO plugin. -->","yoast_head_json":{"title":"R983266261 Weestep demisezoniniai aulinukai 32-37,5d - Batai4u.lt","robots":{"index":"index","follow":"follow","max-snippet":"max-snippet:-1","max-image-preview":"max-image-preview:large","max-video-preview":"max-video-preview:-1"},"canonical":"https:\/\/batai4u.lt\/index.php\/product\/weestep-demisezoniniai-aulinukai-r983266261\/","og_locale":"en_US","og_type":"article","og_title":"R983266261 Weestep demisezoniniai aulinukai 32-37,5d - Batai4u.lt","og_description":"WEESTEP demisezoniniai ortopediniai (su supinatorium ir tvirta u\u017ekulne bei pakietinti pir\u0161tukai0. Odiniai, pilnai su pa\u0161iltinimu. Su u\u017etrauktuku ir lipukais. Pasirink\u0119 38d gausite 37,5d.Tinka ir platesn\u0117m p\u0117dut\u0117m. Kokyb\u0117 garantuota. Itin lengvi, lankst\u016bs ir mink\u0161ti. Atspar\u016bs vandeniui. Aulinukai su at\u0161vaitukais. Lentel\u0117je gamintajas nurodo rekomenduojama p\u0117dos ilgi.","og_url":"https:\/\/batai4u.lt\/index.php\/product\/weestep-demisezoniniai-aulinukai-r983266261\/","og_site_name":"Batai4u.lt","article_modified_time":"2024-10-14T19:11:07+00:00","og_image":[{"width":1500,"height":1800,"url":"https:\/\/batai4u.lt\/wp-content\/uploads\/2023\/10\/20231006_212514.png","type":"image\/png"}],"twitter_card":"summary_large_image","schema":{"@context":"https:\/\/schema.org","@graph":[{"@type":"WebPage","@id":"https:\/\/batai4u.lt\/index.php\/product\/weestep-demisezoniniai-aulinukai-r983266261\/","url":"https:\/\/batai4u.lt\/index.php\/product\/weestep-demisezoniniai-aulinukai-r983266261\/","name":"R983266261 Weestep demisezoniniai aulinukai 32-37,5d - Batai4u.lt","isPartOf":{"@id":"https:\/\/batai4u.lt\/#website"},"primaryImageOfPage":{"@id":"https:\/\/batai4u.lt\/index.php\/product\/weestep-demisezoniniai-aulinukai-r983266261\/#primaryimage"},"image":{"@id":"https:\/\/batai4u.lt\/index.php\/product\/weestep-demisezoniniai-aulinukai-r983266261\/#primaryimage"},"thumbnailUrl":"https:\/\/batai4u.lt\/wp-content\/uploads\/2023\/10\/20231006_212514.png","datePublished":"2022-10-10T09:14:50+00:00","dateModified":"2024-10-14T19:11:07+00:00","breadcrumb":{"@id":"https:\/\/batai4u.lt\/index.php\/product\/weestep-demisezoniniai-aulinukai-r983266261\/#breadcrumb"},"inLanguage":"en-US","potentialAction":[{"@type":"ReadAction","target":["https:\/\/batai4u.lt\/index.php\/product\/weestep-demisezoniniai-aulinukai-r983266261\/"]}]},{"@type":"ImageObject","inLanguage":"en-US","@id":"https:\/\/batai4u.lt\/index.php\/product\/weestep-demisezoniniai-aulinukai-r983266261\/#primaryimage","url":"https:\/\/batai4u.lt\/wp-content\/uploads\/2023\/10\/20231006_212514.png","contentUrl":"https:\/\/batai4u.lt\/wp-content\/uploads\/2023\/10\/20231006_212514.png","width":1500,"height":1800},{"@type":"BreadcrumbList","@id":"https:\/\/batai4u.lt\/index.php\/product\/weestep-demisezoniniai-aulinukai-r983266261\/#breadcrumb","itemListElement":[{"@type":"ListItem","position":1,"name":"Home","item":"https:\/\/batai4u.lt\/"},{"@type":"ListItem","position":2,"name":"Parduotuv\u0117","item":"https:\/\/batai4u.lt\/index.php\/shop\/"},{"@type":"ListItem","position":3,"name":"R983266261 Weestep demisezoniniai aulinukai 32-37,5d"}]},{"@type":"WebSite","@id":"https:\/\/batai4u.lt\/#website","url":"https:\/\/batai4u.lt\/","name":"Batai4u.lt","description":"batai vaikams ir ne tik","publisher":{"@id":"https:\/\/batai4u.lt\/#\/schema\/person\/8cc43a99285533a2c3e2c58a641f566a"},"potentialAction":[{"@type":"SearchAction","target":{"@type":"EntryPoint","urlTemplate":"https:\/\/batai4u.lt\/?s={search_term_string}"},"query-input":{"@type":"PropertyValueSpecification","valueRequired":true,"valueName":"search_term_string"}}],"inLanguage":"en-US"},{"@type":["Person","Organization"],"@id":"https:\/\/batai4u.lt\/#\/schema\/person\/8cc43a99285533a2c3e2c58a641f566a","name":"Erika Steponavi\u010dien\u0117","image":{"@type":"ImageObject","inLanguage":"en-US","@id":"https:\/\/secure.gravatar.com\/avatar\/de70a9d8a8fae7160f42990935bcabb5f827c9e01e111e0bcd4d408af9ba954c?s=96&d=mm&r=g","url":"https:\/\/secure.gravatar.com\/avatar\/de70a9d8a8fae7160f42990935bcabb5f827c9e01e111e0bcd4d408af9ba954c?s=96&d=mm&r=g","contentUrl":"https:\/\/secure.gravatar.com\/avatar\/de70a9d8a8fae7160f42990935bcabb5f827c9e01e111e0bcd4d408af9ba954c?s=96&d=mm&r=g","caption":"Erika Steponavi\u010dien\u0117"},"logo":{"@id":"https:\/\/secure.gravatar.com\/avatar\/de70a9d8a8fae7160f42990935bcabb5f827c9e01e111e0bcd4d408af9ba954c?s=96&d=mm&r=g"},"sameAs":["http:\/\/batai4u.lt"]}]}},"jetpack_sharing_enabled":true,"_links":{"self":[{"href":"https:\/\/batai4u.lt\/index.php\/wp-json\/wp\/v2\/product\/3768","targetHints":{"allow":["GET"]}}],"collection":[{"href":"https:\/\/batai4u.lt\/index.php\/wp-json\/wp\/v2\/product"}],"about":[{"href":"https:\/\/batai4u.lt\/index.php\/wp-json\/wp\/v2\/types\/product"}],"replies":[{"embeddable":true,"href":"https:\/\/batai4u.lt\/index.php\/wp-json\/wp\/v2\/comments?post=3768"}],"wp:featuredmedia":[{"embeddable":true,"href":"https:\/\/batai4u.lt\/index.php\/wp-json\/wp\/v2\/media\/4014"}],"wp:attachment":[{"href":"https:\/\/batai4u.lt\/index.php\/wp-json\/wp\/v2\/media?parent=3768"}],"wp:term":[{"taxonomy":"product_brand","embeddable":true,"href":"https:\/\/batai4u.lt\/index.php\/wp-json\/wp\/v2\/product_brand?post=3768"},{"taxonomy":"product_cat","embeddable":true,"href":"https:\/\/batai4u.lt\/index.php\/wp-json\/wp\/v2\/product_cat?post=3768"},{"taxonomy":"product_tag","embeddable":true,"href":"https:\/\/batai4u.lt\/index.php\/wp-json\/wp\/v2\/product_tag?post=3768"}],"curies":[{"name":"wp","href":"https:\/\/api.w.org\/{rel}","templated":true}]}}