{"id":3877,"date":"2023-09-15T13:54:33","date_gmt":"2023-09-15T13:54:33","guid":{"rendered":"https:\/\/batai4u.lt\/?post_type=product&#038;p=3877"},"modified":"2024-10-06T18:00:21","modified_gmt":"2024-10-06T18:00:21","slug":"balti-kedukai-su-sirdelem-r913633322","status":"publish","type":"product","link":"https:\/\/batai4u.lt\/index.php\/product\/balti-kedukai-su-sirdelem-r913633322\/","title":{"rendered":"R913633322 Weestep balti kedukai su \u0161irdel\u0117m 21-26d (Liko 21d)"},"content":{"rendered":"<p>21d- 14,3cm<\/p>\n<p>22d-14,8cm<\/p>\n<p>23d- 15,5cm<\/p>\n<p>24d- 16cm<\/p>\n<p>25d- 16,6cm<\/p>\n<p>26d- 17cm<\/p>\n","protected":false},"excerpt":{"rendered":"<p>DIDINTI,\u017ei\u016br\u0117ti i\u0161matavimus.<\/p>\n<p>WEESTEP\u00a0 ortopediniai ,odiniai kedukai. Su supinatiriu bei tvirt\u0105 u\u017ekulniu . Auk\u0161tos kokyb\u0117s.\u00a0 Lengvas ir lankstus modeliukas. Patogiai nusiima ir u\u017esideda. Puo\u0161ti blizgiom \u0161irdel\u0117m.<\/p>\n<p>Paskutin\u0117 pora.<\/p>\n","protected":false},"featured_media":3863,"comment_status":"closed","ping_status":"closed","template":"","meta":[],"product_brand":[],"product_cat":[31],"product_tag":[108,110,83],"class_list":{"0":"post-3877","1":"product","2":"type-product","3":"status-publish","4":"has-post-thumbnail","6":"product_cat-mergaitems-vasara","7":"product_tag-108","8":"product_tag-kedukai","9":"product_tag-weestep","10":"futurio-has-gallery","12":"first","13":"instock","14":"sale","15":"shipping-taxable","16":"product-type-variable"},"yoast_head":"<!-- This site is optimized with the Yoast SEO plugin v27.5 - https:\/\/yoast.com\/product\/yoast-seo-wordpress\/ -->\n<title>R913633322 Weestep balti kedukai su \u0161irdel\u0117m 21-26d (Liko 21d) - Batai4u.lt<\/title>\n<meta name=\"robots\" content=\"index, follow, max-snippet:-1, max-image-preview:large, max-video-preview:-1\" \/>\n<link rel=\"canonical\" href=\"https:\/\/batai4u.lt\/index.php\/product\/balti-kedukai-su-sirdelem-r913633322\/\" \/>\n<meta property=\"og:locale\" content=\"en_US\" \/>\n<meta property=\"og:type\" content=\"article\" \/>\n<meta property=\"og:title\" content=\"R913633322 Weestep balti kedukai su \u0161irdel\u0117m 21-26d (Liko 21d) - Batai4u.lt\" \/>\n<meta property=\"og:description\" content=\"DIDINTI,\u017ei\u016br\u0117ti i\u0161matavimus.  WEESTEP\u00a0 ortopediniai ,odiniai kedukai. Su supinatiriu bei tvirt\u0105 u\u017ekulniu . Auk\u0161tos kokyb\u0117s.\u00a0 Lengvas ir lankstus modeliukas. Patogiai nusiima ir u\u017esideda. Puo\u0161ti blizgiom \u0161irdel\u0117m.  Paskutin\u0117 pora.\" \/>\n<meta property=\"og:url\" content=\"https:\/\/batai4u.lt\/index.php\/product\/balti-kedukai-su-sirdelem-r913633322\/\" \/>\n<meta property=\"og:site_name\" content=\"Batai4u.lt\" \/>\n<meta property=\"article:modified_time\" content=\"2024-10-06T18:00:21+00:00\" \/>\n<meta property=\"og:image\" content=\"https:\/\/batai4u.lt\/wp-content\/uploads\/2023\/09\/1649611470535-scaled.jpg\" \/>\n\t<meta property=\"og:image:width\" content=\"1400\" \/>\n\t<meta property=\"og:image:height\" content=\"2560\" \/>\n\t<meta property=\"og:image:type\" content=\"image\/jpeg\" \/>\n<meta name=\"twitter:card\" content=\"summary_large_image\" \/>\n<script type=\"application\/ld+json\" class=\"yoast-schema-graph\">{\"@context\":\"https:\\\/\\\/schema.org\",\"@graph\":[{\"@type\":\"WebPage\",\"@id\":\"https:\\\/\\\/batai4u.lt\\\/index.php\\\/product\\\/balti-kedukai-su-sirdelem-r913633322\\\/\",\"url\":\"https:\\\/\\\/batai4u.lt\\\/index.php\\\/product\\\/balti-kedukai-su-sirdelem-r913633322\\\/\",\"name\":\"R913633322 Weestep balti kedukai su \u0161irdel\u0117m 21-26d (Liko 21d) - Batai4u.lt\",\"isPartOf\":{\"@id\":\"https:\\\/\\\/batai4u.lt\\\/#website\"},\"primaryImageOfPage\":{\"@id\":\"https:\\\/\\\/batai4u.lt\\\/index.php\\\/product\\\/balti-kedukai-su-sirdelem-r913633322\\\/#primaryimage\"},\"image\":{\"@id\":\"https:\\\/\\\/batai4u.lt\\\/index.php\\\/product\\\/balti-kedukai-su-sirdelem-r913633322\\\/#primaryimage\"},\"thumbnailUrl\":\"https:\\\/\\\/batai4u.lt\\\/wp-content\\\/uploads\\\/2023\\\/09\\\/1649611470535-scaled.jpg\",\"datePublished\":\"2023-09-15T13:54:33+00:00\",\"dateModified\":\"2024-10-06T18:00:21+00:00\",\"breadcrumb\":{\"@id\":\"https:\\\/\\\/batai4u.lt\\\/index.php\\\/product\\\/balti-kedukai-su-sirdelem-r913633322\\\/#breadcrumb\"},\"inLanguage\":\"en-US\",\"potentialAction\":[{\"@type\":\"ReadAction\",\"target\":[\"https:\\\/\\\/batai4u.lt\\\/index.php\\\/product\\\/balti-kedukai-su-sirdelem-r913633322\\\/\"]}]},{\"@type\":\"ImageObject\",\"inLanguage\":\"en-US\",\"@id\":\"https:\\\/\\\/batai4u.lt\\\/index.php\\\/product\\\/balti-kedukai-su-sirdelem-r913633322\\\/#primaryimage\",\"url\":\"https:\\\/\\\/batai4u.lt\\\/wp-content\\\/uploads\\\/2023\\\/09\\\/1649611470535-scaled.jpg\",\"contentUrl\":\"https:\\\/\\\/batai4u.lt\\\/wp-content\\\/uploads\\\/2023\\\/09\\\/1649611470535-scaled.jpg\",\"width\":1400,\"height\":2560},{\"@type\":\"BreadcrumbList\",\"@id\":\"https:\\\/\\\/batai4u.lt\\\/index.php\\\/product\\\/balti-kedukai-su-sirdelem-r913633322\\\/#breadcrumb\",\"itemListElement\":[{\"@type\":\"ListItem\",\"position\":1,\"name\":\"Home\",\"item\":\"https:\\\/\\\/batai4u.lt\\\/\"},{\"@type\":\"ListItem\",\"position\":2,\"name\":\"Parduotuv\u0117\",\"item\":\"https:\\\/\\\/batai4u.lt\\\/index.php\\\/shop\\\/\"},{\"@type\":\"ListItem\",\"position\":3,\"name\":\"R913633322 Weestep balti kedukai su \u0161irdel\u0117m 21-26d (Liko 21d)\"}]},{\"@type\":\"WebSite\",\"@id\":\"https:\\\/\\\/batai4u.lt\\\/#website\",\"url\":\"https:\\\/\\\/batai4u.lt\\\/\",\"name\":\"Batai4u.lt\",\"description\":\"batai vaikams ir ne tik\",\"publisher\":{\"@id\":\"https:\\\/\\\/batai4u.lt\\\/#\\\/schema\\\/person\\\/8cc43a99285533a2c3e2c58a641f566a\"},\"potentialAction\":[{\"@type\":\"SearchAction\",\"target\":{\"@type\":\"EntryPoint\",\"urlTemplate\":\"https:\\\/\\\/batai4u.lt\\\/?s={search_term_string}\"},\"query-input\":{\"@type\":\"PropertyValueSpecification\",\"valueRequired\":true,\"valueName\":\"search_term_string\"}}],\"inLanguage\":\"en-US\"},{\"@type\":[\"Person\",\"Organization\"],\"@id\":\"https:\\\/\\\/batai4u.lt\\\/#\\\/schema\\\/person\\\/8cc43a99285533a2c3e2c58a641f566a\",\"name\":\"Erika Steponavi\u010dien\u0117\",\"image\":{\"@type\":\"ImageObject\",\"inLanguage\":\"en-US\",\"@id\":\"https:\\\/\\\/secure.gravatar.com\\\/avatar\\\/de70a9d8a8fae7160f42990935bcabb5f827c9e01e111e0bcd4d408af9ba954c?s=96&d=mm&r=g\",\"url\":\"https:\\\/\\\/secure.gravatar.com\\\/avatar\\\/de70a9d8a8fae7160f42990935bcabb5f827c9e01e111e0bcd4d408af9ba954c?s=96&d=mm&r=g\",\"contentUrl\":\"https:\\\/\\\/secure.gravatar.com\\\/avatar\\\/de70a9d8a8fae7160f42990935bcabb5f827c9e01e111e0bcd4d408af9ba954c?s=96&d=mm&r=g\",\"caption\":\"Erika Steponavi\u010dien\u0117\"},\"logo\":{\"@id\":\"https:\\\/\\\/secure.gravatar.com\\\/avatar\\\/de70a9d8a8fae7160f42990935bcabb5f827c9e01e111e0bcd4d408af9ba954c?s=96&d=mm&r=g\"},\"sameAs\":[\"http:\\\/\\\/batai4u.lt\"]}]}<\/script>\n<!-- \/ Yoast SEO plugin. -->","yoast_head_json":{"title":"R913633322 Weestep balti kedukai su \u0161irdel\u0117m 21-26d (Liko 21d) - Batai4u.lt","robots":{"index":"index","follow":"follow","max-snippet":"max-snippet:-1","max-image-preview":"max-image-preview:large","max-video-preview":"max-video-preview:-1"},"canonical":"https:\/\/batai4u.lt\/index.php\/product\/balti-kedukai-su-sirdelem-r913633322\/","og_locale":"en_US","og_type":"article","og_title":"R913633322 Weestep balti kedukai su \u0161irdel\u0117m 21-26d (Liko 21d) - Batai4u.lt","og_description":"DIDINTI,\u017ei\u016br\u0117ti i\u0161matavimus.  WEESTEP\u00a0 ortopediniai ,odiniai kedukai. Su supinatiriu bei tvirt\u0105 u\u017ekulniu . Auk\u0161tos kokyb\u0117s.\u00a0 Lengvas ir lankstus modeliukas. Patogiai nusiima ir u\u017esideda. Puo\u0161ti blizgiom \u0161irdel\u0117m.  Paskutin\u0117 pora.","og_url":"https:\/\/batai4u.lt\/index.php\/product\/balti-kedukai-su-sirdelem-r913633322\/","og_site_name":"Batai4u.lt","article_modified_time":"2024-10-06T18:00:21+00:00","og_image":[{"width":1400,"height":2560,"url":"https:\/\/batai4u.lt\/wp-content\/uploads\/2023\/09\/1649611470535-scaled.jpg","type":"image\/jpeg"}],"twitter_card":"summary_large_image","schema":{"@context":"https:\/\/schema.org","@graph":[{"@type":"WebPage","@id":"https:\/\/batai4u.lt\/index.php\/product\/balti-kedukai-su-sirdelem-r913633322\/","url":"https:\/\/batai4u.lt\/index.php\/product\/balti-kedukai-su-sirdelem-r913633322\/","name":"R913633322 Weestep balti kedukai su \u0161irdel\u0117m 21-26d (Liko 21d) - Batai4u.lt","isPartOf":{"@id":"https:\/\/batai4u.lt\/#website"},"primaryImageOfPage":{"@id":"https:\/\/batai4u.lt\/index.php\/product\/balti-kedukai-su-sirdelem-r913633322\/#primaryimage"},"image":{"@id":"https:\/\/batai4u.lt\/index.php\/product\/balti-kedukai-su-sirdelem-r913633322\/#primaryimage"},"thumbnailUrl":"https:\/\/batai4u.lt\/wp-content\/uploads\/2023\/09\/1649611470535-scaled.jpg","datePublished":"2023-09-15T13:54:33+00:00","dateModified":"2024-10-06T18:00:21+00:00","breadcrumb":{"@id":"https:\/\/batai4u.lt\/index.php\/product\/balti-kedukai-su-sirdelem-r913633322\/#breadcrumb"},"inLanguage":"en-US","potentialAction":[{"@type":"ReadAction","target":["https:\/\/batai4u.lt\/index.php\/product\/balti-kedukai-su-sirdelem-r913633322\/"]}]},{"@type":"ImageObject","inLanguage":"en-US","@id":"https:\/\/batai4u.lt\/index.php\/product\/balti-kedukai-su-sirdelem-r913633322\/#primaryimage","url":"https:\/\/batai4u.lt\/wp-content\/uploads\/2023\/09\/1649611470535-scaled.jpg","contentUrl":"https:\/\/batai4u.lt\/wp-content\/uploads\/2023\/09\/1649611470535-scaled.jpg","width":1400,"height":2560},{"@type":"BreadcrumbList","@id":"https:\/\/batai4u.lt\/index.php\/product\/balti-kedukai-su-sirdelem-r913633322\/#breadcrumb","itemListElement":[{"@type":"ListItem","position":1,"name":"Home","item":"https:\/\/batai4u.lt\/"},{"@type":"ListItem","position":2,"name":"Parduotuv\u0117","item":"https:\/\/batai4u.lt\/index.php\/shop\/"},{"@type":"ListItem","position":3,"name":"R913633322 Weestep balti kedukai su \u0161irdel\u0117m 21-26d (Liko 21d)"}]},{"@type":"WebSite","@id":"https:\/\/batai4u.lt\/#website","url":"https:\/\/batai4u.lt\/","name":"Batai4u.lt","description":"batai vaikams ir ne tik","publisher":{"@id":"https:\/\/batai4u.lt\/#\/schema\/person\/8cc43a99285533a2c3e2c58a641f566a"},"potentialAction":[{"@type":"SearchAction","target":{"@type":"EntryPoint","urlTemplate":"https:\/\/batai4u.lt\/?s={search_term_string}"},"query-input":{"@type":"PropertyValueSpecification","valueRequired":true,"valueName":"search_term_string"}}],"inLanguage":"en-US"},{"@type":["Person","Organization"],"@id":"https:\/\/batai4u.lt\/#\/schema\/person\/8cc43a99285533a2c3e2c58a641f566a","name":"Erika Steponavi\u010dien\u0117","image":{"@type":"ImageObject","inLanguage":"en-US","@id":"https:\/\/secure.gravatar.com\/avatar\/de70a9d8a8fae7160f42990935bcabb5f827c9e01e111e0bcd4d408af9ba954c?s=96&d=mm&r=g","url":"https:\/\/secure.gravatar.com\/avatar\/de70a9d8a8fae7160f42990935bcabb5f827c9e01e111e0bcd4d408af9ba954c?s=96&d=mm&r=g","contentUrl":"https:\/\/secure.gravatar.com\/avatar\/de70a9d8a8fae7160f42990935bcabb5f827c9e01e111e0bcd4d408af9ba954c?s=96&d=mm&r=g","caption":"Erika Steponavi\u010dien\u0117"},"logo":{"@id":"https:\/\/secure.gravatar.com\/avatar\/de70a9d8a8fae7160f42990935bcabb5f827c9e01e111e0bcd4d408af9ba954c?s=96&d=mm&r=g"},"sameAs":["http:\/\/batai4u.lt"]}]}},"jetpack_sharing_enabled":true,"_links":{"self":[{"href":"https:\/\/batai4u.lt\/index.php\/wp-json\/wp\/v2\/product\/3877","targetHints":{"allow":["GET"]}}],"collection":[{"href":"https:\/\/batai4u.lt\/index.php\/wp-json\/wp\/v2\/product"}],"about":[{"href":"https:\/\/batai4u.lt\/index.php\/wp-json\/wp\/v2\/types\/product"}],"replies":[{"embeddable":true,"href":"https:\/\/batai4u.lt\/index.php\/wp-json\/wp\/v2\/comments?post=3877"}],"wp:featuredmedia":[{"embeddable":true,"href":"https:\/\/batai4u.lt\/index.php\/wp-json\/wp\/v2\/media\/3863"}],"wp:attachment":[{"href":"https:\/\/batai4u.lt\/index.php\/wp-json\/wp\/v2\/media?parent=3877"}],"wp:term":[{"taxonomy":"product_brand","embeddable":true,"href":"https:\/\/batai4u.lt\/index.php\/wp-json\/wp\/v2\/product_brand?post=3877"},{"taxonomy":"product_cat","embeddable":true,"href":"https:\/\/batai4u.lt\/index.php\/wp-json\/wp\/v2\/product_cat?post=3877"},{"taxonomy":"product_tag","embeddable":true,"href":"https:\/\/batai4u.lt\/index.php\/wp-json\/wp\/v2\/product_tag?post=3877"}],"curies":[{"name":"wp","href":"https:\/\/api.w.org\/{rel}","templated":true}]}}