{"id":3906,"date":"2023-09-19T18:33:25","date_gmt":"2023-09-19T18:33:25","guid":{"rendered":"https:\/\/batai4u.lt\/?post_type=product&#038;p=3906"},"modified":"2025-10-04T09:53:09","modified_gmt":"2025-10-04T09:53:09","slug":"aulinukai-kerziukai-r978766252","status":"publish","type":"product","link":"https:\/\/batai4u.lt\/index.php\/product\/aulinukai-kerziukai-r978766252\/","title":{"rendered":"R978766252 Weestep demisezoniniai kerziukai 32-37d"},"content":{"rendered":"<ol>\n<li>32d-21cm<\/li>\n<li>33d-21,7cm<\/li>\n<li>34d-22,5cm<\/li>\n<li>35d-23cm<\/li>\n<li>36d-23,5cm<\/li>\n<li>37d- 24cm<\/li>\n<\/ol>\n<p>&nbsp;<\/p>\n<p>&nbsp;<\/p>\n<p><!--more--><img fetchpriority=\"high\" decoding=\"async\" class=\"alignnone size-medium wp-image-3779\" src=\"https:\/\/batai4u.lt\/wp-content\/uploads\/2022\/10\/IMG_20221010_124033-300x260.jpg\" alt=\"\" width=\"300\" height=\"260\" srcset=\"https:\/\/batai4u.lt\/wp-content\/uploads\/2022\/10\/IMG_20221010_124033-300x260.jpg 300w, https:\/\/batai4u.lt\/wp-content\/uploads\/2022\/10\/IMG_20221010_124033-768x664.jpg 768w, https:\/\/batai4u.lt\/wp-content\/uploads\/2022\/10\/IMG_20221010_124033-600x519.jpg 600w, https:\/\/batai4u.lt\/wp-content\/uploads\/2022\/10\/IMG_20221010_124033.jpg 971w\" sizes=\"(max-width: 300px) 100vw, 300px\" \/><\/p>\n","protected":false},"excerpt":{"rendered":"<p>Weestep demisezoniniai odiniai ortopediniai aulinukai. Su supunatorium ir tvirta u\u017ekulne . Viduj pilnai pa\u0161iltinti. Lengvu\u010diai, lankst\u016bs ir mink\u0161ti. Su u\u017etrauktuku.<\/p>\n<p><!--more--><\/p>\n","protected":false},"featured_media":3944,"comment_status":"closed","ping_status":"closed","template":"","meta":[],"product_brand":[],"product_cat":[63,59],"product_tag":[95,82,83],"class_list":{"0":"post-3906","1":"product","2":"type-product","3":"status-publish","4":"has-post-thumbnail","6":"product_cat-vaikinam-merginom-batai","7":"product_cat-mergaiteme-ruduo-pavasaris","8":"product_tag-95","9":"product_tag-demisezoniniai","10":"product_tag-weestep","11":"futurio-has-gallery","13":"first","14":"instock","15":"shipping-taxable","16":"purchasable","17":"product-type-variable"},"yoast_head":"<!-- This site is optimized with the Yoast SEO plugin v27.5 - https:\/\/yoast.com\/product\/yoast-seo-wordpress\/ -->\n<title>R978766252 Weestep demisezoniniai kerziukai 32-37d - Batai4u.lt<\/title>\n<meta name=\"robots\" content=\"index, follow, max-snippet:-1, max-image-preview:large, max-video-preview:-1\" \/>\n<link rel=\"canonical\" href=\"https:\/\/batai4u.lt\/index.php\/product\/aulinukai-kerziukai-r978766252\/\" \/>\n<meta property=\"og:locale\" content=\"en_US\" \/>\n<meta property=\"og:type\" content=\"article\" \/>\n<meta property=\"og:title\" content=\"R978766252 Weestep demisezoniniai kerziukai 32-37d - Batai4u.lt\" \/>\n<meta property=\"og:description\" content=\"Weestep demisezoniniai odiniai ortopediniai aulinukai. Su supunatorium ir tvirta u\u017ekulne . Viduj pilnai pa\u0161iltinti. Lengvu\u010diai, lankst\u016bs ir mink\u0161ti. Su u\u017etrauktuku.\" \/>\n<meta property=\"og:url\" content=\"https:\/\/batai4u.lt\/index.php\/product\/aulinukai-kerziukai-r978766252\/\" \/>\n<meta property=\"og:site_name\" content=\"Batai4u.lt\" \/>\n<meta property=\"article:modified_time\" content=\"2025-10-04T09:53:09+00:00\" \/>\n<meta property=\"og:image\" content=\"https:\/\/batai4u.lt\/wp-content\/uploads\/2023\/09\/5703-MAZINTAS.jpg\" \/>\n\t<meta property=\"og:image:width\" content=\"240\" \/>\n\t<meta property=\"og:image:height\" content=\"180\" \/>\n\t<meta property=\"og:image:type\" content=\"image\/jpeg\" \/>\n<meta name=\"twitter:card\" content=\"summary_large_image\" \/>\n<script type=\"application\/ld+json\" class=\"yoast-schema-graph\">{\"@context\":\"https:\\\/\\\/schema.org\",\"@graph\":[{\"@type\":\"WebPage\",\"@id\":\"https:\\\/\\\/batai4u.lt\\\/index.php\\\/product\\\/aulinukai-kerziukai-r978766252\\\/\",\"url\":\"https:\\\/\\\/batai4u.lt\\\/index.php\\\/product\\\/aulinukai-kerziukai-r978766252\\\/\",\"name\":\"R978766252 Weestep demisezoniniai kerziukai 32-37d - Batai4u.lt\",\"isPartOf\":{\"@id\":\"https:\\\/\\\/batai4u.lt\\\/#website\"},\"primaryImageOfPage\":{\"@id\":\"https:\\\/\\\/batai4u.lt\\\/index.php\\\/product\\\/aulinukai-kerziukai-r978766252\\\/#primaryimage\"},\"image\":{\"@id\":\"https:\\\/\\\/batai4u.lt\\\/index.php\\\/product\\\/aulinukai-kerziukai-r978766252\\\/#primaryimage\"},\"thumbnailUrl\":\"https:\\\/\\\/batai4u.lt\\\/wp-content\\\/uploads\\\/2023\\\/09\\\/5703-MAZINTAS.jpg\",\"datePublished\":\"2023-09-19T18:33:25+00:00\",\"dateModified\":\"2025-10-04T09:53:09+00:00\",\"breadcrumb\":{\"@id\":\"https:\\\/\\\/batai4u.lt\\\/index.php\\\/product\\\/aulinukai-kerziukai-r978766252\\\/#breadcrumb\"},\"inLanguage\":\"en-US\",\"potentialAction\":[{\"@type\":\"ReadAction\",\"target\":[\"https:\\\/\\\/batai4u.lt\\\/index.php\\\/product\\\/aulinukai-kerziukai-r978766252\\\/\"]}]},{\"@type\":\"ImageObject\",\"inLanguage\":\"en-US\",\"@id\":\"https:\\\/\\\/batai4u.lt\\\/index.php\\\/product\\\/aulinukai-kerziukai-r978766252\\\/#primaryimage\",\"url\":\"https:\\\/\\\/batai4u.lt\\\/wp-content\\\/uploads\\\/2023\\\/09\\\/5703-MAZINTAS.jpg\",\"contentUrl\":\"https:\\\/\\\/batai4u.lt\\\/wp-content\\\/uploads\\\/2023\\\/09\\\/5703-MAZINTAS.jpg\",\"width\":240,\"height\":180},{\"@type\":\"BreadcrumbList\",\"@id\":\"https:\\\/\\\/batai4u.lt\\\/index.php\\\/product\\\/aulinukai-kerziukai-r978766252\\\/#breadcrumb\",\"itemListElement\":[{\"@type\":\"ListItem\",\"position\":1,\"name\":\"Home\",\"item\":\"https:\\\/\\\/batai4u.lt\\\/\"},{\"@type\":\"ListItem\",\"position\":2,\"name\":\"Parduotuv\u0117\",\"item\":\"https:\\\/\\\/batai4u.lt\\\/index.php\\\/shop\\\/\"},{\"@type\":\"ListItem\",\"position\":3,\"name\":\"R978766252 Weestep demisezoniniai kerziukai 32-37d\"}]},{\"@type\":\"WebSite\",\"@id\":\"https:\\\/\\\/batai4u.lt\\\/#website\",\"url\":\"https:\\\/\\\/batai4u.lt\\\/\",\"name\":\"Batai4u.lt\",\"description\":\"batai vaikams ir ne tik\",\"publisher\":{\"@id\":\"https:\\\/\\\/batai4u.lt\\\/#\\\/schema\\\/person\\\/8cc43a99285533a2c3e2c58a641f566a\"},\"potentialAction\":[{\"@type\":\"SearchAction\",\"target\":{\"@type\":\"EntryPoint\",\"urlTemplate\":\"https:\\\/\\\/batai4u.lt\\\/?s={search_term_string}\"},\"query-input\":{\"@type\":\"PropertyValueSpecification\",\"valueRequired\":true,\"valueName\":\"search_term_string\"}}],\"inLanguage\":\"en-US\"},{\"@type\":[\"Person\",\"Organization\"],\"@id\":\"https:\\\/\\\/batai4u.lt\\\/#\\\/schema\\\/person\\\/8cc43a99285533a2c3e2c58a641f566a\",\"name\":\"Erika Steponavi\u010dien\u0117\",\"image\":{\"@type\":\"ImageObject\",\"inLanguage\":\"en-US\",\"@id\":\"https:\\\/\\\/secure.gravatar.com\\\/avatar\\\/de70a9d8a8fae7160f42990935bcabb5f827c9e01e111e0bcd4d408af9ba954c?s=96&d=mm&r=g\",\"url\":\"https:\\\/\\\/secure.gravatar.com\\\/avatar\\\/de70a9d8a8fae7160f42990935bcabb5f827c9e01e111e0bcd4d408af9ba954c?s=96&d=mm&r=g\",\"contentUrl\":\"https:\\\/\\\/secure.gravatar.com\\\/avatar\\\/de70a9d8a8fae7160f42990935bcabb5f827c9e01e111e0bcd4d408af9ba954c?s=96&d=mm&r=g\",\"caption\":\"Erika Steponavi\u010dien\u0117\"},\"logo\":{\"@id\":\"https:\\\/\\\/secure.gravatar.com\\\/avatar\\\/de70a9d8a8fae7160f42990935bcabb5f827c9e01e111e0bcd4d408af9ba954c?s=96&d=mm&r=g\"},\"sameAs\":[\"http:\\\/\\\/batai4u.lt\"]}]}<\/script>\n<!-- \/ Yoast SEO plugin. -->","yoast_head_json":{"title":"R978766252 Weestep demisezoniniai kerziukai 32-37d - Batai4u.lt","robots":{"index":"index","follow":"follow","max-snippet":"max-snippet:-1","max-image-preview":"max-image-preview:large","max-video-preview":"max-video-preview:-1"},"canonical":"https:\/\/batai4u.lt\/index.php\/product\/aulinukai-kerziukai-r978766252\/","og_locale":"en_US","og_type":"article","og_title":"R978766252 Weestep demisezoniniai kerziukai 32-37d - Batai4u.lt","og_description":"Weestep demisezoniniai odiniai ortopediniai aulinukai. Su supunatorium ir tvirta u\u017ekulne . Viduj pilnai pa\u0161iltinti. Lengvu\u010diai, lankst\u016bs ir mink\u0161ti. Su u\u017etrauktuku.","og_url":"https:\/\/batai4u.lt\/index.php\/product\/aulinukai-kerziukai-r978766252\/","og_site_name":"Batai4u.lt","article_modified_time":"2025-10-04T09:53:09+00:00","og_image":[{"width":240,"height":180,"url":"https:\/\/batai4u.lt\/wp-content\/uploads\/2023\/09\/5703-MAZINTAS.jpg","type":"image\/jpeg"}],"twitter_card":"summary_large_image","schema":{"@context":"https:\/\/schema.org","@graph":[{"@type":"WebPage","@id":"https:\/\/batai4u.lt\/index.php\/product\/aulinukai-kerziukai-r978766252\/","url":"https:\/\/batai4u.lt\/index.php\/product\/aulinukai-kerziukai-r978766252\/","name":"R978766252 Weestep demisezoniniai kerziukai 32-37d - Batai4u.lt","isPartOf":{"@id":"https:\/\/batai4u.lt\/#website"},"primaryImageOfPage":{"@id":"https:\/\/batai4u.lt\/index.php\/product\/aulinukai-kerziukai-r978766252\/#primaryimage"},"image":{"@id":"https:\/\/batai4u.lt\/index.php\/product\/aulinukai-kerziukai-r978766252\/#primaryimage"},"thumbnailUrl":"https:\/\/batai4u.lt\/wp-content\/uploads\/2023\/09\/5703-MAZINTAS.jpg","datePublished":"2023-09-19T18:33:25+00:00","dateModified":"2025-10-04T09:53:09+00:00","breadcrumb":{"@id":"https:\/\/batai4u.lt\/index.php\/product\/aulinukai-kerziukai-r978766252\/#breadcrumb"},"inLanguage":"en-US","potentialAction":[{"@type":"ReadAction","target":["https:\/\/batai4u.lt\/index.php\/product\/aulinukai-kerziukai-r978766252\/"]}]},{"@type":"ImageObject","inLanguage":"en-US","@id":"https:\/\/batai4u.lt\/index.php\/product\/aulinukai-kerziukai-r978766252\/#primaryimage","url":"https:\/\/batai4u.lt\/wp-content\/uploads\/2023\/09\/5703-MAZINTAS.jpg","contentUrl":"https:\/\/batai4u.lt\/wp-content\/uploads\/2023\/09\/5703-MAZINTAS.jpg","width":240,"height":180},{"@type":"BreadcrumbList","@id":"https:\/\/batai4u.lt\/index.php\/product\/aulinukai-kerziukai-r978766252\/#breadcrumb","itemListElement":[{"@type":"ListItem","position":1,"name":"Home","item":"https:\/\/batai4u.lt\/"},{"@type":"ListItem","position":2,"name":"Parduotuv\u0117","item":"https:\/\/batai4u.lt\/index.php\/shop\/"},{"@type":"ListItem","position":3,"name":"R978766252 Weestep demisezoniniai kerziukai 32-37d"}]},{"@type":"WebSite","@id":"https:\/\/batai4u.lt\/#website","url":"https:\/\/batai4u.lt\/","name":"Batai4u.lt","description":"batai vaikams ir ne tik","publisher":{"@id":"https:\/\/batai4u.lt\/#\/schema\/person\/8cc43a99285533a2c3e2c58a641f566a"},"potentialAction":[{"@type":"SearchAction","target":{"@type":"EntryPoint","urlTemplate":"https:\/\/batai4u.lt\/?s={search_term_string}"},"query-input":{"@type":"PropertyValueSpecification","valueRequired":true,"valueName":"search_term_string"}}],"inLanguage":"en-US"},{"@type":["Person","Organization"],"@id":"https:\/\/batai4u.lt\/#\/schema\/person\/8cc43a99285533a2c3e2c58a641f566a","name":"Erika Steponavi\u010dien\u0117","image":{"@type":"ImageObject","inLanguage":"en-US","@id":"https:\/\/secure.gravatar.com\/avatar\/de70a9d8a8fae7160f42990935bcabb5f827c9e01e111e0bcd4d408af9ba954c?s=96&d=mm&r=g","url":"https:\/\/secure.gravatar.com\/avatar\/de70a9d8a8fae7160f42990935bcabb5f827c9e01e111e0bcd4d408af9ba954c?s=96&d=mm&r=g","contentUrl":"https:\/\/secure.gravatar.com\/avatar\/de70a9d8a8fae7160f42990935bcabb5f827c9e01e111e0bcd4d408af9ba954c?s=96&d=mm&r=g","caption":"Erika Steponavi\u010dien\u0117"},"logo":{"@id":"https:\/\/secure.gravatar.com\/avatar\/de70a9d8a8fae7160f42990935bcabb5f827c9e01e111e0bcd4d408af9ba954c?s=96&d=mm&r=g"},"sameAs":["http:\/\/batai4u.lt"]}]}},"jetpack_sharing_enabled":true,"_links":{"self":[{"href":"https:\/\/batai4u.lt\/index.php\/wp-json\/wp\/v2\/product\/3906","targetHints":{"allow":["GET"]}}],"collection":[{"href":"https:\/\/batai4u.lt\/index.php\/wp-json\/wp\/v2\/product"}],"about":[{"href":"https:\/\/batai4u.lt\/index.php\/wp-json\/wp\/v2\/types\/product"}],"replies":[{"embeddable":true,"href":"https:\/\/batai4u.lt\/index.php\/wp-json\/wp\/v2\/comments?post=3906"}],"wp:featuredmedia":[{"embeddable":true,"href":"https:\/\/batai4u.lt\/index.php\/wp-json\/wp\/v2\/media\/3944"}],"wp:attachment":[{"href":"https:\/\/batai4u.lt\/index.php\/wp-json\/wp\/v2\/media?parent=3906"}],"wp:term":[{"taxonomy":"product_brand","embeddable":true,"href":"https:\/\/batai4u.lt\/index.php\/wp-json\/wp\/v2\/product_brand?post=3906"},{"taxonomy":"product_cat","embeddable":true,"href":"https:\/\/batai4u.lt\/index.php\/wp-json\/wp\/v2\/product_cat?post=3906"},{"taxonomy":"product_tag","embeddable":true,"href":"https:\/\/batai4u.lt\/index.php\/wp-json\/wp\/v2\/product_tag?post=3906"}],"curies":[{"name":"wp","href":"https:\/\/api.w.org\/{rel}","templated":true}]}}