{"id":3953,"date":"2023-10-03T14:59:21","date_gmt":"2023-10-03T14:59:21","guid":{"rendered":"https:\/\/batai4u.lt\/?post_type=product&#038;p=3953"},"modified":"2024-10-19T11:28:48","modified_gmt":"2024-10-19T11:28:48","slug":"aulinukai-r223155002","status":"publish","type":"product","link":"https:\/\/batai4u.lt\/index.php\/product\/aulinukai-r223155002\/","title":{"rendered":"R223155002 Weestep demisezoniniai Aulinukai 21-26d (liko 21d)"},"content":{"rendered":"<p>21d- 13,5cm<\/p>\n<p>22d-14 cm<\/p>\n<p>23d- 14,5cm<\/p>\n<p>24d-15,5cm<\/p>\n<p>25d-16cm<\/p>\n<p>26d-16,5cm<\/p>\n<p><img decoding=\"async\" class=\"alignnone size-full wp-image-3933\" src=\"https:\/\/batai4u.lt\/wp-content\/uploads\/2023\/10\/antishock.png\" alt=\"\" width=\"137\" height=\"113\" \/><img decoding=\"async\" class=\"alignnone size-full wp-image-3911\" src=\"https:\/\/batai4u.lt\/wp-content\/uploads\/2023\/09\/soft-comfort.png\" alt=\"\" width=\"137\" height=\"113\" \/><img decoding=\"async\" class=\"alignnone size-full wp-image-3908\" src=\"https:\/\/batai4u.lt\/wp-content\/uploads\/2023\/09\/nickelfree.png\" alt=\"\" width=\"137\" height=\"114\" \/><img loading=\"lazy\" decoding=\"async\" class=\"alignnone size-full wp-image-3907\" src=\"https:\/\/batai4u.lt\/wp-content\/uploads\/2023\/09\/lightness.png\" alt=\"\" width=\"136\" height=\"113\" \/><img loading=\"lazy\" decoding=\"async\" class=\"alignnone size-full wp-image-3900\" src=\"https:\/\/batai4u.lt\/wp-content\/uploads\/2023\/09\/flexible-action.png\" alt=\"\" width=\"136\" height=\"113\" \/><img loading=\"lazy\" decoding=\"async\" class=\"alignnone size-full wp-image-3899\" src=\"https:\/\/batai4u.lt\/wp-content\/uploads\/2023\/09\/easy-fitting.png\" alt=\"\" width=\"137\" height=\"113\" \/><img loading=\"lazy\" decoding=\"async\" class=\"alignnone size-full wp-image-3898\" src=\"https:\/\/batai4u.lt\/wp-content\/uploads\/2023\/09\/chromefree.png\" alt=\"\" width=\"136\" height=\"114\" \/><img loading=\"lazy\" decoding=\"async\" class=\"alignnone size-full wp-image-3896\" src=\"https:\/\/batai4u.lt\/wp-content\/uploads\/2023\/09\/ergonomic-shape.png\" alt=\"\" width=\"136\" height=\"113\" \/><\/p>\n","protected":false},"excerpt":{"rendered":"<p>WEESTEP odiniai ortopediniai aulinukais. Su\u00a0 pa\u0161iltinimu visame bate.Turi supinatiriu bei tvirt\u0105 u\u017ekiln\u012f bei pakietintus pir\u0161tukus . Auk\u0161tos kokyb\u0117s.\u00a0 Lengvas modeliukas. Patogiai nusiima ir u\u017esideda. Su u\u017etrauktuku ir rai\u0161teliais. Tinka ir platesn\u0117m p\u0117dut\u0117m. Mink\u0161ti ir lankst\u016bs. ATSPAR\u016aS VANDENIUI . Puo\u0161ti blizgiu ir akmenukais.<\/p>\n<p><img loading=\"lazy\" decoding=\"async\" class=\"alignnone wp-image-3967 size-thumbnail\" src=\"https:\/\/batai4u.lt\/wp-content\/uploads\/2023\/10\/20231003_170731-1-150x150.png\" alt=\"\" width=\"150\" height=\"150\" srcset=\"https:\/\/batai4u.lt\/wp-content\/uploads\/2023\/10\/20231003_170731-1-150x150.png 150w, https:\/\/batai4u.lt\/wp-content\/uploads\/2023\/10\/20231003_170731-1-300x300.png 300w, https:\/\/batai4u.lt\/wp-content\/uploads\/2023\/10\/20231003_170731-1-100x100.png 100w, https:\/\/batai4u.lt\/wp-content\/uploads\/2023\/10\/20231003_170731-1-50x50.png 50w\" sizes=\"(max-width: 150px) 100vw, 150px\" \/><\/p>\n","protected":false},"featured_media":3961,"comment_status":"closed","ping_status":"closed","template":"","meta":[],"product_brand":[],"product_cat":[59],"product_tag":[108,82,83],"class_list":{"0":"post-3953","1":"product","2":"type-product","3":"status-publish","4":"has-post-thumbnail","6":"product_cat-mergaiteme-ruduo-pavasaris","7":"product_tag-108","8":"product_tag-demisezoniniai","9":"product_tag-weestep","10":"futurio-has-gallery","12":"first","13":"instock","14":"sale","15":"shipping-taxable","16":"purchasable","17":"product-type-variable"},"yoast_head":"<!-- This site is optimized with the Yoast SEO plugin v27.5 - https:\/\/yoast.com\/product\/yoast-seo-wordpress\/ -->\n<title>R223155002 Weestep demisezoniniai Aulinukai 21-26d (liko 21d) - Batai4u.lt<\/title>\n<meta name=\"robots\" content=\"index, follow, max-snippet:-1, max-image-preview:large, max-video-preview:-1\" \/>\n<link rel=\"canonical\" href=\"https:\/\/batai4u.lt\/index.php\/product\/aulinukai-r223155002\/\" \/>\n<meta property=\"og:locale\" content=\"en_US\" \/>\n<meta property=\"og:type\" content=\"article\" \/>\n<meta property=\"og:title\" content=\"R223155002 Weestep demisezoniniai Aulinukai 21-26d (liko 21d) - Batai4u.lt\" \/>\n<meta property=\"og:description\" content=\"WEESTEP odiniai ortopediniai aulinukais. Su\u00a0 pa\u0161iltinimu visame bate.Turi supinatiriu bei tvirt\u0105 u\u017ekiln\u012f bei pakietintus pir\u0161tukus . Auk\u0161tos kokyb\u0117s.\u00a0 Lengvas modeliukas. Patogiai nusiima ir u\u017esideda. Su u\u017etrauktuku ir rai\u0161teliais. Tinka ir platesn\u0117m p\u0117dut\u0117m. Mink\u0161ti ir lankst\u016bs. ATSPAR\u016aS VANDENIUI . Puo\u0161ti blizgiu ir akmenukais.\" \/>\n<meta property=\"og:url\" content=\"https:\/\/batai4u.lt\/index.php\/product\/aulinukai-r223155002\/\" \/>\n<meta property=\"og:site_name\" content=\"Batai4u.lt\" \/>\n<meta property=\"article:modified_time\" content=\"2024-10-19T11:28:48+00:00\" \/>\n<meta property=\"og:image\" content=\"https:\/\/batai4u.lt\/wp-content\/uploads\/2023\/10\/20231003_170852-846x1024.png\" \/>\n\t<meta property=\"og:image:width\" content=\"846\" \/>\n\t<meta property=\"og:image:height\" content=\"1024\" \/>\n\t<meta property=\"og:image:type\" content=\"image\/png\" \/>\n<meta name=\"twitter:card\" content=\"summary_large_image\" \/>\n<script type=\"application\/ld+json\" class=\"yoast-schema-graph\">{\"@context\":\"https:\\\/\\\/schema.org\",\"@graph\":[{\"@type\":\"WebPage\",\"@id\":\"https:\\\/\\\/batai4u.lt\\\/index.php\\\/product\\\/aulinukai-r223155002\\\/\",\"url\":\"https:\\\/\\\/batai4u.lt\\\/index.php\\\/product\\\/aulinukai-r223155002\\\/\",\"name\":\"R223155002 Weestep demisezoniniai Aulinukai 21-26d (liko 21d) - Batai4u.lt\",\"isPartOf\":{\"@id\":\"https:\\\/\\\/batai4u.lt\\\/#website\"},\"primaryImageOfPage\":{\"@id\":\"https:\\\/\\\/batai4u.lt\\\/index.php\\\/product\\\/aulinukai-r223155002\\\/#primaryimage\"},\"image\":{\"@id\":\"https:\\\/\\\/batai4u.lt\\\/index.php\\\/product\\\/aulinukai-r223155002\\\/#primaryimage\"},\"thumbnailUrl\":\"https:\\\/\\\/batai4u.lt\\\/wp-content\\\/uploads\\\/2023\\\/10\\\/20231003_170852.png\",\"datePublished\":\"2023-10-03T14:59:21+00:00\",\"dateModified\":\"2024-10-19T11:28:48+00:00\",\"breadcrumb\":{\"@id\":\"https:\\\/\\\/batai4u.lt\\\/index.php\\\/product\\\/aulinukai-r223155002\\\/#breadcrumb\"},\"inLanguage\":\"en-US\",\"potentialAction\":[{\"@type\":\"ReadAction\",\"target\":[\"https:\\\/\\\/batai4u.lt\\\/index.php\\\/product\\\/aulinukai-r223155002\\\/\"]}]},{\"@type\":\"ImageObject\",\"inLanguage\":\"en-US\",\"@id\":\"https:\\\/\\\/batai4u.lt\\\/index.php\\\/product\\\/aulinukai-r223155002\\\/#primaryimage\",\"url\":\"https:\\\/\\\/batai4u.lt\\\/wp-content\\\/uploads\\\/2023\\\/10\\\/20231003_170852.png\",\"contentUrl\":\"https:\\\/\\\/batai4u.lt\\\/wp-content\\\/uploads\\\/2023\\\/10\\\/20231003_170852.png\",\"width\":1497,\"height\":1811},{\"@type\":\"BreadcrumbList\",\"@id\":\"https:\\\/\\\/batai4u.lt\\\/index.php\\\/product\\\/aulinukai-r223155002\\\/#breadcrumb\",\"itemListElement\":[{\"@type\":\"ListItem\",\"position\":1,\"name\":\"Home\",\"item\":\"https:\\\/\\\/batai4u.lt\\\/\"},{\"@type\":\"ListItem\",\"position\":2,\"name\":\"Parduotuv\u0117\",\"item\":\"https:\\\/\\\/batai4u.lt\\\/index.php\\\/shop\\\/\"},{\"@type\":\"ListItem\",\"position\":3,\"name\":\"R223155002 Weestep demisezoniniai Aulinukai 21-26d (liko 21d)\"}]},{\"@type\":\"WebSite\",\"@id\":\"https:\\\/\\\/batai4u.lt\\\/#website\",\"url\":\"https:\\\/\\\/batai4u.lt\\\/\",\"name\":\"Batai4u.lt\",\"description\":\"batai vaikams ir ne tik\",\"publisher\":{\"@id\":\"https:\\\/\\\/batai4u.lt\\\/#\\\/schema\\\/person\\\/8cc43a99285533a2c3e2c58a641f566a\"},\"potentialAction\":[{\"@type\":\"SearchAction\",\"target\":{\"@type\":\"EntryPoint\",\"urlTemplate\":\"https:\\\/\\\/batai4u.lt\\\/?s={search_term_string}\"},\"query-input\":{\"@type\":\"PropertyValueSpecification\",\"valueRequired\":true,\"valueName\":\"search_term_string\"}}],\"inLanguage\":\"en-US\"},{\"@type\":[\"Person\",\"Organization\"],\"@id\":\"https:\\\/\\\/batai4u.lt\\\/#\\\/schema\\\/person\\\/8cc43a99285533a2c3e2c58a641f566a\",\"name\":\"Erika Steponavi\u010dien\u0117\",\"image\":{\"@type\":\"ImageObject\",\"inLanguage\":\"en-US\",\"@id\":\"https:\\\/\\\/secure.gravatar.com\\\/avatar\\\/de70a9d8a8fae7160f42990935bcabb5f827c9e01e111e0bcd4d408af9ba954c?s=96&d=mm&r=g\",\"url\":\"https:\\\/\\\/secure.gravatar.com\\\/avatar\\\/de70a9d8a8fae7160f42990935bcabb5f827c9e01e111e0bcd4d408af9ba954c?s=96&d=mm&r=g\",\"contentUrl\":\"https:\\\/\\\/secure.gravatar.com\\\/avatar\\\/de70a9d8a8fae7160f42990935bcabb5f827c9e01e111e0bcd4d408af9ba954c?s=96&d=mm&r=g\",\"caption\":\"Erika Steponavi\u010dien\u0117\"},\"logo\":{\"@id\":\"https:\\\/\\\/secure.gravatar.com\\\/avatar\\\/de70a9d8a8fae7160f42990935bcabb5f827c9e01e111e0bcd4d408af9ba954c?s=96&d=mm&r=g\"},\"sameAs\":[\"http:\\\/\\\/batai4u.lt\"]}]}<\/script>\n<!-- \/ Yoast SEO plugin. -->","yoast_head_json":{"title":"R223155002 Weestep demisezoniniai Aulinukai 21-26d (liko 21d) - Batai4u.lt","robots":{"index":"index","follow":"follow","max-snippet":"max-snippet:-1","max-image-preview":"max-image-preview:large","max-video-preview":"max-video-preview:-1"},"canonical":"https:\/\/batai4u.lt\/index.php\/product\/aulinukai-r223155002\/","og_locale":"en_US","og_type":"article","og_title":"R223155002 Weestep demisezoniniai Aulinukai 21-26d (liko 21d) - Batai4u.lt","og_description":"WEESTEP odiniai ortopediniai aulinukais. Su\u00a0 pa\u0161iltinimu visame bate.Turi supinatiriu bei tvirt\u0105 u\u017ekiln\u012f bei pakietintus pir\u0161tukus . Auk\u0161tos kokyb\u0117s.\u00a0 Lengvas modeliukas. Patogiai nusiima ir u\u017esideda. Su u\u017etrauktuku ir rai\u0161teliais. Tinka ir platesn\u0117m p\u0117dut\u0117m. Mink\u0161ti ir lankst\u016bs. ATSPAR\u016aS VANDENIUI . Puo\u0161ti blizgiu ir akmenukais.","og_url":"https:\/\/batai4u.lt\/index.php\/product\/aulinukai-r223155002\/","og_site_name":"Batai4u.lt","article_modified_time":"2024-10-19T11:28:48+00:00","og_image":[{"width":846,"height":1024,"url":"https:\/\/batai4u.lt\/wp-content\/uploads\/2023\/10\/20231003_170852-846x1024.png","type":"image\/png"}],"twitter_card":"summary_large_image","schema":{"@context":"https:\/\/schema.org","@graph":[{"@type":"WebPage","@id":"https:\/\/batai4u.lt\/index.php\/product\/aulinukai-r223155002\/","url":"https:\/\/batai4u.lt\/index.php\/product\/aulinukai-r223155002\/","name":"R223155002 Weestep demisezoniniai Aulinukai 21-26d (liko 21d) - Batai4u.lt","isPartOf":{"@id":"https:\/\/batai4u.lt\/#website"},"primaryImageOfPage":{"@id":"https:\/\/batai4u.lt\/index.php\/product\/aulinukai-r223155002\/#primaryimage"},"image":{"@id":"https:\/\/batai4u.lt\/index.php\/product\/aulinukai-r223155002\/#primaryimage"},"thumbnailUrl":"https:\/\/batai4u.lt\/wp-content\/uploads\/2023\/10\/20231003_170852.png","datePublished":"2023-10-03T14:59:21+00:00","dateModified":"2024-10-19T11:28:48+00:00","breadcrumb":{"@id":"https:\/\/batai4u.lt\/index.php\/product\/aulinukai-r223155002\/#breadcrumb"},"inLanguage":"en-US","potentialAction":[{"@type":"ReadAction","target":["https:\/\/batai4u.lt\/index.php\/product\/aulinukai-r223155002\/"]}]},{"@type":"ImageObject","inLanguage":"en-US","@id":"https:\/\/batai4u.lt\/index.php\/product\/aulinukai-r223155002\/#primaryimage","url":"https:\/\/batai4u.lt\/wp-content\/uploads\/2023\/10\/20231003_170852.png","contentUrl":"https:\/\/batai4u.lt\/wp-content\/uploads\/2023\/10\/20231003_170852.png","width":1497,"height":1811},{"@type":"BreadcrumbList","@id":"https:\/\/batai4u.lt\/index.php\/product\/aulinukai-r223155002\/#breadcrumb","itemListElement":[{"@type":"ListItem","position":1,"name":"Home","item":"https:\/\/batai4u.lt\/"},{"@type":"ListItem","position":2,"name":"Parduotuv\u0117","item":"https:\/\/batai4u.lt\/index.php\/shop\/"},{"@type":"ListItem","position":3,"name":"R223155002 Weestep demisezoniniai Aulinukai 21-26d (liko 21d)"}]},{"@type":"WebSite","@id":"https:\/\/batai4u.lt\/#website","url":"https:\/\/batai4u.lt\/","name":"Batai4u.lt","description":"batai vaikams ir ne tik","publisher":{"@id":"https:\/\/batai4u.lt\/#\/schema\/person\/8cc43a99285533a2c3e2c58a641f566a"},"potentialAction":[{"@type":"SearchAction","target":{"@type":"EntryPoint","urlTemplate":"https:\/\/batai4u.lt\/?s={search_term_string}"},"query-input":{"@type":"PropertyValueSpecification","valueRequired":true,"valueName":"search_term_string"}}],"inLanguage":"en-US"},{"@type":["Person","Organization"],"@id":"https:\/\/batai4u.lt\/#\/schema\/person\/8cc43a99285533a2c3e2c58a641f566a","name":"Erika Steponavi\u010dien\u0117","image":{"@type":"ImageObject","inLanguage":"en-US","@id":"https:\/\/secure.gravatar.com\/avatar\/de70a9d8a8fae7160f42990935bcabb5f827c9e01e111e0bcd4d408af9ba954c?s=96&d=mm&r=g","url":"https:\/\/secure.gravatar.com\/avatar\/de70a9d8a8fae7160f42990935bcabb5f827c9e01e111e0bcd4d408af9ba954c?s=96&d=mm&r=g","contentUrl":"https:\/\/secure.gravatar.com\/avatar\/de70a9d8a8fae7160f42990935bcabb5f827c9e01e111e0bcd4d408af9ba954c?s=96&d=mm&r=g","caption":"Erika Steponavi\u010dien\u0117"},"logo":{"@id":"https:\/\/secure.gravatar.com\/avatar\/de70a9d8a8fae7160f42990935bcabb5f827c9e01e111e0bcd4d408af9ba954c?s=96&d=mm&r=g"},"sameAs":["http:\/\/batai4u.lt"]}]}},"jetpack_sharing_enabled":true,"_links":{"self":[{"href":"https:\/\/batai4u.lt\/index.php\/wp-json\/wp\/v2\/product\/3953","targetHints":{"allow":["GET"]}}],"collection":[{"href":"https:\/\/batai4u.lt\/index.php\/wp-json\/wp\/v2\/product"}],"about":[{"href":"https:\/\/batai4u.lt\/index.php\/wp-json\/wp\/v2\/types\/product"}],"replies":[{"embeddable":true,"href":"https:\/\/batai4u.lt\/index.php\/wp-json\/wp\/v2\/comments?post=3953"}],"wp:featuredmedia":[{"embeddable":true,"href":"https:\/\/batai4u.lt\/index.php\/wp-json\/wp\/v2\/media\/3961"}],"wp:attachment":[{"href":"https:\/\/batai4u.lt\/index.php\/wp-json\/wp\/v2\/media?parent=3953"}],"wp:term":[{"taxonomy":"product_brand","embeddable":true,"href":"https:\/\/batai4u.lt\/index.php\/wp-json\/wp\/v2\/product_brand?post=3953"},{"taxonomy":"product_cat","embeddable":true,"href":"https:\/\/batai4u.lt\/index.php\/wp-json\/wp\/v2\/product_cat?post=3953"},{"taxonomy":"product_tag","embeddable":true,"href":"https:\/\/batai4u.lt\/index.php\/wp-json\/wp\/v2\/product_tag?post=3953"}],"curies":[{"name":"wp","href":"https:\/\/api.w.org\/{rel}","templated":true}]}}