{"id":3969,"date":"2023-10-03T15:25:11","date_gmt":"2023-10-03T15:25:11","guid":{"rendered":"https:\/\/batai4u.lt\/?post_type=product&#038;p=3969"},"modified":"2026-03-14T16:54:22","modified_gmt":"2026-03-14T16:54:22","slug":"uzdaros-basutes-berniukams-r226750731","status":"publish","type":"product","link":"https:\/\/batai4u.lt\/index.php\/product\/uzdaros-basutes-berniukams-r226750731\/","title":{"rendered":"R226750731 Weestep basut\u0117s berniukams 25-32d"},"content":{"rendered":"<ul>\n<li>25d-16cm<\/li>\n<li>26d-16,6cm<\/li>\n<li>27d-17,5cm<\/li>\n<li>28d-18cm<\/li>\n<li>29d-18,7cm<\/li>\n<li>30d-19,4cm<\/li>\n<li>31d-20cm<\/li>\n<li>32d.-20,6cm<\/li>\n<li><img decoding=\"async\" class=\"alignnone size-full wp-image-3933\" src=\"https:\/\/batai4u.lt\/wp-content\/uploads\/2023\/10\/antishock.png\" alt=\"\" width=\"137\" height=\"113\" \/><img decoding=\"async\" class=\"alignnone size-full wp-image-3908\" src=\"https:\/\/batai4u.lt\/wp-content\/uploads\/2023\/09\/nickelfree.png\" alt=\"\" width=\"137\" height=\"114\" \/><img decoding=\"async\" class=\"alignnone size-full wp-image-3907\" src=\"https:\/\/batai4u.lt\/wp-content\/uploads\/2023\/09\/lightness.png\" alt=\"\" width=\"136\" height=\"113\" \/><img loading=\"lazy\" decoding=\"async\" class=\"alignnone size-full wp-image-3911\" src=\"https:\/\/batai4u.lt\/wp-content\/uploads\/2023\/09\/soft-comfort.png\" alt=\"\" width=\"137\" height=\"113\" \/><img loading=\"lazy\" decoding=\"async\" class=\"alignnone size-full wp-image-3900\" src=\"https:\/\/batai4u.lt\/wp-content\/uploads\/2023\/09\/flexible-action.png\" alt=\"\" width=\"136\" height=\"113\" \/><img loading=\"lazy\" decoding=\"async\" class=\"alignnone size-full wp-image-3898\" src=\"https:\/\/batai4u.lt\/wp-content\/uploads\/2023\/09\/chromefree.png\" alt=\"\" width=\"136\" height=\"114\" \/><img loading=\"lazy\" decoding=\"async\" class=\"alignnone size-full wp-image-3899\" src=\"https:\/\/batai4u.lt\/wp-content\/uploads\/2023\/09\/easy-fitting.png\" alt=\"\" width=\"137\" height=\"113\" \/><img loading=\"lazy\" decoding=\"async\" class=\"alignnone size-full wp-image-3896\" src=\"https:\/\/batai4u.lt\/wp-content\/uploads\/2023\/09\/ergonomic-shape.png\" alt=\"\" width=\"136\" height=\"113\" \/><\/li>\n<\/ul>\n","protected":false},"excerpt":{"rendered":"<p>WEESTEP ortopedin\u0117s\u00a0 odin\u0117s basut\u0117s. U\u017edarais galais,su supinatorium, tvirta u\u017ekulne bei pakietintais pir\u0161tukais.Lankstus padas, lengvut\u0117s, mink\u0161tos.\u00a0 Auk\u0161tos kokyb\u0117s.<br \/>\nApimtis reguliuojasi lipukais.<\/p>\n","protected":false},"featured_media":4229,"comment_status":"closed","ping_status":"closed","template":"","meta":[],"product_brand":[136],"product_cat":[78],"product_tag":[96,92,94,95,105,107,83],"class_list":{"0":"post-3969","1":"product","2":"type-product","3":"status-publish","4":"has-post-thumbnail","6":"product_brand-weestep","7":"product_cat-basutes-berniukams","8":"product_tag-96","9":"product_tag-92","10":"product_tag-94","11":"product_tag-95","12":"product_tag-basutes","13":"product_tag-uzdaros-basutes","14":"product_tag-weestep","15":"futurio-has-gallery","17":"first","18":"instock","19":"shipping-taxable","20":"purchasable","21":"product-type-variable"},"yoast_head":"<!-- This site is optimized with the Yoast SEO plugin v27.5 - https:\/\/yoast.com\/product\/yoast-seo-wordpress\/ -->\n<title>R226750731 Weestep basut\u0117s berniukams 25-32d - Batai4u.lt<\/title>\n<meta name=\"robots\" content=\"index, follow, max-snippet:-1, max-image-preview:large, max-video-preview:-1\" \/>\n<link rel=\"canonical\" href=\"https:\/\/batai4u.lt\/index.php\/product\/uzdaros-basutes-berniukams-r226750731\/\" \/>\n<meta property=\"og:locale\" content=\"en_US\" \/>\n<meta property=\"og:type\" content=\"article\" \/>\n<meta property=\"og:title\" content=\"R226750731 Weestep basut\u0117s berniukams 25-32d - Batai4u.lt\" \/>\n<meta property=\"og:description\" content=\"WEESTEP ortopedin\u0117s\u00a0 odin\u0117s basut\u0117s. U\u017edarais galais,su supinatorium, tvirta u\u017ekulne bei pakietintais pir\u0161tukais.Lankstus padas, lengvut\u0117s, mink\u0161tos.\u00a0 Auk\u0161tos kokyb\u0117s. Apimtis reguliuojasi lipukais.\" \/>\n<meta property=\"og:url\" content=\"https:\/\/batai4u.lt\/index.php\/product\/uzdaros-basutes-berniukams-r226750731\/\" \/>\n<meta property=\"og:site_name\" content=\"Batai4u.lt\" \/>\n<meta property=\"article:modified_time\" content=\"2026-03-14T16:54:22+00:00\" \/>\n<meta property=\"og:image\" content=\"https:\/\/batai4u.lt\/wp-content\/uploads\/2023\/10\/20231002_124732-1.png\" \/>\n\t<meta property=\"og:image:width\" content=\"1479\" \/>\n\t<meta property=\"og:image:height\" content=\"1807\" \/>\n\t<meta property=\"og:image:type\" content=\"image\/png\" \/>\n<meta name=\"twitter:card\" content=\"summary_large_image\" \/>\n<meta name=\"twitter:label1\" content=\"Est. reading time\" \/>\n\t<meta name=\"twitter:data1\" content=\"2 minutes\" \/>\n<script type=\"application\/ld+json\" class=\"yoast-schema-graph\">{\"@context\":\"https:\\\/\\\/schema.org\",\"@graph\":[{\"@type\":\"WebPage\",\"@id\":\"https:\\\/\\\/batai4u.lt\\\/index.php\\\/product\\\/uzdaros-basutes-berniukams-r226750731\\\/\",\"url\":\"https:\\\/\\\/batai4u.lt\\\/index.php\\\/product\\\/uzdaros-basutes-berniukams-r226750731\\\/\",\"name\":\"R226750731 Weestep basut\u0117s berniukams 25-32d - Batai4u.lt\",\"isPartOf\":{\"@id\":\"https:\\\/\\\/batai4u.lt\\\/#website\"},\"primaryImageOfPage\":{\"@id\":\"https:\\\/\\\/batai4u.lt\\\/index.php\\\/product\\\/uzdaros-basutes-berniukams-r226750731\\\/#primaryimage\"},\"image\":{\"@id\":\"https:\\\/\\\/batai4u.lt\\\/index.php\\\/product\\\/uzdaros-basutes-berniukams-r226750731\\\/#primaryimage\"},\"thumbnailUrl\":\"https:\\\/\\\/batai4u.lt\\\/wp-content\\\/uploads\\\/2023\\\/10\\\/20231002_124732-1.png\",\"datePublished\":\"2023-10-03T15:25:11+00:00\",\"dateModified\":\"2026-03-14T16:54:22+00:00\",\"breadcrumb\":{\"@id\":\"https:\\\/\\\/batai4u.lt\\\/index.php\\\/product\\\/uzdaros-basutes-berniukams-r226750731\\\/#breadcrumb\"},\"inLanguage\":\"en-US\",\"potentialAction\":[{\"@type\":\"ReadAction\",\"target\":[\"https:\\\/\\\/batai4u.lt\\\/index.php\\\/product\\\/uzdaros-basutes-berniukams-r226750731\\\/\"]}]},{\"@type\":\"ImageObject\",\"inLanguage\":\"en-US\",\"@id\":\"https:\\\/\\\/batai4u.lt\\\/index.php\\\/product\\\/uzdaros-basutes-berniukams-r226750731\\\/#primaryimage\",\"url\":\"https:\\\/\\\/batai4u.lt\\\/wp-content\\\/uploads\\\/2023\\\/10\\\/20231002_124732-1.png\",\"contentUrl\":\"https:\\\/\\\/batai4u.lt\\\/wp-content\\\/uploads\\\/2023\\\/10\\\/20231002_124732-1.png\",\"width\":1479,\"height\":1807},{\"@type\":\"BreadcrumbList\",\"@id\":\"https:\\\/\\\/batai4u.lt\\\/index.php\\\/product\\\/uzdaros-basutes-berniukams-r226750731\\\/#breadcrumb\",\"itemListElement\":[{\"@type\":\"ListItem\",\"position\":1,\"name\":\"Home\",\"item\":\"https:\\\/\\\/batai4u.lt\\\/\"},{\"@type\":\"ListItem\",\"position\":2,\"name\":\"Parduotuv\u0117\",\"item\":\"https:\\\/\\\/batai4u.lt\\\/index.php\\\/shop\\\/\"},{\"@type\":\"ListItem\",\"position\":3,\"name\":\"R226750731 Weestep basut\u0117s berniukams 25-32d\"}]},{\"@type\":\"WebSite\",\"@id\":\"https:\\\/\\\/batai4u.lt\\\/#website\",\"url\":\"https:\\\/\\\/batai4u.lt\\\/\",\"name\":\"Batai4u.lt\",\"description\":\"batai vaikams ir ne tik\",\"publisher\":{\"@id\":\"https:\\\/\\\/batai4u.lt\\\/#\\\/schema\\\/person\\\/8cc43a99285533a2c3e2c58a641f566a\"},\"potentialAction\":[{\"@type\":\"SearchAction\",\"target\":{\"@type\":\"EntryPoint\",\"urlTemplate\":\"https:\\\/\\\/batai4u.lt\\\/?s={search_term_string}\"},\"query-input\":{\"@type\":\"PropertyValueSpecification\",\"valueRequired\":true,\"valueName\":\"search_term_string\"}}],\"inLanguage\":\"en-US\"},{\"@type\":[\"Person\",\"Organization\"],\"@id\":\"https:\\\/\\\/batai4u.lt\\\/#\\\/schema\\\/person\\\/8cc43a99285533a2c3e2c58a641f566a\",\"name\":\"Erika Steponavi\u010dien\u0117\",\"image\":{\"@type\":\"ImageObject\",\"inLanguage\":\"en-US\",\"@id\":\"https:\\\/\\\/secure.gravatar.com\\\/avatar\\\/de70a9d8a8fae7160f42990935bcabb5f827c9e01e111e0bcd4d408af9ba954c?s=96&d=mm&r=g\",\"url\":\"https:\\\/\\\/secure.gravatar.com\\\/avatar\\\/de70a9d8a8fae7160f42990935bcabb5f827c9e01e111e0bcd4d408af9ba954c?s=96&d=mm&r=g\",\"contentUrl\":\"https:\\\/\\\/secure.gravatar.com\\\/avatar\\\/de70a9d8a8fae7160f42990935bcabb5f827c9e01e111e0bcd4d408af9ba954c?s=96&d=mm&r=g\",\"caption\":\"Erika Steponavi\u010dien\u0117\"},\"logo\":{\"@id\":\"https:\\\/\\\/secure.gravatar.com\\\/avatar\\\/de70a9d8a8fae7160f42990935bcabb5f827c9e01e111e0bcd4d408af9ba954c?s=96&d=mm&r=g\"},\"sameAs\":[\"http:\\\/\\\/batai4u.lt\"]}]}<\/script>\n<!-- \/ Yoast SEO plugin. -->","yoast_head_json":{"title":"R226750731 Weestep basut\u0117s berniukams 25-32d - Batai4u.lt","robots":{"index":"index","follow":"follow","max-snippet":"max-snippet:-1","max-image-preview":"max-image-preview:large","max-video-preview":"max-video-preview:-1"},"canonical":"https:\/\/batai4u.lt\/index.php\/product\/uzdaros-basutes-berniukams-r226750731\/","og_locale":"en_US","og_type":"article","og_title":"R226750731 Weestep basut\u0117s berniukams 25-32d - Batai4u.lt","og_description":"WEESTEP ortopedin\u0117s\u00a0 odin\u0117s basut\u0117s. U\u017edarais galais,su supinatorium, tvirta u\u017ekulne bei pakietintais pir\u0161tukais.Lankstus padas, lengvut\u0117s, mink\u0161tos.\u00a0 Auk\u0161tos kokyb\u0117s. Apimtis reguliuojasi lipukais.","og_url":"https:\/\/batai4u.lt\/index.php\/product\/uzdaros-basutes-berniukams-r226750731\/","og_site_name":"Batai4u.lt","article_modified_time":"2026-03-14T16:54:22+00:00","og_image":[{"width":1479,"height":1807,"url":"https:\/\/batai4u.lt\/wp-content\/uploads\/2023\/10\/20231002_124732-1.png","type":"image\/png"}],"twitter_card":"summary_large_image","twitter_misc":{"Est. reading time":"2 minutes"},"schema":{"@context":"https:\/\/schema.org","@graph":[{"@type":"WebPage","@id":"https:\/\/batai4u.lt\/index.php\/product\/uzdaros-basutes-berniukams-r226750731\/","url":"https:\/\/batai4u.lt\/index.php\/product\/uzdaros-basutes-berniukams-r226750731\/","name":"R226750731 Weestep basut\u0117s berniukams 25-32d - Batai4u.lt","isPartOf":{"@id":"https:\/\/batai4u.lt\/#website"},"primaryImageOfPage":{"@id":"https:\/\/batai4u.lt\/index.php\/product\/uzdaros-basutes-berniukams-r226750731\/#primaryimage"},"image":{"@id":"https:\/\/batai4u.lt\/index.php\/product\/uzdaros-basutes-berniukams-r226750731\/#primaryimage"},"thumbnailUrl":"https:\/\/batai4u.lt\/wp-content\/uploads\/2023\/10\/20231002_124732-1.png","datePublished":"2023-10-03T15:25:11+00:00","dateModified":"2026-03-14T16:54:22+00:00","breadcrumb":{"@id":"https:\/\/batai4u.lt\/index.php\/product\/uzdaros-basutes-berniukams-r226750731\/#breadcrumb"},"inLanguage":"en-US","potentialAction":[{"@type":"ReadAction","target":["https:\/\/batai4u.lt\/index.php\/product\/uzdaros-basutes-berniukams-r226750731\/"]}]},{"@type":"ImageObject","inLanguage":"en-US","@id":"https:\/\/batai4u.lt\/index.php\/product\/uzdaros-basutes-berniukams-r226750731\/#primaryimage","url":"https:\/\/batai4u.lt\/wp-content\/uploads\/2023\/10\/20231002_124732-1.png","contentUrl":"https:\/\/batai4u.lt\/wp-content\/uploads\/2023\/10\/20231002_124732-1.png","width":1479,"height":1807},{"@type":"BreadcrumbList","@id":"https:\/\/batai4u.lt\/index.php\/product\/uzdaros-basutes-berniukams-r226750731\/#breadcrumb","itemListElement":[{"@type":"ListItem","position":1,"name":"Home","item":"https:\/\/batai4u.lt\/"},{"@type":"ListItem","position":2,"name":"Parduotuv\u0117","item":"https:\/\/batai4u.lt\/index.php\/shop\/"},{"@type":"ListItem","position":3,"name":"R226750731 Weestep basut\u0117s berniukams 25-32d"}]},{"@type":"WebSite","@id":"https:\/\/batai4u.lt\/#website","url":"https:\/\/batai4u.lt\/","name":"Batai4u.lt","description":"batai vaikams ir ne tik","publisher":{"@id":"https:\/\/batai4u.lt\/#\/schema\/person\/8cc43a99285533a2c3e2c58a641f566a"},"potentialAction":[{"@type":"SearchAction","target":{"@type":"EntryPoint","urlTemplate":"https:\/\/batai4u.lt\/?s={search_term_string}"},"query-input":{"@type":"PropertyValueSpecification","valueRequired":true,"valueName":"search_term_string"}}],"inLanguage":"en-US"},{"@type":["Person","Organization"],"@id":"https:\/\/batai4u.lt\/#\/schema\/person\/8cc43a99285533a2c3e2c58a641f566a","name":"Erika Steponavi\u010dien\u0117","image":{"@type":"ImageObject","inLanguage":"en-US","@id":"https:\/\/secure.gravatar.com\/avatar\/de70a9d8a8fae7160f42990935bcabb5f827c9e01e111e0bcd4d408af9ba954c?s=96&d=mm&r=g","url":"https:\/\/secure.gravatar.com\/avatar\/de70a9d8a8fae7160f42990935bcabb5f827c9e01e111e0bcd4d408af9ba954c?s=96&d=mm&r=g","contentUrl":"https:\/\/secure.gravatar.com\/avatar\/de70a9d8a8fae7160f42990935bcabb5f827c9e01e111e0bcd4d408af9ba954c?s=96&d=mm&r=g","caption":"Erika Steponavi\u010dien\u0117"},"logo":{"@id":"https:\/\/secure.gravatar.com\/avatar\/de70a9d8a8fae7160f42990935bcabb5f827c9e01e111e0bcd4d408af9ba954c?s=96&d=mm&r=g"},"sameAs":["http:\/\/batai4u.lt"]}]}},"jetpack_sharing_enabled":true,"_links":{"self":[{"href":"https:\/\/batai4u.lt\/index.php\/wp-json\/wp\/v2\/product\/3969","targetHints":{"allow":["GET"]}}],"collection":[{"href":"https:\/\/batai4u.lt\/index.php\/wp-json\/wp\/v2\/product"}],"about":[{"href":"https:\/\/batai4u.lt\/index.php\/wp-json\/wp\/v2\/types\/product"}],"replies":[{"embeddable":true,"href":"https:\/\/batai4u.lt\/index.php\/wp-json\/wp\/v2\/comments?post=3969"}],"wp:featuredmedia":[{"embeddable":true,"href":"https:\/\/batai4u.lt\/index.php\/wp-json\/wp\/v2\/media\/4229"}],"wp:attachment":[{"href":"https:\/\/batai4u.lt\/index.php\/wp-json\/wp\/v2\/media?parent=3969"}],"wp:term":[{"taxonomy":"product_brand","embeddable":true,"href":"https:\/\/batai4u.lt\/index.php\/wp-json\/wp\/v2\/product_brand?post=3969"},{"taxonomy":"product_cat","embeddable":true,"href":"https:\/\/batai4u.lt\/index.php\/wp-json\/wp\/v2\/product_cat?post=3969"},{"taxonomy":"product_tag","embeddable":true,"href":"https:\/\/batai4u.lt\/index.php\/wp-json\/wp\/v2\/product_tag?post=3969"}],"curies":[{"name":"wp","href":"https:\/\/api.w.org\/{rel}","templated":true}]}}