{"id":4057,"date":"2023-10-17T13:42:08","date_gmt":"2023-10-17T13:42:08","guid":{"rendered":"https:\/\/batai4u.lt\/?post_type=product&#038;p=4057"},"modified":"2024-12-15T18:02:23","modified_gmt":"2024-12-15T18:02:23","slug":"muflon-sniego-batai-rudi","status":"publish","type":"product","link":"https:\/\/batai4u.lt\/index.php\/product\/muflon-sniego-batai-rudi\/","title":{"rendered":"Muflon sniego batai rudi 21-35d"},"content":{"rendered":"<ul>\n<li>21\/22d- 14cm<\/li>\n<li>23\/24d- 15,5cm<\/li>\n<li>25\/26d- 16,5cm<\/li>\n<li>27\/28d- 17,5cm<\/li>\n<li>29\/30d- 19cm<\/li>\n<li>31\/32d- 20,5cm<\/li>\n<li>33\/34d- 21,5cm<\/li>\n<li>35\/36d- 22,5cm<\/li>\n<\/ul>\n","protected":false},"excerpt":{"rendered":"<ul>\n<li>Sniego batai vaikams su 100% nat\u016bralia vilna.<\/li>\n<\/ul>\n<div>Batai pagaminti i\u0161 termo gumos, kuri net prie -30 \u0161al\u010dio nepraranda savo savybi\u0173 (lankstumo)<br \/>\nTvirtas aulas, pagamintas i\u0161 dr\u0117gmei atsparios, impregnuotos tekstil\u0117s su u\u017etraukiamu vir\u0161umi<br \/>\nVidinis \u012fd\u0117klas pagamintas i\u0161 perforuotos aliuminio folijos, kurios d\u0117ka viduje palaikoma \u0161iluma<br \/>\nPado protektorius u\u017etikrina sukibim\u0105 su \u012fvairia danga-Antibakterin\u0117s ir prie\u0161grybelin\u0117s savyb\u0117s<br \/>\nVilna neutralizuoja nemalonius kvapus ir u\u017etikrina termo savybes<\/div>\n<div><img decoding=\"async\" class=\"alignnone wp-image-4038 size-thumbnail\" src=\"https:\/\/batai4u.lt\/wp-content\/uploads\/2023\/10\/20231014_125136-150x150.png\" alt=\"\" width=\"150\" height=\"150\" srcset=\"https:\/\/batai4u.lt\/wp-content\/uploads\/2023\/10\/20231014_125136-150x150.png 150w, https:\/\/batai4u.lt\/wp-content\/uploads\/2023\/10\/20231014_125136-300x300.png 300w, https:\/\/batai4u.lt\/wp-content\/uploads\/2023\/10\/20231014_125136-100x100.png 100w, https:\/\/batai4u.lt\/wp-content\/uploads\/2023\/10\/20231014_125136-50x50.png 50w\" sizes=\"(max-width: 150px) 100vw, 150px\" \/><img decoding=\"async\" class=\"alignnone wp-image-4037 size-thumbnail\" src=\"https:\/\/batai4u.lt\/wp-content\/uploads\/2023\/10\/20231014_125122-150x150.png\" alt=\"\" width=\"150\" height=\"150\" srcset=\"https:\/\/batai4u.lt\/wp-content\/uploads\/2023\/10\/20231014_125122-150x150.png 150w, https:\/\/batai4u.lt\/wp-content\/uploads\/2023\/10\/20231014_125122-300x300.png 300w, https:\/\/batai4u.lt\/wp-content\/uploads\/2023\/10\/20231014_125122-100x100.png 100w, https:\/\/batai4u.lt\/wp-content\/uploads\/2023\/10\/20231014_125122-50x50.png 50w\" sizes=\"(max-width: 150px) 100vw, 150px\" \/><\/div>\n<div><\/div>\n","protected":false},"featured_media":4042,"comment_status":"closed","ping_status":"closed","template":"","meta":[],"product_brand":[],"product_cat":[74],"product_tag":[108,119,86,117,114,115],"class_list":{"0":"post-4057","1":"product","2":"type-product","3":"status-publish","4":"has-post-thumbnail","6":"product_cat-berniukams-ziema","7":"product_tag-108","8":"product_tag-21-22","9":"product_tag-86","10":"product_tag-muflon","11":"product_tag-termo-batai","12":"product_tag-zieminiai","13":"futurio-has-gallery","15":"first","16":"instock","17":"shipping-taxable","18":"purchasable","19":"product-type-variable"},"yoast_head":"<!-- This site is optimized with the Yoast SEO plugin v27.3 - https:\/\/yoast.com\/product\/yoast-seo-wordpress\/ -->\n<title>Muflon sniego batai rudi 21-35d - Batai4u.lt<\/title>\n<meta name=\"robots\" content=\"index, follow, max-snippet:-1, max-image-preview:large, max-video-preview:-1\" \/>\n<link rel=\"canonical\" href=\"https:\/\/batai4u.lt\/index.php\/product\/muflon-sniego-batai-rudi\/\" \/>\n<meta property=\"og:locale\" content=\"en_US\" \/>\n<meta property=\"og:type\" content=\"article\" \/>\n<meta property=\"og:title\" content=\"Muflon sniego batai rudi 21-35d - Batai4u.lt\" \/>\n<meta property=\"og:description\" content=\"Sniego batai vaikams su 100% nat\u016bralia vilna.  Batai pagaminti i\u0161 termo gumos, kuri net prie -30 \u0161al\u010dio nepraranda savo savybi\u0173 (lankstumo) Tvirtas aulas, pagamintas i\u0161 dr\u0117gmei atsparios, impregnuotos tekstil\u0117s su u\u017etraukiamu vir\u0161umi Vidinis \u012fd\u0117klas pagamintas i\u0161 perforuotos aliuminio folijos, kurios d\u0117ka viduje palaikoma \u0161iluma Pado protektorius u\u017etikrina sukibim\u0105 su \u012fvairia danga-Antibakterin\u0117s ir prie\u0161grybelin\u0117s savyb\u0117s Vilna neutralizuoja nemalonius kvapus ir u\u017etikrina termo savybes\" \/>\n<meta property=\"og:url\" content=\"https:\/\/batai4u.lt\/index.php\/product\/muflon-sniego-batai-rudi\/\" \/>\n<meta property=\"og:site_name\" content=\"Batai4u.lt\" \/>\n<meta property=\"article:modified_time\" content=\"2024-12-15T18:02:23+00:00\" \/>\n<meta property=\"og:image\" content=\"https:\/\/batai4u.lt\/wp-content\/uploads\/2023\/10\/20231014_125229-852x1024.png\" \/>\n\t<meta property=\"og:image:width\" content=\"852\" \/>\n\t<meta property=\"og:image:height\" content=\"1024\" \/>\n\t<meta property=\"og:image:type\" content=\"image\/png\" \/>\n<meta name=\"twitter:card\" content=\"summary_large_image\" \/>\n<script type=\"application\/ld+json\" class=\"yoast-schema-graph\">{\"@context\":\"https:\\\/\\\/schema.org\",\"@graph\":[{\"@type\":\"WebPage\",\"@id\":\"https:\\\/\\\/batai4u.lt\\\/index.php\\\/product\\\/muflon-sniego-batai-rudi\\\/\",\"url\":\"https:\\\/\\\/batai4u.lt\\\/index.php\\\/product\\\/muflon-sniego-batai-rudi\\\/\",\"name\":\"Muflon sniego batai rudi 21-35d - Batai4u.lt\",\"isPartOf\":{\"@id\":\"https:\\\/\\\/batai4u.lt\\\/#website\"},\"primaryImageOfPage\":{\"@id\":\"https:\\\/\\\/batai4u.lt\\\/index.php\\\/product\\\/muflon-sniego-batai-rudi\\\/#primaryimage\"},\"image\":{\"@id\":\"https:\\\/\\\/batai4u.lt\\\/index.php\\\/product\\\/muflon-sniego-batai-rudi\\\/#primaryimage\"},\"thumbnailUrl\":\"https:\\\/\\\/batai4u.lt\\\/wp-content\\\/uploads\\\/2023\\\/10\\\/20231014_125229.png\",\"datePublished\":\"2023-10-17T13:42:08+00:00\",\"dateModified\":\"2024-12-15T18:02:23+00:00\",\"breadcrumb\":{\"@id\":\"https:\\\/\\\/batai4u.lt\\\/index.php\\\/product\\\/muflon-sniego-batai-rudi\\\/#breadcrumb\"},\"inLanguage\":\"en-US\",\"potentialAction\":[{\"@type\":\"ReadAction\",\"target\":[\"https:\\\/\\\/batai4u.lt\\\/index.php\\\/product\\\/muflon-sniego-batai-rudi\\\/\"]}]},{\"@type\":\"ImageObject\",\"inLanguage\":\"en-US\",\"@id\":\"https:\\\/\\\/batai4u.lt\\\/index.php\\\/product\\\/muflon-sniego-batai-rudi\\\/#primaryimage\",\"url\":\"https:\\\/\\\/batai4u.lt\\\/wp-content\\\/uploads\\\/2023\\\/10\\\/20231014_125229.png\",\"contentUrl\":\"https:\\\/\\\/batai4u.lt\\\/wp-content\\\/uploads\\\/2023\\\/10\\\/20231014_125229.png\",\"width\":1500,\"height\":1803},{\"@type\":\"BreadcrumbList\",\"@id\":\"https:\\\/\\\/batai4u.lt\\\/index.php\\\/product\\\/muflon-sniego-batai-rudi\\\/#breadcrumb\",\"itemListElement\":[{\"@type\":\"ListItem\",\"position\":1,\"name\":\"Home\",\"item\":\"https:\\\/\\\/batai4u.lt\\\/\"},{\"@type\":\"ListItem\",\"position\":2,\"name\":\"Parduotuv\u0117\",\"item\":\"https:\\\/\\\/batai4u.lt\\\/index.php\\\/shop\\\/\"},{\"@type\":\"ListItem\",\"position\":3,\"name\":\"Muflon sniego batai rudi 21-35d\"}]},{\"@type\":\"WebSite\",\"@id\":\"https:\\\/\\\/batai4u.lt\\\/#website\",\"url\":\"https:\\\/\\\/batai4u.lt\\\/\",\"name\":\"Batai4u.lt\",\"description\":\"batai vaikams ir ne tik\",\"publisher\":{\"@id\":\"https:\\\/\\\/batai4u.lt\\\/#\\\/schema\\\/person\\\/8cc43a99285533a2c3e2c58a641f566a\"},\"potentialAction\":[{\"@type\":\"SearchAction\",\"target\":{\"@type\":\"EntryPoint\",\"urlTemplate\":\"https:\\\/\\\/batai4u.lt\\\/?s={search_term_string}\"},\"query-input\":{\"@type\":\"PropertyValueSpecification\",\"valueRequired\":true,\"valueName\":\"search_term_string\"}}],\"inLanguage\":\"en-US\"},{\"@type\":[\"Person\",\"Organization\"],\"@id\":\"https:\\\/\\\/batai4u.lt\\\/#\\\/schema\\\/person\\\/8cc43a99285533a2c3e2c58a641f566a\",\"name\":\"Erika Steponavi\u010dien\u0117\",\"image\":{\"@type\":\"ImageObject\",\"inLanguage\":\"en-US\",\"@id\":\"https:\\\/\\\/secure.gravatar.com\\\/avatar\\\/de70a9d8a8fae7160f42990935bcabb5f827c9e01e111e0bcd4d408af9ba954c?s=96&d=mm&r=g\",\"url\":\"https:\\\/\\\/secure.gravatar.com\\\/avatar\\\/de70a9d8a8fae7160f42990935bcabb5f827c9e01e111e0bcd4d408af9ba954c?s=96&d=mm&r=g\",\"contentUrl\":\"https:\\\/\\\/secure.gravatar.com\\\/avatar\\\/de70a9d8a8fae7160f42990935bcabb5f827c9e01e111e0bcd4d408af9ba954c?s=96&d=mm&r=g\",\"caption\":\"Erika Steponavi\u010dien\u0117\"},\"logo\":{\"@id\":\"https:\\\/\\\/secure.gravatar.com\\\/avatar\\\/de70a9d8a8fae7160f42990935bcabb5f827c9e01e111e0bcd4d408af9ba954c?s=96&d=mm&r=g\"},\"sameAs\":[\"http:\\\/\\\/batai4u.lt\"]}]}<\/script>\n<!-- \/ Yoast SEO plugin. -->","yoast_head_json":{"title":"Muflon sniego batai rudi 21-35d - Batai4u.lt","robots":{"index":"index","follow":"follow","max-snippet":"max-snippet:-1","max-image-preview":"max-image-preview:large","max-video-preview":"max-video-preview:-1"},"canonical":"https:\/\/batai4u.lt\/index.php\/product\/muflon-sniego-batai-rudi\/","og_locale":"en_US","og_type":"article","og_title":"Muflon sniego batai rudi 21-35d - Batai4u.lt","og_description":"Sniego batai vaikams su 100% nat\u016bralia vilna.  Batai pagaminti i\u0161 termo gumos, kuri net prie -30 \u0161al\u010dio nepraranda savo savybi\u0173 (lankstumo) Tvirtas aulas, pagamintas i\u0161 dr\u0117gmei atsparios, impregnuotos tekstil\u0117s su u\u017etraukiamu vir\u0161umi Vidinis \u012fd\u0117klas pagamintas i\u0161 perforuotos aliuminio folijos, kurios d\u0117ka viduje palaikoma \u0161iluma Pado protektorius u\u017etikrina sukibim\u0105 su \u012fvairia danga-Antibakterin\u0117s ir prie\u0161grybelin\u0117s savyb\u0117s Vilna neutralizuoja nemalonius kvapus ir u\u017etikrina termo savybes","og_url":"https:\/\/batai4u.lt\/index.php\/product\/muflon-sniego-batai-rudi\/","og_site_name":"Batai4u.lt","article_modified_time":"2024-12-15T18:02:23+00:00","og_image":[{"width":852,"height":1024,"url":"https:\/\/batai4u.lt\/wp-content\/uploads\/2023\/10\/20231014_125229-852x1024.png","type":"image\/png"}],"twitter_card":"summary_large_image","schema":{"@context":"https:\/\/schema.org","@graph":[{"@type":"WebPage","@id":"https:\/\/batai4u.lt\/index.php\/product\/muflon-sniego-batai-rudi\/","url":"https:\/\/batai4u.lt\/index.php\/product\/muflon-sniego-batai-rudi\/","name":"Muflon sniego batai rudi 21-35d - Batai4u.lt","isPartOf":{"@id":"https:\/\/batai4u.lt\/#website"},"primaryImageOfPage":{"@id":"https:\/\/batai4u.lt\/index.php\/product\/muflon-sniego-batai-rudi\/#primaryimage"},"image":{"@id":"https:\/\/batai4u.lt\/index.php\/product\/muflon-sniego-batai-rudi\/#primaryimage"},"thumbnailUrl":"https:\/\/batai4u.lt\/wp-content\/uploads\/2023\/10\/20231014_125229.png","datePublished":"2023-10-17T13:42:08+00:00","dateModified":"2024-12-15T18:02:23+00:00","breadcrumb":{"@id":"https:\/\/batai4u.lt\/index.php\/product\/muflon-sniego-batai-rudi\/#breadcrumb"},"inLanguage":"en-US","potentialAction":[{"@type":"ReadAction","target":["https:\/\/batai4u.lt\/index.php\/product\/muflon-sniego-batai-rudi\/"]}]},{"@type":"ImageObject","inLanguage":"en-US","@id":"https:\/\/batai4u.lt\/index.php\/product\/muflon-sniego-batai-rudi\/#primaryimage","url":"https:\/\/batai4u.lt\/wp-content\/uploads\/2023\/10\/20231014_125229.png","contentUrl":"https:\/\/batai4u.lt\/wp-content\/uploads\/2023\/10\/20231014_125229.png","width":1500,"height":1803},{"@type":"BreadcrumbList","@id":"https:\/\/batai4u.lt\/index.php\/product\/muflon-sniego-batai-rudi\/#breadcrumb","itemListElement":[{"@type":"ListItem","position":1,"name":"Home","item":"https:\/\/batai4u.lt\/"},{"@type":"ListItem","position":2,"name":"Parduotuv\u0117","item":"https:\/\/batai4u.lt\/index.php\/shop\/"},{"@type":"ListItem","position":3,"name":"Muflon sniego batai rudi 21-35d"}]},{"@type":"WebSite","@id":"https:\/\/batai4u.lt\/#website","url":"https:\/\/batai4u.lt\/","name":"Batai4u.lt","description":"batai vaikams ir ne tik","publisher":{"@id":"https:\/\/batai4u.lt\/#\/schema\/person\/8cc43a99285533a2c3e2c58a641f566a"},"potentialAction":[{"@type":"SearchAction","target":{"@type":"EntryPoint","urlTemplate":"https:\/\/batai4u.lt\/?s={search_term_string}"},"query-input":{"@type":"PropertyValueSpecification","valueRequired":true,"valueName":"search_term_string"}}],"inLanguage":"en-US"},{"@type":["Person","Organization"],"@id":"https:\/\/batai4u.lt\/#\/schema\/person\/8cc43a99285533a2c3e2c58a641f566a","name":"Erika Steponavi\u010dien\u0117","image":{"@type":"ImageObject","inLanguage":"en-US","@id":"https:\/\/secure.gravatar.com\/avatar\/de70a9d8a8fae7160f42990935bcabb5f827c9e01e111e0bcd4d408af9ba954c?s=96&d=mm&r=g","url":"https:\/\/secure.gravatar.com\/avatar\/de70a9d8a8fae7160f42990935bcabb5f827c9e01e111e0bcd4d408af9ba954c?s=96&d=mm&r=g","contentUrl":"https:\/\/secure.gravatar.com\/avatar\/de70a9d8a8fae7160f42990935bcabb5f827c9e01e111e0bcd4d408af9ba954c?s=96&d=mm&r=g","caption":"Erika Steponavi\u010dien\u0117"},"logo":{"@id":"https:\/\/secure.gravatar.com\/avatar\/de70a9d8a8fae7160f42990935bcabb5f827c9e01e111e0bcd4d408af9ba954c?s=96&d=mm&r=g"},"sameAs":["http:\/\/batai4u.lt"]}]}},"jetpack_sharing_enabled":true,"_links":{"self":[{"href":"https:\/\/batai4u.lt\/index.php\/wp-json\/wp\/v2\/product\/4057","targetHints":{"allow":["GET"]}}],"collection":[{"href":"https:\/\/batai4u.lt\/index.php\/wp-json\/wp\/v2\/product"}],"about":[{"href":"https:\/\/batai4u.lt\/index.php\/wp-json\/wp\/v2\/types\/product"}],"replies":[{"embeddable":true,"href":"https:\/\/batai4u.lt\/index.php\/wp-json\/wp\/v2\/comments?post=4057"}],"wp:featuredmedia":[{"embeddable":true,"href":"https:\/\/batai4u.lt\/index.php\/wp-json\/wp\/v2\/media\/4042"}],"wp:attachment":[{"href":"https:\/\/batai4u.lt\/index.php\/wp-json\/wp\/v2\/media?parent=4057"}],"wp:term":[{"taxonomy":"product_brand","embeddable":true,"href":"https:\/\/batai4u.lt\/index.php\/wp-json\/wp\/v2\/product_brand?post=4057"},{"taxonomy":"product_cat","embeddable":true,"href":"https:\/\/batai4u.lt\/index.php\/wp-json\/wp\/v2\/product_cat?post=4057"},{"taxonomy":"product_tag","embeddable":true,"href":"https:\/\/batai4u.lt\/index.php\/wp-json\/wp\/v2\/product_tag?post=4057"}],"curies":[{"name":"wp","href":"https:\/\/api.w.org\/{rel}","templated":true}]}}