{"id":4115,"date":"2023-10-23T11:24:01","date_gmt":"2023-10-23T11:24:01","guid":{"rendered":"https:\/\/batai4u.lt\/?post_type=product&#038;p=4115"},"modified":"2024-10-06T17:39:14","modified_gmt":"2024-10-06T17:39:14","slug":"zieminiai-termo-batukai-r978567041","status":"publish","type":"product","link":"https:\/\/batai4u.lt\/index.php\/product\/zieminiai-termo-batukai-r978567041\/","title":{"rendered":"R978567041 \u017dieminiai termo batukai 22-26d."},"content":{"rendered":"<ol>\n<li>22d-14,2cm<\/li>\n<\/ol>\n<p>23d-14,9cm<\/p>\n<p>24d-15,6cm<\/p>\n<p>25d-16,2cm<\/p>\n<p>26d-16,9cm<\/p>\n","protected":false},"excerpt":{"rendered":"<p>WEESTEP \u017eieminiai termo batai.Viduje visame batuke nat\u016brali avies vilna.\u00a0 Auk\u0161tos kokyb\u0117s.\u00a0 Lengvas modeliukas, viduj ortopedi\u0161kai i\u0161formuoti.\u00a0 Patogiai nusiima ir u\u017esideda. Su u\u017etrauktuku \u0161one. apsaugos nuo sniego, apsaugos ant pir\u0161tuk\u0173.<br \/>\nNeslystantis padas. Neper\u0161lampa, kojyt\u0117s visad \u0161iltos ir sausos.<\/p>\n","protected":false},"featured_media":4097,"comment_status":"closed","ping_status":"closed","template":"","meta":[],"product_brand":[],"product_cat":[74],"product_tag":[86,87,89,96,114,83,115],"class_list":{"0":"post-4115","1":"product","2":"type-product","3":"status-publish","4":"has-post-thumbnail","6":"product_cat-berniukams-ziema","7":"product_tag-86","8":"product_tag-87","9":"product_tag-89","10":"product_tag-96","11":"product_tag-termo-batai","12":"product_tag-weestep","13":"product_tag-zieminiai","14":"futurio-has-gallery","16":"first","17":"instock","18":"shipping-taxable","19":"purchasable","20":"product-type-variable"},"yoast_head":"<!-- This site is optimized with the Yoast SEO plugin v27.5 - https:\/\/yoast.com\/product\/yoast-seo-wordpress\/ -->\n<title>R978567041 \u017dieminiai termo batukai 22-26d. - Batai4u.lt<\/title>\n<meta name=\"robots\" content=\"index, follow, max-snippet:-1, max-image-preview:large, max-video-preview:-1\" \/>\n<link rel=\"canonical\" href=\"https:\/\/batai4u.lt\/index.php\/product\/zieminiai-termo-batukai-r978567041\/\" \/>\n<meta property=\"og:locale\" content=\"en_US\" \/>\n<meta property=\"og:type\" content=\"article\" \/>\n<meta property=\"og:title\" content=\"R978567041 \u017dieminiai termo batukai 22-26d. - Batai4u.lt\" \/>\n<meta property=\"og:description\" content=\"WEESTEP \u017eieminiai termo batai.Viduje visame batuke nat\u016brali avies vilna.\u00a0 Auk\u0161tos kokyb\u0117s.\u00a0 Lengvas modeliukas, viduj ortopedi\u0161kai i\u0161formuoti.\u00a0 Patogiai nusiima ir u\u017esideda. Su u\u017etrauktuku \u0161one. apsaugos nuo sniego, apsaugos ant pir\u0161tuk\u0173. Neslystantis padas. Neper\u0161lampa, kojyt\u0117s visad \u0161iltos ir sausos.\" \/>\n<meta property=\"og:url\" content=\"https:\/\/batai4u.lt\/index.php\/product\/zieminiai-termo-batukai-r978567041\/\" \/>\n<meta property=\"og:site_name\" content=\"Batai4u.lt\" \/>\n<meta property=\"article:modified_time\" content=\"2024-10-06T17:39:14+00:00\" \/>\n<meta property=\"og:image\" content=\"https:\/\/batai4u.lt\/wp-content\/uploads\/2023\/10\/20231018_224030.png\" \/>\n\t<meta property=\"og:image:width\" content=\"1500\" \/>\n\t<meta property=\"og:image:height\" content=\"1818\" \/>\n\t<meta property=\"og:image:type\" content=\"image\/png\" \/>\n<meta name=\"twitter:card\" content=\"summary_large_image\" \/>\n<script type=\"application\/ld+json\" class=\"yoast-schema-graph\">{\"@context\":\"https:\\\/\\\/schema.org\",\"@graph\":[{\"@type\":\"WebPage\",\"@id\":\"https:\\\/\\\/batai4u.lt\\\/index.php\\\/product\\\/zieminiai-termo-batukai-r978567041\\\/\",\"url\":\"https:\\\/\\\/batai4u.lt\\\/index.php\\\/product\\\/zieminiai-termo-batukai-r978567041\\\/\",\"name\":\"R978567041 \u017dieminiai termo batukai 22-26d. - Batai4u.lt\",\"isPartOf\":{\"@id\":\"https:\\\/\\\/batai4u.lt\\\/#website\"},\"primaryImageOfPage\":{\"@id\":\"https:\\\/\\\/batai4u.lt\\\/index.php\\\/product\\\/zieminiai-termo-batukai-r978567041\\\/#primaryimage\"},\"image\":{\"@id\":\"https:\\\/\\\/batai4u.lt\\\/index.php\\\/product\\\/zieminiai-termo-batukai-r978567041\\\/#primaryimage\"},\"thumbnailUrl\":\"https:\\\/\\\/batai4u.lt\\\/wp-content\\\/uploads\\\/2023\\\/10\\\/20231018_224030.png\",\"datePublished\":\"2023-10-23T11:24:01+00:00\",\"dateModified\":\"2024-10-06T17:39:14+00:00\",\"breadcrumb\":{\"@id\":\"https:\\\/\\\/batai4u.lt\\\/index.php\\\/product\\\/zieminiai-termo-batukai-r978567041\\\/#breadcrumb\"},\"inLanguage\":\"en-US\",\"potentialAction\":[{\"@type\":\"ReadAction\",\"target\":[\"https:\\\/\\\/batai4u.lt\\\/index.php\\\/product\\\/zieminiai-termo-batukai-r978567041\\\/\"]}]},{\"@type\":\"ImageObject\",\"inLanguage\":\"en-US\",\"@id\":\"https:\\\/\\\/batai4u.lt\\\/index.php\\\/product\\\/zieminiai-termo-batukai-r978567041\\\/#primaryimage\",\"url\":\"https:\\\/\\\/batai4u.lt\\\/wp-content\\\/uploads\\\/2023\\\/10\\\/20231018_224030.png\",\"contentUrl\":\"https:\\\/\\\/batai4u.lt\\\/wp-content\\\/uploads\\\/2023\\\/10\\\/20231018_224030.png\",\"width\":1500,\"height\":1818},{\"@type\":\"BreadcrumbList\",\"@id\":\"https:\\\/\\\/batai4u.lt\\\/index.php\\\/product\\\/zieminiai-termo-batukai-r978567041\\\/#breadcrumb\",\"itemListElement\":[{\"@type\":\"ListItem\",\"position\":1,\"name\":\"Home\",\"item\":\"https:\\\/\\\/batai4u.lt\\\/\"},{\"@type\":\"ListItem\",\"position\":2,\"name\":\"Parduotuv\u0117\",\"item\":\"https:\\\/\\\/batai4u.lt\\\/index.php\\\/shop\\\/\"},{\"@type\":\"ListItem\",\"position\":3,\"name\":\"R978567041 \u017dieminiai termo batukai 22-26d.\"}]},{\"@type\":\"WebSite\",\"@id\":\"https:\\\/\\\/batai4u.lt\\\/#website\",\"url\":\"https:\\\/\\\/batai4u.lt\\\/\",\"name\":\"Batai4u.lt\",\"description\":\"batai vaikams ir ne tik\",\"publisher\":{\"@id\":\"https:\\\/\\\/batai4u.lt\\\/#\\\/schema\\\/person\\\/8cc43a99285533a2c3e2c58a641f566a\"},\"potentialAction\":[{\"@type\":\"SearchAction\",\"target\":{\"@type\":\"EntryPoint\",\"urlTemplate\":\"https:\\\/\\\/batai4u.lt\\\/?s={search_term_string}\"},\"query-input\":{\"@type\":\"PropertyValueSpecification\",\"valueRequired\":true,\"valueName\":\"search_term_string\"}}],\"inLanguage\":\"en-US\"},{\"@type\":[\"Person\",\"Organization\"],\"@id\":\"https:\\\/\\\/batai4u.lt\\\/#\\\/schema\\\/person\\\/8cc43a99285533a2c3e2c58a641f566a\",\"name\":\"Erika Steponavi\u010dien\u0117\",\"image\":{\"@type\":\"ImageObject\",\"inLanguage\":\"en-US\",\"@id\":\"https:\\\/\\\/secure.gravatar.com\\\/avatar\\\/de70a9d8a8fae7160f42990935bcabb5f827c9e01e111e0bcd4d408af9ba954c?s=96&d=mm&r=g\",\"url\":\"https:\\\/\\\/secure.gravatar.com\\\/avatar\\\/de70a9d8a8fae7160f42990935bcabb5f827c9e01e111e0bcd4d408af9ba954c?s=96&d=mm&r=g\",\"contentUrl\":\"https:\\\/\\\/secure.gravatar.com\\\/avatar\\\/de70a9d8a8fae7160f42990935bcabb5f827c9e01e111e0bcd4d408af9ba954c?s=96&d=mm&r=g\",\"caption\":\"Erika Steponavi\u010dien\u0117\"},\"logo\":{\"@id\":\"https:\\\/\\\/secure.gravatar.com\\\/avatar\\\/de70a9d8a8fae7160f42990935bcabb5f827c9e01e111e0bcd4d408af9ba954c?s=96&d=mm&r=g\"},\"sameAs\":[\"http:\\\/\\\/batai4u.lt\"]}]}<\/script>\n<!-- \/ Yoast SEO plugin. -->","yoast_head_json":{"title":"R978567041 \u017dieminiai termo batukai 22-26d. - Batai4u.lt","robots":{"index":"index","follow":"follow","max-snippet":"max-snippet:-1","max-image-preview":"max-image-preview:large","max-video-preview":"max-video-preview:-1"},"canonical":"https:\/\/batai4u.lt\/index.php\/product\/zieminiai-termo-batukai-r978567041\/","og_locale":"en_US","og_type":"article","og_title":"R978567041 \u017dieminiai termo batukai 22-26d. - Batai4u.lt","og_description":"WEESTEP \u017eieminiai termo batai.Viduje visame batuke nat\u016brali avies vilna.\u00a0 Auk\u0161tos kokyb\u0117s.\u00a0 Lengvas modeliukas, viduj ortopedi\u0161kai i\u0161formuoti.\u00a0 Patogiai nusiima ir u\u017esideda. Su u\u017etrauktuku \u0161one. apsaugos nuo sniego, apsaugos ant pir\u0161tuk\u0173. Neslystantis padas. Neper\u0161lampa, kojyt\u0117s visad \u0161iltos ir sausos.","og_url":"https:\/\/batai4u.lt\/index.php\/product\/zieminiai-termo-batukai-r978567041\/","og_site_name":"Batai4u.lt","article_modified_time":"2024-10-06T17:39:14+00:00","og_image":[{"width":1500,"height":1818,"url":"https:\/\/batai4u.lt\/wp-content\/uploads\/2023\/10\/20231018_224030.png","type":"image\/png"}],"twitter_card":"summary_large_image","schema":{"@context":"https:\/\/schema.org","@graph":[{"@type":"WebPage","@id":"https:\/\/batai4u.lt\/index.php\/product\/zieminiai-termo-batukai-r978567041\/","url":"https:\/\/batai4u.lt\/index.php\/product\/zieminiai-termo-batukai-r978567041\/","name":"R978567041 \u017dieminiai termo batukai 22-26d. - Batai4u.lt","isPartOf":{"@id":"https:\/\/batai4u.lt\/#website"},"primaryImageOfPage":{"@id":"https:\/\/batai4u.lt\/index.php\/product\/zieminiai-termo-batukai-r978567041\/#primaryimage"},"image":{"@id":"https:\/\/batai4u.lt\/index.php\/product\/zieminiai-termo-batukai-r978567041\/#primaryimage"},"thumbnailUrl":"https:\/\/batai4u.lt\/wp-content\/uploads\/2023\/10\/20231018_224030.png","datePublished":"2023-10-23T11:24:01+00:00","dateModified":"2024-10-06T17:39:14+00:00","breadcrumb":{"@id":"https:\/\/batai4u.lt\/index.php\/product\/zieminiai-termo-batukai-r978567041\/#breadcrumb"},"inLanguage":"en-US","potentialAction":[{"@type":"ReadAction","target":["https:\/\/batai4u.lt\/index.php\/product\/zieminiai-termo-batukai-r978567041\/"]}]},{"@type":"ImageObject","inLanguage":"en-US","@id":"https:\/\/batai4u.lt\/index.php\/product\/zieminiai-termo-batukai-r978567041\/#primaryimage","url":"https:\/\/batai4u.lt\/wp-content\/uploads\/2023\/10\/20231018_224030.png","contentUrl":"https:\/\/batai4u.lt\/wp-content\/uploads\/2023\/10\/20231018_224030.png","width":1500,"height":1818},{"@type":"BreadcrumbList","@id":"https:\/\/batai4u.lt\/index.php\/product\/zieminiai-termo-batukai-r978567041\/#breadcrumb","itemListElement":[{"@type":"ListItem","position":1,"name":"Home","item":"https:\/\/batai4u.lt\/"},{"@type":"ListItem","position":2,"name":"Parduotuv\u0117","item":"https:\/\/batai4u.lt\/index.php\/shop\/"},{"@type":"ListItem","position":3,"name":"R978567041 \u017dieminiai termo batukai 22-26d."}]},{"@type":"WebSite","@id":"https:\/\/batai4u.lt\/#website","url":"https:\/\/batai4u.lt\/","name":"Batai4u.lt","description":"batai vaikams ir ne tik","publisher":{"@id":"https:\/\/batai4u.lt\/#\/schema\/person\/8cc43a99285533a2c3e2c58a641f566a"},"potentialAction":[{"@type":"SearchAction","target":{"@type":"EntryPoint","urlTemplate":"https:\/\/batai4u.lt\/?s={search_term_string}"},"query-input":{"@type":"PropertyValueSpecification","valueRequired":true,"valueName":"search_term_string"}}],"inLanguage":"en-US"},{"@type":["Person","Organization"],"@id":"https:\/\/batai4u.lt\/#\/schema\/person\/8cc43a99285533a2c3e2c58a641f566a","name":"Erika Steponavi\u010dien\u0117","image":{"@type":"ImageObject","inLanguage":"en-US","@id":"https:\/\/secure.gravatar.com\/avatar\/de70a9d8a8fae7160f42990935bcabb5f827c9e01e111e0bcd4d408af9ba954c?s=96&d=mm&r=g","url":"https:\/\/secure.gravatar.com\/avatar\/de70a9d8a8fae7160f42990935bcabb5f827c9e01e111e0bcd4d408af9ba954c?s=96&d=mm&r=g","contentUrl":"https:\/\/secure.gravatar.com\/avatar\/de70a9d8a8fae7160f42990935bcabb5f827c9e01e111e0bcd4d408af9ba954c?s=96&d=mm&r=g","caption":"Erika Steponavi\u010dien\u0117"},"logo":{"@id":"https:\/\/secure.gravatar.com\/avatar\/de70a9d8a8fae7160f42990935bcabb5f827c9e01e111e0bcd4d408af9ba954c?s=96&d=mm&r=g"},"sameAs":["http:\/\/batai4u.lt"]}]}},"jetpack_sharing_enabled":true,"_links":{"self":[{"href":"https:\/\/batai4u.lt\/index.php\/wp-json\/wp\/v2\/product\/4115","targetHints":{"allow":["GET"]}}],"collection":[{"href":"https:\/\/batai4u.lt\/index.php\/wp-json\/wp\/v2\/product"}],"about":[{"href":"https:\/\/batai4u.lt\/index.php\/wp-json\/wp\/v2\/types\/product"}],"replies":[{"embeddable":true,"href":"https:\/\/batai4u.lt\/index.php\/wp-json\/wp\/v2\/comments?post=4115"}],"wp:featuredmedia":[{"embeddable":true,"href":"https:\/\/batai4u.lt\/index.php\/wp-json\/wp\/v2\/media\/4097"}],"wp:attachment":[{"href":"https:\/\/batai4u.lt\/index.php\/wp-json\/wp\/v2\/media?parent=4115"}],"wp:term":[{"taxonomy":"product_brand","embeddable":true,"href":"https:\/\/batai4u.lt\/index.php\/wp-json\/wp\/v2\/product_brand?post=4115"},{"taxonomy":"product_cat","embeddable":true,"href":"https:\/\/batai4u.lt\/index.php\/wp-json\/wp\/v2\/product_cat?post=4115"},{"taxonomy":"product_tag","embeddable":true,"href":"https:\/\/batai4u.lt\/index.php\/wp-json\/wp\/v2\/product_tag?post=4115"}],"curies":[{"name":"wp","href":"https:\/\/api.w.org\/{rel}","templated":true}]}}