{"id":4194,"date":"2023-11-09T16:20:30","date_gmt":"2023-11-09T16:20:30","guid":{"rendered":"https:\/\/batai4u.lt\/?post_type=product&#038;p=4194"},"modified":"2024-10-06T17:32:30","modified_gmt":"2024-10-06T17:32:30","slug":"weestep-zieminai-termo-batai-r178567052","status":"publish","type":"product","link":"https:\/\/batai4u.lt\/index.php\/product\/weestep-zieminai-termo-batai-r178567052\/","title":{"rendered":"R178567052 Weestep \u017eieminai termo batai 22-26d"},"content":{"rendered":"<p>22d-14cm<\/p>\n<p>23d-14,9cm<\/p>\n<p>24d-15,3cm<\/p>\n<p>25d-16,cm<\/p>\n<p>26d-16,6cm<\/p>\n","protected":false},"excerpt":{"rendered":"<p>WEESTEP \u017eieminiai termo batai.Viduje visame batuke nat\u016brali avies vilna.\u00a0 Auk\u0161tos kokyb\u0117s.\u00a0 Lengvas modeliukas, viduj ortopedi\u0161kai i\u0161formuoti.\u00a0 Patogiai nusiima ir u\u017esideda. Su u\u017etrauktuku \u0161one.\u00a0 Apsaugos ant pir\u0161tuk\u0173.<br \/>\nNeslystantis padas. Neper\u0161lampa, kojyt\u0117s visad \u0161iltos ir sausos. Tinka ir pla\u010diom p\u0117dut\u0117m.<\/p>\n","protected":false},"featured_media":4183,"comment_status":"closed","ping_status":"closed","template":"","meta":[],"product_brand":[],"product_cat":[74],"product_tag":[86,87,88,89,96,114,83,115],"class_list":{"0":"post-4194","1":"product","2":"type-product","3":"status-publish","4":"has-post-thumbnail","6":"product_cat-berniukams-ziema","7":"product_tag-86","8":"product_tag-87","9":"product_tag-88","10":"product_tag-89","11":"product_tag-96","12":"product_tag-termo-batai","13":"product_tag-weestep","14":"product_tag-zieminiai","15":"futurio-has-gallery","17":"first","18":"instock","19":"shipping-taxable","20":"product-type-variable"},"yoast_head":"<!-- This site is optimized with the Yoast SEO plugin v27.5 - https:\/\/yoast.com\/product\/yoast-seo-wordpress\/ -->\n<title>R178567052 Weestep \u017eieminai termo batai 22-26d - Batai4u.lt<\/title>\n<meta name=\"robots\" content=\"index, follow, max-snippet:-1, max-image-preview:large, max-video-preview:-1\" \/>\n<link rel=\"canonical\" href=\"https:\/\/batai4u.lt\/index.php\/product\/weestep-zieminai-termo-batai-r178567052\/\" \/>\n<meta property=\"og:locale\" content=\"en_US\" \/>\n<meta property=\"og:type\" content=\"article\" \/>\n<meta property=\"og:title\" content=\"R178567052 Weestep \u017eieminai termo batai 22-26d - Batai4u.lt\" \/>\n<meta property=\"og:description\" content=\"WEESTEP \u017eieminiai termo batai.Viduje visame batuke nat\u016brali avies vilna.\u00a0 Auk\u0161tos kokyb\u0117s.\u00a0 Lengvas modeliukas, viduj ortopedi\u0161kai i\u0161formuoti.\u00a0 Patogiai nusiima ir u\u017esideda. Su u\u017etrauktuku \u0161one.\u00a0 Apsaugos ant pir\u0161tuk\u0173. Neslystantis padas. Neper\u0161lampa, kojyt\u0117s visad \u0161iltos ir sausos. Tinka ir pla\u010diom p\u0117dut\u0117m.\" \/>\n<meta property=\"og:url\" content=\"https:\/\/batai4u.lt\/index.php\/product\/weestep-zieminai-termo-batai-r178567052\/\" \/>\n<meta property=\"og:site_name\" content=\"Batai4u.lt\" \/>\n<meta property=\"article:modified_time\" content=\"2024-10-06T17:32:30+00:00\" \/>\n<meta property=\"og:image\" content=\"https:\/\/batai4u.lt\/wp-content\/uploads\/2023\/11\/20231030_143057.png\" \/>\n\t<meta property=\"og:image:width\" content=\"1500\" \/>\n\t<meta property=\"og:image:height\" content=\"1811\" \/>\n\t<meta property=\"og:image:type\" content=\"image\/png\" \/>\n<meta name=\"twitter:card\" content=\"summary_large_image\" \/>\n<script type=\"application\/ld+json\" class=\"yoast-schema-graph\">{\"@context\":\"https:\\\/\\\/schema.org\",\"@graph\":[{\"@type\":\"WebPage\",\"@id\":\"https:\\\/\\\/batai4u.lt\\\/index.php\\\/product\\\/weestep-zieminai-termo-batai-r178567052\\\/\",\"url\":\"https:\\\/\\\/batai4u.lt\\\/index.php\\\/product\\\/weestep-zieminai-termo-batai-r178567052\\\/\",\"name\":\"R178567052 Weestep \u017eieminai termo batai 22-26d - Batai4u.lt\",\"isPartOf\":{\"@id\":\"https:\\\/\\\/batai4u.lt\\\/#website\"},\"primaryImageOfPage\":{\"@id\":\"https:\\\/\\\/batai4u.lt\\\/index.php\\\/product\\\/weestep-zieminai-termo-batai-r178567052\\\/#primaryimage\"},\"image\":{\"@id\":\"https:\\\/\\\/batai4u.lt\\\/index.php\\\/product\\\/weestep-zieminai-termo-batai-r178567052\\\/#primaryimage\"},\"thumbnailUrl\":\"https:\\\/\\\/batai4u.lt\\\/wp-content\\\/uploads\\\/2023\\\/11\\\/20231030_143057.png\",\"datePublished\":\"2023-11-09T16:20:30+00:00\",\"dateModified\":\"2024-10-06T17:32:30+00:00\",\"breadcrumb\":{\"@id\":\"https:\\\/\\\/batai4u.lt\\\/index.php\\\/product\\\/weestep-zieminai-termo-batai-r178567052\\\/#breadcrumb\"},\"inLanguage\":\"en-US\",\"potentialAction\":[{\"@type\":\"ReadAction\",\"target\":[\"https:\\\/\\\/batai4u.lt\\\/index.php\\\/product\\\/weestep-zieminai-termo-batai-r178567052\\\/\"]}]},{\"@type\":\"ImageObject\",\"inLanguage\":\"en-US\",\"@id\":\"https:\\\/\\\/batai4u.lt\\\/index.php\\\/product\\\/weestep-zieminai-termo-batai-r178567052\\\/#primaryimage\",\"url\":\"https:\\\/\\\/batai4u.lt\\\/wp-content\\\/uploads\\\/2023\\\/11\\\/20231030_143057.png\",\"contentUrl\":\"https:\\\/\\\/batai4u.lt\\\/wp-content\\\/uploads\\\/2023\\\/11\\\/20231030_143057.png\",\"width\":1500,\"height\":1811},{\"@type\":\"BreadcrumbList\",\"@id\":\"https:\\\/\\\/batai4u.lt\\\/index.php\\\/product\\\/weestep-zieminai-termo-batai-r178567052\\\/#breadcrumb\",\"itemListElement\":[{\"@type\":\"ListItem\",\"position\":1,\"name\":\"Home\",\"item\":\"https:\\\/\\\/batai4u.lt\\\/\"},{\"@type\":\"ListItem\",\"position\":2,\"name\":\"Parduotuv\u0117\",\"item\":\"https:\\\/\\\/batai4u.lt\\\/index.php\\\/shop\\\/\"},{\"@type\":\"ListItem\",\"position\":3,\"name\":\"R178567052 Weestep \u017eieminai termo batai 22-26d\"}]},{\"@type\":\"WebSite\",\"@id\":\"https:\\\/\\\/batai4u.lt\\\/#website\",\"url\":\"https:\\\/\\\/batai4u.lt\\\/\",\"name\":\"Batai4u.lt\",\"description\":\"batai vaikams ir ne tik\",\"publisher\":{\"@id\":\"https:\\\/\\\/batai4u.lt\\\/#\\\/schema\\\/person\\\/8cc43a99285533a2c3e2c58a641f566a\"},\"potentialAction\":[{\"@type\":\"SearchAction\",\"target\":{\"@type\":\"EntryPoint\",\"urlTemplate\":\"https:\\\/\\\/batai4u.lt\\\/?s={search_term_string}\"},\"query-input\":{\"@type\":\"PropertyValueSpecification\",\"valueRequired\":true,\"valueName\":\"search_term_string\"}}],\"inLanguage\":\"en-US\"},{\"@type\":[\"Person\",\"Organization\"],\"@id\":\"https:\\\/\\\/batai4u.lt\\\/#\\\/schema\\\/person\\\/8cc43a99285533a2c3e2c58a641f566a\",\"name\":\"Erika Steponavi\u010dien\u0117\",\"image\":{\"@type\":\"ImageObject\",\"inLanguage\":\"en-US\",\"@id\":\"https:\\\/\\\/secure.gravatar.com\\\/avatar\\\/de70a9d8a8fae7160f42990935bcabb5f827c9e01e111e0bcd4d408af9ba954c?s=96&d=mm&r=g\",\"url\":\"https:\\\/\\\/secure.gravatar.com\\\/avatar\\\/de70a9d8a8fae7160f42990935bcabb5f827c9e01e111e0bcd4d408af9ba954c?s=96&d=mm&r=g\",\"contentUrl\":\"https:\\\/\\\/secure.gravatar.com\\\/avatar\\\/de70a9d8a8fae7160f42990935bcabb5f827c9e01e111e0bcd4d408af9ba954c?s=96&d=mm&r=g\",\"caption\":\"Erika Steponavi\u010dien\u0117\"},\"logo\":{\"@id\":\"https:\\\/\\\/secure.gravatar.com\\\/avatar\\\/de70a9d8a8fae7160f42990935bcabb5f827c9e01e111e0bcd4d408af9ba954c?s=96&d=mm&r=g\"},\"sameAs\":[\"http:\\\/\\\/batai4u.lt\"]}]}<\/script>\n<!-- \/ Yoast SEO plugin. -->","yoast_head_json":{"title":"R178567052 Weestep \u017eieminai termo batai 22-26d - Batai4u.lt","robots":{"index":"index","follow":"follow","max-snippet":"max-snippet:-1","max-image-preview":"max-image-preview:large","max-video-preview":"max-video-preview:-1"},"canonical":"https:\/\/batai4u.lt\/index.php\/product\/weestep-zieminai-termo-batai-r178567052\/","og_locale":"en_US","og_type":"article","og_title":"R178567052 Weestep \u017eieminai termo batai 22-26d - Batai4u.lt","og_description":"WEESTEP \u017eieminiai termo batai.Viduje visame batuke nat\u016brali avies vilna.\u00a0 Auk\u0161tos kokyb\u0117s.\u00a0 Lengvas modeliukas, viduj ortopedi\u0161kai i\u0161formuoti.\u00a0 Patogiai nusiima ir u\u017esideda. Su u\u017etrauktuku \u0161one.\u00a0 Apsaugos ant pir\u0161tuk\u0173. Neslystantis padas. Neper\u0161lampa, kojyt\u0117s visad \u0161iltos ir sausos. Tinka ir pla\u010diom p\u0117dut\u0117m.","og_url":"https:\/\/batai4u.lt\/index.php\/product\/weestep-zieminai-termo-batai-r178567052\/","og_site_name":"Batai4u.lt","article_modified_time":"2024-10-06T17:32:30+00:00","og_image":[{"width":1500,"height":1811,"url":"https:\/\/batai4u.lt\/wp-content\/uploads\/2023\/11\/20231030_143057.png","type":"image\/png"}],"twitter_card":"summary_large_image","schema":{"@context":"https:\/\/schema.org","@graph":[{"@type":"WebPage","@id":"https:\/\/batai4u.lt\/index.php\/product\/weestep-zieminai-termo-batai-r178567052\/","url":"https:\/\/batai4u.lt\/index.php\/product\/weestep-zieminai-termo-batai-r178567052\/","name":"R178567052 Weestep \u017eieminai termo batai 22-26d - Batai4u.lt","isPartOf":{"@id":"https:\/\/batai4u.lt\/#website"},"primaryImageOfPage":{"@id":"https:\/\/batai4u.lt\/index.php\/product\/weestep-zieminai-termo-batai-r178567052\/#primaryimage"},"image":{"@id":"https:\/\/batai4u.lt\/index.php\/product\/weestep-zieminai-termo-batai-r178567052\/#primaryimage"},"thumbnailUrl":"https:\/\/batai4u.lt\/wp-content\/uploads\/2023\/11\/20231030_143057.png","datePublished":"2023-11-09T16:20:30+00:00","dateModified":"2024-10-06T17:32:30+00:00","breadcrumb":{"@id":"https:\/\/batai4u.lt\/index.php\/product\/weestep-zieminai-termo-batai-r178567052\/#breadcrumb"},"inLanguage":"en-US","potentialAction":[{"@type":"ReadAction","target":["https:\/\/batai4u.lt\/index.php\/product\/weestep-zieminai-termo-batai-r178567052\/"]}]},{"@type":"ImageObject","inLanguage":"en-US","@id":"https:\/\/batai4u.lt\/index.php\/product\/weestep-zieminai-termo-batai-r178567052\/#primaryimage","url":"https:\/\/batai4u.lt\/wp-content\/uploads\/2023\/11\/20231030_143057.png","contentUrl":"https:\/\/batai4u.lt\/wp-content\/uploads\/2023\/11\/20231030_143057.png","width":1500,"height":1811},{"@type":"BreadcrumbList","@id":"https:\/\/batai4u.lt\/index.php\/product\/weestep-zieminai-termo-batai-r178567052\/#breadcrumb","itemListElement":[{"@type":"ListItem","position":1,"name":"Home","item":"https:\/\/batai4u.lt\/"},{"@type":"ListItem","position":2,"name":"Parduotuv\u0117","item":"https:\/\/batai4u.lt\/index.php\/shop\/"},{"@type":"ListItem","position":3,"name":"R178567052 Weestep \u017eieminai termo batai 22-26d"}]},{"@type":"WebSite","@id":"https:\/\/batai4u.lt\/#website","url":"https:\/\/batai4u.lt\/","name":"Batai4u.lt","description":"batai vaikams ir ne tik","publisher":{"@id":"https:\/\/batai4u.lt\/#\/schema\/person\/8cc43a99285533a2c3e2c58a641f566a"},"potentialAction":[{"@type":"SearchAction","target":{"@type":"EntryPoint","urlTemplate":"https:\/\/batai4u.lt\/?s={search_term_string}"},"query-input":{"@type":"PropertyValueSpecification","valueRequired":true,"valueName":"search_term_string"}}],"inLanguage":"en-US"},{"@type":["Person","Organization"],"@id":"https:\/\/batai4u.lt\/#\/schema\/person\/8cc43a99285533a2c3e2c58a641f566a","name":"Erika Steponavi\u010dien\u0117","image":{"@type":"ImageObject","inLanguage":"en-US","@id":"https:\/\/secure.gravatar.com\/avatar\/de70a9d8a8fae7160f42990935bcabb5f827c9e01e111e0bcd4d408af9ba954c?s=96&d=mm&r=g","url":"https:\/\/secure.gravatar.com\/avatar\/de70a9d8a8fae7160f42990935bcabb5f827c9e01e111e0bcd4d408af9ba954c?s=96&d=mm&r=g","contentUrl":"https:\/\/secure.gravatar.com\/avatar\/de70a9d8a8fae7160f42990935bcabb5f827c9e01e111e0bcd4d408af9ba954c?s=96&d=mm&r=g","caption":"Erika Steponavi\u010dien\u0117"},"logo":{"@id":"https:\/\/secure.gravatar.com\/avatar\/de70a9d8a8fae7160f42990935bcabb5f827c9e01e111e0bcd4d408af9ba954c?s=96&d=mm&r=g"},"sameAs":["http:\/\/batai4u.lt"]}]}},"jetpack_sharing_enabled":true,"_links":{"self":[{"href":"https:\/\/batai4u.lt\/index.php\/wp-json\/wp\/v2\/product\/4194","targetHints":{"allow":["GET"]}}],"collection":[{"href":"https:\/\/batai4u.lt\/index.php\/wp-json\/wp\/v2\/product"}],"about":[{"href":"https:\/\/batai4u.lt\/index.php\/wp-json\/wp\/v2\/types\/product"}],"replies":[{"embeddable":true,"href":"https:\/\/batai4u.lt\/index.php\/wp-json\/wp\/v2\/comments?post=4194"}],"wp:featuredmedia":[{"embeddable":true,"href":"https:\/\/batai4u.lt\/index.php\/wp-json\/wp\/v2\/media\/4183"}],"wp:attachment":[{"href":"https:\/\/batai4u.lt\/index.php\/wp-json\/wp\/v2\/media?parent=4194"}],"wp:term":[{"taxonomy":"product_brand","embeddable":true,"href":"https:\/\/batai4u.lt\/index.php\/wp-json\/wp\/v2\/product_brand?post=4194"},{"taxonomy":"product_cat","embeddable":true,"href":"https:\/\/batai4u.lt\/index.php\/wp-json\/wp\/v2\/product_cat?post=4194"},{"taxonomy":"product_tag","embeddable":true,"href":"https:\/\/batai4u.lt\/index.php\/wp-json\/wp\/v2\/product_tag?post=4194"}],"curies":[{"name":"wp","href":"https:\/\/api.w.org\/{rel}","templated":true}]}}