{"id":4208,"date":"2023-11-15T13:47:51","date_gmt":"2023-11-15T13:47:51","guid":{"rendered":"https:\/\/batai4u.lt\/?post_type=product&#038;p=4208"},"modified":"2024-10-06T17:30:14","modified_gmt":"2024-10-06T17:30:14","slug":"weestep-termo-batai-su-uztrauktuku-r070268625","status":"publish","type":"product","link":"https:\/\/batai4u.lt\/index.php\/product\/weestep-termo-batai-su-uztrauktuku-r070268625\/","title":{"rendered":"R070268625 Weestep termo batai su u\u017etrauktuku 32-37d."},"content":{"rendered":"<ul>\n<li>32d-21,2cm<\/li>\n<li>33d.-21.6cm<\/li>\n<li>34d.-22,3.cm<\/li>\n<li>35d.-23cm<\/li>\n<li>36d.-23.6cm<\/li>\n<li>37d.-24,4.cm<\/li>\n<\/ul>\n","protected":false},"excerpt":{"rendered":"<p>WEESTEP \u017eieminiai TERMO batais .NEPER\u0160LAMPA.\u00a0 Neslystantis padas. Viduj nat\u016brali VILNA visame bate.\u00a0 Patog\u016bs ir lenvu\u010diai. Ortopedi\u0161kai i\u0161formuoti . Su at\u0161vaitais. Su u\u017etrauktuku .<\/p>\n","protected":false},"featured_media":4207,"comment_status":"closed","ping_status":"closed","template":"","meta":[],"product_brand":[],"product_cat":[74,63],"product_tag":[95,99,100,101,103,114,83,115],"class_list":{"0":"post-4208","1":"product","2":"type-product","3":"status-publish","4":"has-post-thumbnail","6":"product_cat-berniukams-ziema","7":"product_cat-vaikinam-merginom-batai","8":"product_tag-95","9":"product_tag-99","10":"product_tag-100","11":"product_tag-101","12":"product_tag-103","13":"product_tag-termo-batai","14":"product_tag-weestep","15":"product_tag-zieminiai","16":"futurio-has-gallery","18":"first","19":"instock","20":"shipping-taxable","21":"purchasable","22":"product-type-variable"},"yoast_head":"<!-- This site is optimized with the Yoast SEO plugin v27.5 - https:\/\/yoast.com\/product\/yoast-seo-wordpress\/ -->\n<title>R070268625 Weestep termo batai su u\u017etrauktuku 32-37d. - Batai4u.lt<\/title>\n<meta name=\"robots\" content=\"index, follow, max-snippet:-1, max-image-preview:large, max-video-preview:-1\" \/>\n<link rel=\"canonical\" href=\"https:\/\/batai4u.lt\/index.php\/product\/weestep-termo-batai-su-uztrauktuku-r070268625\/\" \/>\n<meta property=\"og:locale\" content=\"en_US\" \/>\n<meta property=\"og:type\" content=\"article\" \/>\n<meta property=\"og:title\" content=\"R070268625 Weestep termo batai su u\u017etrauktuku 32-37d. - Batai4u.lt\" \/>\n<meta property=\"og:description\" content=\"WEESTEP \u017eieminiai TERMO batais .NEPER\u0160LAMPA.\u00a0 Neslystantis padas. Viduj nat\u016brali VILNA visame bate.\u00a0 Patog\u016bs ir lenvu\u010diai. Ortopedi\u0161kai i\u0161formuoti . Su at\u0161vaitais. Su u\u017etrauktuku .\" \/>\n<meta property=\"og:url\" content=\"https:\/\/batai4u.lt\/index.php\/product\/weestep-termo-batai-su-uztrauktuku-r070268625\/\" \/>\n<meta property=\"og:site_name\" content=\"Batai4u.lt\" \/>\n<meta property=\"article:modified_time\" content=\"2024-10-06T17:30:14+00:00\" \/>\n<meta property=\"og:image\" content=\"https:\/\/batai4u.lt\/wp-content\/uploads\/2023\/11\/20231114_181844.png\" \/>\n\t<meta property=\"og:image:width\" content=\"1500\" \/>\n\t<meta property=\"og:image:height\" content=\"1808\" \/>\n\t<meta property=\"og:image:type\" content=\"image\/png\" \/>\n<meta name=\"twitter:card\" content=\"summary_large_image\" \/>\n<script type=\"application\/ld+json\" class=\"yoast-schema-graph\">{\"@context\":\"https:\\\/\\\/schema.org\",\"@graph\":[{\"@type\":\"WebPage\",\"@id\":\"https:\\\/\\\/batai4u.lt\\\/index.php\\\/product\\\/weestep-termo-batai-su-uztrauktuku-r070268625\\\/\",\"url\":\"https:\\\/\\\/batai4u.lt\\\/index.php\\\/product\\\/weestep-termo-batai-su-uztrauktuku-r070268625\\\/\",\"name\":\"R070268625 Weestep termo batai su u\u017etrauktuku 32-37d. - Batai4u.lt\",\"isPartOf\":{\"@id\":\"https:\\\/\\\/batai4u.lt\\\/#website\"},\"primaryImageOfPage\":{\"@id\":\"https:\\\/\\\/batai4u.lt\\\/index.php\\\/product\\\/weestep-termo-batai-su-uztrauktuku-r070268625\\\/#primaryimage\"},\"image\":{\"@id\":\"https:\\\/\\\/batai4u.lt\\\/index.php\\\/product\\\/weestep-termo-batai-su-uztrauktuku-r070268625\\\/#primaryimage\"},\"thumbnailUrl\":\"https:\\\/\\\/batai4u.lt\\\/wp-content\\\/uploads\\\/2023\\\/11\\\/20231114_181844.png\",\"datePublished\":\"2023-11-15T13:47:51+00:00\",\"dateModified\":\"2024-10-06T17:30:14+00:00\",\"breadcrumb\":{\"@id\":\"https:\\\/\\\/batai4u.lt\\\/index.php\\\/product\\\/weestep-termo-batai-su-uztrauktuku-r070268625\\\/#breadcrumb\"},\"inLanguage\":\"en-US\",\"potentialAction\":[{\"@type\":\"ReadAction\",\"target\":[\"https:\\\/\\\/batai4u.lt\\\/index.php\\\/product\\\/weestep-termo-batai-su-uztrauktuku-r070268625\\\/\"]}]},{\"@type\":\"ImageObject\",\"inLanguage\":\"en-US\",\"@id\":\"https:\\\/\\\/batai4u.lt\\\/index.php\\\/product\\\/weestep-termo-batai-su-uztrauktuku-r070268625\\\/#primaryimage\",\"url\":\"https:\\\/\\\/batai4u.lt\\\/wp-content\\\/uploads\\\/2023\\\/11\\\/20231114_181844.png\",\"contentUrl\":\"https:\\\/\\\/batai4u.lt\\\/wp-content\\\/uploads\\\/2023\\\/11\\\/20231114_181844.png\",\"width\":1500,\"height\":1808},{\"@type\":\"BreadcrumbList\",\"@id\":\"https:\\\/\\\/batai4u.lt\\\/index.php\\\/product\\\/weestep-termo-batai-su-uztrauktuku-r070268625\\\/#breadcrumb\",\"itemListElement\":[{\"@type\":\"ListItem\",\"position\":1,\"name\":\"Home\",\"item\":\"https:\\\/\\\/batai4u.lt\\\/\"},{\"@type\":\"ListItem\",\"position\":2,\"name\":\"Parduotuv\u0117\",\"item\":\"https:\\\/\\\/batai4u.lt\\\/index.php\\\/shop\\\/\"},{\"@type\":\"ListItem\",\"position\":3,\"name\":\"R070268625 Weestep termo batai su u\u017etrauktuku 32-37d.\"}]},{\"@type\":\"WebSite\",\"@id\":\"https:\\\/\\\/batai4u.lt\\\/#website\",\"url\":\"https:\\\/\\\/batai4u.lt\\\/\",\"name\":\"Batai4u.lt\",\"description\":\"batai vaikams ir ne tik\",\"publisher\":{\"@id\":\"https:\\\/\\\/batai4u.lt\\\/#\\\/schema\\\/person\\\/8cc43a99285533a2c3e2c58a641f566a\"},\"potentialAction\":[{\"@type\":\"SearchAction\",\"target\":{\"@type\":\"EntryPoint\",\"urlTemplate\":\"https:\\\/\\\/batai4u.lt\\\/?s={search_term_string}\"},\"query-input\":{\"@type\":\"PropertyValueSpecification\",\"valueRequired\":true,\"valueName\":\"search_term_string\"}}],\"inLanguage\":\"en-US\"},{\"@type\":[\"Person\",\"Organization\"],\"@id\":\"https:\\\/\\\/batai4u.lt\\\/#\\\/schema\\\/person\\\/8cc43a99285533a2c3e2c58a641f566a\",\"name\":\"Erika Steponavi\u010dien\u0117\",\"image\":{\"@type\":\"ImageObject\",\"inLanguage\":\"en-US\",\"@id\":\"https:\\\/\\\/secure.gravatar.com\\\/avatar\\\/de70a9d8a8fae7160f42990935bcabb5f827c9e01e111e0bcd4d408af9ba954c?s=96&d=mm&r=g\",\"url\":\"https:\\\/\\\/secure.gravatar.com\\\/avatar\\\/de70a9d8a8fae7160f42990935bcabb5f827c9e01e111e0bcd4d408af9ba954c?s=96&d=mm&r=g\",\"contentUrl\":\"https:\\\/\\\/secure.gravatar.com\\\/avatar\\\/de70a9d8a8fae7160f42990935bcabb5f827c9e01e111e0bcd4d408af9ba954c?s=96&d=mm&r=g\",\"caption\":\"Erika Steponavi\u010dien\u0117\"},\"logo\":{\"@id\":\"https:\\\/\\\/secure.gravatar.com\\\/avatar\\\/de70a9d8a8fae7160f42990935bcabb5f827c9e01e111e0bcd4d408af9ba954c?s=96&d=mm&r=g\"},\"sameAs\":[\"http:\\\/\\\/batai4u.lt\"]}]}<\/script>\n<!-- \/ Yoast SEO plugin. -->","yoast_head_json":{"title":"R070268625 Weestep termo batai su u\u017etrauktuku 32-37d. - Batai4u.lt","robots":{"index":"index","follow":"follow","max-snippet":"max-snippet:-1","max-image-preview":"max-image-preview:large","max-video-preview":"max-video-preview:-1"},"canonical":"https:\/\/batai4u.lt\/index.php\/product\/weestep-termo-batai-su-uztrauktuku-r070268625\/","og_locale":"en_US","og_type":"article","og_title":"R070268625 Weestep termo batai su u\u017etrauktuku 32-37d. - Batai4u.lt","og_description":"WEESTEP \u017eieminiai TERMO batais .NEPER\u0160LAMPA.\u00a0 Neslystantis padas. Viduj nat\u016brali VILNA visame bate.\u00a0 Patog\u016bs ir lenvu\u010diai. Ortopedi\u0161kai i\u0161formuoti . Su at\u0161vaitais. Su u\u017etrauktuku .","og_url":"https:\/\/batai4u.lt\/index.php\/product\/weestep-termo-batai-su-uztrauktuku-r070268625\/","og_site_name":"Batai4u.lt","article_modified_time":"2024-10-06T17:30:14+00:00","og_image":[{"width":1500,"height":1808,"url":"https:\/\/batai4u.lt\/wp-content\/uploads\/2023\/11\/20231114_181844.png","type":"image\/png"}],"twitter_card":"summary_large_image","schema":{"@context":"https:\/\/schema.org","@graph":[{"@type":"WebPage","@id":"https:\/\/batai4u.lt\/index.php\/product\/weestep-termo-batai-su-uztrauktuku-r070268625\/","url":"https:\/\/batai4u.lt\/index.php\/product\/weestep-termo-batai-su-uztrauktuku-r070268625\/","name":"R070268625 Weestep termo batai su u\u017etrauktuku 32-37d. - Batai4u.lt","isPartOf":{"@id":"https:\/\/batai4u.lt\/#website"},"primaryImageOfPage":{"@id":"https:\/\/batai4u.lt\/index.php\/product\/weestep-termo-batai-su-uztrauktuku-r070268625\/#primaryimage"},"image":{"@id":"https:\/\/batai4u.lt\/index.php\/product\/weestep-termo-batai-su-uztrauktuku-r070268625\/#primaryimage"},"thumbnailUrl":"https:\/\/batai4u.lt\/wp-content\/uploads\/2023\/11\/20231114_181844.png","datePublished":"2023-11-15T13:47:51+00:00","dateModified":"2024-10-06T17:30:14+00:00","breadcrumb":{"@id":"https:\/\/batai4u.lt\/index.php\/product\/weestep-termo-batai-su-uztrauktuku-r070268625\/#breadcrumb"},"inLanguage":"en-US","potentialAction":[{"@type":"ReadAction","target":["https:\/\/batai4u.lt\/index.php\/product\/weestep-termo-batai-su-uztrauktuku-r070268625\/"]}]},{"@type":"ImageObject","inLanguage":"en-US","@id":"https:\/\/batai4u.lt\/index.php\/product\/weestep-termo-batai-su-uztrauktuku-r070268625\/#primaryimage","url":"https:\/\/batai4u.lt\/wp-content\/uploads\/2023\/11\/20231114_181844.png","contentUrl":"https:\/\/batai4u.lt\/wp-content\/uploads\/2023\/11\/20231114_181844.png","width":1500,"height":1808},{"@type":"BreadcrumbList","@id":"https:\/\/batai4u.lt\/index.php\/product\/weestep-termo-batai-su-uztrauktuku-r070268625\/#breadcrumb","itemListElement":[{"@type":"ListItem","position":1,"name":"Home","item":"https:\/\/batai4u.lt\/"},{"@type":"ListItem","position":2,"name":"Parduotuv\u0117","item":"https:\/\/batai4u.lt\/index.php\/shop\/"},{"@type":"ListItem","position":3,"name":"R070268625 Weestep termo batai su u\u017etrauktuku 32-37d."}]},{"@type":"WebSite","@id":"https:\/\/batai4u.lt\/#website","url":"https:\/\/batai4u.lt\/","name":"Batai4u.lt","description":"batai vaikams ir ne tik","publisher":{"@id":"https:\/\/batai4u.lt\/#\/schema\/person\/8cc43a99285533a2c3e2c58a641f566a"},"potentialAction":[{"@type":"SearchAction","target":{"@type":"EntryPoint","urlTemplate":"https:\/\/batai4u.lt\/?s={search_term_string}"},"query-input":{"@type":"PropertyValueSpecification","valueRequired":true,"valueName":"search_term_string"}}],"inLanguage":"en-US"},{"@type":["Person","Organization"],"@id":"https:\/\/batai4u.lt\/#\/schema\/person\/8cc43a99285533a2c3e2c58a641f566a","name":"Erika Steponavi\u010dien\u0117","image":{"@type":"ImageObject","inLanguage":"en-US","@id":"https:\/\/secure.gravatar.com\/avatar\/de70a9d8a8fae7160f42990935bcabb5f827c9e01e111e0bcd4d408af9ba954c?s=96&d=mm&r=g","url":"https:\/\/secure.gravatar.com\/avatar\/de70a9d8a8fae7160f42990935bcabb5f827c9e01e111e0bcd4d408af9ba954c?s=96&d=mm&r=g","contentUrl":"https:\/\/secure.gravatar.com\/avatar\/de70a9d8a8fae7160f42990935bcabb5f827c9e01e111e0bcd4d408af9ba954c?s=96&d=mm&r=g","caption":"Erika Steponavi\u010dien\u0117"},"logo":{"@id":"https:\/\/secure.gravatar.com\/avatar\/de70a9d8a8fae7160f42990935bcabb5f827c9e01e111e0bcd4d408af9ba954c?s=96&d=mm&r=g"},"sameAs":["http:\/\/batai4u.lt"]}]}},"jetpack_sharing_enabled":true,"_links":{"self":[{"href":"https:\/\/batai4u.lt\/index.php\/wp-json\/wp\/v2\/product\/4208","targetHints":{"allow":["GET"]}}],"collection":[{"href":"https:\/\/batai4u.lt\/index.php\/wp-json\/wp\/v2\/product"}],"about":[{"href":"https:\/\/batai4u.lt\/index.php\/wp-json\/wp\/v2\/types\/product"}],"replies":[{"embeddable":true,"href":"https:\/\/batai4u.lt\/index.php\/wp-json\/wp\/v2\/comments?post=4208"}],"wp:featuredmedia":[{"embeddable":true,"href":"https:\/\/batai4u.lt\/index.php\/wp-json\/wp\/v2\/media\/4207"}],"wp:attachment":[{"href":"https:\/\/batai4u.lt\/index.php\/wp-json\/wp\/v2\/media?parent=4208"}],"wp:term":[{"taxonomy":"product_brand","embeddable":true,"href":"https:\/\/batai4u.lt\/index.php\/wp-json\/wp\/v2\/product_brand?post=4208"},{"taxonomy":"product_cat","embeddable":true,"href":"https:\/\/batai4u.lt\/index.php\/wp-json\/wp\/v2\/product_cat?post=4208"},{"taxonomy":"product_tag","embeddable":true,"href":"https:\/\/batai4u.lt\/index.php\/wp-json\/wp\/v2\/product_tag?post=4208"}],"curies":[{"name":"wp","href":"https:\/\/api.w.org\/{rel}","templated":true}]}}