{"id":4302,"date":"2024-02-12T15:49:13","date_gmt":"2024-02-12T15:49:13","guid":{"rendered":"https:\/\/batai4u.lt\/?post_type=product&#038;p=4302"},"modified":"2024-10-06T17:28:13","modified_gmt":"2024-10-06T17:28:13","slug":"r539550623-weestep-basutes-su-drugeliu","status":"publish","type":"product","link":"https:\/\/batai4u.lt\/index.php\/product\/r539550623-weestep-basutes-su-drugeliu\/","title":{"rendered":"R539550623 Weestep basut\u0117s su drugeliu 25-30d (Liko 26d)"},"content":{"rendered":"<p>25d-16,4cm<\/p>\n<ul>\n<li>26d-17cm<\/li>\n<li>27d-17,7cm<\/li>\n<li>28d-18,5cm<\/li>\n<li>29d-19,1cm<\/li>\n<li>30d-19,7cm<\/li>\n<\/ul>\n","protected":false},"excerpt":{"rendered":"<p>WEESTEP ortopedin\u0117s basut\u0117s.Tvirtus u\u017ekulniu. TVIRTAI STABILIOS.\u00a0 Auk\u0161tos kokyb\u0117s.<br \/>\nTuri supinatoriu. Odin\u0117s . Apimtis reguliuojasi lipukais. Lengvos, lanks\u010dios<\/p>\n","protected":false},"featured_media":4273,"comment_status":"closed","ping_status":"closed","template":"","meta":[],"product_brand":[],"product_cat":[79],"product_tag":[96,105,109,83],"class_list":{"0":"post-4302","1":"product","2":"type-product","3":"status-publish","4":"has-post-thumbnail","6":"product_cat-mergaitems-basutes","7":"product_tag-96","8":"product_tag-basutes","9":"product_tag-su-uzkulniu-basutes","10":"product_tag-weestep","11":"futurio-has-gallery","13":"first","14":"instock","15":"sale","16":"shipping-taxable","17":"purchasable","18":"product-type-variable"},"yoast_head":"<!-- This site is optimized with the Yoast SEO plugin v27.5 - https:\/\/yoast.com\/product\/yoast-seo-wordpress\/ -->\n<title>R539550623 Weestep basut\u0117s su drugeliu 25-30d (Liko 26d) - Batai4u.lt<\/title>\n<meta name=\"robots\" content=\"index, follow, max-snippet:-1, max-image-preview:large, max-video-preview:-1\" \/>\n<link rel=\"canonical\" href=\"https:\/\/batai4u.lt\/index.php\/product\/r539550623-weestep-basutes-su-drugeliu\/\" \/>\n<meta property=\"og:locale\" content=\"en_US\" \/>\n<meta property=\"og:type\" content=\"article\" \/>\n<meta property=\"og:title\" content=\"R539550623 Weestep basut\u0117s su drugeliu 25-30d (Liko 26d) - Batai4u.lt\" \/>\n<meta property=\"og:description\" content=\"WEESTEP ortopedin\u0117s basut\u0117s.Tvirtus u\u017ekulniu. TVIRTAI STABILIOS.\u00a0 Auk\u0161tos kokyb\u0117s. Turi supinatoriu. Odin\u0117s . Apimtis reguliuojasi lipukais. Lengvos, lanks\u010dios\" \/>\n<meta property=\"og:url\" content=\"https:\/\/batai4u.lt\/index.php\/product\/r539550623-weestep-basutes-su-drugeliu\/\" \/>\n<meta property=\"og:site_name\" content=\"Batai4u.lt\" \/>\n<meta property=\"article:modified_time\" content=\"2024-10-06T17:28:13+00:00\" \/>\n<meta property=\"og:image\" content=\"https:\/\/batai4u.lt\/wp-content\/uploads\/2024\/02\/20240207_002908.png\" \/>\n\t<meta property=\"og:image:width\" content=\"1442\" \/>\n\t<meta property=\"og:image:height\" content=\"1829\" \/>\n\t<meta property=\"og:image:type\" content=\"image\/png\" \/>\n<meta name=\"twitter:card\" content=\"summary_large_image\" \/>\n<script type=\"application\/ld+json\" class=\"yoast-schema-graph\">{\"@context\":\"https:\\\/\\\/schema.org\",\"@graph\":[{\"@type\":\"WebPage\",\"@id\":\"https:\\\/\\\/batai4u.lt\\\/index.php\\\/product\\\/r539550623-weestep-basutes-su-drugeliu\\\/\",\"url\":\"https:\\\/\\\/batai4u.lt\\\/index.php\\\/product\\\/r539550623-weestep-basutes-su-drugeliu\\\/\",\"name\":\"R539550623 Weestep basut\u0117s su drugeliu 25-30d (Liko 26d) - Batai4u.lt\",\"isPartOf\":{\"@id\":\"https:\\\/\\\/batai4u.lt\\\/#website\"},\"primaryImageOfPage\":{\"@id\":\"https:\\\/\\\/batai4u.lt\\\/index.php\\\/product\\\/r539550623-weestep-basutes-su-drugeliu\\\/#primaryimage\"},\"image\":{\"@id\":\"https:\\\/\\\/batai4u.lt\\\/index.php\\\/product\\\/r539550623-weestep-basutes-su-drugeliu\\\/#primaryimage\"},\"thumbnailUrl\":\"https:\\\/\\\/batai4u.lt\\\/wp-content\\\/uploads\\\/2024\\\/02\\\/20240207_002908.png\",\"datePublished\":\"2024-02-12T15:49:13+00:00\",\"dateModified\":\"2024-10-06T17:28:13+00:00\",\"breadcrumb\":{\"@id\":\"https:\\\/\\\/batai4u.lt\\\/index.php\\\/product\\\/r539550623-weestep-basutes-su-drugeliu\\\/#breadcrumb\"},\"inLanguage\":\"en-US\",\"potentialAction\":[{\"@type\":\"ReadAction\",\"target\":[\"https:\\\/\\\/batai4u.lt\\\/index.php\\\/product\\\/r539550623-weestep-basutes-su-drugeliu\\\/\"]}]},{\"@type\":\"ImageObject\",\"inLanguage\":\"en-US\",\"@id\":\"https:\\\/\\\/batai4u.lt\\\/index.php\\\/product\\\/r539550623-weestep-basutes-su-drugeliu\\\/#primaryimage\",\"url\":\"https:\\\/\\\/batai4u.lt\\\/wp-content\\\/uploads\\\/2024\\\/02\\\/20240207_002908.png\",\"contentUrl\":\"https:\\\/\\\/batai4u.lt\\\/wp-content\\\/uploads\\\/2024\\\/02\\\/20240207_002908.png\",\"width\":1442,\"height\":1829},{\"@type\":\"BreadcrumbList\",\"@id\":\"https:\\\/\\\/batai4u.lt\\\/index.php\\\/product\\\/r539550623-weestep-basutes-su-drugeliu\\\/#breadcrumb\",\"itemListElement\":[{\"@type\":\"ListItem\",\"position\":1,\"name\":\"Home\",\"item\":\"https:\\\/\\\/batai4u.lt\\\/\"},{\"@type\":\"ListItem\",\"position\":2,\"name\":\"Parduotuv\u0117\",\"item\":\"https:\\\/\\\/batai4u.lt\\\/index.php\\\/shop\\\/\"},{\"@type\":\"ListItem\",\"position\":3,\"name\":\"R539550623 Weestep basut\u0117s su drugeliu 25-30d (Liko 26d)\"}]},{\"@type\":\"WebSite\",\"@id\":\"https:\\\/\\\/batai4u.lt\\\/#website\",\"url\":\"https:\\\/\\\/batai4u.lt\\\/\",\"name\":\"Batai4u.lt\",\"description\":\"batai vaikams ir ne tik\",\"publisher\":{\"@id\":\"https:\\\/\\\/batai4u.lt\\\/#\\\/schema\\\/person\\\/8cc43a99285533a2c3e2c58a641f566a\"},\"potentialAction\":[{\"@type\":\"SearchAction\",\"target\":{\"@type\":\"EntryPoint\",\"urlTemplate\":\"https:\\\/\\\/batai4u.lt\\\/?s={search_term_string}\"},\"query-input\":{\"@type\":\"PropertyValueSpecification\",\"valueRequired\":true,\"valueName\":\"search_term_string\"}}],\"inLanguage\":\"en-US\"},{\"@type\":[\"Person\",\"Organization\"],\"@id\":\"https:\\\/\\\/batai4u.lt\\\/#\\\/schema\\\/person\\\/8cc43a99285533a2c3e2c58a641f566a\",\"name\":\"Erika Steponavi\u010dien\u0117\",\"image\":{\"@type\":\"ImageObject\",\"inLanguage\":\"en-US\",\"@id\":\"https:\\\/\\\/secure.gravatar.com\\\/avatar\\\/de70a9d8a8fae7160f42990935bcabb5f827c9e01e111e0bcd4d408af9ba954c?s=96&d=mm&r=g\",\"url\":\"https:\\\/\\\/secure.gravatar.com\\\/avatar\\\/de70a9d8a8fae7160f42990935bcabb5f827c9e01e111e0bcd4d408af9ba954c?s=96&d=mm&r=g\",\"contentUrl\":\"https:\\\/\\\/secure.gravatar.com\\\/avatar\\\/de70a9d8a8fae7160f42990935bcabb5f827c9e01e111e0bcd4d408af9ba954c?s=96&d=mm&r=g\",\"caption\":\"Erika Steponavi\u010dien\u0117\"},\"logo\":{\"@id\":\"https:\\\/\\\/secure.gravatar.com\\\/avatar\\\/de70a9d8a8fae7160f42990935bcabb5f827c9e01e111e0bcd4d408af9ba954c?s=96&d=mm&r=g\"},\"sameAs\":[\"http:\\\/\\\/batai4u.lt\"]}]}<\/script>\n<!-- \/ Yoast SEO plugin. -->","yoast_head_json":{"title":"R539550623 Weestep basut\u0117s su drugeliu 25-30d (Liko 26d) - Batai4u.lt","robots":{"index":"index","follow":"follow","max-snippet":"max-snippet:-1","max-image-preview":"max-image-preview:large","max-video-preview":"max-video-preview:-1"},"canonical":"https:\/\/batai4u.lt\/index.php\/product\/r539550623-weestep-basutes-su-drugeliu\/","og_locale":"en_US","og_type":"article","og_title":"R539550623 Weestep basut\u0117s su drugeliu 25-30d (Liko 26d) - Batai4u.lt","og_description":"WEESTEP ortopedin\u0117s basut\u0117s.Tvirtus u\u017ekulniu. TVIRTAI STABILIOS.\u00a0 Auk\u0161tos kokyb\u0117s. Turi supinatoriu. Odin\u0117s . Apimtis reguliuojasi lipukais. Lengvos, lanks\u010dios","og_url":"https:\/\/batai4u.lt\/index.php\/product\/r539550623-weestep-basutes-su-drugeliu\/","og_site_name":"Batai4u.lt","article_modified_time":"2024-10-06T17:28:13+00:00","og_image":[{"width":1442,"height":1829,"url":"https:\/\/batai4u.lt\/wp-content\/uploads\/2024\/02\/20240207_002908.png","type":"image\/png"}],"twitter_card":"summary_large_image","schema":{"@context":"https:\/\/schema.org","@graph":[{"@type":"WebPage","@id":"https:\/\/batai4u.lt\/index.php\/product\/r539550623-weestep-basutes-su-drugeliu\/","url":"https:\/\/batai4u.lt\/index.php\/product\/r539550623-weestep-basutes-su-drugeliu\/","name":"R539550623 Weestep basut\u0117s su drugeliu 25-30d (Liko 26d) - Batai4u.lt","isPartOf":{"@id":"https:\/\/batai4u.lt\/#website"},"primaryImageOfPage":{"@id":"https:\/\/batai4u.lt\/index.php\/product\/r539550623-weestep-basutes-su-drugeliu\/#primaryimage"},"image":{"@id":"https:\/\/batai4u.lt\/index.php\/product\/r539550623-weestep-basutes-su-drugeliu\/#primaryimage"},"thumbnailUrl":"https:\/\/batai4u.lt\/wp-content\/uploads\/2024\/02\/20240207_002908.png","datePublished":"2024-02-12T15:49:13+00:00","dateModified":"2024-10-06T17:28:13+00:00","breadcrumb":{"@id":"https:\/\/batai4u.lt\/index.php\/product\/r539550623-weestep-basutes-su-drugeliu\/#breadcrumb"},"inLanguage":"en-US","potentialAction":[{"@type":"ReadAction","target":["https:\/\/batai4u.lt\/index.php\/product\/r539550623-weestep-basutes-su-drugeliu\/"]}]},{"@type":"ImageObject","inLanguage":"en-US","@id":"https:\/\/batai4u.lt\/index.php\/product\/r539550623-weestep-basutes-su-drugeliu\/#primaryimage","url":"https:\/\/batai4u.lt\/wp-content\/uploads\/2024\/02\/20240207_002908.png","contentUrl":"https:\/\/batai4u.lt\/wp-content\/uploads\/2024\/02\/20240207_002908.png","width":1442,"height":1829},{"@type":"BreadcrumbList","@id":"https:\/\/batai4u.lt\/index.php\/product\/r539550623-weestep-basutes-su-drugeliu\/#breadcrumb","itemListElement":[{"@type":"ListItem","position":1,"name":"Home","item":"https:\/\/batai4u.lt\/"},{"@type":"ListItem","position":2,"name":"Parduotuv\u0117","item":"https:\/\/batai4u.lt\/index.php\/shop\/"},{"@type":"ListItem","position":3,"name":"R539550623 Weestep basut\u0117s su drugeliu 25-30d (Liko 26d)"}]},{"@type":"WebSite","@id":"https:\/\/batai4u.lt\/#website","url":"https:\/\/batai4u.lt\/","name":"Batai4u.lt","description":"batai vaikams ir ne tik","publisher":{"@id":"https:\/\/batai4u.lt\/#\/schema\/person\/8cc43a99285533a2c3e2c58a641f566a"},"potentialAction":[{"@type":"SearchAction","target":{"@type":"EntryPoint","urlTemplate":"https:\/\/batai4u.lt\/?s={search_term_string}"},"query-input":{"@type":"PropertyValueSpecification","valueRequired":true,"valueName":"search_term_string"}}],"inLanguage":"en-US"},{"@type":["Person","Organization"],"@id":"https:\/\/batai4u.lt\/#\/schema\/person\/8cc43a99285533a2c3e2c58a641f566a","name":"Erika Steponavi\u010dien\u0117","image":{"@type":"ImageObject","inLanguage":"en-US","@id":"https:\/\/secure.gravatar.com\/avatar\/de70a9d8a8fae7160f42990935bcabb5f827c9e01e111e0bcd4d408af9ba954c?s=96&d=mm&r=g","url":"https:\/\/secure.gravatar.com\/avatar\/de70a9d8a8fae7160f42990935bcabb5f827c9e01e111e0bcd4d408af9ba954c?s=96&d=mm&r=g","contentUrl":"https:\/\/secure.gravatar.com\/avatar\/de70a9d8a8fae7160f42990935bcabb5f827c9e01e111e0bcd4d408af9ba954c?s=96&d=mm&r=g","caption":"Erika Steponavi\u010dien\u0117"},"logo":{"@id":"https:\/\/secure.gravatar.com\/avatar\/de70a9d8a8fae7160f42990935bcabb5f827c9e01e111e0bcd4d408af9ba954c?s=96&d=mm&r=g"},"sameAs":["http:\/\/batai4u.lt"]}]}},"jetpack_sharing_enabled":true,"_links":{"self":[{"href":"https:\/\/batai4u.lt\/index.php\/wp-json\/wp\/v2\/product\/4302","targetHints":{"allow":["GET"]}}],"collection":[{"href":"https:\/\/batai4u.lt\/index.php\/wp-json\/wp\/v2\/product"}],"about":[{"href":"https:\/\/batai4u.lt\/index.php\/wp-json\/wp\/v2\/types\/product"}],"replies":[{"embeddable":true,"href":"https:\/\/batai4u.lt\/index.php\/wp-json\/wp\/v2\/comments?post=4302"}],"wp:featuredmedia":[{"embeddable":true,"href":"https:\/\/batai4u.lt\/index.php\/wp-json\/wp\/v2\/media\/4273"}],"wp:attachment":[{"href":"https:\/\/batai4u.lt\/index.php\/wp-json\/wp\/v2\/media?parent=4302"}],"wp:term":[{"taxonomy":"product_brand","embeddable":true,"href":"https:\/\/batai4u.lt\/index.php\/wp-json\/wp\/v2\/product_brand?post=4302"},{"taxonomy":"product_cat","embeddable":true,"href":"https:\/\/batai4u.lt\/index.php\/wp-json\/wp\/v2\/product_cat?post=4302"},{"taxonomy":"product_tag","embeddable":true,"href":"https:\/\/batai4u.lt\/index.php\/wp-json\/wp\/v2\/product_tag?post=4302"}],"curies":[{"name":"wp","href":"https:\/\/api.w.org\/{rel}","templated":true}]}}