{"id":4330,"date":"2024-02-14T14:11:22","date_gmt":"2024-02-14T14:11:22","guid":{"rendered":"https:\/\/batai4u.lt\/?post_type=product&#038;p=4330"},"modified":"2025-03-12T18:18:25","modified_gmt":"2025-03-12T18:18:25","slug":"r226750742-weestep-baltos-basutes","status":"publish","type":"product","link":"https:\/\/batai4u.lt\/index.php\/product\/r226750742-weestep-baltos-basutes\/","title":{"rendered":"R226750742 Weestep baltos basut\u0117s 25-32d"},"content":{"rendered":"<ul>\n<li>25d-16cm<\/li>\n<li>26d-16,5cm<\/li>\n<li>27d-17,5cm<\/li>\n<li>28d-18 cm<\/li>\n<li>29d-18,5 cm<\/li>\n<li>30d-19,5cm<\/li>\n<li>31d-20 cm<\/li>\n<li>32d-20,5 cm<\/li>\n<\/ul>\n","protected":false},"excerpt":{"rendered":"<p>Weestep basut\u0117s. Auk\u0161tos kokyb\u0117s. Odin\u0117s, ortopedin\u0117s- turi supinatoriu , tvirtas u\u017ekulnis ir pakietinti pir\u0161tukai. . Labai patogios, lengvut\u0117s, lanks\u010dios. Lipukais reguliuojas plotis.<\/p>\n","protected":false},"featured_media":4251,"comment_status":"closed","ping_status":"closed","template":"","meta":[],"product_brand":[],"product_cat":[79],"product_tag":[89,96,90,91,93,94,95,105,107,83],"class_list":{"0":"post-4330","1":"product","2":"type-product","3":"status-publish","4":"has-post-thumbnail","6":"product_cat-mergaitems-basutes","7":"product_tag-89","8":"product_tag-96","9":"product_tag-90","10":"product_tag-91","11":"product_tag-93","12":"product_tag-94","13":"product_tag-95","14":"product_tag-basutes","15":"product_tag-uzdaros-basutes","16":"product_tag-weestep","17":"futurio-has-gallery","19":"first","20":"instock","21":"shipping-taxable","22":"purchasable","23":"product-type-variable"},"yoast_head":"<!-- This site is optimized with the Yoast SEO plugin v27.5 - https:\/\/yoast.com\/product\/yoast-seo-wordpress\/ -->\n<title>R226750742 Weestep baltos basut\u0117s 25-32d - Batai4u.lt<\/title>\n<meta name=\"robots\" content=\"index, follow, max-snippet:-1, max-image-preview:large, max-video-preview:-1\" \/>\n<link rel=\"canonical\" href=\"https:\/\/batai4u.lt\/index.php\/product\/r226750742-weestep-baltos-basutes\/\" \/>\n<meta property=\"og:locale\" content=\"en_US\" \/>\n<meta property=\"og:type\" content=\"article\" \/>\n<meta property=\"og:title\" content=\"R226750742 Weestep baltos basut\u0117s 25-32d - Batai4u.lt\" \/>\n<meta property=\"og:description\" content=\"Weestep basut\u0117s. Auk\u0161tos kokyb\u0117s. Odin\u0117s, ortopedin\u0117s- turi supinatoriu , tvirtas u\u017ekulnis ir pakietinti pir\u0161tukai. . Labai patogios, lengvut\u0117s, lanks\u010dios. Lipukais reguliuojas plotis.\" \/>\n<meta property=\"og:url\" content=\"https:\/\/batai4u.lt\/index.php\/product\/r226750742-weestep-baltos-basutes\/\" \/>\n<meta property=\"og:site_name\" content=\"Batai4u.lt\" \/>\n<meta property=\"article:modified_time\" content=\"2025-03-12T18:18:25+00:00\" \/>\n<meta property=\"og:image\" content=\"https:\/\/batai4u.lt\/wp-content\/uploads\/2024\/02\/20240207_003021.png\" \/>\n\t<meta property=\"og:image:width\" content=\"1426\" \/>\n\t<meta property=\"og:image:height\" content=\"1832\" \/>\n\t<meta property=\"og:image:type\" content=\"image\/png\" \/>\n<meta name=\"twitter:card\" content=\"summary_large_image\" \/>\n<script type=\"application\/ld+json\" class=\"yoast-schema-graph\">{\"@context\":\"https:\\\/\\\/schema.org\",\"@graph\":[{\"@type\":\"WebPage\",\"@id\":\"https:\\\/\\\/batai4u.lt\\\/index.php\\\/product\\\/r226750742-weestep-baltos-basutes\\\/\",\"url\":\"https:\\\/\\\/batai4u.lt\\\/index.php\\\/product\\\/r226750742-weestep-baltos-basutes\\\/\",\"name\":\"R226750742 Weestep baltos basut\u0117s 25-32d - Batai4u.lt\",\"isPartOf\":{\"@id\":\"https:\\\/\\\/batai4u.lt\\\/#website\"},\"primaryImageOfPage\":{\"@id\":\"https:\\\/\\\/batai4u.lt\\\/index.php\\\/product\\\/r226750742-weestep-baltos-basutes\\\/#primaryimage\"},\"image\":{\"@id\":\"https:\\\/\\\/batai4u.lt\\\/index.php\\\/product\\\/r226750742-weestep-baltos-basutes\\\/#primaryimage\"},\"thumbnailUrl\":\"https:\\\/\\\/batai4u.lt\\\/wp-content\\\/uploads\\\/2024\\\/02\\\/20240207_003021.png\",\"datePublished\":\"2024-02-14T14:11:22+00:00\",\"dateModified\":\"2025-03-12T18:18:25+00:00\",\"breadcrumb\":{\"@id\":\"https:\\\/\\\/batai4u.lt\\\/index.php\\\/product\\\/r226750742-weestep-baltos-basutes\\\/#breadcrumb\"},\"inLanguage\":\"en-US\",\"potentialAction\":[{\"@type\":\"ReadAction\",\"target\":[\"https:\\\/\\\/batai4u.lt\\\/index.php\\\/product\\\/r226750742-weestep-baltos-basutes\\\/\"]}]},{\"@type\":\"ImageObject\",\"inLanguage\":\"en-US\",\"@id\":\"https:\\\/\\\/batai4u.lt\\\/index.php\\\/product\\\/r226750742-weestep-baltos-basutes\\\/#primaryimage\",\"url\":\"https:\\\/\\\/batai4u.lt\\\/wp-content\\\/uploads\\\/2024\\\/02\\\/20240207_003021.png\",\"contentUrl\":\"https:\\\/\\\/batai4u.lt\\\/wp-content\\\/uploads\\\/2024\\\/02\\\/20240207_003021.png\",\"width\":1426,\"height\":1832},{\"@type\":\"BreadcrumbList\",\"@id\":\"https:\\\/\\\/batai4u.lt\\\/index.php\\\/product\\\/r226750742-weestep-baltos-basutes\\\/#breadcrumb\",\"itemListElement\":[{\"@type\":\"ListItem\",\"position\":1,\"name\":\"Home\",\"item\":\"https:\\\/\\\/batai4u.lt\\\/\"},{\"@type\":\"ListItem\",\"position\":2,\"name\":\"Parduotuv\u0117\",\"item\":\"https:\\\/\\\/batai4u.lt\\\/index.php\\\/shop\\\/\"},{\"@type\":\"ListItem\",\"position\":3,\"name\":\"R226750742 Weestep baltos basut\u0117s 25-32d\"}]},{\"@type\":\"WebSite\",\"@id\":\"https:\\\/\\\/batai4u.lt\\\/#website\",\"url\":\"https:\\\/\\\/batai4u.lt\\\/\",\"name\":\"Batai4u.lt\",\"description\":\"batai vaikams ir ne tik\",\"publisher\":{\"@id\":\"https:\\\/\\\/batai4u.lt\\\/#\\\/schema\\\/person\\\/8cc43a99285533a2c3e2c58a641f566a\"},\"potentialAction\":[{\"@type\":\"SearchAction\",\"target\":{\"@type\":\"EntryPoint\",\"urlTemplate\":\"https:\\\/\\\/batai4u.lt\\\/?s={search_term_string}\"},\"query-input\":{\"@type\":\"PropertyValueSpecification\",\"valueRequired\":true,\"valueName\":\"search_term_string\"}}],\"inLanguage\":\"en-US\"},{\"@type\":[\"Person\",\"Organization\"],\"@id\":\"https:\\\/\\\/batai4u.lt\\\/#\\\/schema\\\/person\\\/8cc43a99285533a2c3e2c58a641f566a\",\"name\":\"Erika Steponavi\u010dien\u0117\",\"image\":{\"@type\":\"ImageObject\",\"inLanguage\":\"en-US\",\"@id\":\"https:\\\/\\\/secure.gravatar.com\\\/avatar\\\/de70a9d8a8fae7160f42990935bcabb5f827c9e01e111e0bcd4d408af9ba954c?s=96&d=mm&r=g\",\"url\":\"https:\\\/\\\/secure.gravatar.com\\\/avatar\\\/de70a9d8a8fae7160f42990935bcabb5f827c9e01e111e0bcd4d408af9ba954c?s=96&d=mm&r=g\",\"contentUrl\":\"https:\\\/\\\/secure.gravatar.com\\\/avatar\\\/de70a9d8a8fae7160f42990935bcabb5f827c9e01e111e0bcd4d408af9ba954c?s=96&d=mm&r=g\",\"caption\":\"Erika Steponavi\u010dien\u0117\"},\"logo\":{\"@id\":\"https:\\\/\\\/secure.gravatar.com\\\/avatar\\\/de70a9d8a8fae7160f42990935bcabb5f827c9e01e111e0bcd4d408af9ba954c?s=96&d=mm&r=g\"},\"sameAs\":[\"http:\\\/\\\/batai4u.lt\"]}]}<\/script>\n<!-- \/ Yoast SEO plugin. -->","yoast_head_json":{"title":"R226750742 Weestep baltos basut\u0117s 25-32d - Batai4u.lt","robots":{"index":"index","follow":"follow","max-snippet":"max-snippet:-1","max-image-preview":"max-image-preview:large","max-video-preview":"max-video-preview:-1"},"canonical":"https:\/\/batai4u.lt\/index.php\/product\/r226750742-weestep-baltos-basutes\/","og_locale":"en_US","og_type":"article","og_title":"R226750742 Weestep baltos basut\u0117s 25-32d - Batai4u.lt","og_description":"Weestep basut\u0117s. Auk\u0161tos kokyb\u0117s. Odin\u0117s, ortopedin\u0117s- turi supinatoriu , tvirtas u\u017ekulnis ir pakietinti pir\u0161tukai. . Labai patogios, lengvut\u0117s, lanks\u010dios. Lipukais reguliuojas plotis.","og_url":"https:\/\/batai4u.lt\/index.php\/product\/r226750742-weestep-baltos-basutes\/","og_site_name":"Batai4u.lt","article_modified_time":"2025-03-12T18:18:25+00:00","og_image":[{"width":1426,"height":1832,"url":"https:\/\/batai4u.lt\/wp-content\/uploads\/2024\/02\/20240207_003021.png","type":"image\/png"}],"twitter_card":"summary_large_image","schema":{"@context":"https:\/\/schema.org","@graph":[{"@type":"WebPage","@id":"https:\/\/batai4u.lt\/index.php\/product\/r226750742-weestep-baltos-basutes\/","url":"https:\/\/batai4u.lt\/index.php\/product\/r226750742-weestep-baltos-basutes\/","name":"R226750742 Weestep baltos basut\u0117s 25-32d - Batai4u.lt","isPartOf":{"@id":"https:\/\/batai4u.lt\/#website"},"primaryImageOfPage":{"@id":"https:\/\/batai4u.lt\/index.php\/product\/r226750742-weestep-baltos-basutes\/#primaryimage"},"image":{"@id":"https:\/\/batai4u.lt\/index.php\/product\/r226750742-weestep-baltos-basutes\/#primaryimage"},"thumbnailUrl":"https:\/\/batai4u.lt\/wp-content\/uploads\/2024\/02\/20240207_003021.png","datePublished":"2024-02-14T14:11:22+00:00","dateModified":"2025-03-12T18:18:25+00:00","breadcrumb":{"@id":"https:\/\/batai4u.lt\/index.php\/product\/r226750742-weestep-baltos-basutes\/#breadcrumb"},"inLanguage":"en-US","potentialAction":[{"@type":"ReadAction","target":["https:\/\/batai4u.lt\/index.php\/product\/r226750742-weestep-baltos-basutes\/"]}]},{"@type":"ImageObject","inLanguage":"en-US","@id":"https:\/\/batai4u.lt\/index.php\/product\/r226750742-weestep-baltos-basutes\/#primaryimage","url":"https:\/\/batai4u.lt\/wp-content\/uploads\/2024\/02\/20240207_003021.png","contentUrl":"https:\/\/batai4u.lt\/wp-content\/uploads\/2024\/02\/20240207_003021.png","width":1426,"height":1832},{"@type":"BreadcrumbList","@id":"https:\/\/batai4u.lt\/index.php\/product\/r226750742-weestep-baltos-basutes\/#breadcrumb","itemListElement":[{"@type":"ListItem","position":1,"name":"Home","item":"https:\/\/batai4u.lt\/"},{"@type":"ListItem","position":2,"name":"Parduotuv\u0117","item":"https:\/\/batai4u.lt\/index.php\/shop\/"},{"@type":"ListItem","position":3,"name":"R226750742 Weestep baltos basut\u0117s 25-32d"}]},{"@type":"WebSite","@id":"https:\/\/batai4u.lt\/#website","url":"https:\/\/batai4u.lt\/","name":"Batai4u.lt","description":"batai vaikams ir ne tik","publisher":{"@id":"https:\/\/batai4u.lt\/#\/schema\/person\/8cc43a99285533a2c3e2c58a641f566a"},"potentialAction":[{"@type":"SearchAction","target":{"@type":"EntryPoint","urlTemplate":"https:\/\/batai4u.lt\/?s={search_term_string}"},"query-input":{"@type":"PropertyValueSpecification","valueRequired":true,"valueName":"search_term_string"}}],"inLanguage":"en-US"},{"@type":["Person","Organization"],"@id":"https:\/\/batai4u.lt\/#\/schema\/person\/8cc43a99285533a2c3e2c58a641f566a","name":"Erika Steponavi\u010dien\u0117","image":{"@type":"ImageObject","inLanguage":"en-US","@id":"https:\/\/secure.gravatar.com\/avatar\/de70a9d8a8fae7160f42990935bcabb5f827c9e01e111e0bcd4d408af9ba954c?s=96&d=mm&r=g","url":"https:\/\/secure.gravatar.com\/avatar\/de70a9d8a8fae7160f42990935bcabb5f827c9e01e111e0bcd4d408af9ba954c?s=96&d=mm&r=g","contentUrl":"https:\/\/secure.gravatar.com\/avatar\/de70a9d8a8fae7160f42990935bcabb5f827c9e01e111e0bcd4d408af9ba954c?s=96&d=mm&r=g","caption":"Erika Steponavi\u010dien\u0117"},"logo":{"@id":"https:\/\/secure.gravatar.com\/avatar\/de70a9d8a8fae7160f42990935bcabb5f827c9e01e111e0bcd4d408af9ba954c?s=96&d=mm&r=g"},"sameAs":["http:\/\/batai4u.lt"]}]}},"jetpack_sharing_enabled":true,"_links":{"self":[{"href":"https:\/\/batai4u.lt\/index.php\/wp-json\/wp\/v2\/product\/4330","targetHints":{"allow":["GET"]}}],"collection":[{"href":"https:\/\/batai4u.lt\/index.php\/wp-json\/wp\/v2\/product"}],"about":[{"href":"https:\/\/batai4u.lt\/index.php\/wp-json\/wp\/v2\/types\/product"}],"replies":[{"embeddable":true,"href":"https:\/\/batai4u.lt\/index.php\/wp-json\/wp\/v2\/comments?post=4330"}],"wp:featuredmedia":[{"embeddable":true,"href":"https:\/\/batai4u.lt\/index.php\/wp-json\/wp\/v2\/media\/4251"}],"wp:attachment":[{"href":"https:\/\/batai4u.lt\/index.php\/wp-json\/wp\/v2\/media?parent=4330"}],"wp:term":[{"taxonomy":"product_brand","embeddable":true,"href":"https:\/\/batai4u.lt\/index.php\/wp-json\/wp\/v2\/product_brand?post=4330"},{"taxonomy":"product_cat","embeddable":true,"href":"https:\/\/batai4u.lt\/index.php\/wp-json\/wp\/v2\/product_cat?post=4330"},{"taxonomy":"product_tag","embeddable":true,"href":"https:\/\/batai4u.lt\/index.php\/wp-json\/wp\/v2\/product_tag?post=4330"}],"curies":[{"name":"wp","href":"https:\/\/api.w.org\/{rel}","templated":true}]}}