{"id":4375,"date":"2024-02-28T14:11:07","date_gmt":"2024-02-28T14:11:07","guid":{"rendered":"https:\/\/batai4u.lt\/?post_type=product&#038;p=4375"},"modified":"2025-09-18T08:44:06","modified_gmt":"2025-09-18T08:44:06","slug":"r107850131-weestep-rozines-tapkes","status":"publish","type":"product","link":"https:\/\/batai4u.lt\/index.php\/product\/r107850131-weestep-rozines-tapkes\/","title":{"rendered":"R107850131 Weestep Ro\u017ein\u0117s tapk\u0117s 22-29d"},"content":{"rendered":"<p>22d-14cm<\/p>\n<p>23d-14,5cm<\/p>\n<p>24d-15,5cm<\/p>\n<p>25d-16cm<\/p>\n<p>26d-16,5cm<\/p>\n<p>27-17,5cm<\/p>\n<p>28-18cm<\/p>\n<p>29-18,5cm<\/p>\n","protected":false},"excerpt":{"rendered":"<p>Weestep med\u017eiagin\u0117s tapk\u0117s. Vidpadis odinis su supinatoriu. Tapk\u0117s i\u0161\u0117mus vidpad\u012f- skalbiamos skalbimo ma\u0161inoje. Kvepuojan\u010dios, lengvut\u0117s, lanks\u010dios bei kokybi\u0161kos. Padas pritaikytas vaik\u0161\u010dioti tiek viduje tiek lauke<\/p>\n","protected":false},"featured_media":4242,"comment_status":"closed","ping_status":"closed","template":"","meta":[],"product_brand":[],"product_cat":[81],"product_tag":[87,88,96,90,91,92,97,83],"class_list":{"0":"post-4375","1":"product","2":"type-product","3":"status-publish","4":"has-post-thumbnail","6":"product_cat-tapkes","7":"product_tag-87","8":"product_tag-88","9":"product_tag-96","10":"product_tag-90","11":"product_tag-91","12":"product_tag-92","13":"product_tag-tapkes","14":"product_tag-weestep","15":"futurio-has-gallery","17":"first","18":"instock","19":"shipping-taxable","20":"purchasable","21":"product-type-variable"},"yoast_head":"<!-- This site is optimized with the Yoast SEO plugin v27.5 - https:\/\/yoast.com\/product\/yoast-seo-wordpress\/ -->\n<title>R107850131 Weestep Ro\u017ein\u0117s tapk\u0117s 22-29d - Batai4u.lt<\/title>\n<meta name=\"robots\" content=\"index, follow, max-snippet:-1, max-image-preview:large, max-video-preview:-1\" \/>\n<link rel=\"canonical\" href=\"https:\/\/batai4u.lt\/index.php\/product\/r107850131-weestep-rozines-tapkes\/\" \/>\n<meta property=\"og:locale\" content=\"en_US\" \/>\n<meta property=\"og:type\" content=\"article\" \/>\n<meta property=\"og:title\" content=\"R107850131 Weestep Ro\u017ein\u0117s tapk\u0117s 22-29d - Batai4u.lt\" \/>\n<meta property=\"og:description\" content=\"Weestep med\u017eiagin\u0117s tapk\u0117s. Vidpadis odinis su supinatoriu. Tapk\u0117s i\u0161\u0117mus vidpad\u012f- skalbiamos skalbimo ma\u0161inoje. Kvepuojan\u010dios, lengvut\u0117s, lanks\u010dios bei kokybi\u0161kos. Padas pritaikytas vaik\u0161\u010dioti tiek viduje tiek lauke\" \/>\n<meta property=\"og:url\" content=\"https:\/\/batai4u.lt\/index.php\/product\/r107850131-weestep-rozines-tapkes\/\" \/>\n<meta property=\"og:site_name\" content=\"Batai4u.lt\" \/>\n<meta property=\"article:modified_time\" content=\"2025-09-18T08:44:06+00:00\" \/>\n<meta property=\"og:image\" content=\"https:\/\/batai4u.lt\/wp-content\/uploads\/2024\/02\/20240208_163133-831x1024.png\" \/>\n\t<meta property=\"og:image:width\" content=\"831\" \/>\n\t<meta property=\"og:image:height\" content=\"1024\" \/>\n\t<meta property=\"og:image:type\" content=\"image\/png\" \/>\n<meta name=\"twitter:card\" content=\"summary_large_image\" \/>\n<script type=\"application\/ld+json\" class=\"yoast-schema-graph\">{\"@context\":\"https:\\\/\\\/schema.org\",\"@graph\":[{\"@type\":\"WebPage\",\"@id\":\"https:\\\/\\\/batai4u.lt\\\/index.php\\\/product\\\/r107850131-weestep-rozines-tapkes\\\/\",\"url\":\"https:\\\/\\\/batai4u.lt\\\/index.php\\\/product\\\/r107850131-weestep-rozines-tapkes\\\/\",\"name\":\"R107850131 Weestep Ro\u017ein\u0117s tapk\u0117s 22-29d - Batai4u.lt\",\"isPartOf\":{\"@id\":\"https:\\\/\\\/batai4u.lt\\\/#website\"},\"primaryImageOfPage\":{\"@id\":\"https:\\\/\\\/batai4u.lt\\\/index.php\\\/product\\\/r107850131-weestep-rozines-tapkes\\\/#primaryimage\"},\"image\":{\"@id\":\"https:\\\/\\\/batai4u.lt\\\/index.php\\\/product\\\/r107850131-weestep-rozines-tapkes\\\/#primaryimage\"},\"thumbnailUrl\":\"https:\\\/\\\/batai4u.lt\\\/wp-content\\\/uploads\\\/2024\\\/02\\\/20240208_163133.png\",\"datePublished\":\"2024-02-28T14:11:07+00:00\",\"dateModified\":\"2025-09-18T08:44:06+00:00\",\"breadcrumb\":{\"@id\":\"https:\\\/\\\/batai4u.lt\\\/index.php\\\/product\\\/r107850131-weestep-rozines-tapkes\\\/#breadcrumb\"},\"inLanguage\":\"en-US\",\"potentialAction\":[{\"@type\":\"ReadAction\",\"target\":[\"https:\\\/\\\/batai4u.lt\\\/index.php\\\/product\\\/r107850131-weestep-rozines-tapkes\\\/\"]}]},{\"@type\":\"ImageObject\",\"inLanguage\":\"en-US\",\"@id\":\"https:\\\/\\\/batai4u.lt\\\/index.php\\\/product\\\/r107850131-weestep-rozines-tapkes\\\/#primaryimage\",\"url\":\"https:\\\/\\\/batai4u.lt\\\/wp-content\\\/uploads\\\/2024\\\/02\\\/20240208_163133.png\",\"contentUrl\":\"https:\\\/\\\/batai4u.lt\\\/wp-content\\\/uploads\\\/2024\\\/02\\\/20240208_163133.png\",\"width\":1484,\"height\":1828},{\"@type\":\"BreadcrumbList\",\"@id\":\"https:\\\/\\\/batai4u.lt\\\/index.php\\\/product\\\/r107850131-weestep-rozines-tapkes\\\/#breadcrumb\",\"itemListElement\":[{\"@type\":\"ListItem\",\"position\":1,\"name\":\"Home\",\"item\":\"https:\\\/\\\/batai4u.lt\\\/\"},{\"@type\":\"ListItem\",\"position\":2,\"name\":\"Parduotuv\u0117\",\"item\":\"https:\\\/\\\/batai4u.lt\\\/index.php\\\/shop\\\/\"},{\"@type\":\"ListItem\",\"position\":3,\"name\":\"R107850131 Weestep Ro\u017ein\u0117s tapk\u0117s 22-29d\"}]},{\"@type\":\"WebSite\",\"@id\":\"https:\\\/\\\/batai4u.lt\\\/#website\",\"url\":\"https:\\\/\\\/batai4u.lt\\\/\",\"name\":\"Batai4u.lt\",\"description\":\"batai vaikams ir ne tik\",\"publisher\":{\"@id\":\"https:\\\/\\\/batai4u.lt\\\/#\\\/schema\\\/person\\\/8cc43a99285533a2c3e2c58a641f566a\"},\"potentialAction\":[{\"@type\":\"SearchAction\",\"target\":{\"@type\":\"EntryPoint\",\"urlTemplate\":\"https:\\\/\\\/batai4u.lt\\\/?s={search_term_string}\"},\"query-input\":{\"@type\":\"PropertyValueSpecification\",\"valueRequired\":true,\"valueName\":\"search_term_string\"}}],\"inLanguage\":\"en-US\"},{\"@type\":[\"Person\",\"Organization\"],\"@id\":\"https:\\\/\\\/batai4u.lt\\\/#\\\/schema\\\/person\\\/8cc43a99285533a2c3e2c58a641f566a\",\"name\":\"Erika Steponavi\u010dien\u0117\",\"image\":{\"@type\":\"ImageObject\",\"inLanguage\":\"en-US\",\"@id\":\"https:\\\/\\\/secure.gravatar.com\\\/avatar\\\/de70a9d8a8fae7160f42990935bcabb5f827c9e01e111e0bcd4d408af9ba954c?s=96&d=mm&r=g\",\"url\":\"https:\\\/\\\/secure.gravatar.com\\\/avatar\\\/de70a9d8a8fae7160f42990935bcabb5f827c9e01e111e0bcd4d408af9ba954c?s=96&d=mm&r=g\",\"contentUrl\":\"https:\\\/\\\/secure.gravatar.com\\\/avatar\\\/de70a9d8a8fae7160f42990935bcabb5f827c9e01e111e0bcd4d408af9ba954c?s=96&d=mm&r=g\",\"caption\":\"Erika Steponavi\u010dien\u0117\"},\"logo\":{\"@id\":\"https:\\\/\\\/secure.gravatar.com\\\/avatar\\\/de70a9d8a8fae7160f42990935bcabb5f827c9e01e111e0bcd4d408af9ba954c?s=96&d=mm&r=g\"},\"sameAs\":[\"http:\\\/\\\/batai4u.lt\"]}]}<\/script>\n<!-- \/ Yoast SEO plugin. -->","yoast_head_json":{"title":"R107850131 Weestep Ro\u017ein\u0117s tapk\u0117s 22-29d - Batai4u.lt","robots":{"index":"index","follow":"follow","max-snippet":"max-snippet:-1","max-image-preview":"max-image-preview:large","max-video-preview":"max-video-preview:-1"},"canonical":"https:\/\/batai4u.lt\/index.php\/product\/r107850131-weestep-rozines-tapkes\/","og_locale":"en_US","og_type":"article","og_title":"R107850131 Weestep Ro\u017ein\u0117s tapk\u0117s 22-29d - Batai4u.lt","og_description":"Weestep med\u017eiagin\u0117s tapk\u0117s. Vidpadis odinis su supinatoriu. Tapk\u0117s i\u0161\u0117mus vidpad\u012f- skalbiamos skalbimo ma\u0161inoje. Kvepuojan\u010dios, lengvut\u0117s, lanks\u010dios bei kokybi\u0161kos. Padas pritaikytas vaik\u0161\u010dioti tiek viduje tiek lauke","og_url":"https:\/\/batai4u.lt\/index.php\/product\/r107850131-weestep-rozines-tapkes\/","og_site_name":"Batai4u.lt","article_modified_time":"2025-09-18T08:44:06+00:00","og_image":[{"width":831,"height":1024,"url":"https:\/\/batai4u.lt\/wp-content\/uploads\/2024\/02\/20240208_163133-831x1024.png","type":"image\/png"}],"twitter_card":"summary_large_image","schema":{"@context":"https:\/\/schema.org","@graph":[{"@type":"WebPage","@id":"https:\/\/batai4u.lt\/index.php\/product\/r107850131-weestep-rozines-tapkes\/","url":"https:\/\/batai4u.lt\/index.php\/product\/r107850131-weestep-rozines-tapkes\/","name":"R107850131 Weestep Ro\u017ein\u0117s tapk\u0117s 22-29d - Batai4u.lt","isPartOf":{"@id":"https:\/\/batai4u.lt\/#website"},"primaryImageOfPage":{"@id":"https:\/\/batai4u.lt\/index.php\/product\/r107850131-weestep-rozines-tapkes\/#primaryimage"},"image":{"@id":"https:\/\/batai4u.lt\/index.php\/product\/r107850131-weestep-rozines-tapkes\/#primaryimage"},"thumbnailUrl":"https:\/\/batai4u.lt\/wp-content\/uploads\/2024\/02\/20240208_163133.png","datePublished":"2024-02-28T14:11:07+00:00","dateModified":"2025-09-18T08:44:06+00:00","breadcrumb":{"@id":"https:\/\/batai4u.lt\/index.php\/product\/r107850131-weestep-rozines-tapkes\/#breadcrumb"},"inLanguage":"en-US","potentialAction":[{"@type":"ReadAction","target":["https:\/\/batai4u.lt\/index.php\/product\/r107850131-weestep-rozines-tapkes\/"]}]},{"@type":"ImageObject","inLanguage":"en-US","@id":"https:\/\/batai4u.lt\/index.php\/product\/r107850131-weestep-rozines-tapkes\/#primaryimage","url":"https:\/\/batai4u.lt\/wp-content\/uploads\/2024\/02\/20240208_163133.png","contentUrl":"https:\/\/batai4u.lt\/wp-content\/uploads\/2024\/02\/20240208_163133.png","width":1484,"height":1828},{"@type":"BreadcrumbList","@id":"https:\/\/batai4u.lt\/index.php\/product\/r107850131-weestep-rozines-tapkes\/#breadcrumb","itemListElement":[{"@type":"ListItem","position":1,"name":"Home","item":"https:\/\/batai4u.lt\/"},{"@type":"ListItem","position":2,"name":"Parduotuv\u0117","item":"https:\/\/batai4u.lt\/index.php\/shop\/"},{"@type":"ListItem","position":3,"name":"R107850131 Weestep Ro\u017ein\u0117s tapk\u0117s 22-29d"}]},{"@type":"WebSite","@id":"https:\/\/batai4u.lt\/#website","url":"https:\/\/batai4u.lt\/","name":"Batai4u.lt","description":"batai vaikams ir ne tik","publisher":{"@id":"https:\/\/batai4u.lt\/#\/schema\/person\/8cc43a99285533a2c3e2c58a641f566a"},"potentialAction":[{"@type":"SearchAction","target":{"@type":"EntryPoint","urlTemplate":"https:\/\/batai4u.lt\/?s={search_term_string}"},"query-input":{"@type":"PropertyValueSpecification","valueRequired":true,"valueName":"search_term_string"}}],"inLanguage":"en-US"},{"@type":["Person","Organization"],"@id":"https:\/\/batai4u.lt\/#\/schema\/person\/8cc43a99285533a2c3e2c58a641f566a","name":"Erika Steponavi\u010dien\u0117","image":{"@type":"ImageObject","inLanguage":"en-US","@id":"https:\/\/secure.gravatar.com\/avatar\/de70a9d8a8fae7160f42990935bcabb5f827c9e01e111e0bcd4d408af9ba954c?s=96&d=mm&r=g","url":"https:\/\/secure.gravatar.com\/avatar\/de70a9d8a8fae7160f42990935bcabb5f827c9e01e111e0bcd4d408af9ba954c?s=96&d=mm&r=g","contentUrl":"https:\/\/secure.gravatar.com\/avatar\/de70a9d8a8fae7160f42990935bcabb5f827c9e01e111e0bcd4d408af9ba954c?s=96&d=mm&r=g","caption":"Erika Steponavi\u010dien\u0117"},"logo":{"@id":"https:\/\/secure.gravatar.com\/avatar\/de70a9d8a8fae7160f42990935bcabb5f827c9e01e111e0bcd4d408af9ba954c?s=96&d=mm&r=g"},"sameAs":["http:\/\/batai4u.lt"]}]}},"jetpack_sharing_enabled":true,"_links":{"self":[{"href":"https:\/\/batai4u.lt\/index.php\/wp-json\/wp\/v2\/product\/4375","targetHints":{"allow":["GET"]}}],"collection":[{"href":"https:\/\/batai4u.lt\/index.php\/wp-json\/wp\/v2\/product"}],"about":[{"href":"https:\/\/batai4u.lt\/index.php\/wp-json\/wp\/v2\/types\/product"}],"replies":[{"embeddable":true,"href":"https:\/\/batai4u.lt\/index.php\/wp-json\/wp\/v2\/comments?post=4375"}],"wp:featuredmedia":[{"embeddable":true,"href":"https:\/\/batai4u.lt\/index.php\/wp-json\/wp\/v2\/media\/4242"}],"wp:attachment":[{"href":"https:\/\/batai4u.lt\/index.php\/wp-json\/wp\/v2\/media?parent=4375"}],"wp:term":[{"taxonomy":"product_brand","embeddable":true,"href":"https:\/\/batai4u.lt\/index.php\/wp-json\/wp\/v2\/product_brand?post=4375"},{"taxonomy":"product_cat","embeddable":true,"href":"https:\/\/batai4u.lt\/index.php\/wp-json\/wp\/v2\/product_cat?post=4375"},{"taxonomy":"product_tag","embeddable":true,"href":"https:\/\/batai4u.lt\/index.php\/wp-json\/wp\/v2\/product_tag?post=4375"}],"curies":[{"name":"wp","href":"https:\/\/api.w.org\/{rel}","templated":true}]}}