{"id":4442,"date":"2024-04-24T12:01:51","date_gmt":"2024-04-24T12:01:51","guid":{"rendered":"https:\/\/batai4u.lt\/?post_type=product&#038;p=4442"},"modified":"2025-03-17T07:42:45","modified_gmt":"2025-03-17T07:42:45","slug":"r870563741-weestep-pilki-kedukai-unisex","status":"publish","type":"product","link":"https:\/\/batai4u.lt\/index.php\/product\/r870563741-weestep-pilki-kedukai-unisex\/","title":{"rendered":"R870563741 Weestep pilki kedukai- UNISEX 27-32d."},"content":{"rendered":"<p>27d-17cm<br \/>\n28d-17,5cm<br \/>\n29d-18,4cm<br \/>\n30d-19cm<br \/>\n31d-19,5cm<br \/>\n32d-20cm<\/p>\n","protected":false},"excerpt":{"rendered":"<p>\u200cWEESTEP ortopediniai odiniai kedukai su gumine nosimi. Turi supinatoriu, kieta u\u017ekulne bei pakietinti pir\u0161tukai.\u00a0 Auk\u0161tos kokyb\u0117s.<br \/>\nLengvai nusiimti ir u\u017esid\u0117ti. Rai\u0161teliai guminiai. Lankstus padas, mink\u0161ti batai, lengvu\u010diai. Modeliukas tinka tiek berniukams tiek mergait\u0117ms- UNISEX.<\/p>\n","protected":false},"featured_media":4438,"comment_status":"closed","ping_status":"closed","template":"","meta":[],"product_brand":[],"product_cat":[61,31],"product_tag":[90,91,92,93,94,95,110,83],"class_list":{"0":"post-4442","1":"product","2":"type-product","3":"status-publish","4":"has-post-thumbnail","6":"product_cat-berniukams-vasara","7":"product_cat-mergaitems-vasara","8":"product_tag-90","9":"product_tag-91","10":"product_tag-92","11":"product_tag-93","12":"product_tag-94","13":"product_tag-95","14":"product_tag-kedukai","15":"product_tag-weestep","16":"futurio-has-gallery","18":"first","19":"instock","20":"shipping-taxable","21":"purchasable","22":"product-type-variable"},"yoast_head":"<!-- This site is optimized with the Yoast SEO plugin v27.4 - https:\/\/yoast.com\/product\/yoast-seo-wordpress\/ -->\n<title>R870563741 Weestep pilki kedukai- UNISEX 27-32d. - Batai4u.lt<\/title>\n<meta name=\"robots\" content=\"index, follow, max-snippet:-1, max-image-preview:large, max-video-preview:-1\" \/>\n<link rel=\"canonical\" href=\"https:\/\/batai4u.lt\/index.php\/product\/r870563741-weestep-pilki-kedukai-unisex\/\" \/>\n<meta property=\"og:locale\" content=\"en_US\" \/>\n<meta property=\"og:type\" content=\"article\" \/>\n<meta property=\"og:title\" content=\"R870563741 Weestep pilki kedukai- UNISEX 27-32d. - Batai4u.lt\" \/>\n<meta property=\"og:description\" content=\"\u200cWEESTEP ortopediniai odiniai kedukai su gumine nosimi. Turi supinatoriu, kieta u\u017ekulne bei pakietinti pir\u0161tukai.\u00a0 Auk\u0161tos kokyb\u0117s. Lengvai nusiimti ir u\u017esid\u0117ti. Rai\u0161teliai guminiai. Lankstus padas, mink\u0161ti batai, lengvu\u010diai. Modeliukas tinka tiek berniukams tiek mergait\u0117ms- UNISEX.\" \/>\n<meta property=\"og:url\" content=\"https:\/\/batai4u.lt\/index.php\/product\/r870563741-weestep-pilki-kedukai-unisex\/\" \/>\n<meta property=\"og:site_name\" content=\"Batai4u.lt\" \/>\n<meta property=\"article:modified_time\" content=\"2025-03-17T07:42:45+00:00\" \/>\n<meta property=\"og:image\" content=\"https:\/\/batai4u.lt\/wp-content\/uploads\/2024\/04\/20240419_174717.png\" \/>\n\t<meta property=\"og:image:width\" content=\"1500\" \/>\n\t<meta property=\"og:image:height\" content=\"1815\" \/>\n\t<meta property=\"og:image:type\" content=\"image\/png\" \/>\n<meta name=\"twitter:card\" content=\"summary_large_image\" \/>\n<script type=\"application\/ld+json\" class=\"yoast-schema-graph\">{\"@context\":\"https:\\\/\\\/schema.org\",\"@graph\":[{\"@type\":\"WebPage\",\"@id\":\"https:\\\/\\\/batai4u.lt\\\/index.php\\\/product\\\/r870563741-weestep-pilki-kedukai-unisex\\\/\",\"url\":\"https:\\\/\\\/batai4u.lt\\\/index.php\\\/product\\\/r870563741-weestep-pilki-kedukai-unisex\\\/\",\"name\":\"R870563741 Weestep pilki kedukai- UNISEX 27-32d. - Batai4u.lt\",\"isPartOf\":{\"@id\":\"https:\\\/\\\/batai4u.lt\\\/#website\"},\"primaryImageOfPage\":{\"@id\":\"https:\\\/\\\/batai4u.lt\\\/index.php\\\/product\\\/r870563741-weestep-pilki-kedukai-unisex\\\/#primaryimage\"},\"image\":{\"@id\":\"https:\\\/\\\/batai4u.lt\\\/index.php\\\/product\\\/r870563741-weestep-pilki-kedukai-unisex\\\/#primaryimage\"},\"thumbnailUrl\":\"https:\\\/\\\/batai4u.lt\\\/wp-content\\\/uploads\\\/2024\\\/04\\\/20240419_174717.png\",\"datePublished\":\"2024-04-24T12:01:51+00:00\",\"dateModified\":\"2025-03-17T07:42:45+00:00\",\"breadcrumb\":{\"@id\":\"https:\\\/\\\/batai4u.lt\\\/index.php\\\/product\\\/r870563741-weestep-pilki-kedukai-unisex\\\/#breadcrumb\"},\"inLanguage\":\"en-US\",\"potentialAction\":[{\"@type\":\"ReadAction\",\"target\":[\"https:\\\/\\\/batai4u.lt\\\/index.php\\\/product\\\/r870563741-weestep-pilki-kedukai-unisex\\\/\"]}]},{\"@type\":\"ImageObject\",\"inLanguage\":\"en-US\",\"@id\":\"https:\\\/\\\/batai4u.lt\\\/index.php\\\/product\\\/r870563741-weestep-pilki-kedukai-unisex\\\/#primaryimage\",\"url\":\"https:\\\/\\\/batai4u.lt\\\/wp-content\\\/uploads\\\/2024\\\/04\\\/20240419_174717.png\",\"contentUrl\":\"https:\\\/\\\/batai4u.lt\\\/wp-content\\\/uploads\\\/2024\\\/04\\\/20240419_174717.png\",\"width\":1500,\"height\":1815},{\"@type\":\"BreadcrumbList\",\"@id\":\"https:\\\/\\\/batai4u.lt\\\/index.php\\\/product\\\/r870563741-weestep-pilki-kedukai-unisex\\\/#breadcrumb\",\"itemListElement\":[{\"@type\":\"ListItem\",\"position\":1,\"name\":\"Home\",\"item\":\"https:\\\/\\\/batai4u.lt\\\/\"},{\"@type\":\"ListItem\",\"position\":2,\"name\":\"Parduotuv\u0117\",\"item\":\"https:\\\/\\\/batai4u.lt\\\/index.php\\\/shop\\\/\"},{\"@type\":\"ListItem\",\"position\":3,\"name\":\"R870563741 Weestep pilki kedukai- UNISEX 27-32d.\"}]},{\"@type\":\"WebSite\",\"@id\":\"https:\\\/\\\/batai4u.lt\\\/#website\",\"url\":\"https:\\\/\\\/batai4u.lt\\\/\",\"name\":\"Batai4u.lt\",\"description\":\"batai vaikams ir ne tik\",\"publisher\":{\"@id\":\"https:\\\/\\\/batai4u.lt\\\/#\\\/schema\\\/person\\\/8cc43a99285533a2c3e2c58a641f566a\"},\"potentialAction\":[{\"@type\":\"SearchAction\",\"target\":{\"@type\":\"EntryPoint\",\"urlTemplate\":\"https:\\\/\\\/batai4u.lt\\\/?s={search_term_string}\"},\"query-input\":{\"@type\":\"PropertyValueSpecification\",\"valueRequired\":true,\"valueName\":\"search_term_string\"}}],\"inLanguage\":\"en-US\"},{\"@type\":[\"Person\",\"Organization\"],\"@id\":\"https:\\\/\\\/batai4u.lt\\\/#\\\/schema\\\/person\\\/8cc43a99285533a2c3e2c58a641f566a\",\"name\":\"Erika Steponavi\u010dien\u0117\",\"image\":{\"@type\":\"ImageObject\",\"inLanguage\":\"en-US\",\"@id\":\"https:\\\/\\\/secure.gravatar.com\\\/avatar\\\/de70a9d8a8fae7160f42990935bcabb5f827c9e01e111e0bcd4d408af9ba954c?s=96&d=mm&r=g\",\"url\":\"https:\\\/\\\/secure.gravatar.com\\\/avatar\\\/de70a9d8a8fae7160f42990935bcabb5f827c9e01e111e0bcd4d408af9ba954c?s=96&d=mm&r=g\",\"contentUrl\":\"https:\\\/\\\/secure.gravatar.com\\\/avatar\\\/de70a9d8a8fae7160f42990935bcabb5f827c9e01e111e0bcd4d408af9ba954c?s=96&d=mm&r=g\",\"caption\":\"Erika Steponavi\u010dien\u0117\"},\"logo\":{\"@id\":\"https:\\\/\\\/secure.gravatar.com\\\/avatar\\\/de70a9d8a8fae7160f42990935bcabb5f827c9e01e111e0bcd4d408af9ba954c?s=96&d=mm&r=g\"},\"sameAs\":[\"http:\\\/\\\/batai4u.lt\"]}]}<\/script>\n<!-- \/ Yoast SEO plugin. -->","yoast_head_json":{"title":"R870563741 Weestep pilki kedukai- UNISEX 27-32d. - Batai4u.lt","robots":{"index":"index","follow":"follow","max-snippet":"max-snippet:-1","max-image-preview":"max-image-preview:large","max-video-preview":"max-video-preview:-1"},"canonical":"https:\/\/batai4u.lt\/index.php\/product\/r870563741-weestep-pilki-kedukai-unisex\/","og_locale":"en_US","og_type":"article","og_title":"R870563741 Weestep pilki kedukai- UNISEX 27-32d. - Batai4u.lt","og_description":"\u200cWEESTEP ortopediniai odiniai kedukai su gumine nosimi. Turi supinatoriu, kieta u\u017ekulne bei pakietinti pir\u0161tukai.\u00a0 Auk\u0161tos kokyb\u0117s. Lengvai nusiimti ir u\u017esid\u0117ti. Rai\u0161teliai guminiai. Lankstus padas, mink\u0161ti batai, lengvu\u010diai. Modeliukas tinka tiek berniukams tiek mergait\u0117ms- UNISEX.","og_url":"https:\/\/batai4u.lt\/index.php\/product\/r870563741-weestep-pilki-kedukai-unisex\/","og_site_name":"Batai4u.lt","article_modified_time":"2025-03-17T07:42:45+00:00","og_image":[{"width":1500,"height":1815,"url":"https:\/\/batai4u.lt\/wp-content\/uploads\/2024\/04\/20240419_174717.png","type":"image\/png"}],"twitter_card":"summary_large_image","schema":{"@context":"https:\/\/schema.org","@graph":[{"@type":"WebPage","@id":"https:\/\/batai4u.lt\/index.php\/product\/r870563741-weestep-pilki-kedukai-unisex\/","url":"https:\/\/batai4u.lt\/index.php\/product\/r870563741-weestep-pilki-kedukai-unisex\/","name":"R870563741 Weestep pilki kedukai- UNISEX 27-32d. - Batai4u.lt","isPartOf":{"@id":"https:\/\/batai4u.lt\/#website"},"primaryImageOfPage":{"@id":"https:\/\/batai4u.lt\/index.php\/product\/r870563741-weestep-pilki-kedukai-unisex\/#primaryimage"},"image":{"@id":"https:\/\/batai4u.lt\/index.php\/product\/r870563741-weestep-pilki-kedukai-unisex\/#primaryimage"},"thumbnailUrl":"https:\/\/batai4u.lt\/wp-content\/uploads\/2024\/04\/20240419_174717.png","datePublished":"2024-04-24T12:01:51+00:00","dateModified":"2025-03-17T07:42:45+00:00","breadcrumb":{"@id":"https:\/\/batai4u.lt\/index.php\/product\/r870563741-weestep-pilki-kedukai-unisex\/#breadcrumb"},"inLanguage":"en-US","potentialAction":[{"@type":"ReadAction","target":["https:\/\/batai4u.lt\/index.php\/product\/r870563741-weestep-pilki-kedukai-unisex\/"]}]},{"@type":"ImageObject","inLanguage":"en-US","@id":"https:\/\/batai4u.lt\/index.php\/product\/r870563741-weestep-pilki-kedukai-unisex\/#primaryimage","url":"https:\/\/batai4u.lt\/wp-content\/uploads\/2024\/04\/20240419_174717.png","contentUrl":"https:\/\/batai4u.lt\/wp-content\/uploads\/2024\/04\/20240419_174717.png","width":1500,"height":1815},{"@type":"BreadcrumbList","@id":"https:\/\/batai4u.lt\/index.php\/product\/r870563741-weestep-pilki-kedukai-unisex\/#breadcrumb","itemListElement":[{"@type":"ListItem","position":1,"name":"Home","item":"https:\/\/batai4u.lt\/"},{"@type":"ListItem","position":2,"name":"Parduotuv\u0117","item":"https:\/\/batai4u.lt\/index.php\/shop\/"},{"@type":"ListItem","position":3,"name":"R870563741 Weestep pilki kedukai- UNISEX 27-32d."}]},{"@type":"WebSite","@id":"https:\/\/batai4u.lt\/#website","url":"https:\/\/batai4u.lt\/","name":"Batai4u.lt","description":"batai vaikams ir ne tik","publisher":{"@id":"https:\/\/batai4u.lt\/#\/schema\/person\/8cc43a99285533a2c3e2c58a641f566a"},"potentialAction":[{"@type":"SearchAction","target":{"@type":"EntryPoint","urlTemplate":"https:\/\/batai4u.lt\/?s={search_term_string}"},"query-input":{"@type":"PropertyValueSpecification","valueRequired":true,"valueName":"search_term_string"}}],"inLanguage":"en-US"},{"@type":["Person","Organization"],"@id":"https:\/\/batai4u.lt\/#\/schema\/person\/8cc43a99285533a2c3e2c58a641f566a","name":"Erika Steponavi\u010dien\u0117","image":{"@type":"ImageObject","inLanguage":"en-US","@id":"https:\/\/secure.gravatar.com\/avatar\/de70a9d8a8fae7160f42990935bcabb5f827c9e01e111e0bcd4d408af9ba954c?s=96&d=mm&r=g","url":"https:\/\/secure.gravatar.com\/avatar\/de70a9d8a8fae7160f42990935bcabb5f827c9e01e111e0bcd4d408af9ba954c?s=96&d=mm&r=g","contentUrl":"https:\/\/secure.gravatar.com\/avatar\/de70a9d8a8fae7160f42990935bcabb5f827c9e01e111e0bcd4d408af9ba954c?s=96&d=mm&r=g","caption":"Erika Steponavi\u010dien\u0117"},"logo":{"@id":"https:\/\/secure.gravatar.com\/avatar\/de70a9d8a8fae7160f42990935bcabb5f827c9e01e111e0bcd4d408af9ba954c?s=96&d=mm&r=g"},"sameAs":["http:\/\/batai4u.lt"]}]}},"jetpack_sharing_enabled":true,"_links":{"self":[{"href":"https:\/\/batai4u.lt\/index.php\/wp-json\/wp\/v2\/product\/4442","targetHints":{"allow":["GET"]}}],"collection":[{"href":"https:\/\/batai4u.lt\/index.php\/wp-json\/wp\/v2\/product"}],"about":[{"href":"https:\/\/batai4u.lt\/index.php\/wp-json\/wp\/v2\/types\/product"}],"replies":[{"embeddable":true,"href":"https:\/\/batai4u.lt\/index.php\/wp-json\/wp\/v2\/comments?post=4442"}],"wp:featuredmedia":[{"embeddable":true,"href":"https:\/\/batai4u.lt\/index.php\/wp-json\/wp\/v2\/media\/4438"}],"wp:attachment":[{"href":"https:\/\/batai4u.lt\/index.php\/wp-json\/wp\/v2\/media?parent=4442"}],"wp:term":[{"taxonomy":"product_brand","embeddable":true,"href":"https:\/\/batai4u.lt\/index.php\/wp-json\/wp\/v2\/product_brand?post=4442"},{"taxonomy":"product_cat","embeddable":true,"href":"https:\/\/batai4u.lt\/index.php\/wp-json\/wp\/v2\/product_cat?post=4442"},{"taxonomy":"product_tag","embeddable":true,"href":"https:\/\/batai4u.lt\/index.php\/wp-json\/wp\/v2\/product_tag?post=4442"}],"curies":[{"name":"wp","href":"https:\/\/api.w.org\/{rel}","templated":true}]}}