{"id":4456,"date":"2024-04-24T13:57:10","date_gmt":"2024-04-24T13:57:10","guid":{"rendered":"https:\/\/batai4u.lt\/?post_type=product&#038;p=4456"},"modified":"2026-03-14T16:51:56","modified_gmt":"2026-03-14T16:51:56","slug":"r125563676-weestep-melini-kedukai","status":"publish","type":"product","link":"https:\/\/batai4u.lt\/index.php\/product\/r125563676-weestep-melini-kedukai\/","title":{"rendered":"R125563676 Weestep m\u0117lini kedukai 27-32d."},"content":{"rendered":"<p>27d-17cm<br \/>\n28d-17,6cm<br \/>\n29d-18,4cm<br \/>\n30d-19cm<br \/>\n31d-19,5cm<br \/>\n32d-20cm<\/p>\n","protected":false},"excerpt":{"rendered":"<p>\u200cWEESTEP ortopediniai odiniai kedukai . Turi supinatoriu, kieta u\u017ekulne bei pakietinti pir\u0161tukai.\u00a0 Auk\u0161tos kokyb\u0117s. Itin lengvu\u010diai. Su at\u0161vaitais. Tinka ir pla\u010diai p\u0117dutei ir auk\u0161tom keltim.<\/p>\n","protected":false},"featured_media":4457,"comment_status":"closed","ping_status":"closed","template":"","meta":[],"product_brand":[136],"product_cat":[61],"product_tag":[90,92,93,94,95,110,83],"class_list":{"0":"post-4456","1":"product","2":"type-product","3":"status-publish","4":"has-post-thumbnail","6":"product_brand-weestep","7":"product_cat-berniukams-vasara","8":"product_tag-90","9":"product_tag-92","10":"product_tag-93","11":"product_tag-94","12":"product_tag-95","13":"product_tag-kedukai","14":"product_tag-weestep","15":"futurio-has-gallery","17":"first","18":"instock","19":"shipping-taxable","20":"purchasable","21":"product-type-variable"},"yoast_head":"<!-- This site is optimized with the Yoast SEO plugin v27.5 - https:\/\/yoast.com\/product\/yoast-seo-wordpress\/ -->\n<title>R125563676 Weestep m\u0117lini kedukai 27-32d. - Batai4u.lt<\/title>\n<meta name=\"robots\" content=\"index, follow, max-snippet:-1, max-image-preview:large, max-video-preview:-1\" \/>\n<link rel=\"canonical\" href=\"https:\/\/batai4u.lt\/index.php\/product\/r125563676-weestep-melini-kedukai\/\" \/>\n<meta property=\"og:locale\" content=\"en_US\" \/>\n<meta property=\"og:type\" content=\"article\" \/>\n<meta property=\"og:title\" content=\"R125563676 Weestep m\u0117lini kedukai 27-32d. - Batai4u.lt\" \/>\n<meta property=\"og:description\" content=\"\u200cWEESTEP ortopediniai odiniai kedukai . Turi supinatoriu, kieta u\u017ekulne bei pakietinti pir\u0161tukai.\u00a0 Auk\u0161tos kokyb\u0117s. Itin lengvu\u010diai. Su at\u0161vaitais. Tinka ir pla\u010diai p\u0117dutei ir auk\u0161tom keltim.\" \/>\n<meta property=\"og:url\" content=\"https:\/\/batai4u.lt\/index.php\/product\/r125563676-weestep-melini-kedukai\/\" \/>\n<meta property=\"og:site_name\" content=\"Batai4u.lt\" \/>\n<meta property=\"article:modified_time\" content=\"2026-03-14T16:51:56+00:00\" \/>\n<meta property=\"og:image\" content=\"https:\/\/batai4u.lt\/wp-content\/uploads\/2024\/04\/20240424_165003.png\" \/>\n\t<meta property=\"og:image:width\" content=\"1500\" \/>\n\t<meta property=\"og:image:height\" content=\"1606\" \/>\n\t<meta property=\"og:image:type\" content=\"image\/png\" \/>\n<meta name=\"twitter:card\" content=\"summary_large_image\" \/>\n<meta name=\"twitter:label1\" content=\"Est. reading time\" \/>\n\t<meta name=\"twitter:data1\" content=\"1 minute\" \/>\n<script type=\"application\/ld+json\" class=\"yoast-schema-graph\">{\"@context\":\"https:\\\/\\\/schema.org\",\"@graph\":[{\"@type\":\"WebPage\",\"@id\":\"https:\\\/\\\/batai4u.lt\\\/index.php\\\/product\\\/r125563676-weestep-melini-kedukai\\\/\",\"url\":\"https:\\\/\\\/batai4u.lt\\\/index.php\\\/product\\\/r125563676-weestep-melini-kedukai\\\/\",\"name\":\"R125563676 Weestep m\u0117lini kedukai 27-32d. - Batai4u.lt\",\"isPartOf\":{\"@id\":\"https:\\\/\\\/batai4u.lt\\\/#website\"},\"primaryImageOfPage\":{\"@id\":\"https:\\\/\\\/batai4u.lt\\\/index.php\\\/product\\\/r125563676-weestep-melini-kedukai\\\/#primaryimage\"},\"image\":{\"@id\":\"https:\\\/\\\/batai4u.lt\\\/index.php\\\/product\\\/r125563676-weestep-melini-kedukai\\\/#primaryimage\"},\"thumbnailUrl\":\"https:\\\/\\\/batai4u.lt\\\/wp-content\\\/uploads\\\/2024\\\/04\\\/20240424_165003.png\",\"datePublished\":\"2024-04-24T13:57:10+00:00\",\"dateModified\":\"2026-03-14T16:51:56+00:00\",\"breadcrumb\":{\"@id\":\"https:\\\/\\\/batai4u.lt\\\/index.php\\\/product\\\/r125563676-weestep-melini-kedukai\\\/#breadcrumb\"},\"inLanguage\":\"en-US\",\"potentialAction\":[{\"@type\":\"ReadAction\",\"target\":[\"https:\\\/\\\/batai4u.lt\\\/index.php\\\/product\\\/r125563676-weestep-melini-kedukai\\\/\"]}]},{\"@type\":\"ImageObject\",\"inLanguage\":\"en-US\",\"@id\":\"https:\\\/\\\/batai4u.lt\\\/index.php\\\/product\\\/r125563676-weestep-melini-kedukai\\\/#primaryimage\",\"url\":\"https:\\\/\\\/batai4u.lt\\\/wp-content\\\/uploads\\\/2024\\\/04\\\/20240424_165003.png\",\"contentUrl\":\"https:\\\/\\\/batai4u.lt\\\/wp-content\\\/uploads\\\/2024\\\/04\\\/20240424_165003.png\",\"width\":1500,\"height\":1606},{\"@type\":\"BreadcrumbList\",\"@id\":\"https:\\\/\\\/batai4u.lt\\\/index.php\\\/product\\\/r125563676-weestep-melini-kedukai\\\/#breadcrumb\",\"itemListElement\":[{\"@type\":\"ListItem\",\"position\":1,\"name\":\"Home\",\"item\":\"https:\\\/\\\/batai4u.lt\\\/\"},{\"@type\":\"ListItem\",\"position\":2,\"name\":\"Parduotuv\u0117\",\"item\":\"https:\\\/\\\/batai4u.lt\\\/index.php\\\/shop\\\/\"},{\"@type\":\"ListItem\",\"position\":3,\"name\":\"R125563676 Weestep m\u0117lini kedukai 27-32d.\"}]},{\"@type\":\"WebSite\",\"@id\":\"https:\\\/\\\/batai4u.lt\\\/#website\",\"url\":\"https:\\\/\\\/batai4u.lt\\\/\",\"name\":\"Batai4u.lt\",\"description\":\"batai vaikams ir ne tik\",\"publisher\":{\"@id\":\"https:\\\/\\\/batai4u.lt\\\/#\\\/schema\\\/person\\\/8cc43a99285533a2c3e2c58a641f566a\"},\"potentialAction\":[{\"@type\":\"SearchAction\",\"target\":{\"@type\":\"EntryPoint\",\"urlTemplate\":\"https:\\\/\\\/batai4u.lt\\\/?s={search_term_string}\"},\"query-input\":{\"@type\":\"PropertyValueSpecification\",\"valueRequired\":true,\"valueName\":\"search_term_string\"}}],\"inLanguage\":\"en-US\"},{\"@type\":[\"Person\",\"Organization\"],\"@id\":\"https:\\\/\\\/batai4u.lt\\\/#\\\/schema\\\/person\\\/8cc43a99285533a2c3e2c58a641f566a\",\"name\":\"Erika Steponavi\u010dien\u0117\",\"image\":{\"@type\":\"ImageObject\",\"inLanguage\":\"en-US\",\"@id\":\"https:\\\/\\\/secure.gravatar.com\\\/avatar\\\/de70a9d8a8fae7160f42990935bcabb5f827c9e01e111e0bcd4d408af9ba954c?s=96&d=mm&r=g\",\"url\":\"https:\\\/\\\/secure.gravatar.com\\\/avatar\\\/de70a9d8a8fae7160f42990935bcabb5f827c9e01e111e0bcd4d408af9ba954c?s=96&d=mm&r=g\",\"contentUrl\":\"https:\\\/\\\/secure.gravatar.com\\\/avatar\\\/de70a9d8a8fae7160f42990935bcabb5f827c9e01e111e0bcd4d408af9ba954c?s=96&d=mm&r=g\",\"caption\":\"Erika Steponavi\u010dien\u0117\"},\"logo\":{\"@id\":\"https:\\\/\\\/secure.gravatar.com\\\/avatar\\\/de70a9d8a8fae7160f42990935bcabb5f827c9e01e111e0bcd4d408af9ba954c?s=96&d=mm&r=g\"},\"sameAs\":[\"http:\\\/\\\/batai4u.lt\"]}]}<\/script>\n<!-- \/ Yoast SEO plugin. -->","yoast_head_json":{"title":"R125563676 Weestep m\u0117lini kedukai 27-32d. - Batai4u.lt","robots":{"index":"index","follow":"follow","max-snippet":"max-snippet:-1","max-image-preview":"max-image-preview:large","max-video-preview":"max-video-preview:-1"},"canonical":"https:\/\/batai4u.lt\/index.php\/product\/r125563676-weestep-melini-kedukai\/","og_locale":"en_US","og_type":"article","og_title":"R125563676 Weestep m\u0117lini kedukai 27-32d. - Batai4u.lt","og_description":"\u200cWEESTEP ortopediniai odiniai kedukai . Turi supinatoriu, kieta u\u017ekulne bei pakietinti pir\u0161tukai.\u00a0 Auk\u0161tos kokyb\u0117s. Itin lengvu\u010diai. Su at\u0161vaitais. Tinka ir pla\u010diai p\u0117dutei ir auk\u0161tom keltim.","og_url":"https:\/\/batai4u.lt\/index.php\/product\/r125563676-weestep-melini-kedukai\/","og_site_name":"Batai4u.lt","article_modified_time":"2026-03-14T16:51:56+00:00","og_image":[{"width":1500,"height":1606,"url":"https:\/\/batai4u.lt\/wp-content\/uploads\/2024\/04\/20240424_165003.png","type":"image\/png"}],"twitter_card":"summary_large_image","twitter_misc":{"Est. reading time":"1 minute"},"schema":{"@context":"https:\/\/schema.org","@graph":[{"@type":"WebPage","@id":"https:\/\/batai4u.lt\/index.php\/product\/r125563676-weestep-melini-kedukai\/","url":"https:\/\/batai4u.lt\/index.php\/product\/r125563676-weestep-melini-kedukai\/","name":"R125563676 Weestep m\u0117lini kedukai 27-32d. - Batai4u.lt","isPartOf":{"@id":"https:\/\/batai4u.lt\/#website"},"primaryImageOfPage":{"@id":"https:\/\/batai4u.lt\/index.php\/product\/r125563676-weestep-melini-kedukai\/#primaryimage"},"image":{"@id":"https:\/\/batai4u.lt\/index.php\/product\/r125563676-weestep-melini-kedukai\/#primaryimage"},"thumbnailUrl":"https:\/\/batai4u.lt\/wp-content\/uploads\/2024\/04\/20240424_165003.png","datePublished":"2024-04-24T13:57:10+00:00","dateModified":"2026-03-14T16:51:56+00:00","breadcrumb":{"@id":"https:\/\/batai4u.lt\/index.php\/product\/r125563676-weestep-melini-kedukai\/#breadcrumb"},"inLanguage":"en-US","potentialAction":[{"@type":"ReadAction","target":["https:\/\/batai4u.lt\/index.php\/product\/r125563676-weestep-melini-kedukai\/"]}]},{"@type":"ImageObject","inLanguage":"en-US","@id":"https:\/\/batai4u.lt\/index.php\/product\/r125563676-weestep-melini-kedukai\/#primaryimage","url":"https:\/\/batai4u.lt\/wp-content\/uploads\/2024\/04\/20240424_165003.png","contentUrl":"https:\/\/batai4u.lt\/wp-content\/uploads\/2024\/04\/20240424_165003.png","width":1500,"height":1606},{"@type":"BreadcrumbList","@id":"https:\/\/batai4u.lt\/index.php\/product\/r125563676-weestep-melini-kedukai\/#breadcrumb","itemListElement":[{"@type":"ListItem","position":1,"name":"Home","item":"https:\/\/batai4u.lt\/"},{"@type":"ListItem","position":2,"name":"Parduotuv\u0117","item":"https:\/\/batai4u.lt\/index.php\/shop\/"},{"@type":"ListItem","position":3,"name":"R125563676 Weestep m\u0117lini kedukai 27-32d."}]},{"@type":"WebSite","@id":"https:\/\/batai4u.lt\/#website","url":"https:\/\/batai4u.lt\/","name":"Batai4u.lt","description":"batai vaikams ir ne tik","publisher":{"@id":"https:\/\/batai4u.lt\/#\/schema\/person\/8cc43a99285533a2c3e2c58a641f566a"},"potentialAction":[{"@type":"SearchAction","target":{"@type":"EntryPoint","urlTemplate":"https:\/\/batai4u.lt\/?s={search_term_string}"},"query-input":{"@type":"PropertyValueSpecification","valueRequired":true,"valueName":"search_term_string"}}],"inLanguage":"en-US"},{"@type":["Person","Organization"],"@id":"https:\/\/batai4u.lt\/#\/schema\/person\/8cc43a99285533a2c3e2c58a641f566a","name":"Erika Steponavi\u010dien\u0117","image":{"@type":"ImageObject","inLanguage":"en-US","@id":"https:\/\/secure.gravatar.com\/avatar\/de70a9d8a8fae7160f42990935bcabb5f827c9e01e111e0bcd4d408af9ba954c?s=96&d=mm&r=g","url":"https:\/\/secure.gravatar.com\/avatar\/de70a9d8a8fae7160f42990935bcabb5f827c9e01e111e0bcd4d408af9ba954c?s=96&d=mm&r=g","contentUrl":"https:\/\/secure.gravatar.com\/avatar\/de70a9d8a8fae7160f42990935bcabb5f827c9e01e111e0bcd4d408af9ba954c?s=96&d=mm&r=g","caption":"Erika Steponavi\u010dien\u0117"},"logo":{"@id":"https:\/\/secure.gravatar.com\/avatar\/de70a9d8a8fae7160f42990935bcabb5f827c9e01e111e0bcd4d408af9ba954c?s=96&d=mm&r=g"},"sameAs":["http:\/\/batai4u.lt"]}]}},"jetpack_sharing_enabled":true,"_links":{"self":[{"href":"https:\/\/batai4u.lt\/index.php\/wp-json\/wp\/v2\/product\/4456","targetHints":{"allow":["GET"]}}],"collection":[{"href":"https:\/\/batai4u.lt\/index.php\/wp-json\/wp\/v2\/product"}],"about":[{"href":"https:\/\/batai4u.lt\/index.php\/wp-json\/wp\/v2\/types\/product"}],"replies":[{"embeddable":true,"href":"https:\/\/batai4u.lt\/index.php\/wp-json\/wp\/v2\/comments?post=4456"}],"wp:featuredmedia":[{"embeddable":true,"href":"https:\/\/batai4u.lt\/index.php\/wp-json\/wp\/v2\/media\/4457"}],"wp:attachment":[{"href":"https:\/\/batai4u.lt\/index.php\/wp-json\/wp\/v2\/media?parent=4456"}],"wp:term":[{"taxonomy":"product_brand","embeddable":true,"href":"https:\/\/batai4u.lt\/index.php\/wp-json\/wp\/v2\/product_brand?post=4456"},{"taxonomy":"product_cat","embeddable":true,"href":"https:\/\/batai4u.lt\/index.php\/wp-json\/wp\/v2\/product_cat?post=4456"},{"taxonomy":"product_tag","embeddable":true,"href":"https:\/\/batai4u.lt\/index.php\/wp-json\/wp\/v2\/product_tag?post=4456"}],"curies":[{"name":"wp","href":"https:\/\/api.w.org\/{rel}","templated":true}]}}