{"id":4541,"date":"2024-04-25T12:11:16","date_gmt":"2024-04-25T12:11:16","guid":{"rendered":"https:\/\/batai4u.lt\/?post_type=product&#038;p=4541"},"modified":"2025-04-26T09:58:42","modified_gmt":"2025-04-26T09:58:42","slug":"r297963147-weestep-kedukai-vabaliukai-unisex-21-26","status":"publish","type":"product","link":"https:\/\/batai4u.lt\/index.php\/product\/r297963147-weestep-kedukai-vabaliukai-unisex-21-26\/","title":{"rendered":"R297963147 Weestep kedukai vabaliukai -UNISEX 21-26"},"content":{"rendered":"<ul>\n<li>21d-13,5cm<\/li>\n<li>22d.-14cm<\/li>\n<li>23d-14,5cm<\/li>\n<li>24d-15,1cm<\/li>\n<li>25d-15,7cm<\/li>\n<li>26d-16,2cm<\/li>\n<\/ul>\n","protected":false},"excerpt":{"rendered":"<p>Weestep kedukai. Auk\u0161tos kokyb\u0117s. Odinis vidp., ortopediniai- turi supinatoriu , tvirta pakuln\u0117\u00a0 bei pakietinti pir\u0161tukai. Labai patog\u016bs, lengvu\u010diai. Apimtis reguliuojasi. Patogu nuimti ir u\u017ed\u0117ti.<\/p>\n","protected":false},"featured_media":4526,"comment_status":"closed","ping_status":"closed","template":"","meta":[],"product_brand":[],"product_cat":[61,31],"product_tag":[108,86,87,88,96,110,83],"class_list":{"0":"post-4541","1":"product","2":"type-product","3":"status-publish","4":"has-post-thumbnail","6":"product_cat-berniukams-vasara","7":"product_cat-mergaitems-vasara","8":"product_tag-108","9":"product_tag-86","10":"product_tag-87","11":"product_tag-88","12":"product_tag-96","13":"product_tag-kedukai","14":"product_tag-weestep","15":"futurio-has-gallery","17":"first","18":"instock","19":"featured","20":"shipping-taxable","21":"purchasable","22":"product-type-variable"},"yoast_head":"<!-- This site is optimized with the Yoast SEO plugin v27.5 - https:\/\/yoast.com\/product\/yoast-seo-wordpress\/ -->\n<title>R297963147 Weestep kedukai vabaliukai -UNISEX 21-26 - Batai4u.lt<\/title>\n<meta name=\"robots\" content=\"index, follow, max-snippet:-1, max-image-preview:large, max-video-preview:-1\" \/>\n<link rel=\"canonical\" href=\"https:\/\/batai4u.lt\/index.php\/product\/r297963147-weestep-kedukai-vabaliukai-unisex-21-26\/\" \/>\n<meta property=\"og:locale\" content=\"en_US\" \/>\n<meta property=\"og:type\" content=\"article\" \/>\n<meta property=\"og:title\" content=\"R297963147 Weestep kedukai vabaliukai -UNISEX 21-26 - Batai4u.lt\" \/>\n<meta property=\"og:description\" content=\"Weestep kedukai. Auk\u0161tos kokyb\u0117s. Odinis vidp., ortopediniai- turi supinatoriu , tvirta pakuln\u0117\u00a0 bei pakietinti pir\u0161tukai. Labai patog\u016bs, lengvu\u010diai. Apimtis reguliuojasi. Patogu nuimti ir u\u017ed\u0117ti.\" \/>\n<meta property=\"og:url\" content=\"https:\/\/batai4u.lt\/index.php\/product\/r297963147-weestep-kedukai-vabaliukai-unisex-21-26\/\" \/>\n<meta property=\"og:site_name\" content=\"Batai4u.lt\" \/>\n<meta property=\"article:modified_time\" content=\"2025-04-26T09:58:42+00:00\" \/>\n<meta property=\"og:image\" content=\"https:\/\/batai4u.lt\/wp-content\/uploads\/2024\/04\/20240424_212446.png\" \/>\n\t<meta property=\"og:image:width\" content=\"1490\" \/>\n\t<meta property=\"og:image:height\" content=\"1814\" \/>\n\t<meta property=\"og:image:type\" content=\"image\/png\" \/>\n<meta name=\"twitter:card\" content=\"summary_large_image\" \/>\n<script type=\"application\/ld+json\" class=\"yoast-schema-graph\">{\"@context\":\"https:\\\/\\\/schema.org\",\"@graph\":[{\"@type\":\"WebPage\",\"@id\":\"https:\\\/\\\/batai4u.lt\\\/index.php\\\/product\\\/r297963147-weestep-kedukai-vabaliukai-unisex-21-26\\\/\",\"url\":\"https:\\\/\\\/batai4u.lt\\\/index.php\\\/product\\\/r297963147-weestep-kedukai-vabaliukai-unisex-21-26\\\/\",\"name\":\"R297963147 Weestep kedukai vabaliukai -UNISEX 21-26 - Batai4u.lt\",\"isPartOf\":{\"@id\":\"https:\\\/\\\/batai4u.lt\\\/#website\"},\"primaryImageOfPage\":{\"@id\":\"https:\\\/\\\/batai4u.lt\\\/index.php\\\/product\\\/r297963147-weestep-kedukai-vabaliukai-unisex-21-26\\\/#primaryimage\"},\"image\":{\"@id\":\"https:\\\/\\\/batai4u.lt\\\/index.php\\\/product\\\/r297963147-weestep-kedukai-vabaliukai-unisex-21-26\\\/#primaryimage\"},\"thumbnailUrl\":\"https:\\\/\\\/batai4u.lt\\\/wp-content\\\/uploads\\\/2024\\\/04\\\/20240424_212446.png\",\"datePublished\":\"2024-04-25T12:11:16+00:00\",\"dateModified\":\"2025-04-26T09:58:42+00:00\",\"breadcrumb\":{\"@id\":\"https:\\\/\\\/batai4u.lt\\\/index.php\\\/product\\\/r297963147-weestep-kedukai-vabaliukai-unisex-21-26\\\/#breadcrumb\"},\"inLanguage\":\"en-US\",\"potentialAction\":[{\"@type\":\"ReadAction\",\"target\":[\"https:\\\/\\\/batai4u.lt\\\/index.php\\\/product\\\/r297963147-weestep-kedukai-vabaliukai-unisex-21-26\\\/\"]}]},{\"@type\":\"ImageObject\",\"inLanguage\":\"en-US\",\"@id\":\"https:\\\/\\\/batai4u.lt\\\/index.php\\\/product\\\/r297963147-weestep-kedukai-vabaliukai-unisex-21-26\\\/#primaryimage\",\"url\":\"https:\\\/\\\/batai4u.lt\\\/wp-content\\\/uploads\\\/2024\\\/04\\\/20240424_212446.png\",\"contentUrl\":\"https:\\\/\\\/batai4u.lt\\\/wp-content\\\/uploads\\\/2024\\\/04\\\/20240424_212446.png\",\"width\":1490,\"height\":1814},{\"@type\":\"BreadcrumbList\",\"@id\":\"https:\\\/\\\/batai4u.lt\\\/index.php\\\/product\\\/r297963147-weestep-kedukai-vabaliukai-unisex-21-26\\\/#breadcrumb\",\"itemListElement\":[{\"@type\":\"ListItem\",\"position\":1,\"name\":\"Home\",\"item\":\"https:\\\/\\\/batai4u.lt\\\/\"},{\"@type\":\"ListItem\",\"position\":2,\"name\":\"Parduotuv\u0117\",\"item\":\"https:\\\/\\\/batai4u.lt\\\/index.php\\\/shop\\\/\"},{\"@type\":\"ListItem\",\"position\":3,\"name\":\"R297963147 Weestep kedukai vabaliukai -UNISEX 21-26\"}]},{\"@type\":\"WebSite\",\"@id\":\"https:\\\/\\\/batai4u.lt\\\/#website\",\"url\":\"https:\\\/\\\/batai4u.lt\\\/\",\"name\":\"Batai4u.lt\",\"description\":\"batai vaikams ir ne tik\",\"publisher\":{\"@id\":\"https:\\\/\\\/batai4u.lt\\\/#\\\/schema\\\/person\\\/8cc43a99285533a2c3e2c58a641f566a\"},\"potentialAction\":[{\"@type\":\"SearchAction\",\"target\":{\"@type\":\"EntryPoint\",\"urlTemplate\":\"https:\\\/\\\/batai4u.lt\\\/?s={search_term_string}\"},\"query-input\":{\"@type\":\"PropertyValueSpecification\",\"valueRequired\":true,\"valueName\":\"search_term_string\"}}],\"inLanguage\":\"en-US\"},{\"@type\":[\"Person\",\"Organization\"],\"@id\":\"https:\\\/\\\/batai4u.lt\\\/#\\\/schema\\\/person\\\/8cc43a99285533a2c3e2c58a641f566a\",\"name\":\"Erika Steponavi\u010dien\u0117\",\"image\":{\"@type\":\"ImageObject\",\"inLanguage\":\"en-US\",\"@id\":\"https:\\\/\\\/secure.gravatar.com\\\/avatar\\\/de70a9d8a8fae7160f42990935bcabb5f827c9e01e111e0bcd4d408af9ba954c?s=96&d=mm&r=g\",\"url\":\"https:\\\/\\\/secure.gravatar.com\\\/avatar\\\/de70a9d8a8fae7160f42990935bcabb5f827c9e01e111e0bcd4d408af9ba954c?s=96&d=mm&r=g\",\"contentUrl\":\"https:\\\/\\\/secure.gravatar.com\\\/avatar\\\/de70a9d8a8fae7160f42990935bcabb5f827c9e01e111e0bcd4d408af9ba954c?s=96&d=mm&r=g\",\"caption\":\"Erika Steponavi\u010dien\u0117\"},\"logo\":{\"@id\":\"https:\\\/\\\/secure.gravatar.com\\\/avatar\\\/de70a9d8a8fae7160f42990935bcabb5f827c9e01e111e0bcd4d408af9ba954c?s=96&d=mm&r=g\"},\"sameAs\":[\"http:\\\/\\\/batai4u.lt\"]}]}<\/script>\n<!-- \/ Yoast SEO plugin. -->","yoast_head_json":{"title":"R297963147 Weestep kedukai vabaliukai -UNISEX 21-26 - Batai4u.lt","robots":{"index":"index","follow":"follow","max-snippet":"max-snippet:-1","max-image-preview":"max-image-preview:large","max-video-preview":"max-video-preview:-1"},"canonical":"https:\/\/batai4u.lt\/index.php\/product\/r297963147-weestep-kedukai-vabaliukai-unisex-21-26\/","og_locale":"en_US","og_type":"article","og_title":"R297963147 Weestep kedukai vabaliukai -UNISEX 21-26 - Batai4u.lt","og_description":"Weestep kedukai. Auk\u0161tos kokyb\u0117s. Odinis vidp., ortopediniai- turi supinatoriu , tvirta pakuln\u0117\u00a0 bei pakietinti pir\u0161tukai. Labai patog\u016bs, lengvu\u010diai. Apimtis reguliuojasi. Patogu nuimti ir u\u017ed\u0117ti.","og_url":"https:\/\/batai4u.lt\/index.php\/product\/r297963147-weestep-kedukai-vabaliukai-unisex-21-26\/","og_site_name":"Batai4u.lt","article_modified_time":"2025-04-26T09:58:42+00:00","og_image":[{"width":1490,"height":1814,"url":"https:\/\/batai4u.lt\/wp-content\/uploads\/2024\/04\/20240424_212446.png","type":"image\/png"}],"twitter_card":"summary_large_image","schema":{"@context":"https:\/\/schema.org","@graph":[{"@type":"WebPage","@id":"https:\/\/batai4u.lt\/index.php\/product\/r297963147-weestep-kedukai-vabaliukai-unisex-21-26\/","url":"https:\/\/batai4u.lt\/index.php\/product\/r297963147-weestep-kedukai-vabaliukai-unisex-21-26\/","name":"R297963147 Weestep kedukai vabaliukai -UNISEX 21-26 - Batai4u.lt","isPartOf":{"@id":"https:\/\/batai4u.lt\/#website"},"primaryImageOfPage":{"@id":"https:\/\/batai4u.lt\/index.php\/product\/r297963147-weestep-kedukai-vabaliukai-unisex-21-26\/#primaryimage"},"image":{"@id":"https:\/\/batai4u.lt\/index.php\/product\/r297963147-weestep-kedukai-vabaliukai-unisex-21-26\/#primaryimage"},"thumbnailUrl":"https:\/\/batai4u.lt\/wp-content\/uploads\/2024\/04\/20240424_212446.png","datePublished":"2024-04-25T12:11:16+00:00","dateModified":"2025-04-26T09:58:42+00:00","breadcrumb":{"@id":"https:\/\/batai4u.lt\/index.php\/product\/r297963147-weestep-kedukai-vabaliukai-unisex-21-26\/#breadcrumb"},"inLanguage":"en-US","potentialAction":[{"@type":"ReadAction","target":["https:\/\/batai4u.lt\/index.php\/product\/r297963147-weestep-kedukai-vabaliukai-unisex-21-26\/"]}]},{"@type":"ImageObject","inLanguage":"en-US","@id":"https:\/\/batai4u.lt\/index.php\/product\/r297963147-weestep-kedukai-vabaliukai-unisex-21-26\/#primaryimage","url":"https:\/\/batai4u.lt\/wp-content\/uploads\/2024\/04\/20240424_212446.png","contentUrl":"https:\/\/batai4u.lt\/wp-content\/uploads\/2024\/04\/20240424_212446.png","width":1490,"height":1814},{"@type":"BreadcrumbList","@id":"https:\/\/batai4u.lt\/index.php\/product\/r297963147-weestep-kedukai-vabaliukai-unisex-21-26\/#breadcrumb","itemListElement":[{"@type":"ListItem","position":1,"name":"Home","item":"https:\/\/batai4u.lt\/"},{"@type":"ListItem","position":2,"name":"Parduotuv\u0117","item":"https:\/\/batai4u.lt\/index.php\/shop\/"},{"@type":"ListItem","position":3,"name":"R297963147 Weestep kedukai vabaliukai -UNISEX 21-26"}]},{"@type":"WebSite","@id":"https:\/\/batai4u.lt\/#website","url":"https:\/\/batai4u.lt\/","name":"Batai4u.lt","description":"batai vaikams ir ne tik","publisher":{"@id":"https:\/\/batai4u.lt\/#\/schema\/person\/8cc43a99285533a2c3e2c58a641f566a"},"potentialAction":[{"@type":"SearchAction","target":{"@type":"EntryPoint","urlTemplate":"https:\/\/batai4u.lt\/?s={search_term_string}"},"query-input":{"@type":"PropertyValueSpecification","valueRequired":true,"valueName":"search_term_string"}}],"inLanguage":"en-US"},{"@type":["Person","Organization"],"@id":"https:\/\/batai4u.lt\/#\/schema\/person\/8cc43a99285533a2c3e2c58a641f566a","name":"Erika Steponavi\u010dien\u0117","image":{"@type":"ImageObject","inLanguage":"en-US","@id":"https:\/\/secure.gravatar.com\/avatar\/de70a9d8a8fae7160f42990935bcabb5f827c9e01e111e0bcd4d408af9ba954c?s=96&d=mm&r=g","url":"https:\/\/secure.gravatar.com\/avatar\/de70a9d8a8fae7160f42990935bcabb5f827c9e01e111e0bcd4d408af9ba954c?s=96&d=mm&r=g","contentUrl":"https:\/\/secure.gravatar.com\/avatar\/de70a9d8a8fae7160f42990935bcabb5f827c9e01e111e0bcd4d408af9ba954c?s=96&d=mm&r=g","caption":"Erika Steponavi\u010dien\u0117"},"logo":{"@id":"https:\/\/secure.gravatar.com\/avatar\/de70a9d8a8fae7160f42990935bcabb5f827c9e01e111e0bcd4d408af9ba954c?s=96&d=mm&r=g"},"sameAs":["http:\/\/batai4u.lt"]}]}},"jetpack_sharing_enabled":true,"_links":{"self":[{"href":"https:\/\/batai4u.lt\/index.php\/wp-json\/wp\/v2\/product\/4541","targetHints":{"allow":["GET"]}}],"collection":[{"href":"https:\/\/batai4u.lt\/index.php\/wp-json\/wp\/v2\/product"}],"about":[{"href":"https:\/\/batai4u.lt\/index.php\/wp-json\/wp\/v2\/types\/product"}],"replies":[{"embeddable":true,"href":"https:\/\/batai4u.lt\/index.php\/wp-json\/wp\/v2\/comments?post=4541"}],"wp:featuredmedia":[{"embeddable":true,"href":"https:\/\/batai4u.lt\/index.php\/wp-json\/wp\/v2\/media\/4526"}],"wp:attachment":[{"href":"https:\/\/batai4u.lt\/index.php\/wp-json\/wp\/v2\/media?parent=4541"}],"wp:term":[{"taxonomy":"product_brand","embeddable":true,"href":"https:\/\/batai4u.lt\/index.php\/wp-json\/wp\/v2\/product_brand?post=4541"},{"taxonomy":"product_cat","embeddable":true,"href":"https:\/\/batai4u.lt\/index.php\/wp-json\/wp\/v2\/product_cat?post=4541"},{"taxonomy":"product_tag","embeddable":true,"href":"https:\/\/batai4u.lt\/index.php\/wp-json\/wp\/v2\/product_tag?post=4541"}],"curies":[{"name":"wp","href":"https:\/\/api.w.org\/{rel}","templated":true}]}}