{"id":4653,"date":"2024-08-30T17:58:14","date_gmt":"2024-08-30T17:58:14","guid":{"rendered":"https:\/\/batai4u.lt\/?post_type=product&#038;p=4653"},"modified":"2024-10-06T17:06:32","modified_gmt":"2024-10-06T17:06:32","slug":"r105060036-weestep-basutes-22-26","status":"publish","type":"product","link":"https:\/\/batai4u.lt\/index.php\/product\/r105060036-weestep-basutes-22-26\/","title":{"rendered":"R105060036 Weestep basut\u0117s 22-26"},"content":{"rendered":"<ul>\n<li>22-14cm<\/li>\n<li>23d-14,8cm<\/li>\n<li>24d-15,4cm<\/li>\n<li>25d-16,1cm<\/li>\n<li>26d-16,8cm<\/li>\n<\/ul>\n<p>&nbsp;<\/p>\n<p>&nbsp;<\/p>\n","protected":false},"excerpt":{"rendered":"<p>Weestep ortopedin\u0117s basut\u0117s. Odin\u0117s, itin lengvut\u0117s, su supinatorium, tvirta kieta u\u017ekulne, Lankstus padas,\u00a0 mink\u0161ut\u0117s.\u00a0 Apimtys reguliuojasi . Tinka ir pla\u010diom p\u0117dut\u0117m ir su auk\u0161tom keltim\u2026<\/p>\n","protected":false},"featured_media":4648,"comment_status":"closed","ping_status":"closed","template":"","meta":[],"product_brand":[],"product_cat":[78],"product_tag":[86,87,88,89,96,105,109,83],"class_list":{"0":"post-4653","1":"product","2":"type-product","3":"status-publish","4":"has-post-thumbnail","6":"product_cat-basutes-berniukams","7":"product_tag-86","8":"product_tag-87","9":"product_tag-88","10":"product_tag-89","11":"product_tag-96","12":"product_tag-basutes","13":"product_tag-su-uzkulniu-basutes","14":"product_tag-weestep","15":"futurio-has-gallery","17":"first","18":"instock","19":"shipping-taxable","20":"purchasable","21":"product-type-variable","22":"has-default-attributes"},"yoast_head":"<!-- This site is optimized with the Yoast SEO plugin v27.5 - https:\/\/yoast.com\/product\/yoast-seo-wordpress\/ -->\n<title>R105060036 Weestep basut\u0117s 22-26 - Batai4u.lt<\/title>\n<meta name=\"robots\" content=\"index, follow, max-snippet:-1, max-image-preview:large, max-video-preview:-1\" \/>\n<link rel=\"canonical\" href=\"https:\/\/batai4u.lt\/index.php\/product\/r105060036-weestep-basutes-22-26\/\" \/>\n<meta property=\"og:locale\" content=\"en_US\" \/>\n<meta property=\"og:type\" content=\"article\" \/>\n<meta property=\"og:title\" content=\"R105060036 Weestep basut\u0117s 22-26 - Batai4u.lt\" \/>\n<meta property=\"og:description\" content=\"Weestep ortopedin\u0117s basut\u0117s. Odin\u0117s, itin lengvut\u0117s, su supinatorium, tvirta kieta u\u017ekulne, Lankstus padas,\u00a0 mink\u0161ut\u0117s.\u00a0 Apimtys reguliuojasi . Tinka ir pla\u010diom p\u0117dut\u0117m ir su auk\u0161tom keltim\u2026\" \/>\n<meta property=\"og:url\" content=\"https:\/\/batai4u.lt\/index.php\/product\/r105060036-weestep-basutes-22-26\/\" \/>\n<meta property=\"og:site_name\" content=\"Batai4u.lt\" \/>\n<meta property=\"article:modified_time\" content=\"2024-10-06T17:06:32+00:00\" \/>\n<meta property=\"og:image\" content=\"https:\/\/batai4u.lt\/wp-content\/uploads\/2024\/08\/20240612_172543.png\" \/>\n\t<meta property=\"og:image:width\" content=\"1500\" \/>\n\t<meta property=\"og:image:height\" content=\"1781\" \/>\n\t<meta property=\"og:image:type\" content=\"image\/png\" \/>\n<meta name=\"twitter:card\" content=\"summary_large_image\" \/>\n<script type=\"application\/ld+json\" class=\"yoast-schema-graph\">{\"@context\":\"https:\\\/\\\/schema.org\",\"@graph\":[{\"@type\":\"WebPage\",\"@id\":\"https:\\\/\\\/batai4u.lt\\\/index.php\\\/product\\\/r105060036-weestep-basutes-22-26\\\/\",\"url\":\"https:\\\/\\\/batai4u.lt\\\/index.php\\\/product\\\/r105060036-weestep-basutes-22-26\\\/\",\"name\":\"R105060036 Weestep basut\u0117s 22-26 - Batai4u.lt\",\"isPartOf\":{\"@id\":\"https:\\\/\\\/batai4u.lt\\\/#website\"},\"primaryImageOfPage\":{\"@id\":\"https:\\\/\\\/batai4u.lt\\\/index.php\\\/product\\\/r105060036-weestep-basutes-22-26\\\/#primaryimage\"},\"image\":{\"@id\":\"https:\\\/\\\/batai4u.lt\\\/index.php\\\/product\\\/r105060036-weestep-basutes-22-26\\\/#primaryimage\"},\"thumbnailUrl\":\"https:\\\/\\\/batai4u.lt\\\/wp-content\\\/uploads\\\/2024\\\/08\\\/20240612_172543.png\",\"datePublished\":\"2024-08-30T17:58:14+00:00\",\"dateModified\":\"2024-10-06T17:06:32+00:00\",\"breadcrumb\":{\"@id\":\"https:\\\/\\\/batai4u.lt\\\/index.php\\\/product\\\/r105060036-weestep-basutes-22-26\\\/#breadcrumb\"},\"inLanguage\":\"en-US\",\"potentialAction\":[{\"@type\":\"ReadAction\",\"target\":[\"https:\\\/\\\/batai4u.lt\\\/index.php\\\/product\\\/r105060036-weestep-basutes-22-26\\\/\"]}]},{\"@type\":\"ImageObject\",\"inLanguage\":\"en-US\",\"@id\":\"https:\\\/\\\/batai4u.lt\\\/index.php\\\/product\\\/r105060036-weestep-basutes-22-26\\\/#primaryimage\",\"url\":\"https:\\\/\\\/batai4u.lt\\\/wp-content\\\/uploads\\\/2024\\\/08\\\/20240612_172543.png\",\"contentUrl\":\"https:\\\/\\\/batai4u.lt\\\/wp-content\\\/uploads\\\/2024\\\/08\\\/20240612_172543.png\",\"width\":1500,\"height\":1781},{\"@type\":\"BreadcrumbList\",\"@id\":\"https:\\\/\\\/batai4u.lt\\\/index.php\\\/product\\\/r105060036-weestep-basutes-22-26\\\/#breadcrumb\",\"itemListElement\":[{\"@type\":\"ListItem\",\"position\":1,\"name\":\"Home\",\"item\":\"https:\\\/\\\/batai4u.lt\\\/\"},{\"@type\":\"ListItem\",\"position\":2,\"name\":\"Parduotuv\u0117\",\"item\":\"https:\\\/\\\/batai4u.lt\\\/index.php\\\/shop\\\/\"},{\"@type\":\"ListItem\",\"position\":3,\"name\":\"R105060036 Weestep basut\u0117s 22-26\"}]},{\"@type\":\"WebSite\",\"@id\":\"https:\\\/\\\/batai4u.lt\\\/#website\",\"url\":\"https:\\\/\\\/batai4u.lt\\\/\",\"name\":\"Batai4u.lt\",\"description\":\"batai vaikams ir ne tik\",\"publisher\":{\"@id\":\"https:\\\/\\\/batai4u.lt\\\/#\\\/schema\\\/person\\\/8cc43a99285533a2c3e2c58a641f566a\"},\"potentialAction\":[{\"@type\":\"SearchAction\",\"target\":{\"@type\":\"EntryPoint\",\"urlTemplate\":\"https:\\\/\\\/batai4u.lt\\\/?s={search_term_string}\"},\"query-input\":{\"@type\":\"PropertyValueSpecification\",\"valueRequired\":true,\"valueName\":\"search_term_string\"}}],\"inLanguage\":\"en-US\"},{\"@type\":[\"Person\",\"Organization\"],\"@id\":\"https:\\\/\\\/batai4u.lt\\\/#\\\/schema\\\/person\\\/8cc43a99285533a2c3e2c58a641f566a\",\"name\":\"Erika Steponavi\u010dien\u0117\",\"image\":{\"@type\":\"ImageObject\",\"inLanguage\":\"en-US\",\"@id\":\"https:\\\/\\\/secure.gravatar.com\\\/avatar\\\/de70a9d8a8fae7160f42990935bcabb5f827c9e01e111e0bcd4d408af9ba954c?s=96&d=mm&r=g\",\"url\":\"https:\\\/\\\/secure.gravatar.com\\\/avatar\\\/de70a9d8a8fae7160f42990935bcabb5f827c9e01e111e0bcd4d408af9ba954c?s=96&d=mm&r=g\",\"contentUrl\":\"https:\\\/\\\/secure.gravatar.com\\\/avatar\\\/de70a9d8a8fae7160f42990935bcabb5f827c9e01e111e0bcd4d408af9ba954c?s=96&d=mm&r=g\",\"caption\":\"Erika Steponavi\u010dien\u0117\"},\"logo\":{\"@id\":\"https:\\\/\\\/secure.gravatar.com\\\/avatar\\\/de70a9d8a8fae7160f42990935bcabb5f827c9e01e111e0bcd4d408af9ba954c?s=96&d=mm&r=g\"},\"sameAs\":[\"http:\\\/\\\/batai4u.lt\"]}]}<\/script>\n<!-- \/ Yoast SEO plugin. -->","yoast_head_json":{"title":"R105060036 Weestep basut\u0117s 22-26 - Batai4u.lt","robots":{"index":"index","follow":"follow","max-snippet":"max-snippet:-1","max-image-preview":"max-image-preview:large","max-video-preview":"max-video-preview:-1"},"canonical":"https:\/\/batai4u.lt\/index.php\/product\/r105060036-weestep-basutes-22-26\/","og_locale":"en_US","og_type":"article","og_title":"R105060036 Weestep basut\u0117s 22-26 - Batai4u.lt","og_description":"Weestep ortopedin\u0117s basut\u0117s. Odin\u0117s, itin lengvut\u0117s, su supinatorium, tvirta kieta u\u017ekulne, Lankstus padas,\u00a0 mink\u0161ut\u0117s.\u00a0 Apimtys reguliuojasi . Tinka ir pla\u010diom p\u0117dut\u0117m ir su auk\u0161tom keltim\u2026","og_url":"https:\/\/batai4u.lt\/index.php\/product\/r105060036-weestep-basutes-22-26\/","og_site_name":"Batai4u.lt","article_modified_time":"2024-10-06T17:06:32+00:00","og_image":[{"width":1500,"height":1781,"url":"https:\/\/batai4u.lt\/wp-content\/uploads\/2024\/08\/20240612_172543.png","type":"image\/png"}],"twitter_card":"summary_large_image","schema":{"@context":"https:\/\/schema.org","@graph":[{"@type":"WebPage","@id":"https:\/\/batai4u.lt\/index.php\/product\/r105060036-weestep-basutes-22-26\/","url":"https:\/\/batai4u.lt\/index.php\/product\/r105060036-weestep-basutes-22-26\/","name":"R105060036 Weestep basut\u0117s 22-26 - Batai4u.lt","isPartOf":{"@id":"https:\/\/batai4u.lt\/#website"},"primaryImageOfPage":{"@id":"https:\/\/batai4u.lt\/index.php\/product\/r105060036-weestep-basutes-22-26\/#primaryimage"},"image":{"@id":"https:\/\/batai4u.lt\/index.php\/product\/r105060036-weestep-basutes-22-26\/#primaryimage"},"thumbnailUrl":"https:\/\/batai4u.lt\/wp-content\/uploads\/2024\/08\/20240612_172543.png","datePublished":"2024-08-30T17:58:14+00:00","dateModified":"2024-10-06T17:06:32+00:00","breadcrumb":{"@id":"https:\/\/batai4u.lt\/index.php\/product\/r105060036-weestep-basutes-22-26\/#breadcrumb"},"inLanguage":"en-US","potentialAction":[{"@type":"ReadAction","target":["https:\/\/batai4u.lt\/index.php\/product\/r105060036-weestep-basutes-22-26\/"]}]},{"@type":"ImageObject","inLanguage":"en-US","@id":"https:\/\/batai4u.lt\/index.php\/product\/r105060036-weestep-basutes-22-26\/#primaryimage","url":"https:\/\/batai4u.lt\/wp-content\/uploads\/2024\/08\/20240612_172543.png","contentUrl":"https:\/\/batai4u.lt\/wp-content\/uploads\/2024\/08\/20240612_172543.png","width":1500,"height":1781},{"@type":"BreadcrumbList","@id":"https:\/\/batai4u.lt\/index.php\/product\/r105060036-weestep-basutes-22-26\/#breadcrumb","itemListElement":[{"@type":"ListItem","position":1,"name":"Home","item":"https:\/\/batai4u.lt\/"},{"@type":"ListItem","position":2,"name":"Parduotuv\u0117","item":"https:\/\/batai4u.lt\/index.php\/shop\/"},{"@type":"ListItem","position":3,"name":"R105060036 Weestep basut\u0117s 22-26"}]},{"@type":"WebSite","@id":"https:\/\/batai4u.lt\/#website","url":"https:\/\/batai4u.lt\/","name":"Batai4u.lt","description":"batai vaikams ir ne tik","publisher":{"@id":"https:\/\/batai4u.lt\/#\/schema\/person\/8cc43a99285533a2c3e2c58a641f566a"},"potentialAction":[{"@type":"SearchAction","target":{"@type":"EntryPoint","urlTemplate":"https:\/\/batai4u.lt\/?s={search_term_string}"},"query-input":{"@type":"PropertyValueSpecification","valueRequired":true,"valueName":"search_term_string"}}],"inLanguage":"en-US"},{"@type":["Person","Organization"],"@id":"https:\/\/batai4u.lt\/#\/schema\/person\/8cc43a99285533a2c3e2c58a641f566a","name":"Erika Steponavi\u010dien\u0117","image":{"@type":"ImageObject","inLanguage":"en-US","@id":"https:\/\/secure.gravatar.com\/avatar\/de70a9d8a8fae7160f42990935bcabb5f827c9e01e111e0bcd4d408af9ba954c?s=96&d=mm&r=g","url":"https:\/\/secure.gravatar.com\/avatar\/de70a9d8a8fae7160f42990935bcabb5f827c9e01e111e0bcd4d408af9ba954c?s=96&d=mm&r=g","contentUrl":"https:\/\/secure.gravatar.com\/avatar\/de70a9d8a8fae7160f42990935bcabb5f827c9e01e111e0bcd4d408af9ba954c?s=96&d=mm&r=g","caption":"Erika Steponavi\u010dien\u0117"},"logo":{"@id":"https:\/\/secure.gravatar.com\/avatar\/de70a9d8a8fae7160f42990935bcabb5f827c9e01e111e0bcd4d408af9ba954c?s=96&d=mm&r=g"},"sameAs":["http:\/\/batai4u.lt"]}]}},"jetpack_sharing_enabled":true,"_links":{"self":[{"href":"https:\/\/batai4u.lt\/index.php\/wp-json\/wp\/v2\/product\/4653","targetHints":{"allow":["GET"]}}],"collection":[{"href":"https:\/\/batai4u.lt\/index.php\/wp-json\/wp\/v2\/product"}],"about":[{"href":"https:\/\/batai4u.lt\/index.php\/wp-json\/wp\/v2\/types\/product"}],"replies":[{"embeddable":true,"href":"https:\/\/batai4u.lt\/index.php\/wp-json\/wp\/v2\/comments?post=4653"}],"wp:featuredmedia":[{"embeddable":true,"href":"https:\/\/batai4u.lt\/index.php\/wp-json\/wp\/v2\/media\/4648"}],"wp:attachment":[{"href":"https:\/\/batai4u.lt\/index.php\/wp-json\/wp\/v2\/media?parent=4653"}],"wp:term":[{"taxonomy":"product_brand","embeddable":true,"href":"https:\/\/batai4u.lt\/index.php\/wp-json\/wp\/v2\/product_brand?post=4653"},{"taxonomy":"product_cat","embeddable":true,"href":"https:\/\/batai4u.lt\/index.php\/wp-json\/wp\/v2\/product_cat?post=4653"},{"taxonomy":"product_tag","embeddable":true,"href":"https:\/\/batai4u.lt\/index.php\/wp-json\/wp\/v2\/product_tag?post=4653"}],"curies":[{"name":"wp","href":"https:\/\/api.w.org\/{rel}","templated":true}]}}