{"id":4659,"date":"2024-08-30T18:25:00","date_gmt":"2024-08-30T18:25:00","guid":{"rendered":"https:\/\/batai4u.lt\/?post_type=product&#038;p=4659"},"modified":"2025-06-02T18:33:49","modified_gmt":"2025-06-02T18:33:49","slug":"r020160021-weestep-uzdaros-basutes-21-26d","status":"publish","type":"product","link":"https:\/\/batai4u.lt\/index.php\/product\/r020160021-weestep-uzdaros-basutes-21-26d\/","title":{"rendered":"R020160021 Weestep u\u017edaros basut\u0117s 21-26d"},"content":{"rendered":"<p>&nbsp;<\/p>\n<ul>\n<li>21d-13,5cm<\/li>\n<li>22d-14cm<\/li>\n<li>23d-14,7cm<\/li>\n<li>24d-15,5cm<\/li>\n<li>25d-16cm<\/li>\n<li>26d- 16,6 cm<\/li>\n<\/ul>\n","protected":false},"excerpt":{"rendered":"<div class=\"woocommerce-product-details__short-description\">\n<p>Weestep ortopedin\u0117s basut\u0117s. Odin\u0117s, itin lengvut\u0117s, su supinatorium, tvirta kieta u\u017ekulne, apsauga pir\u0161tukams. Lankstus padas,\u00a0 mink\u0161ut\u0117s.\u00a0 Apimtys reguliuojasi . Tinka ir pla\u010diom p\u0117dut\u0117m ir su auk\u0161tom keltim\u2026<\/p>\n<\/div>\n<form class=\"variations_form cart wvs-loaded\" style=\"box-sizing: border-box; margin-bottom: 10px; padding: 20px 0px; border-top: 1px solid #eaeaea; border-bottom: 1px solid #eaeaea; margin-top: 20px; border-right-color: #eaeaea; border-left-color: #eaeaea; color: #686868; font-family: Montserrat; font-size: 15px; font-style: normal; font-variant-ligatures: normal; font-variant-caps: normal; font-weight: 400; letter-spacing: normal; orphans: 2; text-align: start; text-indent: 0px; text-transform: none; widows: 2; word-spacing: 0px; -webkit-text-stroke-width: 0px; white-space: normal; background-color: #ffffff; text-decoration-thickness: initial; text-decoration-style: initial; text-decoration-color: initial;\" action=\"https:\/\/batai4u.lt\/index.php\/product\/r105060036-weestep-basutes-22-26\/\" enctype=\"multipart\/form-data\" method=\"post\" data-product_id=\"4653\" data-product_variations=\"[{&quot;attributes&quot;:{&quot;attribute_pa_dydis&quot;:&quot;26&quot;},&quot;availability_html&quot;:&quot;&lt;p class=\\&quot;stock in-stock\\&quot;&gt;Liko 1&lt;\\\/p&gt;\\n&quot;,&quot;backorders_allowed&quot;:false,&quot;dimensions&quot;:{&quot;length&quot;:&quot;&quot;,&quot;width&quot;:&quot;&quot;,&quot;height&quot;:&quot;&quot;},&quot;dimensions_html&quot;:&quot;N\\\/A&quot;,&quot;display_price&quot;:27,&quot;display_regular_price&quot;:27,&quot;image&quot;:{&quot;title&quot;:&quot;R105060036&quot;,&quot;caption&quot;:&quot;&quot;,&quot;url&quot;:&quot;https:\\\/\\\/batai4u.lt\\\/wp-content\\\/uploads\\\/2024\\\/08\\\/20240612_172543.png&quot;,&quot;alt&quot;:&quot;R105060036&quot;,&quot;src&quot;:&quot;https:\\\/\\\/batai4u.lt\\\/wp-content\\\/uploads\\\/2024\\\/08\\\/20240612_172543-600x712.png&quot;,&quot;srcset&quot;:&quot;https:\\\/\\\/batai4u.lt\\\/wp-content\\\/uploads\\\/2024\\\/08\\\/20240612_172543-600x712.png 600w, https:\\\/\\\/batai4u.lt\\\/wp-content\\\/uploads\\\/2024\\\/08\\\/20240612_172543-253x300.png 253w, https:\\\/\\\/batai4u.lt\\\/wp-content\\\/uploads\\\/2024\\\/08\\\/20240612_172543-862x1024.png 862w, https:\\\/\\\/batai4u.lt\\\/wp-content\\\/uploads\\\/2024\\\/08\\\/20240612_172543-768x912.png 768w, https:\\\/\\\/batai4u.lt\\\/wp-content\\\/uploads\\\/2024\\\/08\\\/20240612_172543-1294x1536.png 1294w, https:\\\/\\\/batai4u.lt\\\/wp-content\\\/uploads\\\/2024\\\/08\\\/20240612_172543.png 1500w&quot;,&quot;sizes&quot;:&quot;(max-width: 600px) 100vw, 600px&quot;,&quot;full_src&quot;:&quot;https:\\\/\\\/batai4u.lt\\\/wp-content\\\/uploads\\\/2024\\\/08\\\/20240612_172543.png&quot;,&quot;full_src_w&quot;:1500,&quot;full_src_h&quot;:1781,&quot;gallery_thumbnail_src&quot;:&quot;https:\\\/\\\/batai4u.lt\\\/wp-content\\\/uploads\\\/2024\\\/08\\\/20240612_172543-100x100.png&quot;,&quot;gallery_thumbnail_src_w&quot;:100,&quot;gallery_thumbnail_src_h&quot;:100,&quot;thumb_src&quot;:&quot;https:\\\/\\\/batai4u.lt\\\/wp-content\\\/uploads\\\/2024\\\/08\\\/20240612_172543-300x400.png&quot;,&quot;thumb_src_w&quot;:300,&quot;thumb_src_h&quot;:400,&quot;src_w&quot;:600,&quot;src_h&quot;:712},&quot;image_id&quot;:4648,&quot;is_downloadable&quot;:false,&quot;is_in_stock&quot;:true,&quot;is_purchasable&quot;:true,&quot;is_sold_individually&quot;:&quot;no&quot;,&quot;is_virtual&quot;:false,&quot;max_qty&quot;:1,&quot;min_qty&quot;:1,&quot;price_html&quot;:&quot;&quot;,&quot;sku&quot;:&quot;&quot;,&quot;variation_description&quot;:&quot;&quot;,&quot;variation_id&quot;:4654,&quot;variation_is_active&quot;:true,&quot;variation_is_visible&quot;:true,&quot;weight&quot;:&quot;&quot;,&quot;weight_html&quot;:&quot;N\\\/A&quot;},{&quot;attributes&quot;:{&quot;attribute_pa_dydis&quot;:&quot;25&quot;},&quot;availability_html&quot;:&quot;&lt;p class=\\&quot;stock in-stock\\&quot;&gt;Liko 2&lt;\\\/p&gt;\\n&quot;,&quot;backorders_allowed&quot;:false,&quot;dimensions&quot;:{&quot;length&quot;:&quot;&quot;,&quot;width&quot;:&quot;&quot;,&quot;height&quot;:&quot;&quot;},&quot;dimensions_html&quot;:&quot;N\\\/A&quot;,&quot;display_price&quot;:27,&quot;display_regular_price&quot;:27,&quot;image&quot;:{&quot;title&quot;:&quot;R105060036&quot;,&quot;caption&quot;:&quot;&quot;,&quot;url&quot;:&quot;https:\\\/\\\/batai4u.lt\\\/wp-content\\\/uploads\\\/2024\\\/08\\\/20240612_172543.png&quot;,&quot;alt&quot;:&quot;R105060036&quot;,&quot;src&quot;:&quot;https:\\\/\\\/batai4u.lt\\\/wp-content\\\/uploads\\\/2024\\\/08\\\/20240612_172543-600x712.png&quot;,&quot;srcset&quot;:&quot;https:\\\/\\\/batai4u.lt\\\/wp-content\\\/uploads\\\/2024\\\/08\\\/20240612_172543-600x712.png 600w, https:\\\/\\\/batai4u.lt\\\/wp-content\\\/uploads\\\/2024\\\/08\\\/20240612_172543-253x300.png 253w, https:\\\/\\\/batai4u.lt\\\/wp-content\\\/uploads\\\/2024\\\/08\\\/20240612_172543-862x1024.png 862w, https:\\\/\\\/batai4u.lt\\\/wp-content\\\/uploads\\\/2024\\\/08\\\/20240612_172543-768x912.png 768w, https:\\\/\\\/batai4u.lt\\\/wp-content\\\/uploads\\\/2024\\\/08\\\/20240612_172543-1294x1536.png 1294w, https:\\\/\\\/batai4u.lt\\\/wp-content\\\/uploads\\\/2024\\\/08\\\/20240612_172543.png 1500w&quot;,&quot;sizes&quot;:&quot;(max-width: 600px) 100vw, 600px&quot;,&quot;full_src&quot;:&quot;https:\\\/\\\/batai4u.lt\\\/wp-content\\\/uploads\\\/2024\\\/08\\\/20240612_172543.png&quot;,&quot;full_src_w&quot;:1500,&quot;full_src_h&quot;:1781,&quot;gallery_thumbnail_src&quot;:&quot;https:\\\/\\\/batai4u.lt\\\/wp-content\\\/uploads\\\/2024\\\/08\\\/20240612_172543-100x100.png&quot;,&quot;gallery_thumbnail_src_w&quot;:100,&quot;gallery_thumbnail_src_h&quot;:100,&quot;thumb_src&quot;:&quot;https:\\\/\\\/batai4u.lt\\\/wp-content\\\/uploads\\\/2024\\\/08\\\/20240612_172543-300x400.png&quot;,&quot;thumb_src_w&quot;:300,&quot;thumb_src_h&quot;:400,&quot;src_w&quot;:600,&quot;src_h&quot;:712},&quot;image_id&quot;:4648,&quot;is_downloadable&quot;:false,&quot;is_in_stock&quot;:true,&quot;is_purchasable&quot;:true,&quot;is_sold_individually&quot;:&quot;no&quot;,&quot;is_virtual&quot;:false,&quot;max_qty&quot;:2,&quot;min_qty&quot;:1,&quot;price_html&quot;:&quot;&quot;,&quot;sku&quot;:&quot;&quot;,&quot;variation_description&quot;:&quot;&quot;,&quot;variation_id&quot;:4655,&quot;variation_is_active&quot;:true,&quot;variation_is_visible&quot;:true,&quot;weight&quot;:&quot;&quot;,&quot;weight_html&quot;:&quot;N\\\/A&quot;},{&quot;attributes&quot;:{&quot;attribute_pa_dydis&quot;:&quot;24&quot;},&quot;availability_html&quot;:&quot;&lt;p class=\\&quot;stock in-stock\\&quot;&gt;Liko 1&lt;\\\/p&gt;\\n&quot;,&quot;backorders_allowed&quot;:false,&quot;dimensions&quot;:{&quot;length&quot;:&quot;&quot;,&quot;width&quot;:&quot;&quot;,&quot;height&quot;:&quot;&quot;},&quot;dimensions_html&quot;:&quot;N\\\/A&quot;,&quot;display_price&quot;:27,&quot;display_regular_price&quot;:27,&quot;image&quot;:{&quot;title&quot;:&quot;R105060036&quot;,&quot;caption&quot;:&quot;&quot;,&quot;url&quot;:&quot;https:\\\/\\\/batai4u.lt\\\/wp-content\\\/uploads\\\/2024\\\/08\\\/20240612_172543.png&quot;,&quot;alt&quot;:&quot;R105060036&quot;,&quot;src&quot;:&quot;https:\\\/\\\/batai4u.lt\\\/wp-content\\\/uploads\\\/2024\\\/08\\\/20240612_172543-600x712.png&quot;,&quot;srcset&quot;:&quot;https:\\\/\\\/batai4u.lt\\\/wp-content\\\/uploads\\\/2024\\\/08\\\/20240612_172543-600x712.png 600w, https:\\\/\\\/batai4u.lt\\\/wp-content\\\/uploads\\\/2024\\\/08\\\/20240612_172543-253x300.png 253w, https:\\\/\\\/batai4u.lt\\\/wp-content\\\/uploads\\\/2024\\\/08\\\/20240612_172543-862x1024.png 862w, https:\\\/\\\/batai4u.lt\\\/wp-content\\\/uploads\\\/2024\\\/08\\\/20240612_172543-768x912.png 768w, https:\\\/\\\/batai4u.lt\\\/wp-content\\\/uploads\\\/2024\\\/08\\\/20240612_172543-1294x1536.png 1294w, https:\\\/\\\/batai4u.lt\\\/wp-content\\\/uploads\\\/2024\\\/08\\\/20240612_172543.png 1500w&quot;,&quot;sizes&quot;:&quot;(max-width: 600px) 100vw, 600px&quot;,&quot;full_src&quot;:&quot;https:\\\/\\\/batai4u.lt\\\/wp-content\\\/uploads\\\/2024\\\/08\\\/20240612_172543.png&quot;,&quot;full_src_w&quot;:1500,&quot;full_src_h&quot;:1781,&quot;gallery_thumbnail_src&quot;:&quot;https:\\\/\\\/batai4u.lt\\\/wp-content\\\/uploads\\\/2024\\\/08\\\/20240612_172543-100x100.png&quot;,&quot;gallery_thumbnail_src_w&quot;:100,&quot;gallery_thumbnail_src_h&quot;:100,&quot;thumb_src&quot;:&quot;https:\\\/\\\/batai4u.lt\\\/wp-content\\\/uploads\\\/2024\\\/08\\\/20240612_172543-300x400.png&quot;,&quot;thumb_src_w&quot;:300,&quot;thumb_src_h&quot;:400,&quot;src_w&quot;:600,&quot;src_h&quot;:712},&quot;image_id&quot;:4648,&quot;is_downloadable&quot;:false,&quot;is_in_stock&quot;:true,&quot;is_purchasable&quot;:true,&quot;is_sold_individually&quot;:&quot;no&quot;,&quot;is_virtual&quot;:false,&quot;max_qty&quot;:1,&quot;min_qty&quot;:1,&quot;price_html&quot;:&quot;&quot;,&quot;sku&quot;:&quot;&quot;,&quot;variation_description&quot;:&quot;&quot;,&quot;variation_id&quot;:4656,&quot;variation_is_active&quot;:true,&quot;variation_is_visible&quot;:true,&quot;weight&quot;:&quot;&quot;,&quot;weight_html&quot;:&quot;N\\\/A&quot;},{&quot;attributes&quot;:{&quot;attribute_pa_dydis&quot;:&quot;23&quot;},&quot;availability_html&quot;:&quot;&lt;p class=\\&quot;stock in-stock\\&quot;&gt;Liko 2&lt;\\\/p&gt;\\n&quot;,&quot;backorders_allowed&quot;:false,&quot;dimensions&quot;:{&quot;length&quot;:&quot;&quot;,&quot;width&quot;:&quot;&quot;,&quot;height&quot;:&quot;&quot;},&quot;dimensions_html&quot;:&quot;N\\\/A&quot;,&quot;display_price&quot;:27,&quot;display_regular_price&quot;:27,&quot;image&quot;:{&quot;title&quot;:&quot;R105060036&quot;,&quot;caption&quot;:&quot;&quot;,&quot;url&quot;:&quot;https:\\\/\\\/batai4u.lt\\\/wp-content\\\/uploads\\\/2024\\\/08\\\/20240612_172543.png&quot;,&quot;alt&quot;:&quot;R105060036&quot;,&quot;src&quot;:&quot;https:\\\/\\\/batai4u.lt\\\/wp-content\\\/uploads\\\/2024\\\/08\\\/20240612_172543-600x712.png&quot;,&quot;srcset&quot;:&quot;https:\\\/\\\/batai4u.lt\\\/wp-content\\\/uploads\\\/2024\\\/08\\\/20240612_172543-600x712.png 600w, https:\\\/\\\/batai4u.lt\\\/wp-content\\\/uploads\\\/2024\\\/08\\\/20240612_172543-253x300.png 253w, https:\\\/\\\/batai4u.lt\\\/wp-content\\\/uploads\\\/2024\\\/08\\\/20240612_172543-862x1024.png 862w, https:\\\/\\\/batai4u.lt\\\/wp-content\\\/uploads\\\/2024\\\/08\\\/20240612_172543-768x912.png 768w, https:\\\/\\\/batai4u.lt\\\/wp-content\\\/uploads\\\/2024\\\/08\\\/20240612_172543-1294x1536.png 1294w, https:\\\/\\\/batai4u.lt\\\/wp-content\\\/uploads\\\/2024\\\/08\\\/20240612_172543.png 1500w&quot;,&quot;sizes&quot;:&quot;(max-width: 600px) 100vw, 600px&quot;,&quot;full_src&quot;:&quot;https:\\\/\\\/batai4u.lt\\\/wp-content\\\/uploads\\\/2024\\\/08\\\/20240612_172543.png&quot;,&quot;full_src_w&quot;:1500,&quot;full_src_h&quot;:1781,&quot;gallery_thumbnail_src&quot;:&quot;https:\\\/\\\/batai4u.lt\\\/wp-content\\\/uploads\\\/2024\\\/08\\\/20240612_172543-100x100.png&quot;,&quot;gallery_thumbnail_src_w&quot;:100,&quot;gallery_thumbnail_src_h&quot;:100,&quot;thumb_src&quot;:&quot;https:\\\/\\\/batai4u.lt\\\/wp-content\\\/uploads\\\/2024\\\/08\\\/20240612_172543-300x400.png&quot;,&quot;thumb_src_w&quot;:300,&quot;thumb_src_h&quot;:400,&quot;src_w&quot;:600,&quot;src_h&quot;:712},&quot;image_id&quot;:4648,&quot;is_downloadable&quot;:false,&quot;is_in_stock&quot;:true,&quot;is_purchasable&quot;:true,&quot;is_sold_individually&quot;:&quot;no&quot;,&quot;is_virtual&quot;:false,&quot;max_qty&quot;:2,&quot;min_qty&quot;:1,&quot;price_html&quot;:&quot;&quot;,&quot;sku&quot;:&quot;&quot;,&quot;variation_description&quot;:&quot;&quot;,&quot;variation_id&quot;:4657,&quot;variation_is_active&quot;:true,&quot;variation_is_visible&quot;:true,&quot;weight&quot;:&quot;&quot;,&quot;weight_html&quot;:&quot;N\\\/A&quot;},{&quot;attributes&quot;:{&quot;attribute_pa_dydis&quot;:&quot;22&quot;},&quot;availability_html&quot;:&quot;&lt;p class=\\&quot;stock in-stock\\&quot;&gt;Liko 1&lt;\\\/p&gt;\\n&quot;,&quot;backorders_allowed&quot;:false,&quot;dimensions&quot;:{&quot;length&quot;:&quot;&quot;,&quot;width&quot;:&quot;&quot;,&quot;height&quot;:&quot;&quot;},&quot;dimensions_html&quot;:&quot;N\\\/A&quot;,&quot;display_price&quot;:27,&quot;display_regular_price&quot;:27,&quot;image&quot;:{&quot;title&quot;:&quot;R105060036&quot;,&quot;caption&quot;:&quot;&quot;,&quot;url&quot;:&quot;https:\\\/\\\/batai4u.lt\\\/wp-content\\\/uploads\\\/2024\\\/08\\\/20240612_172543.png&quot;,&quot;alt&quot;:&quot;R105060036&quot;,&quot;src&quot;:&quot;https:\\\/\\\/batai4u.lt\\\/wp-content\\\/uploads\\\/2024\\\/08\\\/20240612_172543-600x712.png&quot;,&quot;srcset&quot;:&quot;https:\\\/\\\/batai4u.lt\\\/wp-content\\\/uploads\\\/2024\\\/08\\\/20240612_172543-600x712.png 600w, https:\\\/\\\/batai4u.lt\\\/wp-content\\\/uploads\\\/2024\\\/08\\\/20240612_172543-253x300.png 253w, https:\\\/\\\/batai4u.lt\\\/wp-content\\\/uploads\\\/2024\\\/08\\\/20240612_172543-862x1024.png 862w, https:\\\/\\\/batai4u.lt\\\/wp-content\\\/uploads\\\/2024\\\/08\\\/20240612_172543-768x912.png 768w, https:\\\/\\\/batai4u.lt\\\/wp-content\\\/uploads\\\/2024\\\/08\\\/20240612_172543-1294x1536.png 1294w, https:\\\/\\\/batai4u.lt\\\/wp-content\\\/uploads\\\/2024\\\/08\\\/20240612_172543.png 1500w&quot;,&quot;sizes&quot;:&quot;(max-width: 600px) 100vw, 600px&quot;,&quot;full_src&quot;:&quot;https:\\\/\\\/batai4u.lt\\\/wp-content\\\/uploads\\\/2024\\\/08\\\/20240612_172543.png&quot;,&quot;full_src_w&quot;:1500,&quot;full_src_h&quot;:1781,&quot;gallery_thumbnail_src&quot;:&quot;https:\\\/\\\/batai4u.lt\\\/wp-content\\\/uploads\\\/2024\\\/08\\\/20240612_172543-100x100.png&quot;,&quot;gallery_thumbnail_src_w&quot;:100,&quot;gallery_thumbnail_src_h&quot;:100,&quot;thumb_src&quot;:&quot;https:\\\/\\\/batai4u.lt\\\/wp-content\\\/uploads\\\/2024\\\/08\\\/20240612_172543-300x400.png&quot;,&quot;thumb_src_w&quot;:300,&quot;thumb_src_h&quot;:400,&quot;src_w&quot;:600,&quot;src_h&quot;:712},&quot;image_id&quot;:4648,&quot;is_downloadable&quot;:false,&quot;is_in_stock&quot;:true,&quot;is_purchasable&quot;:true,&quot;is_sold_individually&quot;:&quot;no&quot;,&quot;is_virtual&quot;:false,&quot;max_qty&quot;:1,&quot;min_qty&quot;:1,&quot;price_html&quot;:&quot;&quot;,&quot;sku&quot;:&quot;&quot;,&quot;variation_description&quot;:&quot;&quot;,&quot;variation_id&quot;:4658,&quot;variation_is_active&quot;:true,&quot;variation_is_visible&quot;:true,&quot;weight&quot;:&quot;&quot;,&quot;weight_html&quot;:&quot;N\\\/A&quot;}]\"><\/form>\n","protected":false},"featured_media":4808,"comment_status":"closed","ping_status":"closed","template":"","meta":[],"product_brand":[],"product_cat":[78],"product_tag":[108,86,87,88,89,96,105,107,83],"class_list":{"0":"post-4659","1":"product","2":"type-product","3":"status-publish","4":"has-post-thumbnail","6":"product_cat-basutes-berniukams","7":"product_tag-108","8":"product_tag-86","9":"product_tag-87","10":"product_tag-88","11":"product_tag-89","12":"product_tag-96","13":"product_tag-basutes","14":"product_tag-uzdaros-basutes","15":"product_tag-weestep","16":"futurio-has-gallery","18":"first","19":"instock","20":"shipping-taxable","21":"purchasable","22":"product-type-variable"},"yoast_head":"<!-- This site is optimized with the Yoast SEO plugin v27.5 - https:\/\/yoast.com\/product\/yoast-seo-wordpress\/ -->\n<title>R020160021 Weestep u\u017edaros basut\u0117s 21-26d - Batai4u.lt<\/title>\n<meta name=\"robots\" content=\"index, follow, max-snippet:-1, max-image-preview:large, max-video-preview:-1\" \/>\n<link rel=\"canonical\" href=\"https:\/\/batai4u.lt\/index.php\/product\/r020160021-weestep-uzdaros-basutes-21-26d\/\" \/>\n<meta property=\"og:locale\" content=\"en_US\" \/>\n<meta property=\"og:type\" content=\"article\" \/>\n<meta property=\"og:title\" content=\"R020160021 Weestep u\u017edaros basut\u0117s 21-26d - Batai4u.lt\" \/>\n<meta property=\"og:description\" content=\"Weestep ortopedin\u0117s basut\u0117s. Odin\u0117s, itin lengvut\u0117s, su supinatorium, tvirta kieta u\u017ekulne, apsauga pir\u0161tukams. Lankstus padas,\u00a0 mink\u0161ut\u0117s.\u00a0 Apimtys reguliuojasi . Tinka ir pla\u010diom p\u0117dut\u0117m ir su auk\u0161tom keltim\u2026\" \/>\n<meta property=\"og:url\" content=\"https:\/\/batai4u.lt\/index.php\/product\/r020160021-weestep-uzdaros-basutes-21-26d\/\" \/>\n<meta property=\"og:site_name\" content=\"Batai4u.lt\" \/>\n<meta property=\"article:modified_time\" content=\"2025-06-02T18:33:49+00:00\" \/>\n<meta property=\"og:image\" content=\"https:\/\/batai4u.lt\/wp-content\/uploads\/2024\/08\/a5a42c60-63a7-41a8-988a-8c9afe2085e8.jpg\" \/>\n\t<meta property=\"og:image:width\" content=\"1024\" \/>\n\t<meta property=\"og:image:height\" content=\"1024\" \/>\n\t<meta property=\"og:image:type\" content=\"image\/jpeg\" \/>\n<meta name=\"twitter:card\" content=\"summary_large_image\" \/>\n<script type=\"application\/ld+json\" class=\"yoast-schema-graph\">{\"@context\":\"https:\\\/\\\/schema.org\",\"@graph\":[{\"@type\":\"WebPage\",\"@id\":\"https:\\\/\\\/batai4u.lt\\\/index.php\\\/product\\\/r020160021-weestep-uzdaros-basutes-21-26d\\\/\",\"url\":\"https:\\\/\\\/batai4u.lt\\\/index.php\\\/product\\\/r020160021-weestep-uzdaros-basutes-21-26d\\\/\",\"name\":\"R020160021 Weestep u\u017edaros basut\u0117s 21-26d - Batai4u.lt\",\"isPartOf\":{\"@id\":\"https:\\\/\\\/batai4u.lt\\\/#website\"},\"primaryImageOfPage\":{\"@id\":\"https:\\\/\\\/batai4u.lt\\\/index.php\\\/product\\\/r020160021-weestep-uzdaros-basutes-21-26d\\\/#primaryimage\"},\"image\":{\"@id\":\"https:\\\/\\\/batai4u.lt\\\/index.php\\\/product\\\/r020160021-weestep-uzdaros-basutes-21-26d\\\/#primaryimage\"},\"thumbnailUrl\":\"https:\\\/\\\/batai4u.lt\\\/wp-content\\\/uploads\\\/2024\\\/08\\\/a5a42c60-63a7-41a8-988a-8c9afe2085e8.jpg\",\"datePublished\":\"2024-08-30T18:25:00+00:00\",\"dateModified\":\"2025-06-02T18:33:49+00:00\",\"breadcrumb\":{\"@id\":\"https:\\\/\\\/batai4u.lt\\\/index.php\\\/product\\\/r020160021-weestep-uzdaros-basutes-21-26d\\\/#breadcrumb\"},\"inLanguage\":\"en-US\",\"potentialAction\":[{\"@type\":\"ReadAction\",\"target\":[\"https:\\\/\\\/batai4u.lt\\\/index.php\\\/product\\\/r020160021-weestep-uzdaros-basutes-21-26d\\\/\"]}]},{\"@type\":\"ImageObject\",\"inLanguage\":\"en-US\",\"@id\":\"https:\\\/\\\/batai4u.lt\\\/index.php\\\/product\\\/r020160021-weestep-uzdaros-basutes-21-26d\\\/#primaryimage\",\"url\":\"https:\\\/\\\/batai4u.lt\\\/wp-content\\\/uploads\\\/2024\\\/08\\\/a5a42c60-63a7-41a8-988a-8c9afe2085e8.jpg\",\"contentUrl\":\"https:\\\/\\\/batai4u.lt\\\/wp-content\\\/uploads\\\/2024\\\/08\\\/a5a42c60-63a7-41a8-988a-8c9afe2085e8.jpg\",\"width\":1024,\"height\":1024},{\"@type\":\"BreadcrumbList\",\"@id\":\"https:\\\/\\\/batai4u.lt\\\/index.php\\\/product\\\/r020160021-weestep-uzdaros-basutes-21-26d\\\/#breadcrumb\",\"itemListElement\":[{\"@type\":\"ListItem\",\"position\":1,\"name\":\"Home\",\"item\":\"https:\\\/\\\/batai4u.lt\\\/\"},{\"@type\":\"ListItem\",\"position\":2,\"name\":\"Parduotuv\u0117\",\"item\":\"https:\\\/\\\/batai4u.lt\\\/index.php\\\/shop\\\/\"},{\"@type\":\"ListItem\",\"position\":3,\"name\":\"R020160021 Weestep u\u017edaros basut\u0117s 21-26d\"}]},{\"@type\":\"WebSite\",\"@id\":\"https:\\\/\\\/batai4u.lt\\\/#website\",\"url\":\"https:\\\/\\\/batai4u.lt\\\/\",\"name\":\"Batai4u.lt\",\"description\":\"batai vaikams ir ne tik\",\"publisher\":{\"@id\":\"https:\\\/\\\/batai4u.lt\\\/#\\\/schema\\\/person\\\/8cc43a99285533a2c3e2c58a641f566a\"},\"potentialAction\":[{\"@type\":\"SearchAction\",\"target\":{\"@type\":\"EntryPoint\",\"urlTemplate\":\"https:\\\/\\\/batai4u.lt\\\/?s={search_term_string}\"},\"query-input\":{\"@type\":\"PropertyValueSpecification\",\"valueRequired\":true,\"valueName\":\"search_term_string\"}}],\"inLanguage\":\"en-US\"},{\"@type\":[\"Person\",\"Organization\"],\"@id\":\"https:\\\/\\\/batai4u.lt\\\/#\\\/schema\\\/person\\\/8cc43a99285533a2c3e2c58a641f566a\",\"name\":\"Erika Steponavi\u010dien\u0117\",\"image\":{\"@type\":\"ImageObject\",\"inLanguage\":\"en-US\",\"@id\":\"https:\\\/\\\/secure.gravatar.com\\\/avatar\\\/de70a9d8a8fae7160f42990935bcabb5f827c9e01e111e0bcd4d408af9ba954c?s=96&d=mm&r=g\",\"url\":\"https:\\\/\\\/secure.gravatar.com\\\/avatar\\\/de70a9d8a8fae7160f42990935bcabb5f827c9e01e111e0bcd4d408af9ba954c?s=96&d=mm&r=g\",\"contentUrl\":\"https:\\\/\\\/secure.gravatar.com\\\/avatar\\\/de70a9d8a8fae7160f42990935bcabb5f827c9e01e111e0bcd4d408af9ba954c?s=96&d=mm&r=g\",\"caption\":\"Erika Steponavi\u010dien\u0117\"},\"logo\":{\"@id\":\"https:\\\/\\\/secure.gravatar.com\\\/avatar\\\/de70a9d8a8fae7160f42990935bcabb5f827c9e01e111e0bcd4d408af9ba954c?s=96&d=mm&r=g\"},\"sameAs\":[\"http:\\\/\\\/batai4u.lt\"]}]}<\/script>\n<!-- \/ Yoast SEO plugin. -->","yoast_head_json":{"title":"R020160021 Weestep u\u017edaros basut\u0117s 21-26d - Batai4u.lt","robots":{"index":"index","follow":"follow","max-snippet":"max-snippet:-1","max-image-preview":"max-image-preview:large","max-video-preview":"max-video-preview:-1"},"canonical":"https:\/\/batai4u.lt\/index.php\/product\/r020160021-weestep-uzdaros-basutes-21-26d\/","og_locale":"en_US","og_type":"article","og_title":"R020160021 Weestep u\u017edaros basut\u0117s 21-26d - Batai4u.lt","og_description":"Weestep ortopedin\u0117s basut\u0117s. Odin\u0117s, itin lengvut\u0117s, su supinatorium, tvirta kieta u\u017ekulne, apsauga pir\u0161tukams. Lankstus padas,\u00a0 mink\u0161ut\u0117s.\u00a0 Apimtys reguliuojasi . Tinka ir pla\u010diom p\u0117dut\u0117m ir su auk\u0161tom keltim\u2026","og_url":"https:\/\/batai4u.lt\/index.php\/product\/r020160021-weestep-uzdaros-basutes-21-26d\/","og_site_name":"Batai4u.lt","article_modified_time":"2025-06-02T18:33:49+00:00","og_image":[{"width":1024,"height":1024,"url":"https:\/\/batai4u.lt\/wp-content\/uploads\/2024\/08\/a5a42c60-63a7-41a8-988a-8c9afe2085e8.jpg","type":"image\/jpeg"}],"twitter_card":"summary_large_image","schema":{"@context":"https:\/\/schema.org","@graph":[{"@type":"WebPage","@id":"https:\/\/batai4u.lt\/index.php\/product\/r020160021-weestep-uzdaros-basutes-21-26d\/","url":"https:\/\/batai4u.lt\/index.php\/product\/r020160021-weestep-uzdaros-basutes-21-26d\/","name":"R020160021 Weestep u\u017edaros basut\u0117s 21-26d - Batai4u.lt","isPartOf":{"@id":"https:\/\/batai4u.lt\/#website"},"primaryImageOfPage":{"@id":"https:\/\/batai4u.lt\/index.php\/product\/r020160021-weestep-uzdaros-basutes-21-26d\/#primaryimage"},"image":{"@id":"https:\/\/batai4u.lt\/index.php\/product\/r020160021-weestep-uzdaros-basutes-21-26d\/#primaryimage"},"thumbnailUrl":"https:\/\/batai4u.lt\/wp-content\/uploads\/2024\/08\/a5a42c60-63a7-41a8-988a-8c9afe2085e8.jpg","datePublished":"2024-08-30T18:25:00+00:00","dateModified":"2025-06-02T18:33:49+00:00","breadcrumb":{"@id":"https:\/\/batai4u.lt\/index.php\/product\/r020160021-weestep-uzdaros-basutes-21-26d\/#breadcrumb"},"inLanguage":"en-US","potentialAction":[{"@type":"ReadAction","target":["https:\/\/batai4u.lt\/index.php\/product\/r020160021-weestep-uzdaros-basutes-21-26d\/"]}]},{"@type":"ImageObject","inLanguage":"en-US","@id":"https:\/\/batai4u.lt\/index.php\/product\/r020160021-weestep-uzdaros-basutes-21-26d\/#primaryimage","url":"https:\/\/batai4u.lt\/wp-content\/uploads\/2024\/08\/a5a42c60-63a7-41a8-988a-8c9afe2085e8.jpg","contentUrl":"https:\/\/batai4u.lt\/wp-content\/uploads\/2024\/08\/a5a42c60-63a7-41a8-988a-8c9afe2085e8.jpg","width":1024,"height":1024},{"@type":"BreadcrumbList","@id":"https:\/\/batai4u.lt\/index.php\/product\/r020160021-weestep-uzdaros-basutes-21-26d\/#breadcrumb","itemListElement":[{"@type":"ListItem","position":1,"name":"Home","item":"https:\/\/batai4u.lt\/"},{"@type":"ListItem","position":2,"name":"Parduotuv\u0117","item":"https:\/\/batai4u.lt\/index.php\/shop\/"},{"@type":"ListItem","position":3,"name":"R020160021 Weestep u\u017edaros basut\u0117s 21-26d"}]},{"@type":"WebSite","@id":"https:\/\/batai4u.lt\/#website","url":"https:\/\/batai4u.lt\/","name":"Batai4u.lt","description":"batai vaikams ir ne tik","publisher":{"@id":"https:\/\/batai4u.lt\/#\/schema\/person\/8cc43a99285533a2c3e2c58a641f566a"},"potentialAction":[{"@type":"SearchAction","target":{"@type":"EntryPoint","urlTemplate":"https:\/\/batai4u.lt\/?s={search_term_string}"},"query-input":{"@type":"PropertyValueSpecification","valueRequired":true,"valueName":"search_term_string"}}],"inLanguage":"en-US"},{"@type":["Person","Organization"],"@id":"https:\/\/batai4u.lt\/#\/schema\/person\/8cc43a99285533a2c3e2c58a641f566a","name":"Erika Steponavi\u010dien\u0117","image":{"@type":"ImageObject","inLanguage":"en-US","@id":"https:\/\/secure.gravatar.com\/avatar\/de70a9d8a8fae7160f42990935bcabb5f827c9e01e111e0bcd4d408af9ba954c?s=96&d=mm&r=g","url":"https:\/\/secure.gravatar.com\/avatar\/de70a9d8a8fae7160f42990935bcabb5f827c9e01e111e0bcd4d408af9ba954c?s=96&d=mm&r=g","contentUrl":"https:\/\/secure.gravatar.com\/avatar\/de70a9d8a8fae7160f42990935bcabb5f827c9e01e111e0bcd4d408af9ba954c?s=96&d=mm&r=g","caption":"Erika Steponavi\u010dien\u0117"},"logo":{"@id":"https:\/\/secure.gravatar.com\/avatar\/de70a9d8a8fae7160f42990935bcabb5f827c9e01e111e0bcd4d408af9ba954c?s=96&d=mm&r=g"},"sameAs":["http:\/\/batai4u.lt"]}]}},"jetpack_sharing_enabled":true,"_links":{"self":[{"href":"https:\/\/batai4u.lt\/index.php\/wp-json\/wp\/v2\/product\/4659","targetHints":{"allow":["GET"]}}],"collection":[{"href":"https:\/\/batai4u.lt\/index.php\/wp-json\/wp\/v2\/product"}],"about":[{"href":"https:\/\/batai4u.lt\/index.php\/wp-json\/wp\/v2\/types\/product"}],"replies":[{"embeddable":true,"href":"https:\/\/batai4u.lt\/index.php\/wp-json\/wp\/v2\/comments?post=4659"}],"wp:featuredmedia":[{"embeddable":true,"href":"https:\/\/batai4u.lt\/index.php\/wp-json\/wp\/v2\/media\/4808"}],"wp:attachment":[{"href":"https:\/\/batai4u.lt\/index.php\/wp-json\/wp\/v2\/media?parent=4659"}],"wp:term":[{"taxonomy":"product_brand","embeddable":true,"href":"https:\/\/batai4u.lt\/index.php\/wp-json\/wp\/v2\/product_brand?post=4659"},{"taxonomy":"product_cat","embeddable":true,"href":"https:\/\/batai4u.lt\/index.php\/wp-json\/wp\/v2\/product_cat?post=4659"},{"taxonomy":"product_tag","embeddable":true,"href":"https:\/\/batai4u.lt\/index.php\/wp-json\/wp\/v2\/product_tag?post=4659"}],"curies":[{"name":"wp","href":"https:\/\/api.w.org\/{rel}","templated":true}]}}