{"id":4736,"date":"2024-10-06T15:54:19","date_gmt":"2024-10-06T15:54:19","guid":{"rendered":"https:\/\/batai4u.lt\/?post_type=product&#038;p=4736"},"modified":"2025-10-17T10:47:19","modified_gmt":"2025-10-17T10:47:19","slug":"r956565565-weestep-demisezoniniai-aulinukai-27-32d","status":"publish","type":"product","link":"https:\/\/batai4u.lt\/index.php\/product\/r956565565-weestep-demisezoniniai-aulinukai-27-32d\/","title":{"rendered":"R956565565 Weestep demisezoniniai aulinukai 27-32d"},"content":{"rendered":"<ul>\n<li>27d-17,2cm<\/li>\n<li>28d-17,9cm<\/li>\n<li>29d-18,4cm<\/li>\n<li>30d-19,1cm<\/li>\n<li>31d-19,9cm<\/li>\n<li>32d-20,4cm<\/li>\n<\/ul>\n","protected":false},"excerpt":{"rendered":"<p>WEESTEP odiniai ortopediniai aulinukais. Su pa\u0161iltinimu visame bate.Turi supinatori\u0173 bei tvirt\u0105 u\u017ekuln\u012f, pakietinti pir\u0161tukai.\u00a0 Auk\u0161tos kokyb\u0117s.\u00a0 Lengvas modeliukas. Patogiai nusiima ir u\u017esideda. Tinka ir platesn\u0117m p\u0117dut\u0117m. Mink\u0161ti ir lankst\u016bs. ATSPAR\u016aS VANDENIUI .<\/p>\n","protected":false},"featured_media":4745,"comment_status":"closed","ping_status":"closed","template":"","meta":[],"product_brand":[],"product_cat":[60],"product_tag":[90,91,92,93,94,95,82,83],"class_list":{"0":"post-4736","1":"product","2":"type-product","3":"status-publish","4":"has-post-thumbnail","6":"product_cat-berniukams-ruduo-pavasaris","7":"product_tag-90","8":"product_tag-91","9":"product_tag-92","10":"product_tag-93","11":"product_tag-94","12":"product_tag-95","13":"product_tag-demisezoniniai","14":"product_tag-weestep","15":"futurio-has-gallery","17":"first","18":"instock","19":"sale","20":"featured","21":"shipping-taxable","22":"purchasable","23":"product-type-variable"},"yoast_head":"<!-- This site is optimized with the Yoast SEO plugin v27.3 - https:\/\/yoast.com\/product\/yoast-seo-wordpress\/ -->\n<title>R956565565 Weestep demisezoniniai aulinukai 27-32d - Batai4u.lt<\/title>\n<meta name=\"robots\" content=\"index, follow, max-snippet:-1, max-image-preview:large, max-video-preview:-1\" \/>\n<link rel=\"canonical\" href=\"https:\/\/batai4u.lt\/index.php\/product\/r956565565-weestep-demisezoniniai-aulinukai-27-32d\/\" \/>\n<meta property=\"og:locale\" content=\"en_US\" \/>\n<meta property=\"og:type\" content=\"article\" \/>\n<meta property=\"og:title\" content=\"R956565565 Weestep demisezoniniai aulinukai 27-32d - Batai4u.lt\" \/>\n<meta property=\"og:description\" content=\"WEESTEP odiniai ortopediniai aulinukais. Su pa\u0161iltinimu visame bate.Turi supinatori\u0173 bei tvirt\u0105 u\u017ekuln\u012f, pakietinti pir\u0161tukai.\u00a0 Auk\u0161tos kokyb\u0117s.\u00a0 Lengvas modeliukas. Patogiai nusiima ir u\u017esideda. Tinka ir platesn\u0117m p\u0117dut\u0117m. Mink\u0161ti ir lankst\u016bs. ATSPAR\u016aS VANDENIUI .\" \/>\n<meta property=\"og:url\" content=\"https:\/\/batai4u.lt\/index.php\/product\/r956565565-weestep-demisezoniniai-aulinukai-27-32d\/\" \/>\n<meta property=\"og:site_name\" content=\"Batai4u.lt\" \/>\n<meta property=\"article:modified_time\" content=\"2025-10-17T10:47:19+00:00\" \/>\n<meta property=\"og:image\" content=\"https:\/\/batai4u.lt\/wp-content\/uploads\/2024\/10\/Photoroom-20241006_184922-768x1024.png\" \/>\n\t<meta property=\"og:image:width\" content=\"768\" \/>\n\t<meta property=\"og:image:height\" content=\"1024\" \/>\n\t<meta property=\"og:image:type\" content=\"image\/png\" \/>\n<meta name=\"twitter:card\" content=\"summary_large_image\" \/>\n<script type=\"application\/ld+json\" class=\"yoast-schema-graph\">{\"@context\":\"https:\\\/\\\/schema.org\",\"@graph\":[{\"@type\":\"WebPage\",\"@id\":\"https:\\\/\\\/batai4u.lt\\\/index.php\\\/product\\\/r956565565-weestep-demisezoniniai-aulinukai-27-32d\\\/\",\"url\":\"https:\\\/\\\/batai4u.lt\\\/index.php\\\/product\\\/r956565565-weestep-demisezoniniai-aulinukai-27-32d\\\/\",\"name\":\"R956565565 Weestep demisezoniniai aulinukai 27-32d - Batai4u.lt\",\"isPartOf\":{\"@id\":\"https:\\\/\\\/batai4u.lt\\\/#website\"},\"primaryImageOfPage\":{\"@id\":\"https:\\\/\\\/batai4u.lt\\\/index.php\\\/product\\\/r956565565-weestep-demisezoniniai-aulinukai-27-32d\\\/#primaryimage\"},\"image\":{\"@id\":\"https:\\\/\\\/batai4u.lt\\\/index.php\\\/product\\\/r956565565-weestep-demisezoniniai-aulinukai-27-32d\\\/#primaryimage\"},\"thumbnailUrl\":\"https:\\\/\\\/batai4u.lt\\\/wp-content\\\/uploads\\\/2024\\\/10\\\/Photoroom-20241006_184922.png\",\"datePublished\":\"2024-10-06T15:54:19+00:00\",\"dateModified\":\"2025-10-17T10:47:19+00:00\",\"breadcrumb\":{\"@id\":\"https:\\\/\\\/batai4u.lt\\\/index.php\\\/product\\\/r956565565-weestep-demisezoniniai-aulinukai-27-32d\\\/#breadcrumb\"},\"inLanguage\":\"en-US\",\"potentialAction\":[{\"@type\":\"ReadAction\",\"target\":[\"https:\\\/\\\/batai4u.lt\\\/index.php\\\/product\\\/r956565565-weestep-demisezoniniai-aulinukai-27-32d\\\/\"]}]},{\"@type\":\"ImageObject\",\"inLanguage\":\"en-US\",\"@id\":\"https:\\\/\\\/batai4u.lt\\\/index.php\\\/product\\\/r956565565-weestep-demisezoniniai-aulinukai-27-32d\\\/#primaryimage\",\"url\":\"https:\\\/\\\/batai4u.lt\\\/wp-content\\\/uploads\\\/2024\\\/10\\\/Photoroom-20241006_184922.png\",\"contentUrl\":\"https:\\\/\\\/batai4u.lt\\\/wp-content\\\/uploads\\\/2024\\\/10\\\/Photoroom-20241006_184922.png\",\"width\":1500,\"height\":2000},{\"@type\":\"BreadcrumbList\",\"@id\":\"https:\\\/\\\/batai4u.lt\\\/index.php\\\/product\\\/r956565565-weestep-demisezoniniai-aulinukai-27-32d\\\/#breadcrumb\",\"itemListElement\":[{\"@type\":\"ListItem\",\"position\":1,\"name\":\"Home\",\"item\":\"https:\\\/\\\/batai4u.lt\\\/\"},{\"@type\":\"ListItem\",\"position\":2,\"name\":\"Parduotuv\u0117\",\"item\":\"https:\\\/\\\/batai4u.lt\\\/index.php\\\/shop\\\/\"},{\"@type\":\"ListItem\",\"position\":3,\"name\":\"R956565565 Weestep demisezoniniai aulinukai 27-32d\"}]},{\"@type\":\"WebSite\",\"@id\":\"https:\\\/\\\/batai4u.lt\\\/#website\",\"url\":\"https:\\\/\\\/batai4u.lt\\\/\",\"name\":\"Batai4u.lt\",\"description\":\"batai vaikams ir ne tik\",\"publisher\":{\"@id\":\"https:\\\/\\\/batai4u.lt\\\/#\\\/schema\\\/person\\\/8cc43a99285533a2c3e2c58a641f566a\"},\"potentialAction\":[{\"@type\":\"SearchAction\",\"target\":{\"@type\":\"EntryPoint\",\"urlTemplate\":\"https:\\\/\\\/batai4u.lt\\\/?s={search_term_string}\"},\"query-input\":{\"@type\":\"PropertyValueSpecification\",\"valueRequired\":true,\"valueName\":\"search_term_string\"}}],\"inLanguage\":\"en-US\"},{\"@type\":[\"Person\",\"Organization\"],\"@id\":\"https:\\\/\\\/batai4u.lt\\\/#\\\/schema\\\/person\\\/8cc43a99285533a2c3e2c58a641f566a\",\"name\":\"Erika Steponavi\u010dien\u0117\",\"image\":{\"@type\":\"ImageObject\",\"inLanguage\":\"en-US\",\"@id\":\"https:\\\/\\\/secure.gravatar.com\\\/avatar\\\/de70a9d8a8fae7160f42990935bcabb5f827c9e01e111e0bcd4d408af9ba954c?s=96&d=mm&r=g\",\"url\":\"https:\\\/\\\/secure.gravatar.com\\\/avatar\\\/de70a9d8a8fae7160f42990935bcabb5f827c9e01e111e0bcd4d408af9ba954c?s=96&d=mm&r=g\",\"contentUrl\":\"https:\\\/\\\/secure.gravatar.com\\\/avatar\\\/de70a9d8a8fae7160f42990935bcabb5f827c9e01e111e0bcd4d408af9ba954c?s=96&d=mm&r=g\",\"caption\":\"Erika Steponavi\u010dien\u0117\"},\"logo\":{\"@id\":\"https:\\\/\\\/secure.gravatar.com\\\/avatar\\\/de70a9d8a8fae7160f42990935bcabb5f827c9e01e111e0bcd4d408af9ba954c?s=96&d=mm&r=g\"},\"sameAs\":[\"http:\\\/\\\/batai4u.lt\"]}]}<\/script>\n<!-- \/ Yoast SEO plugin. -->","yoast_head_json":{"title":"R956565565 Weestep demisezoniniai aulinukai 27-32d - Batai4u.lt","robots":{"index":"index","follow":"follow","max-snippet":"max-snippet:-1","max-image-preview":"max-image-preview:large","max-video-preview":"max-video-preview:-1"},"canonical":"https:\/\/batai4u.lt\/index.php\/product\/r956565565-weestep-demisezoniniai-aulinukai-27-32d\/","og_locale":"en_US","og_type":"article","og_title":"R956565565 Weestep demisezoniniai aulinukai 27-32d - Batai4u.lt","og_description":"WEESTEP odiniai ortopediniai aulinukais. Su pa\u0161iltinimu visame bate.Turi supinatori\u0173 bei tvirt\u0105 u\u017ekuln\u012f, pakietinti pir\u0161tukai.\u00a0 Auk\u0161tos kokyb\u0117s.\u00a0 Lengvas modeliukas. Patogiai nusiima ir u\u017esideda. Tinka ir platesn\u0117m p\u0117dut\u0117m. Mink\u0161ti ir lankst\u016bs. ATSPAR\u016aS VANDENIUI .","og_url":"https:\/\/batai4u.lt\/index.php\/product\/r956565565-weestep-demisezoniniai-aulinukai-27-32d\/","og_site_name":"Batai4u.lt","article_modified_time":"2025-10-17T10:47:19+00:00","og_image":[{"width":768,"height":1024,"url":"https:\/\/batai4u.lt\/wp-content\/uploads\/2024\/10\/Photoroom-20241006_184922-768x1024.png","type":"image\/png"}],"twitter_card":"summary_large_image","schema":{"@context":"https:\/\/schema.org","@graph":[{"@type":"WebPage","@id":"https:\/\/batai4u.lt\/index.php\/product\/r956565565-weestep-demisezoniniai-aulinukai-27-32d\/","url":"https:\/\/batai4u.lt\/index.php\/product\/r956565565-weestep-demisezoniniai-aulinukai-27-32d\/","name":"R956565565 Weestep demisezoniniai aulinukai 27-32d - Batai4u.lt","isPartOf":{"@id":"https:\/\/batai4u.lt\/#website"},"primaryImageOfPage":{"@id":"https:\/\/batai4u.lt\/index.php\/product\/r956565565-weestep-demisezoniniai-aulinukai-27-32d\/#primaryimage"},"image":{"@id":"https:\/\/batai4u.lt\/index.php\/product\/r956565565-weestep-demisezoniniai-aulinukai-27-32d\/#primaryimage"},"thumbnailUrl":"https:\/\/batai4u.lt\/wp-content\/uploads\/2024\/10\/Photoroom-20241006_184922.png","datePublished":"2024-10-06T15:54:19+00:00","dateModified":"2025-10-17T10:47:19+00:00","breadcrumb":{"@id":"https:\/\/batai4u.lt\/index.php\/product\/r956565565-weestep-demisezoniniai-aulinukai-27-32d\/#breadcrumb"},"inLanguage":"en-US","potentialAction":[{"@type":"ReadAction","target":["https:\/\/batai4u.lt\/index.php\/product\/r956565565-weestep-demisezoniniai-aulinukai-27-32d\/"]}]},{"@type":"ImageObject","inLanguage":"en-US","@id":"https:\/\/batai4u.lt\/index.php\/product\/r956565565-weestep-demisezoniniai-aulinukai-27-32d\/#primaryimage","url":"https:\/\/batai4u.lt\/wp-content\/uploads\/2024\/10\/Photoroom-20241006_184922.png","contentUrl":"https:\/\/batai4u.lt\/wp-content\/uploads\/2024\/10\/Photoroom-20241006_184922.png","width":1500,"height":2000},{"@type":"BreadcrumbList","@id":"https:\/\/batai4u.lt\/index.php\/product\/r956565565-weestep-demisezoniniai-aulinukai-27-32d\/#breadcrumb","itemListElement":[{"@type":"ListItem","position":1,"name":"Home","item":"https:\/\/batai4u.lt\/"},{"@type":"ListItem","position":2,"name":"Parduotuv\u0117","item":"https:\/\/batai4u.lt\/index.php\/shop\/"},{"@type":"ListItem","position":3,"name":"R956565565 Weestep demisezoniniai aulinukai 27-32d"}]},{"@type":"WebSite","@id":"https:\/\/batai4u.lt\/#website","url":"https:\/\/batai4u.lt\/","name":"Batai4u.lt","description":"batai vaikams ir ne tik","publisher":{"@id":"https:\/\/batai4u.lt\/#\/schema\/person\/8cc43a99285533a2c3e2c58a641f566a"},"potentialAction":[{"@type":"SearchAction","target":{"@type":"EntryPoint","urlTemplate":"https:\/\/batai4u.lt\/?s={search_term_string}"},"query-input":{"@type":"PropertyValueSpecification","valueRequired":true,"valueName":"search_term_string"}}],"inLanguage":"en-US"},{"@type":["Person","Organization"],"@id":"https:\/\/batai4u.lt\/#\/schema\/person\/8cc43a99285533a2c3e2c58a641f566a","name":"Erika Steponavi\u010dien\u0117","image":{"@type":"ImageObject","inLanguage":"en-US","@id":"https:\/\/secure.gravatar.com\/avatar\/de70a9d8a8fae7160f42990935bcabb5f827c9e01e111e0bcd4d408af9ba954c?s=96&d=mm&r=g","url":"https:\/\/secure.gravatar.com\/avatar\/de70a9d8a8fae7160f42990935bcabb5f827c9e01e111e0bcd4d408af9ba954c?s=96&d=mm&r=g","contentUrl":"https:\/\/secure.gravatar.com\/avatar\/de70a9d8a8fae7160f42990935bcabb5f827c9e01e111e0bcd4d408af9ba954c?s=96&d=mm&r=g","caption":"Erika Steponavi\u010dien\u0117"},"logo":{"@id":"https:\/\/secure.gravatar.com\/avatar\/de70a9d8a8fae7160f42990935bcabb5f827c9e01e111e0bcd4d408af9ba954c?s=96&d=mm&r=g"},"sameAs":["http:\/\/batai4u.lt"]}]}},"jetpack_sharing_enabled":true,"_links":{"self":[{"href":"https:\/\/batai4u.lt\/index.php\/wp-json\/wp\/v2\/product\/4736","targetHints":{"allow":["GET"]}}],"collection":[{"href":"https:\/\/batai4u.lt\/index.php\/wp-json\/wp\/v2\/product"}],"about":[{"href":"https:\/\/batai4u.lt\/index.php\/wp-json\/wp\/v2\/types\/product"}],"replies":[{"embeddable":true,"href":"https:\/\/batai4u.lt\/index.php\/wp-json\/wp\/v2\/comments?post=4736"}],"wp:featuredmedia":[{"embeddable":true,"href":"https:\/\/batai4u.lt\/index.php\/wp-json\/wp\/v2\/media\/4745"}],"wp:attachment":[{"href":"https:\/\/batai4u.lt\/index.php\/wp-json\/wp\/v2\/media?parent=4736"}],"wp:term":[{"taxonomy":"product_brand","embeddable":true,"href":"https:\/\/batai4u.lt\/index.php\/wp-json\/wp\/v2\/product_brand?post=4736"},{"taxonomy":"product_cat","embeddable":true,"href":"https:\/\/batai4u.lt\/index.php\/wp-json\/wp\/v2\/product_cat?post=4736"},{"taxonomy":"product_tag","embeddable":true,"href":"https:\/\/batai4u.lt\/index.php\/wp-json\/wp\/v2\/product_tag?post=4736"}],"curies":[{"name":"wp","href":"https:\/\/api.w.org\/{rel}","templated":true}]}}