{"id":4776,"date":"2024-10-06T16:53:03","date_gmt":"2024-10-06T16:53:03","guid":{"rendered":"https:\/\/batai4u.lt\/?post_type=product&#038;p=4776"},"modified":"2025-09-18T08:44:06","modified_gmt":"2025-09-18T08:44:06","slug":"r563365117-weestep-demisezoniniai-aulinukai-mergaitems-22-26d","status":"publish","type":"product","link":"https:\/\/batai4u.lt\/index.php\/product\/r563365117-weestep-demisezoniniai-aulinukai-mergaitems-22-26d\/","title":{"rendered":"R563365117 Weestep demisezoniniai aulinukai mergait\u0117ms 22-26d"},"content":{"rendered":"<p>22d-14,2 cm<\/p>\n<p>23d- 14,8cm<\/p>\n<p>24d-15,5cm<\/p>\n<p>25d-16cm<\/p>\n<p>26d-16,5cm<\/p>\n<p>&nbsp;<\/p>\n","protected":false},"excerpt":{"rendered":"<p>WEESTEP\u00a0 demisezoniniai odiniai ortopediniai aulinukais. Su\u00a0 pa\u0161iltinimu visame bate.Turi supinatori\u0173 bei tvirt\u0105 u\u017ekiln\u012f ir pakietintus pir\u0161tukus.\u00a0 Auk\u0161tos kokyb\u0117s.\u00a0 Lengvas modeliukas. Patogiai nusiima ir u\u017esideda. Su u\u017etrauktuku ir lipukais Tinka ir platesn\u0117m p\u0117dut\u0117m. Mink\u0161ti ir lankst\u016bs. ATSPAR\u016aS VANDENIUI . Puo\u0161ti blizgiom \u0161irdut\u0117m. Su at\u0161vaitais.<\/p>\n","protected":false},"featured_media":4817,"comment_status":"closed","ping_status":"closed","template":"","meta":[],"product_brand":[],"product_cat":[59],"product_tag":[86,87,88,89,82,83],"class_list":{"0":"post-4776","1":"product","2":"type-product","3":"status-publish","4":"has-post-thumbnail","6":"product_cat-mergaiteme-ruduo-pavasaris","7":"product_tag-86","8":"product_tag-87","9":"product_tag-88","10":"product_tag-89","11":"product_tag-demisezoniniai","12":"product_tag-weestep","13":"futurio-has-gallery","15":"first","16":"instock","17":"featured","18":"shipping-taxable","19":"purchasable","20":"product-type-variable"},"yoast_head":"<!-- This site is optimized with the Yoast SEO plugin v27.5 - https:\/\/yoast.com\/product\/yoast-seo-wordpress\/ -->\n<title>R563365117 Weestep demisezoniniai aulinukai mergait\u0117ms 22-26d - Batai4u.lt<\/title>\n<meta name=\"robots\" content=\"index, follow, max-snippet:-1, max-image-preview:large, max-video-preview:-1\" \/>\n<link rel=\"canonical\" href=\"https:\/\/batai4u.lt\/index.php\/product\/r563365117-weestep-demisezoniniai-aulinukai-mergaitems-22-26d\/\" \/>\n<meta property=\"og:locale\" content=\"en_US\" \/>\n<meta property=\"og:type\" content=\"article\" \/>\n<meta property=\"og:title\" content=\"R563365117 Weestep demisezoniniai aulinukai mergait\u0117ms 22-26d - Batai4u.lt\" \/>\n<meta property=\"og:description\" content=\"WEESTEP\u00a0 demisezoniniai odiniai ortopediniai aulinukais. Su\u00a0 pa\u0161iltinimu visame bate.Turi supinatori\u0173 bei tvirt\u0105 u\u017ekiln\u012f ir pakietintus pir\u0161tukus.\u00a0 Auk\u0161tos kokyb\u0117s.\u00a0 Lengvas modeliukas. Patogiai nusiima ir u\u017esideda. Su u\u017etrauktuku ir lipukais Tinka ir platesn\u0117m p\u0117dut\u0117m. Mink\u0161ti ir lankst\u016bs. ATSPAR\u016aS VANDENIUI . Puo\u0161ti blizgiom \u0161irdut\u0117m. Su at\u0161vaitais.\" \/>\n<meta property=\"og:url\" content=\"https:\/\/batai4u.lt\/index.php\/product\/r563365117-weestep-demisezoniniai-aulinukai-mergaitems-22-26d\/\" \/>\n<meta property=\"og:site_name\" content=\"Batai4u.lt\" \/>\n<meta property=\"article:modified_time\" content=\"2025-09-18T08:44:06+00:00\" \/>\n<meta property=\"og:image\" content=\"https:\/\/batai4u.lt\/wp-content\/uploads\/2024\/10\/07b29325-76cc-44db-b04a-e63aea0f211f.jpg\" \/>\n\t<meta property=\"og:image:width\" content=\"1024\" \/>\n\t<meta property=\"og:image:height\" content=\"1024\" \/>\n\t<meta property=\"og:image:type\" content=\"image\/jpeg\" \/>\n<meta name=\"twitter:card\" content=\"summary_large_image\" \/>\n<script type=\"application\/ld+json\" class=\"yoast-schema-graph\">{\"@context\":\"https:\\\/\\\/schema.org\",\"@graph\":[{\"@type\":\"WebPage\",\"@id\":\"https:\\\/\\\/batai4u.lt\\\/index.php\\\/product\\\/r563365117-weestep-demisezoniniai-aulinukai-mergaitems-22-26d\\\/\",\"url\":\"https:\\\/\\\/batai4u.lt\\\/index.php\\\/product\\\/r563365117-weestep-demisezoniniai-aulinukai-mergaitems-22-26d\\\/\",\"name\":\"R563365117 Weestep demisezoniniai aulinukai mergait\u0117ms 22-26d - Batai4u.lt\",\"isPartOf\":{\"@id\":\"https:\\\/\\\/batai4u.lt\\\/#website\"},\"primaryImageOfPage\":{\"@id\":\"https:\\\/\\\/batai4u.lt\\\/index.php\\\/product\\\/r563365117-weestep-demisezoniniai-aulinukai-mergaitems-22-26d\\\/#primaryimage\"},\"image\":{\"@id\":\"https:\\\/\\\/batai4u.lt\\\/index.php\\\/product\\\/r563365117-weestep-demisezoniniai-aulinukai-mergaitems-22-26d\\\/#primaryimage\"},\"thumbnailUrl\":\"https:\\\/\\\/batai4u.lt\\\/wp-content\\\/uploads\\\/2024\\\/10\\\/07b29325-76cc-44db-b04a-e63aea0f211f.jpg\",\"datePublished\":\"2024-10-06T16:53:03+00:00\",\"dateModified\":\"2025-09-18T08:44:06+00:00\",\"breadcrumb\":{\"@id\":\"https:\\\/\\\/batai4u.lt\\\/index.php\\\/product\\\/r563365117-weestep-demisezoniniai-aulinukai-mergaitems-22-26d\\\/#breadcrumb\"},\"inLanguage\":\"en-US\",\"potentialAction\":[{\"@type\":\"ReadAction\",\"target\":[\"https:\\\/\\\/batai4u.lt\\\/index.php\\\/product\\\/r563365117-weestep-demisezoniniai-aulinukai-mergaitems-22-26d\\\/\"]}]},{\"@type\":\"ImageObject\",\"inLanguage\":\"en-US\",\"@id\":\"https:\\\/\\\/batai4u.lt\\\/index.php\\\/product\\\/r563365117-weestep-demisezoniniai-aulinukai-mergaitems-22-26d\\\/#primaryimage\",\"url\":\"https:\\\/\\\/batai4u.lt\\\/wp-content\\\/uploads\\\/2024\\\/10\\\/07b29325-76cc-44db-b04a-e63aea0f211f.jpg\",\"contentUrl\":\"https:\\\/\\\/batai4u.lt\\\/wp-content\\\/uploads\\\/2024\\\/10\\\/07b29325-76cc-44db-b04a-e63aea0f211f.jpg\",\"width\":1024,\"height\":1024},{\"@type\":\"BreadcrumbList\",\"@id\":\"https:\\\/\\\/batai4u.lt\\\/index.php\\\/product\\\/r563365117-weestep-demisezoniniai-aulinukai-mergaitems-22-26d\\\/#breadcrumb\",\"itemListElement\":[{\"@type\":\"ListItem\",\"position\":1,\"name\":\"Home\",\"item\":\"https:\\\/\\\/batai4u.lt\\\/\"},{\"@type\":\"ListItem\",\"position\":2,\"name\":\"Parduotuv\u0117\",\"item\":\"https:\\\/\\\/batai4u.lt\\\/index.php\\\/shop\\\/\"},{\"@type\":\"ListItem\",\"position\":3,\"name\":\"R563365117 Weestep demisezoniniai aulinukai mergait\u0117ms 22-26d\"}]},{\"@type\":\"WebSite\",\"@id\":\"https:\\\/\\\/batai4u.lt\\\/#website\",\"url\":\"https:\\\/\\\/batai4u.lt\\\/\",\"name\":\"Batai4u.lt\",\"description\":\"batai vaikams ir ne tik\",\"publisher\":{\"@id\":\"https:\\\/\\\/batai4u.lt\\\/#\\\/schema\\\/person\\\/8cc43a99285533a2c3e2c58a641f566a\"},\"potentialAction\":[{\"@type\":\"SearchAction\",\"target\":{\"@type\":\"EntryPoint\",\"urlTemplate\":\"https:\\\/\\\/batai4u.lt\\\/?s={search_term_string}\"},\"query-input\":{\"@type\":\"PropertyValueSpecification\",\"valueRequired\":true,\"valueName\":\"search_term_string\"}}],\"inLanguage\":\"en-US\"},{\"@type\":[\"Person\",\"Organization\"],\"@id\":\"https:\\\/\\\/batai4u.lt\\\/#\\\/schema\\\/person\\\/8cc43a99285533a2c3e2c58a641f566a\",\"name\":\"Erika Steponavi\u010dien\u0117\",\"image\":{\"@type\":\"ImageObject\",\"inLanguage\":\"en-US\",\"@id\":\"https:\\\/\\\/secure.gravatar.com\\\/avatar\\\/de70a9d8a8fae7160f42990935bcabb5f827c9e01e111e0bcd4d408af9ba954c?s=96&d=mm&r=g\",\"url\":\"https:\\\/\\\/secure.gravatar.com\\\/avatar\\\/de70a9d8a8fae7160f42990935bcabb5f827c9e01e111e0bcd4d408af9ba954c?s=96&d=mm&r=g\",\"contentUrl\":\"https:\\\/\\\/secure.gravatar.com\\\/avatar\\\/de70a9d8a8fae7160f42990935bcabb5f827c9e01e111e0bcd4d408af9ba954c?s=96&d=mm&r=g\",\"caption\":\"Erika Steponavi\u010dien\u0117\"},\"logo\":{\"@id\":\"https:\\\/\\\/secure.gravatar.com\\\/avatar\\\/de70a9d8a8fae7160f42990935bcabb5f827c9e01e111e0bcd4d408af9ba954c?s=96&d=mm&r=g\"},\"sameAs\":[\"http:\\\/\\\/batai4u.lt\"]}]}<\/script>\n<!-- \/ Yoast SEO plugin. -->","yoast_head_json":{"title":"R563365117 Weestep demisezoniniai aulinukai mergait\u0117ms 22-26d - Batai4u.lt","robots":{"index":"index","follow":"follow","max-snippet":"max-snippet:-1","max-image-preview":"max-image-preview:large","max-video-preview":"max-video-preview:-1"},"canonical":"https:\/\/batai4u.lt\/index.php\/product\/r563365117-weestep-demisezoniniai-aulinukai-mergaitems-22-26d\/","og_locale":"en_US","og_type":"article","og_title":"R563365117 Weestep demisezoniniai aulinukai mergait\u0117ms 22-26d - Batai4u.lt","og_description":"WEESTEP\u00a0 demisezoniniai odiniai ortopediniai aulinukais. Su\u00a0 pa\u0161iltinimu visame bate.Turi supinatori\u0173 bei tvirt\u0105 u\u017ekiln\u012f ir pakietintus pir\u0161tukus.\u00a0 Auk\u0161tos kokyb\u0117s.\u00a0 Lengvas modeliukas. Patogiai nusiima ir u\u017esideda. Su u\u017etrauktuku ir lipukais Tinka ir platesn\u0117m p\u0117dut\u0117m. Mink\u0161ti ir lankst\u016bs. ATSPAR\u016aS VANDENIUI . Puo\u0161ti blizgiom \u0161irdut\u0117m. Su at\u0161vaitais.","og_url":"https:\/\/batai4u.lt\/index.php\/product\/r563365117-weestep-demisezoniniai-aulinukai-mergaitems-22-26d\/","og_site_name":"Batai4u.lt","article_modified_time":"2025-09-18T08:44:06+00:00","og_image":[{"width":1024,"height":1024,"url":"https:\/\/batai4u.lt\/wp-content\/uploads\/2024\/10\/07b29325-76cc-44db-b04a-e63aea0f211f.jpg","type":"image\/jpeg"}],"twitter_card":"summary_large_image","schema":{"@context":"https:\/\/schema.org","@graph":[{"@type":"WebPage","@id":"https:\/\/batai4u.lt\/index.php\/product\/r563365117-weestep-demisezoniniai-aulinukai-mergaitems-22-26d\/","url":"https:\/\/batai4u.lt\/index.php\/product\/r563365117-weestep-demisezoniniai-aulinukai-mergaitems-22-26d\/","name":"R563365117 Weestep demisezoniniai aulinukai mergait\u0117ms 22-26d - Batai4u.lt","isPartOf":{"@id":"https:\/\/batai4u.lt\/#website"},"primaryImageOfPage":{"@id":"https:\/\/batai4u.lt\/index.php\/product\/r563365117-weestep-demisezoniniai-aulinukai-mergaitems-22-26d\/#primaryimage"},"image":{"@id":"https:\/\/batai4u.lt\/index.php\/product\/r563365117-weestep-demisezoniniai-aulinukai-mergaitems-22-26d\/#primaryimage"},"thumbnailUrl":"https:\/\/batai4u.lt\/wp-content\/uploads\/2024\/10\/07b29325-76cc-44db-b04a-e63aea0f211f.jpg","datePublished":"2024-10-06T16:53:03+00:00","dateModified":"2025-09-18T08:44:06+00:00","breadcrumb":{"@id":"https:\/\/batai4u.lt\/index.php\/product\/r563365117-weestep-demisezoniniai-aulinukai-mergaitems-22-26d\/#breadcrumb"},"inLanguage":"en-US","potentialAction":[{"@type":"ReadAction","target":["https:\/\/batai4u.lt\/index.php\/product\/r563365117-weestep-demisezoniniai-aulinukai-mergaitems-22-26d\/"]}]},{"@type":"ImageObject","inLanguage":"en-US","@id":"https:\/\/batai4u.lt\/index.php\/product\/r563365117-weestep-demisezoniniai-aulinukai-mergaitems-22-26d\/#primaryimage","url":"https:\/\/batai4u.lt\/wp-content\/uploads\/2024\/10\/07b29325-76cc-44db-b04a-e63aea0f211f.jpg","contentUrl":"https:\/\/batai4u.lt\/wp-content\/uploads\/2024\/10\/07b29325-76cc-44db-b04a-e63aea0f211f.jpg","width":1024,"height":1024},{"@type":"BreadcrumbList","@id":"https:\/\/batai4u.lt\/index.php\/product\/r563365117-weestep-demisezoniniai-aulinukai-mergaitems-22-26d\/#breadcrumb","itemListElement":[{"@type":"ListItem","position":1,"name":"Home","item":"https:\/\/batai4u.lt\/"},{"@type":"ListItem","position":2,"name":"Parduotuv\u0117","item":"https:\/\/batai4u.lt\/index.php\/shop\/"},{"@type":"ListItem","position":3,"name":"R563365117 Weestep demisezoniniai aulinukai mergait\u0117ms 22-26d"}]},{"@type":"WebSite","@id":"https:\/\/batai4u.lt\/#website","url":"https:\/\/batai4u.lt\/","name":"Batai4u.lt","description":"batai vaikams ir ne tik","publisher":{"@id":"https:\/\/batai4u.lt\/#\/schema\/person\/8cc43a99285533a2c3e2c58a641f566a"},"potentialAction":[{"@type":"SearchAction","target":{"@type":"EntryPoint","urlTemplate":"https:\/\/batai4u.lt\/?s={search_term_string}"},"query-input":{"@type":"PropertyValueSpecification","valueRequired":true,"valueName":"search_term_string"}}],"inLanguage":"en-US"},{"@type":["Person","Organization"],"@id":"https:\/\/batai4u.lt\/#\/schema\/person\/8cc43a99285533a2c3e2c58a641f566a","name":"Erika Steponavi\u010dien\u0117","image":{"@type":"ImageObject","inLanguage":"en-US","@id":"https:\/\/secure.gravatar.com\/avatar\/de70a9d8a8fae7160f42990935bcabb5f827c9e01e111e0bcd4d408af9ba954c?s=96&d=mm&r=g","url":"https:\/\/secure.gravatar.com\/avatar\/de70a9d8a8fae7160f42990935bcabb5f827c9e01e111e0bcd4d408af9ba954c?s=96&d=mm&r=g","contentUrl":"https:\/\/secure.gravatar.com\/avatar\/de70a9d8a8fae7160f42990935bcabb5f827c9e01e111e0bcd4d408af9ba954c?s=96&d=mm&r=g","caption":"Erika Steponavi\u010dien\u0117"},"logo":{"@id":"https:\/\/secure.gravatar.com\/avatar\/de70a9d8a8fae7160f42990935bcabb5f827c9e01e111e0bcd4d408af9ba954c?s=96&d=mm&r=g"},"sameAs":["http:\/\/batai4u.lt"]}]}},"jetpack_sharing_enabled":true,"_links":{"self":[{"href":"https:\/\/batai4u.lt\/index.php\/wp-json\/wp\/v2\/product\/4776","targetHints":{"allow":["GET"]}}],"collection":[{"href":"https:\/\/batai4u.lt\/index.php\/wp-json\/wp\/v2\/product"}],"about":[{"href":"https:\/\/batai4u.lt\/index.php\/wp-json\/wp\/v2\/types\/product"}],"replies":[{"embeddable":true,"href":"https:\/\/batai4u.lt\/index.php\/wp-json\/wp\/v2\/comments?post=4776"}],"wp:featuredmedia":[{"embeddable":true,"href":"https:\/\/batai4u.lt\/index.php\/wp-json\/wp\/v2\/media\/4817"}],"wp:attachment":[{"href":"https:\/\/batai4u.lt\/index.php\/wp-json\/wp\/v2\/media?parent=4776"}],"wp:term":[{"taxonomy":"product_brand","embeddable":true,"href":"https:\/\/batai4u.lt\/index.php\/wp-json\/wp\/v2\/product_brand?post=4776"},{"taxonomy":"product_cat","embeddable":true,"href":"https:\/\/batai4u.lt\/index.php\/wp-json\/wp\/v2\/product_cat?post=4776"},{"taxonomy":"product_tag","embeddable":true,"href":"https:\/\/batai4u.lt\/index.php\/wp-json\/wp\/v2\/product_tag?post=4776"}],"curies":[{"name":"wp","href":"https:\/\/api.w.org\/{rel}","templated":true}]}}