{"id":4975,"date":"2025-11-28T12:23:21","date_gmt":"2025-11-28T12:23:21","guid":{"rendered":"https:\/\/batai4u.lt\/?post_type=product&#038;p=4975"},"modified":"2026-03-31T18:01:05","modified_gmt":"2026-03-31T18:01:05","slug":"t-10795-tom-m-zieminai-termo-batai-mergaitems-28-35","status":"publish","type":"product","link":"https:\/\/batai4u.lt\/index.php\/product\/t-10795-tom-m-zieminai-termo-batai-mergaitems-28-35\/","title":{"rendered":"T-10795 Tom.m \u017eieminai termo batai mergait\u0117ms (28-35)"},"content":{"rendered":"<ul>\n<li>28d.- 18,4cm<\/li>\n<li>29d.- 19cm<\/li>\n<li>30d.- 19,5cm<\/li>\n<li>31d.- 20 cm<\/li>\n<li>32d.- 20,8cm<\/li>\n<li>33d- 21,7cm<\/li>\n<li>34d-22,3cm<\/li>\n<li>35d-22,9cm<\/li>\n<\/ul>\n","protected":false},"excerpt":{"rendered":"<blockquote><p>Puik\u016bs Tom.m \u017eiemiai termo batukai. Su vilna viduje. Turi waterproof ir windproof apsaugas. Neper\u0161lampa. Lengvu\u010diai.<\/p><\/blockquote>\n","protected":false},"featured_media":5004,"comment_status":"open","ping_status":"closed","template":"","meta":[],"product_brand":[135],"product_cat":[75],"product_tag":[91,92,93,94,95,99,100,101],"class_list":{"0":"post-4975","1":"product","2":"type-product","3":"status-publish","4":"has-post-thumbnail","6":"product_brand-tom-m","7":"product_cat-mergaitems-ziema","8":"product_tag-91","9":"product_tag-92","10":"product_tag-93","11":"product_tag-94","12":"product_tag-95","13":"product_tag-99","14":"product_tag-100","15":"product_tag-101","16":"futurio-has-gallery","18":"first","19":"instock","20":"shipping-taxable","21":"purchasable","22":"product-type-variable"},"yoast_head":"<!-- This site is optimized with the Yoast SEO plugin v27.5 - https:\/\/yoast.com\/product\/yoast-seo-wordpress\/ -->\n<title>T-10795 Tom.m \u017eieminai termo batai mergait\u0117ms (28-35) - Batai4u.lt<\/title>\n<meta name=\"robots\" content=\"index, follow, max-snippet:-1, max-image-preview:large, max-video-preview:-1\" \/>\n<link rel=\"canonical\" href=\"https:\/\/batai4u.lt\/index.php\/product\/t-10795-tom-m-zieminai-termo-batai-mergaitems-28-35\/\" \/>\n<meta property=\"og:locale\" content=\"en_US\" \/>\n<meta property=\"og:type\" content=\"article\" \/>\n<meta property=\"og:title\" content=\"T-10795 Tom.m \u017eieminai termo batai mergait\u0117ms (28-35) - Batai4u.lt\" \/>\n<meta property=\"og:description\" content=\"Puik\u016bs Tom.m \u017eiemiai termo batukai. Su vilna viduje. Turi waterproof ir windproof apsaugas. Neper\u0161lampa. Lengvu\u010diai.\" \/>\n<meta property=\"og:url\" content=\"https:\/\/batai4u.lt\/index.php\/product\/t-10795-tom-m-zieminai-termo-batai-mergaitems-28-35\/\" \/>\n<meta property=\"og:site_name\" content=\"Batai4u.lt\" \/>\n<meta property=\"article:modified_time\" content=\"2026-03-31T18:01:05+00:00\" \/>\n<meta property=\"og:image\" content=\"https:\/\/batai4u.lt\/wp-content\/uploads\/2025\/11\/Photoroom_20251128_150520.jpeg\" \/>\n\t<meta property=\"og:image:width\" content=\"750\" \/>\n\t<meta property=\"og:image:height\" content=\"750\" \/>\n\t<meta property=\"og:image:type\" content=\"image\/jpeg\" \/>\n<meta name=\"twitter:card\" content=\"summary_large_image\" \/>\n<meta name=\"twitter:label1\" content=\"Est. reading time\" \/>\n\t<meta name=\"twitter:data1\" content=\"1 minute\" \/>\n<script type=\"application\/ld+json\" class=\"yoast-schema-graph\">{\"@context\":\"https:\\\/\\\/schema.org\",\"@graph\":[{\"@type\":\"WebPage\",\"@id\":\"https:\\\/\\\/batai4u.lt\\\/index.php\\\/product\\\/t-10795-tom-m-zieminai-termo-batai-mergaitems-28-35\\\/\",\"url\":\"https:\\\/\\\/batai4u.lt\\\/index.php\\\/product\\\/t-10795-tom-m-zieminai-termo-batai-mergaitems-28-35\\\/\",\"name\":\"T-10795 Tom.m \u017eieminai termo batai mergait\u0117ms (28-35) - Batai4u.lt\",\"isPartOf\":{\"@id\":\"https:\\\/\\\/batai4u.lt\\\/#website\"},\"primaryImageOfPage\":{\"@id\":\"https:\\\/\\\/batai4u.lt\\\/index.php\\\/product\\\/t-10795-tom-m-zieminai-termo-batai-mergaitems-28-35\\\/#primaryimage\"},\"image\":{\"@id\":\"https:\\\/\\\/batai4u.lt\\\/index.php\\\/product\\\/t-10795-tom-m-zieminai-termo-batai-mergaitems-28-35\\\/#primaryimage\"},\"thumbnailUrl\":\"https:\\\/\\\/batai4u.lt\\\/wp-content\\\/uploads\\\/2025\\\/11\\\/Photoroom_20251128_150520.jpeg\",\"datePublished\":\"2025-11-28T12:23:21+00:00\",\"dateModified\":\"2026-03-31T18:01:05+00:00\",\"breadcrumb\":{\"@id\":\"https:\\\/\\\/batai4u.lt\\\/index.php\\\/product\\\/t-10795-tom-m-zieminai-termo-batai-mergaitems-28-35\\\/#breadcrumb\"},\"inLanguage\":\"en-US\",\"potentialAction\":[{\"@type\":\"ReadAction\",\"target\":[\"https:\\\/\\\/batai4u.lt\\\/index.php\\\/product\\\/t-10795-tom-m-zieminai-termo-batai-mergaitems-28-35\\\/\"]}]},{\"@type\":\"ImageObject\",\"inLanguage\":\"en-US\",\"@id\":\"https:\\\/\\\/batai4u.lt\\\/index.php\\\/product\\\/t-10795-tom-m-zieminai-termo-batai-mergaitems-28-35\\\/#primaryimage\",\"url\":\"https:\\\/\\\/batai4u.lt\\\/wp-content\\\/uploads\\\/2025\\\/11\\\/Photoroom_20251128_150520.jpeg\",\"contentUrl\":\"https:\\\/\\\/batai4u.lt\\\/wp-content\\\/uploads\\\/2025\\\/11\\\/Photoroom_20251128_150520.jpeg\",\"width\":750,\"height\":750},{\"@type\":\"BreadcrumbList\",\"@id\":\"https:\\\/\\\/batai4u.lt\\\/index.php\\\/product\\\/t-10795-tom-m-zieminai-termo-batai-mergaitems-28-35\\\/#breadcrumb\",\"itemListElement\":[{\"@type\":\"ListItem\",\"position\":1,\"name\":\"Home\",\"item\":\"https:\\\/\\\/batai4u.lt\\\/\"},{\"@type\":\"ListItem\",\"position\":2,\"name\":\"Parduotuv\u0117\",\"item\":\"https:\\\/\\\/batai4u.lt\\\/index.php\\\/shop\\\/\"},{\"@type\":\"ListItem\",\"position\":3,\"name\":\"T-10795 Tom.m \u017eieminai termo batai mergait\u0117ms (28-35)\"}]},{\"@type\":\"WebSite\",\"@id\":\"https:\\\/\\\/batai4u.lt\\\/#website\",\"url\":\"https:\\\/\\\/batai4u.lt\\\/\",\"name\":\"Batai4u.lt\",\"description\":\"batai vaikams ir ne tik\",\"publisher\":{\"@id\":\"https:\\\/\\\/batai4u.lt\\\/#\\\/schema\\\/person\\\/8cc43a99285533a2c3e2c58a641f566a\"},\"potentialAction\":[{\"@type\":\"SearchAction\",\"target\":{\"@type\":\"EntryPoint\",\"urlTemplate\":\"https:\\\/\\\/batai4u.lt\\\/?s={search_term_string}\"},\"query-input\":{\"@type\":\"PropertyValueSpecification\",\"valueRequired\":true,\"valueName\":\"search_term_string\"}}],\"inLanguage\":\"en-US\"},{\"@type\":[\"Person\",\"Organization\"],\"@id\":\"https:\\\/\\\/batai4u.lt\\\/#\\\/schema\\\/person\\\/8cc43a99285533a2c3e2c58a641f566a\",\"name\":\"Erika Steponavi\u010dien\u0117\",\"image\":{\"@type\":\"ImageObject\",\"inLanguage\":\"en-US\",\"@id\":\"https:\\\/\\\/secure.gravatar.com\\\/avatar\\\/de70a9d8a8fae7160f42990935bcabb5f827c9e01e111e0bcd4d408af9ba954c?s=96&d=mm&r=g\",\"url\":\"https:\\\/\\\/secure.gravatar.com\\\/avatar\\\/de70a9d8a8fae7160f42990935bcabb5f827c9e01e111e0bcd4d408af9ba954c?s=96&d=mm&r=g\",\"contentUrl\":\"https:\\\/\\\/secure.gravatar.com\\\/avatar\\\/de70a9d8a8fae7160f42990935bcabb5f827c9e01e111e0bcd4d408af9ba954c?s=96&d=mm&r=g\",\"caption\":\"Erika Steponavi\u010dien\u0117\"},\"logo\":{\"@id\":\"https:\\\/\\\/secure.gravatar.com\\\/avatar\\\/de70a9d8a8fae7160f42990935bcabb5f827c9e01e111e0bcd4d408af9ba954c?s=96&d=mm&r=g\"},\"sameAs\":[\"http:\\\/\\\/batai4u.lt\"]}]}<\/script>\n<!-- \/ Yoast SEO plugin. -->","yoast_head_json":{"title":"T-10795 Tom.m \u017eieminai termo batai mergait\u0117ms (28-35) - Batai4u.lt","robots":{"index":"index","follow":"follow","max-snippet":"max-snippet:-1","max-image-preview":"max-image-preview:large","max-video-preview":"max-video-preview:-1"},"canonical":"https:\/\/batai4u.lt\/index.php\/product\/t-10795-tom-m-zieminai-termo-batai-mergaitems-28-35\/","og_locale":"en_US","og_type":"article","og_title":"T-10795 Tom.m \u017eieminai termo batai mergait\u0117ms (28-35) - Batai4u.lt","og_description":"Puik\u016bs Tom.m \u017eiemiai termo batukai. Su vilna viduje. Turi waterproof ir windproof apsaugas. Neper\u0161lampa. Lengvu\u010diai.","og_url":"https:\/\/batai4u.lt\/index.php\/product\/t-10795-tom-m-zieminai-termo-batai-mergaitems-28-35\/","og_site_name":"Batai4u.lt","article_modified_time":"2026-03-31T18:01:05+00:00","og_image":[{"width":750,"height":750,"url":"https:\/\/batai4u.lt\/wp-content\/uploads\/2025\/11\/Photoroom_20251128_150520.jpeg","type":"image\/jpeg"}],"twitter_card":"summary_large_image","twitter_misc":{"Est. reading time":"1 minute"},"schema":{"@context":"https:\/\/schema.org","@graph":[{"@type":"WebPage","@id":"https:\/\/batai4u.lt\/index.php\/product\/t-10795-tom-m-zieminai-termo-batai-mergaitems-28-35\/","url":"https:\/\/batai4u.lt\/index.php\/product\/t-10795-tom-m-zieminai-termo-batai-mergaitems-28-35\/","name":"T-10795 Tom.m \u017eieminai termo batai mergait\u0117ms (28-35) - Batai4u.lt","isPartOf":{"@id":"https:\/\/batai4u.lt\/#website"},"primaryImageOfPage":{"@id":"https:\/\/batai4u.lt\/index.php\/product\/t-10795-tom-m-zieminai-termo-batai-mergaitems-28-35\/#primaryimage"},"image":{"@id":"https:\/\/batai4u.lt\/index.php\/product\/t-10795-tom-m-zieminai-termo-batai-mergaitems-28-35\/#primaryimage"},"thumbnailUrl":"https:\/\/batai4u.lt\/wp-content\/uploads\/2025\/11\/Photoroom_20251128_150520.jpeg","datePublished":"2025-11-28T12:23:21+00:00","dateModified":"2026-03-31T18:01:05+00:00","breadcrumb":{"@id":"https:\/\/batai4u.lt\/index.php\/product\/t-10795-tom-m-zieminai-termo-batai-mergaitems-28-35\/#breadcrumb"},"inLanguage":"en-US","potentialAction":[{"@type":"ReadAction","target":["https:\/\/batai4u.lt\/index.php\/product\/t-10795-tom-m-zieminai-termo-batai-mergaitems-28-35\/"]}]},{"@type":"ImageObject","inLanguage":"en-US","@id":"https:\/\/batai4u.lt\/index.php\/product\/t-10795-tom-m-zieminai-termo-batai-mergaitems-28-35\/#primaryimage","url":"https:\/\/batai4u.lt\/wp-content\/uploads\/2025\/11\/Photoroom_20251128_150520.jpeg","contentUrl":"https:\/\/batai4u.lt\/wp-content\/uploads\/2025\/11\/Photoroom_20251128_150520.jpeg","width":750,"height":750},{"@type":"BreadcrumbList","@id":"https:\/\/batai4u.lt\/index.php\/product\/t-10795-tom-m-zieminai-termo-batai-mergaitems-28-35\/#breadcrumb","itemListElement":[{"@type":"ListItem","position":1,"name":"Home","item":"https:\/\/batai4u.lt\/"},{"@type":"ListItem","position":2,"name":"Parduotuv\u0117","item":"https:\/\/batai4u.lt\/index.php\/shop\/"},{"@type":"ListItem","position":3,"name":"T-10795 Tom.m \u017eieminai termo batai mergait\u0117ms (28-35)"}]},{"@type":"WebSite","@id":"https:\/\/batai4u.lt\/#website","url":"https:\/\/batai4u.lt\/","name":"Batai4u.lt","description":"batai vaikams ir ne tik","publisher":{"@id":"https:\/\/batai4u.lt\/#\/schema\/person\/8cc43a99285533a2c3e2c58a641f566a"},"potentialAction":[{"@type":"SearchAction","target":{"@type":"EntryPoint","urlTemplate":"https:\/\/batai4u.lt\/?s={search_term_string}"},"query-input":{"@type":"PropertyValueSpecification","valueRequired":true,"valueName":"search_term_string"}}],"inLanguage":"en-US"},{"@type":["Person","Organization"],"@id":"https:\/\/batai4u.lt\/#\/schema\/person\/8cc43a99285533a2c3e2c58a641f566a","name":"Erika Steponavi\u010dien\u0117","image":{"@type":"ImageObject","inLanguage":"en-US","@id":"https:\/\/secure.gravatar.com\/avatar\/de70a9d8a8fae7160f42990935bcabb5f827c9e01e111e0bcd4d408af9ba954c?s=96&d=mm&r=g","url":"https:\/\/secure.gravatar.com\/avatar\/de70a9d8a8fae7160f42990935bcabb5f827c9e01e111e0bcd4d408af9ba954c?s=96&d=mm&r=g","contentUrl":"https:\/\/secure.gravatar.com\/avatar\/de70a9d8a8fae7160f42990935bcabb5f827c9e01e111e0bcd4d408af9ba954c?s=96&d=mm&r=g","caption":"Erika Steponavi\u010dien\u0117"},"logo":{"@id":"https:\/\/secure.gravatar.com\/avatar\/de70a9d8a8fae7160f42990935bcabb5f827c9e01e111e0bcd4d408af9ba954c?s=96&d=mm&r=g"},"sameAs":["http:\/\/batai4u.lt"]}]}},"jetpack_sharing_enabled":true,"_links":{"self":[{"href":"https:\/\/batai4u.lt\/index.php\/wp-json\/wp\/v2\/product\/4975","targetHints":{"allow":["GET"]}}],"collection":[{"href":"https:\/\/batai4u.lt\/index.php\/wp-json\/wp\/v2\/product"}],"about":[{"href":"https:\/\/batai4u.lt\/index.php\/wp-json\/wp\/v2\/types\/product"}],"replies":[{"embeddable":true,"href":"https:\/\/batai4u.lt\/index.php\/wp-json\/wp\/v2\/comments?post=4975"}],"wp:featuredmedia":[{"embeddable":true,"href":"https:\/\/batai4u.lt\/index.php\/wp-json\/wp\/v2\/media\/5004"}],"wp:attachment":[{"href":"https:\/\/batai4u.lt\/index.php\/wp-json\/wp\/v2\/media?parent=4975"}],"wp:term":[{"taxonomy":"product_brand","embeddable":true,"href":"https:\/\/batai4u.lt\/index.php\/wp-json\/wp\/v2\/product_brand?post=4975"},{"taxonomy":"product_cat","embeddable":true,"href":"https:\/\/batai4u.lt\/index.php\/wp-json\/wp\/v2\/product_cat?post=4975"},{"taxonomy":"product_tag","embeddable":true,"href":"https:\/\/batai4u.lt\/index.php\/wp-json\/wp\/v2\/product_tag?post=4975"}],"curies":[{"name":"wp","href":"https:\/\/api.w.org\/{rel}","templated":true}]}}