{"id":4996,"date":"2025-11-28T13:02:21","date_gmt":"2025-11-28T13:02:21","guid":{"rendered":"https:\/\/batai4u.lt\/?post_type=product&#038;p=4996"},"modified":"2026-01-18T20:31:08","modified_gmt":"2026-01-18T20:31:08","slug":"t-10840-tom-m-melini-zieminiai-termo-batai-berniukams-27-32d","status":"publish","type":"product","link":"https:\/\/batai4u.lt\/index.php\/product\/t-10840-tom-m-melini-zieminiai-termo-batai-berniukams-27-32d\/","title":{"rendered":"T-10840 Tom.m m\u0117lini \u017eieminiai termo batai berniukams (27-32d)"},"content":{"rendered":"<ul>\n<li>27d- 17,6cm<\/li>\n<li>28d-18,3cm<\/li>\n<li>29d-19cm<\/li>\n<li>30d-19,5cm<\/li>\n<li>31d-20cm<\/li>\n<li>32d-20,8cm<\/li>\n<\/ul>\n","protected":false},"excerpt":{"rendered":"<div class=\"woocommerce-product-details__short-description\">\n<p>Tom.m \u017eiemiai termo batukai. Su vilna viduje. Turi waterproof ir windproof apsaugas. Neper\u0161lampa. Lengvu\u010diai. Turi pir\u0161tuk\u0173 apsaug\u0105. Su at\u0161vaitais<\/p>\n<\/div>\n","protected":false},"featured_media":4991,"comment_status":"open","ping_status":"closed","template":"","meta":[],"product_brand":[135],"product_cat":[74],"product_tag":[90,91,92,93,95],"class_list":{"0":"post-4996","1":"product","2":"type-product","3":"status-publish","4":"has-post-thumbnail","6":"product_brand-tom-m","7":"product_cat-berniukams-ziema","8":"product_tag-90","9":"product_tag-91","10":"product_tag-92","11":"product_tag-93","12":"product_tag-95","13":"futurio-has-gallery","15":"first","16":"instock","17":"shipping-taxable","18":"purchasable","19":"product-type-variable"},"yoast_head":"<!-- This site is optimized with the Yoast SEO plugin v27.4 - https:\/\/yoast.com\/product\/yoast-seo-wordpress\/ -->\n<title>T-10840 Tom.m m\u0117lini \u017eieminiai termo batai berniukams (27-32d) - Batai4u.lt<\/title>\n<meta name=\"robots\" content=\"index, follow, max-snippet:-1, max-image-preview:large, max-video-preview:-1\" \/>\n<link rel=\"canonical\" href=\"https:\/\/batai4u.lt\/index.php\/product\/t-10840-tom-m-melini-zieminiai-termo-batai-berniukams-27-32d\/\" \/>\n<meta property=\"og:locale\" content=\"en_US\" \/>\n<meta property=\"og:type\" content=\"article\" \/>\n<meta property=\"og:title\" content=\"T-10840 Tom.m m\u0117lini \u017eieminiai termo batai berniukams (27-32d) - Batai4u.lt\" \/>\n<meta property=\"og:description\" content=\"Tom.m \u017eiemiai termo batukai. Su vilna viduje. Turi waterproof ir windproof apsaugas. Neper\u0161lampa. Lengvu\u010diai. Turi pir\u0161tuk\u0173 apsaug\u0105. Su at\u0161vaitais\" \/>\n<meta property=\"og:url\" content=\"https:\/\/batai4u.lt\/index.php\/product\/t-10840-tom-m-melini-zieminiai-termo-batai-berniukams-27-32d\/\" \/>\n<meta property=\"og:site_name\" content=\"Batai4u.lt\" \/>\n<meta property=\"article:modified_time\" content=\"2026-01-18T20:31:08+00:00\" \/>\n<meta property=\"og:image\" content=\"https:\/\/batai4u.lt\/wp-content\/uploads\/2025\/11\/Photoroom_20251128_144439.jpeg\" \/>\n\t<meta property=\"og:image:width\" content=\"750\" \/>\n\t<meta property=\"og:image:height\" content=\"750\" \/>\n\t<meta property=\"og:image:type\" content=\"image\/jpeg\" \/>\n<meta name=\"twitter:card\" content=\"summary_large_image\" \/>\n<meta name=\"twitter:label1\" content=\"Est. reading time\" \/>\n\t<meta name=\"twitter:data1\" content=\"1 minute\" \/>\n<script type=\"application\/ld+json\" class=\"yoast-schema-graph\">{\"@context\":\"https:\\\/\\\/schema.org\",\"@graph\":[{\"@type\":\"WebPage\",\"@id\":\"https:\\\/\\\/batai4u.lt\\\/index.php\\\/product\\\/t-10840-tom-m-melini-zieminiai-termo-batai-berniukams-27-32d\\\/\",\"url\":\"https:\\\/\\\/batai4u.lt\\\/index.php\\\/product\\\/t-10840-tom-m-melini-zieminiai-termo-batai-berniukams-27-32d\\\/\",\"name\":\"T-10840 Tom.m m\u0117lini \u017eieminiai termo batai berniukams (27-32d) - Batai4u.lt\",\"isPartOf\":{\"@id\":\"https:\\\/\\\/batai4u.lt\\\/#website\"},\"primaryImageOfPage\":{\"@id\":\"https:\\\/\\\/batai4u.lt\\\/index.php\\\/product\\\/t-10840-tom-m-melini-zieminiai-termo-batai-berniukams-27-32d\\\/#primaryimage\"},\"image\":{\"@id\":\"https:\\\/\\\/batai4u.lt\\\/index.php\\\/product\\\/t-10840-tom-m-melini-zieminiai-termo-batai-berniukams-27-32d\\\/#primaryimage\"},\"thumbnailUrl\":\"https:\\\/\\\/batai4u.lt\\\/wp-content\\\/uploads\\\/2025\\\/11\\\/Photoroom_20251128_144439.jpeg\",\"datePublished\":\"2025-11-28T13:02:21+00:00\",\"dateModified\":\"2026-01-18T20:31:08+00:00\",\"breadcrumb\":{\"@id\":\"https:\\\/\\\/batai4u.lt\\\/index.php\\\/product\\\/t-10840-tom-m-melini-zieminiai-termo-batai-berniukams-27-32d\\\/#breadcrumb\"},\"inLanguage\":\"en-US\",\"potentialAction\":[{\"@type\":\"ReadAction\",\"target\":[\"https:\\\/\\\/batai4u.lt\\\/index.php\\\/product\\\/t-10840-tom-m-melini-zieminiai-termo-batai-berniukams-27-32d\\\/\"]}]},{\"@type\":\"ImageObject\",\"inLanguage\":\"en-US\",\"@id\":\"https:\\\/\\\/batai4u.lt\\\/index.php\\\/product\\\/t-10840-tom-m-melini-zieminiai-termo-batai-berniukams-27-32d\\\/#primaryimage\",\"url\":\"https:\\\/\\\/batai4u.lt\\\/wp-content\\\/uploads\\\/2025\\\/11\\\/Photoroom_20251128_144439.jpeg\",\"contentUrl\":\"https:\\\/\\\/batai4u.lt\\\/wp-content\\\/uploads\\\/2025\\\/11\\\/Photoroom_20251128_144439.jpeg\",\"width\":750,\"height\":750},{\"@type\":\"BreadcrumbList\",\"@id\":\"https:\\\/\\\/batai4u.lt\\\/index.php\\\/product\\\/t-10840-tom-m-melini-zieminiai-termo-batai-berniukams-27-32d\\\/#breadcrumb\",\"itemListElement\":[{\"@type\":\"ListItem\",\"position\":1,\"name\":\"Home\",\"item\":\"https:\\\/\\\/batai4u.lt\\\/\"},{\"@type\":\"ListItem\",\"position\":2,\"name\":\"Parduotuv\u0117\",\"item\":\"https:\\\/\\\/batai4u.lt\\\/index.php\\\/shop\\\/\"},{\"@type\":\"ListItem\",\"position\":3,\"name\":\"T-10840 Tom.m m\u0117lini \u017eieminiai termo batai berniukams (27-32d)\"}]},{\"@type\":\"WebSite\",\"@id\":\"https:\\\/\\\/batai4u.lt\\\/#website\",\"url\":\"https:\\\/\\\/batai4u.lt\\\/\",\"name\":\"Batai4u.lt\",\"description\":\"batai vaikams ir ne tik\",\"publisher\":{\"@id\":\"https:\\\/\\\/batai4u.lt\\\/#\\\/schema\\\/person\\\/8cc43a99285533a2c3e2c58a641f566a\"},\"potentialAction\":[{\"@type\":\"SearchAction\",\"target\":{\"@type\":\"EntryPoint\",\"urlTemplate\":\"https:\\\/\\\/batai4u.lt\\\/?s={search_term_string}\"},\"query-input\":{\"@type\":\"PropertyValueSpecification\",\"valueRequired\":true,\"valueName\":\"search_term_string\"}}],\"inLanguage\":\"en-US\"},{\"@type\":[\"Person\",\"Organization\"],\"@id\":\"https:\\\/\\\/batai4u.lt\\\/#\\\/schema\\\/person\\\/8cc43a99285533a2c3e2c58a641f566a\",\"name\":\"Erika Steponavi\u010dien\u0117\",\"image\":{\"@type\":\"ImageObject\",\"inLanguage\":\"en-US\",\"@id\":\"https:\\\/\\\/secure.gravatar.com\\\/avatar\\\/de70a9d8a8fae7160f42990935bcabb5f827c9e01e111e0bcd4d408af9ba954c?s=96&d=mm&r=g\",\"url\":\"https:\\\/\\\/secure.gravatar.com\\\/avatar\\\/de70a9d8a8fae7160f42990935bcabb5f827c9e01e111e0bcd4d408af9ba954c?s=96&d=mm&r=g\",\"contentUrl\":\"https:\\\/\\\/secure.gravatar.com\\\/avatar\\\/de70a9d8a8fae7160f42990935bcabb5f827c9e01e111e0bcd4d408af9ba954c?s=96&d=mm&r=g\",\"caption\":\"Erika Steponavi\u010dien\u0117\"},\"logo\":{\"@id\":\"https:\\\/\\\/secure.gravatar.com\\\/avatar\\\/de70a9d8a8fae7160f42990935bcabb5f827c9e01e111e0bcd4d408af9ba954c?s=96&d=mm&r=g\"},\"sameAs\":[\"http:\\\/\\\/batai4u.lt\"]}]}<\/script>\n<!-- \/ Yoast SEO plugin. -->","yoast_head_json":{"title":"T-10840 Tom.m m\u0117lini \u017eieminiai termo batai berniukams (27-32d) - Batai4u.lt","robots":{"index":"index","follow":"follow","max-snippet":"max-snippet:-1","max-image-preview":"max-image-preview:large","max-video-preview":"max-video-preview:-1"},"canonical":"https:\/\/batai4u.lt\/index.php\/product\/t-10840-tom-m-melini-zieminiai-termo-batai-berniukams-27-32d\/","og_locale":"en_US","og_type":"article","og_title":"T-10840 Tom.m m\u0117lini \u017eieminiai termo batai berniukams (27-32d) - Batai4u.lt","og_description":"Tom.m \u017eiemiai termo batukai. Su vilna viduje. Turi waterproof ir windproof apsaugas. Neper\u0161lampa. Lengvu\u010diai. Turi pir\u0161tuk\u0173 apsaug\u0105. Su at\u0161vaitais","og_url":"https:\/\/batai4u.lt\/index.php\/product\/t-10840-tom-m-melini-zieminiai-termo-batai-berniukams-27-32d\/","og_site_name":"Batai4u.lt","article_modified_time":"2026-01-18T20:31:08+00:00","og_image":[{"width":750,"height":750,"url":"https:\/\/batai4u.lt\/wp-content\/uploads\/2025\/11\/Photoroom_20251128_144439.jpeg","type":"image\/jpeg"}],"twitter_card":"summary_large_image","twitter_misc":{"Est. reading time":"1 minute"},"schema":{"@context":"https:\/\/schema.org","@graph":[{"@type":"WebPage","@id":"https:\/\/batai4u.lt\/index.php\/product\/t-10840-tom-m-melini-zieminiai-termo-batai-berniukams-27-32d\/","url":"https:\/\/batai4u.lt\/index.php\/product\/t-10840-tom-m-melini-zieminiai-termo-batai-berniukams-27-32d\/","name":"T-10840 Tom.m m\u0117lini \u017eieminiai termo batai berniukams (27-32d) - Batai4u.lt","isPartOf":{"@id":"https:\/\/batai4u.lt\/#website"},"primaryImageOfPage":{"@id":"https:\/\/batai4u.lt\/index.php\/product\/t-10840-tom-m-melini-zieminiai-termo-batai-berniukams-27-32d\/#primaryimage"},"image":{"@id":"https:\/\/batai4u.lt\/index.php\/product\/t-10840-tom-m-melini-zieminiai-termo-batai-berniukams-27-32d\/#primaryimage"},"thumbnailUrl":"https:\/\/batai4u.lt\/wp-content\/uploads\/2025\/11\/Photoroom_20251128_144439.jpeg","datePublished":"2025-11-28T13:02:21+00:00","dateModified":"2026-01-18T20:31:08+00:00","breadcrumb":{"@id":"https:\/\/batai4u.lt\/index.php\/product\/t-10840-tom-m-melini-zieminiai-termo-batai-berniukams-27-32d\/#breadcrumb"},"inLanguage":"en-US","potentialAction":[{"@type":"ReadAction","target":["https:\/\/batai4u.lt\/index.php\/product\/t-10840-tom-m-melini-zieminiai-termo-batai-berniukams-27-32d\/"]}]},{"@type":"ImageObject","inLanguage":"en-US","@id":"https:\/\/batai4u.lt\/index.php\/product\/t-10840-tom-m-melini-zieminiai-termo-batai-berniukams-27-32d\/#primaryimage","url":"https:\/\/batai4u.lt\/wp-content\/uploads\/2025\/11\/Photoroom_20251128_144439.jpeg","contentUrl":"https:\/\/batai4u.lt\/wp-content\/uploads\/2025\/11\/Photoroom_20251128_144439.jpeg","width":750,"height":750},{"@type":"BreadcrumbList","@id":"https:\/\/batai4u.lt\/index.php\/product\/t-10840-tom-m-melini-zieminiai-termo-batai-berniukams-27-32d\/#breadcrumb","itemListElement":[{"@type":"ListItem","position":1,"name":"Home","item":"https:\/\/batai4u.lt\/"},{"@type":"ListItem","position":2,"name":"Parduotuv\u0117","item":"https:\/\/batai4u.lt\/index.php\/shop\/"},{"@type":"ListItem","position":3,"name":"T-10840 Tom.m m\u0117lini \u017eieminiai termo batai berniukams (27-32d)"}]},{"@type":"WebSite","@id":"https:\/\/batai4u.lt\/#website","url":"https:\/\/batai4u.lt\/","name":"Batai4u.lt","description":"batai vaikams ir ne tik","publisher":{"@id":"https:\/\/batai4u.lt\/#\/schema\/person\/8cc43a99285533a2c3e2c58a641f566a"},"potentialAction":[{"@type":"SearchAction","target":{"@type":"EntryPoint","urlTemplate":"https:\/\/batai4u.lt\/?s={search_term_string}"},"query-input":{"@type":"PropertyValueSpecification","valueRequired":true,"valueName":"search_term_string"}}],"inLanguage":"en-US"},{"@type":["Person","Organization"],"@id":"https:\/\/batai4u.lt\/#\/schema\/person\/8cc43a99285533a2c3e2c58a641f566a","name":"Erika Steponavi\u010dien\u0117","image":{"@type":"ImageObject","inLanguage":"en-US","@id":"https:\/\/secure.gravatar.com\/avatar\/de70a9d8a8fae7160f42990935bcabb5f827c9e01e111e0bcd4d408af9ba954c?s=96&d=mm&r=g","url":"https:\/\/secure.gravatar.com\/avatar\/de70a9d8a8fae7160f42990935bcabb5f827c9e01e111e0bcd4d408af9ba954c?s=96&d=mm&r=g","contentUrl":"https:\/\/secure.gravatar.com\/avatar\/de70a9d8a8fae7160f42990935bcabb5f827c9e01e111e0bcd4d408af9ba954c?s=96&d=mm&r=g","caption":"Erika Steponavi\u010dien\u0117"},"logo":{"@id":"https:\/\/secure.gravatar.com\/avatar\/de70a9d8a8fae7160f42990935bcabb5f827c9e01e111e0bcd4d408af9ba954c?s=96&d=mm&r=g"},"sameAs":["http:\/\/batai4u.lt"]}]}},"jetpack_sharing_enabled":true,"_links":{"self":[{"href":"https:\/\/batai4u.lt\/index.php\/wp-json\/wp\/v2\/product\/4996","targetHints":{"allow":["GET"]}}],"collection":[{"href":"https:\/\/batai4u.lt\/index.php\/wp-json\/wp\/v2\/product"}],"about":[{"href":"https:\/\/batai4u.lt\/index.php\/wp-json\/wp\/v2\/types\/product"}],"replies":[{"embeddable":true,"href":"https:\/\/batai4u.lt\/index.php\/wp-json\/wp\/v2\/comments?post=4996"}],"wp:featuredmedia":[{"embeddable":true,"href":"https:\/\/batai4u.lt\/index.php\/wp-json\/wp\/v2\/media\/4991"}],"wp:attachment":[{"href":"https:\/\/batai4u.lt\/index.php\/wp-json\/wp\/v2\/media?parent=4996"}],"wp:term":[{"taxonomy":"product_brand","embeddable":true,"href":"https:\/\/batai4u.lt\/index.php\/wp-json\/wp\/v2\/product_brand?post=4996"},{"taxonomy":"product_cat","embeddable":true,"href":"https:\/\/batai4u.lt\/index.php\/wp-json\/wp\/v2\/product_cat?post=4996"},{"taxonomy":"product_tag","embeddable":true,"href":"https:\/\/batai4u.lt\/index.php\/wp-json\/wp\/v2\/product_tag?post=4996"}],"curies":[{"name":"wp","href":"https:\/\/api.w.org\/{rel}","templated":true}]}}