{"id":619,"date":"2020-10-06T16:28:57","date_gmt":"2020-10-06T16:28:57","guid":{"rendered":"https:\/\/batai4u.lt\/?post_type=product&#038;p=619"},"modified":"2023-11-10T11:39:34","modified_gmt":"2023-11-10T11:39:34","slug":"roziniai-juodos-spalvos-laiveliai-mergatems","status":"publish","type":"product","link":"https:\/\/batai4u.lt\/index.php\/product\/roziniai-juodos-spalvos-laiveliai-mergatems\/","title":{"rendered":"Ro\u017einiai juodos spalvos laiveliai mergait\u0117ms"},"content":{"rendered":"<p>Vidpad\u017eio ilgis:<\/p>\n<ul>\n<li>28d-17,6cm<\/li>\n<li>29d-18,3cm<\/li>\n<li>30d-19cm<\/li>\n<li>31d.-19,6cm<\/li>\n<li>32d-20,3cm<\/li>\n<li>33d-21cm<\/li>\n<\/ul>\n","protected":false},"excerpt":{"rendered":"<p>ODINIS VIDPADIS\/ neprakaituoja p\u0117dut\u0117;<\/p>\n<p>LANKSTUS PADUKAS\/\u00a0nevar\u017eys vaiko judesi\u0173;<br \/>\nITIN LENGVAS BATELI\u0172 MODELIS\/\u00a0susidaro basos kojos \u012fsp\u016bdis \u2013 vaikas vaik\u0161to \u201ekaip ant debes\u0173\u201c;<br \/>\nGUMINIS PADAS\/\u00a0u\u017etikrinantis sukibim\u0105 su \u012fvairiais pavir\u0161iais;<br \/>\nSTILINGAS DERINIMAS KELI\u0172 SPALV\u0172\/ \u017eaisming\u0105 bat\u0105 vaikui smagiau d\u0117v\u0117ti;<\/p>\n","protected":false},"featured_media":615,"comment_status":"closed","ping_status":"closed","template":"","meta":[],"product_brand":[],"product_cat":[80],"product_tag":[],"class_list":{"0":"post-619","1":"product","2":"type-product","3":"status-publish","4":"has-post-thumbnail","6":"product_cat-bateliai","7":"futurio-has-gallery","9":"first","10":"instock","11":"shipping-taxable","12":"purchasable","13":"product-type-variable"},"yoast_head":"<!-- This site is optimized with the Yoast SEO plugin v27.6 - https:\/\/yoast.com\/product\/yoast-seo-wordpress\/ -->\n<title>Ro\u017einiai juodos spalvos laiveliai mergait\u0117ms - Batai4u.lt<\/title>\n<meta name=\"robots\" content=\"index, follow, max-snippet:-1, max-image-preview:large, max-video-preview:-1\" \/>\n<link rel=\"canonical\" href=\"https:\/\/batai4u.lt\/index.php\/product\/roziniai-juodos-spalvos-laiveliai-mergatems\/\" \/>\n<meta property=\"og:locale\" content=\"en_US\" \/>\n<meta property=\"og:type\" content=\"article\" \/>\n<meta property=\"og:title\" content=\"Ro\u017einiai juodos spalvos laiveliai mergait\u0117ms - Batai4u.lt\" \/>\n<meta property=\"og:description\" content=\"ODINIS VIDPADIS\/ neprakaituoja p\u0117dut\u0117;  LANKSTUS PADUKAS\/\u00a0nevar\u017eys vaiko judesi\u0173; ITIN LENGVAS BATELI\u0172 MODELIS\/\u00a0susidaro basos kojos \u012fsp\u016bdis \u2013 vaikas vaik\u0161to \u201ekaip ant debes\u0173\u201c; GUMINIS PADAS\/\u00a0u\u017etikrinantis sukibim\u0105 su \u012fvairiais pavir\u0161iais; STILINGAS DERINIMAS KELI\u0172 SPALV\u0172\/ \u017eaisming\u0105 bat\u0105 vaikui smagiau d\u0117v\u0117ti;\" \/>\n<meta property=\"og:url\" content=\"https:\/\/batai4u.lt\/index.php\/product\/roziniai-juodos-spalvos-laiveliai-mergatems\/\" \/>\n<meta property=\"og:site_name\" content=\"Batai4u.lt\" \/>\n<meta property=\"article:modified_time\" content=\"2023-11-10T11:39:34+00:00\" \/>\n<meta property=\"og:image\" content=\"https:\/\/batai4u.lt\/wp-content\/uploads\/2020\/10\/20200813_131453k.jpg\" \/>\n\t<meta property=\"og:image:width\" content=\"908\" \/>\n\t<meta property=\"og:image:height\" content=\"1210\" \/>\n\t<meta property=\"og:image:type\" content=\"image\/jpeg\" \/>\n<meta name=\"twitter:card\" content=\"summary_large_image\" \/>\n<script type=\"application\/ld+json\" class=\"yoast-schema-graph\">{\"@context\":\"https:\\\/\\\/schema.org\",\"@graph\":[{\"@type\":\"WebPage\",\"@id\":\"https:\\\/\\\/batai4u.lt\\\/index.php\\\/product\\\/roziniai-juodos-spalvos-laiveliai-mergatems\\\/\",\"url\":\"https:\\\/\\\/batai4u.lt\\\/index.php\\\/product\\\/roziniai-juodos-spalvos-laiveliai-mergatems\\\/\",\"name\":\"Ro\u017einiai juodos spalvos laiveliai mergait\u0117ms - Batai4u.lt\",\"isPartOf\":{\"@id\":\"https:\\\/\\\/batai4u.lt\\\/#website\"},\"primaryImageOfPage\":{\"@id\":\"https:\\\/\\\/batai4u.lt\\\/index.php\\\/product\\\/roziniai-juodos-spalvos-laiveliai-mergatems\\\/#primaryimage\"},\"image\":{\"@id\":\"https:\\\/\\\/batai4u.lt\\\/index.php\\\/product\\\/roziniai-juodos-spalvos-laiveliai-mergatems\\\/#primaryimage\"},\"thumbnailUrl\":\"https:\\\/\\\/batai4u.lt\\\/wp-content\\\/uploads\\\/2020\\\/10\\\/20200813_131453k.jpg\",\"datePublished\":\"2020-10-06T16:28:57+00:00\",\"dateModified\":\"2023-11-10T11:39:34+00:00\",\"breadcrumb\":{\"@id\":\"https:\\\/\\\/batai4u.lt\\\/index.php\\\/product\\\/roziniai-juodos-spalvos-laiveliai-mergatems\\\/#breadcrumb\"},\"inLanguage\":\"en-US\",\"potentialAction\":[{\"@type\":\"ReadAction\",\"target\":[\"https:\\\/\\\/batai4u.lt\\\/index.php\\\/product\\\/roziniai-juodos-spalvos-laiveliai-mergatems\\\/\"]}]},{\"@type\":\"ImageObject\",\"inLanguage\":\"en-US\",\"@id\":\"https:\\\/\\\/batai4u.lt\\\/index.php\\\/product\\\/roziniai-juodos-spalvos-laiveliai-mergatems\\\/#primaryimage\",\"url\":\"https:\\\/\\\/batai4u.lt\\\/wp-content\\\/uploads\\\/2020\\\/10\\\/20200813_131453k.jpg\",\"contentUrl\":\"https:\\\/\\\/batai4u.lt\\\/wp-content\\\/uploads\\\/2020\\\/10\\\/20200813_131453k.jpg\",\"width\":908,\"height\":1210},{\"@type\":\"BreadcrumbList\",\"@id\":\"https:\\\/\\\/batai4u.lt\\\/index.php\\\/product\\\/roziniai-juodos-spalvos-laiveliai-mergatems\\\/#breadcrumb\",\"itemListElement\":[{\"@type\":\"ListItem\",\"position\":1,\"name\":\"Home\",\"item\":\"https:\\\/\\\/batai4u.lt\\\/\"},{\"@type\":\"ListItem\",\"position\":2,\"name\":\"Parduotuv\u0117\",\"item\":\"https:\\\/\\\/batai4u.lt\\\/index.php\\\/shop\\\/\"},{\"@type\":\"ListItem\",\"position\":3,\"name\":\"Ro\u017einiai juodos spalvos laiveliai mergait\u0117ms\"}]},{\"@type\":\"WebSite\",\"@id\":\"https:\\\/\\\/batai4u.lt\\\/#website\",\"url\":\"https:\\\/\\\/batai4u.lt\\\/\",\"name\":\"Batai4u.lt\",\"description\":\"batai vaikams ir ne tik\",\"publisher\":{\"@id\":\"https:\\\/\\\/batai4u.lt\\\/#\\\/schema\\\/person\\\/8cc43a99285533a2c3e2c58a641f566a\"},\"potentialAction\":[{\"@type\":\"SearchAction\",\"target\":{\"@type\":\"EntryPoint\",\"urlTemplate\":\"https:\\\/\\\/batai4u.lt\\\/?s={search_term_string}\"},\"query-input\":{\"@type\":\"PropertyValueSpecification\",\"valueRequired\":true,\"valueName\":\"search_term_string\"}}],\"inLanguage\":\"en-US\"},{\"@type\":[\"Person\",\"Organization\"],\"@id\":\"https:\\\/\\\/batai4u.lt\\\/#\\\/schema\\\/person\\\/8cc43a99285533a2c3e2c58a641f566a\",\"name\":\"Erika Steponavi\u010dien\u0117\",\"image\":{\"@type\":\"ImageObject\",\"inLanguage\":\"en-US\",\"@id\":\"https:\\\/\\\/secure.gravatar.com\\\/avatar\\\/de70a9d8a8fae7160f42990935bcabb5f827c9e01e111e0bcd4d408af9ba954c?s=96&d=mm&r=g\",\"url\":\"https:\\\/\\\/secure.gravatar.com\\\/avatar\\\/de70a9d8a8fae7160f42990935bcabb5f827c9e01e111e0bcd4d408af9ba954c?s=96&d=mm&r=g\",\"contentUrl\":\"https:\\\/\\\/secure.gravatar.com\\\/avatar\\\/de70a9d8a8fae7160f42990935bcabb5f827c9e01e111e0bcd4d408af9ba954c?s=96&d=mm&r=g\",\"caption\":\"Erika Steponavi\u010dien\u0117\"},\"logo\":{\"@id\":\"https:\\\/\\\/secure.gravatar.com\\\/avatar\\\/de70a9d8a8fae7160f42990935bcabb5f827c9e01e111e0bcd4d408af9ba954c?s=96&d=mm&r=g\"},\"sameAs\":[\"http:\\\/\\\/batai4u.lt\"]}]}<\/script>\n<!-- \/ Yoast SEO plugin. -->","yoast_head_json":{"title":"Ro\u017einiai juodos spalvos laiveliai mergait\u0117ms - Batai4u.lt","robots":{"index":"index","follow":"follow","max-snippet":"max-snippet:-1","max-image-preview":"max-image-preview:large","max-video-preview":"max-video-preview:-1"},"canonical":"https:\/\/batai4u.lt\/index.php\/product\/roziniai-juodos-spalvos-laiveliai-mergatems\/","og_locale":"en_US","og_type":"article","og_title":"Ro\u017einiai juodos spalvos laiveliai mergait\u0117ms - Batai4u.lt","og_description":"ODINIS VIDPADIS\/ neprakaituoja p\u0117dut\u0117;  LANKSTUS PADUKAS\/\u00a0nevar\u017eys vaiko judesi\u0173; ITIN LENGVAS BATELI\u0172 MODELIS\/\u00a0susidaro basos kojos \u012fsp\u016bdis \u2013 vaikas vaik\u0161to \u201ekaip ant debes\u0173\u201c; GUMINIS PADAS\/\u00a0u\u017etikrinantis sukibim\u0105 su \u012fvairiais pavir\u0161iais; STILINGAS DERINIMAS KELI\u0172 SPALV\u0172\/ \u017eaisming\u0105 bat\u0105 vaikui smagiau d\u0117v\u0117ti;","og_url":"https:\/\/batai4u.lt\/index.php\/product\/roziniai-juodos-spalvos-laiveliai-mergatems\/","og_site_name":"Batai4u.lt","article_modified_time":"2023-11-10T11:39:34+00:00","og_image":[{"width":908,"height":1210,"url":"https:\/\/batai4u.lt\/wp-content\/uploads\/2020\/10\/20200813_131453k.jpg","type":"image\/jpeg"}],"twitter_card":"summary_large_image","schema":{"@context":"https:\/\/schema.org","@graph":[{"@type":"WebPage","@id":"https:\/\/batai4u.lt\/index.php\/product\/roziniai-juodos-spalvos-laiveliai-mergatems\/","url":"https:\/\/batai4u.lt\/index.php\/product\/roziniai-juodos-spalvos-laiveliai-mergatems\/","name":"Ro\u017einiai juodos spalvos laiveliai mergait\u0117ms - Batai4u.lt","isPartOf":{"@id":"https:\/\/batai4u.lt\/#website"},"primaryImageOfPage":{"@id":"https:\/\/batai4u.lt\/index.php\/product\/roziniai-juodos-spalvos-laiveliai-mergatems\/#primaryimage"},"image":{"@id":"https:\/\/batai4u.lt\/index.php\/product\/roziniai-juodos-spalvos-laiveliai-mergatems\/#primaryimage"},"thumbnailUrl":"https:\/\/batai4u.lt\/wp-content\/uploads\/2020\/10\/20200813_131453k.jpg","datePublished":"2020-10-06T16:28:57+00:00","dateModified":"2023-11-10T11:39:34+00:00","breadcrumb":{"@id":"https:\/\/batai4u.lt\/index.php\/product\/roziniai-juodos-spalvos-laiveliai-mergatems\/#breadcrumb"},"inLanguage":"en-US","potentialAction":[{"@type":"ReadAction","target":["https:\/\/batai4u.lt\/index.php\/product\/roziniai-juodos-spalvos-laiveliai-mergatems\/"]}]},{"@type":"ImageObject","inLanguage":"en-US","@id":"https:\/\/batai4u.lt\/index.php\/product\/roziniai-juodos-spalvos-laiveliai-mergatems\/#primaryimage","url":"https:\/\/batai4u.lt\/wp-content\/uploads\/2020\/10\/20200813_131453k.jpg","contentUrl":"https:\/\/batai4u.lt\/wp-content\/uploads\/2020\/10\/20200813_131453k.jpg","width":908,"height":1210},{"@type":"BreadcrumbList","@id":"https:\/\/batai4u.lt\/index.php\/product\/roziniai-juodos-spalvos-laiveliai-mergatems\/#breadcrumb","itemListElement":[{"@type":"ListItem","position":1,"name":"Home","item":"https:\/\/batai4u.lt\/"},{"@type":"ListItem","position":2,"name":"Parduotuv\u0117","item":"https:\/\/batai4u.lt\/index.php\/shop\/"},{"@type":"ListItem","position":3,"name":"Ro\u017einiai juodos spalvos laiveliai mergait\u0117ms"}]},{"@type":"WebSite","@id":"https:\/\/batai4u.lt\/#website","url":"https:\/\/batai4u.lt\/","name":"Batai4u.lt","description":"batai vaikams ir ne tik","publisher":{"@id":"https:\/\/batai4u.lt\/#\/schema\/person\/8cc43a99285533a2c3e2c58a641f566a"},"potentialAction":[{"@type":"SearchAction","target":{"@type":"EntryPoint","urlTemplate":"https:\/\/batai4u.lt\/?s={search_term_string}"},"query-input":{"@type":"PropertyValueSpecification","valueRequired":true,"valueName":"search_term_string"}}],"inLanguage":"en-US"},{"@type":["Person","Organization"],"@id":"https:\/\/batai4u.lt\/#\/schema\/person\/8cc43a99285533a2c3e2c58a641f566a","name":"Erika Steponavi\u010dien\u0117","image":{"@type":"ImageObject","inLanguage":"en-US","@id":"https:\/\/secure.gravatar.com\/avatar\/de70a9d8a8fae7160f42990935bcabb5f827c9e01e111e0bcd4d408af9ba954c?s=96&d=mm&r=g","url":"https:\/\/secure.gravatar.com\/avatar\/de70a9d8a8fae7160f42990935bcabb5f827c9e01e111e0bcd4d408af9ba954c?s=96&d=mm&r=g","contentUrl":"https:\/\/secure.gravatar.com\/avatar\/de70a9d8a8fae7160f42990935bcabb5f827c9e01e111e0bcd4d408af9ba954c?s=96&d=mm&r=g","caption":"Erika Steponavi\u010dien\u0117"},"logo":{"@id":"https:\/\/secure.gravatar.com\/avatar\/de70a9d8a8fae7160f42990935bcabb5f827c9e01e111e0bcd4d408af9ba954c?s=96&d=mm&r=g"},"sameAs":["http:\/\/batai4u.lt"]}]}},"jetpack_sharing_enabled":true,"_links":{"self":[{"href":"https:\/\/batai4u.lt\/index.php\/wp-json\/wp\/v2\/product\/619","targetHints":{"allow":["GET"]}}],"collection":[{"href":"https:\/\/batai4u.lt\/index.php\/wp-json\/wp\/v2\/product"}],"about":[{"href":"https:\/\/batai4u.lt\/index.php\/wp-json\/wp\/v2\/types\/product"}],"replies":[{"embeddable":true,"href":"https:\/\/batai4u.lt\/index.php\/wp-json\/wp\/v2\/comments?post=619"}],"wp:featuredmedia":[{"embeddable":true,"href":"https:\/\/batai4u.lt\/index.php\/wp-json\/wp\/v2\/media\/615"}],"wp:attachment":[{"href":"https:\/\/batai4u.lt\/index.php\/wp-json\/wp\/v2\/media?parent=619"}],"wp:term":[{"taxonomy":"product_brand","embeddable":true,"href":"https:\/\/batai4u.lt\/index.php\/wp-json\/wp\/v2\/product_brand?post=619"},{"taxonomy":"product_cat","embeddable":true,"href":"https:\/\/batai4u.lt\/index.php\/wp-json\/wp\/v2\/product_cat?post=619"},{"taxonomy":"product_tag","embeddable":true,"href":"https:\/\/batai4u.lt\/index.php\/wp-json\/wp\/v2\/product_tag?post=619"}],"curies":[{"name":"wp","href":"https:\/\/api.w.org\/{rel}","templated":true}]}}